{"id":12,"date":"2014-08-03T15:15:29","date_gmt":"2014-08-03T07:15:29","guid":{"rendered":"http:\/\/hyx-mold.com\/?page_id=12"},"modified":"2021-09-13T14:20:17","modified_gmt":"2021-09-13T06:20:17","slug":"vstrikovaci-formy-na-plasty","status":"publish","type":"page","link":"https:\/\/www.molds-china.com\/cs\/vstrikovaci-formy-na-plasty\/","title":{"rendered":"O n\u00e1s"},"content":{"rendered":"<h1>Vst\u0159ikov\u00e1n\u00ed plast\u016f &amp;\u00a0<a href=\"https:\/\/www.molds-china.com\/cs\/\"><strong>Vst\u0159ikov\u00e1n\u00ed plast\u016f \u010c\u00edna<\/strong><\/a> v\u00fdrobn\u00ed spole\u010dnost<\/h1>\n<p><strong>Jsme profesion\u00e1ln\u00ed plastov\u00e9 vst\u0159ikovac\u00ed formy a <em>vst\u0159ikov\u00e1n\u00ed plast\u016f \u010c\u00edna<\/em> spole\u010dnost, kter\u00e1 poskytuje slu\u017eby v<span style=\"color: #000000;\"> <span style=\"color: #000000;\">plastov\u00e9 formy <\/span><\/span>a vst\u0159ikov\u00e1n\u00ed plast\u016f, je jedn\u00edm z nich.\u00a0 <span style=\"color: #000000;\"><span style=\"color: #000000;\">\u010c\u00ednsk\u00e1 forma<\/span><\/span> v\u00fdrobce<\/strong>, zalo\u017een\u00e1 v roce 2015, Hao Yuan Xing Mold Co.ltd se rozrostla na komplexn\u00ed slu\u017eby. <strong>Vst\u0159ikov\u00e1n\u00ed plast\u016f<\/strong> a <strong>vst\u0159ikovac\u00ed v\u00fdrobky v \u010c\u00edn\u011b<\/strong>. Jako profesion\u00e1l <strong>\u010c\u00edna plastov\u00e9 formy v\u00fdrobce<\/strong>, Poskytujeme slu\u017eby pro \u0161irokou \u0161k\u00e1lu pr\u016fmyslov\u00fdch odv\u011btv\u00ed v\u010detn\u011b leteck\u00e9ho pr\u016fmyslu, spot\u0159ebi\u010d\u016f, elektroniky, n\u00e1mo\u0159nictv\u00ed, kancel\u00e1\u0159sk\u00e9ho n\u00e1bytku, sportovn\u00edho zbo\u017e\u00ed, prodejn\u00edch automat\u016f a sm\u011bn\u00e1ren.<\/p>\n<p>Dongguan Olayer Technology Co.ltd (byla Hao Yuan Xing Mold &amp; Mfg). M\u00e1 2 tov\u00e1rny v \u010c\u00edn\u011b, jednu ve m\u011bst\u011b Huangyan a druhou ve m\u011bst\u011b Dong Guan, v\u00fdrobn\u00ed z\u00e1vod o rozloze 18 000 m2. <a href=\"https:\/\/www.molds-china.com\/cs\/\"><strong>plastov\u00e9 formy<\/strong><\/a> V\u00fdroba a <strong>slu\u017eba vst\u0159ikov\u00e1n\u00ed plast\u016f<\/strong>, zaji\u0161t\u011bn\u00ed kvality, p\u0159eprava a skladov\u00e1n\u00ed,<\/p>\n<p>Na\u0161e za\u0159\u00edzen\u00ed jsou propojena vysokorychlostn\u00ed s\u00edt\u00ed, zavedli jsme st\u0159edn\u011b pokro\u010dil\u00e9 za\u0159\u00edzen\u00ed pro zpracov\u00e1n\u00ed forem a po\u010d\u00edta\u010dov\u00fd syst\u00e9m CAD\/CAM\/CAE, CNC obr\u00e1b\u011bc\u00ed centrum, m\u011b\u0159ic\u00ed hrot, elektrick\u00fd impulz a za\u0159\u00edzen\u00ed pro \u0159ez\u00e1n\u00ed vlo\u017eek. Ve spole\u010dnosti pracuj\u00ed zku\u0161en\u00ed technici CAD. Na str\u00e1nk\u00e1ch <strong>formy<\/strong> vyv\u00e1\u017e\u00edme do Ameriky, Kanady, \u0160v\u00e9dska a dal\u0161\u00edch evropsk\u00fdch a americk\u00fdch zem\u00ed a region\u016f.<\/p>\n<div id=\"attachment_1168\" style=\"width: 310px\" class=\"wp-caption alignright\"><img loading=\"lazy\" decoding=\"async\" aria-describedby=\"caption-attachment-1168\" class=\"size-medium wp-image-1168\" src=\"https:\/\/www.molds-china.com\/wp-content\/uploads\/2017\/07\/IMG_2245-300x200.jpg\" alt=\"Plastov\u00e9 formy\" width=\"300\" height=\"200\" title=\"\" srcset=\"https:\/\/www.molds-china.com\/wp-content\/uploads\/2017\/07\/IMG_2245-300x200.jpg 300w, https:\/\/www.molds-china.com\/wp-content\/uploads\/2017\/07\/IMG_2245-768x512.jpg 768w, https:\/\/www.molds-china.com\/wp-content\/uploads\/2017\/07\/IMG_2245.jpg 900w\" sizes=\"(max-width: 300px) 100vw, 300px\" \/><p id=\"caption-attachment-1168\" class=\"wp-caption-text\"><a href=\"https:\/\/www.molds-china.com\/cs\/\">plastov\u00e9 formy<\/a><\/p><\/div>\n<p>V roce 2005 jsme zalo\u017eili z\u00e1mo\u0159sk\u00fd trh. A prodejn\u00ed t\u00fdm n\u00e1m umo\u017enil roz\u0161\u00ed\u0159it na\u0161e kapacity a podn\u00edtit inovace v na\u0161\u00ed spole\u010dnosti. <strong>lisovac\u00ed formy na plasty<\/strong> a <strong>plastov\u00e9 d\u00edly z \u010c\u00edny<\/strong> produktov\u00e9 \u0159ady.<\/p>\n<p>Nejd\u016fle\u017eit\u011bj\u0161\u00ed je pro n\u00e1s kvalita, dodac\u00ed lh\u016fta, rozumn\u00e1 cena a p\u0159esnost!!!<\/p>\n<p>Srde\u010dn\u011b v\u00e1s zveme k n\u00e1v\u0161t\u011bv\u011b na\u0161\u00ed tov\u00e1rny, kde si n\u00e1s m\u016f\u017eete vyzkou\u0161et a p\u0159esv\u011bd\u010dit se, pro\u010d jsme pro v\u00e1s nejvhodn\u011bj\u0161\u00edm partnerem. <strong>vst\u0159ikovac\u00ed formy<\/strong> a <strong>plastov\u00e9 v\u00fdrobky<\/strong>.<\/p>\n<p>Na adrese <strong>Olayer<\/strong>, nov\u011b definujeme standardy pro specifikaci, konstrukci a v\u00fdrobu. <strong>p\u0159esn\u00e9 vst\u0159ikovac\u00ed formy<\/strong> a <a href=\"https:\/\/www.molds-china.com\/cs\/vstrikovaci-formy-na-plasty\/\"><strong>vst\u0159ikovan\u00e9 plastov\u00e9 d\u00edly<\/strong><\/a>. Neust\u00e1le se sna\u017e\u00edme zkracovat dodac\u00ed lh\u016fty, zlep\u0161ovat v\u00fdkon a pom\u00e1hat na\u0161im z\u00e1kazn\u00edk\u016fm sni\u017eovat celkov\u00e9 n\u00e1klady na v\u00fdvoj produkt\u016f.<\/p>\n<p>Od po\u010d\u00edta\u010dem podporovan\u00e9ho navrhov\u00e1n\u00ed a v\u00fdrobn\u00edch technologi\u00ed, kter\u00e9 pou\u017e\u00edv\u00e1me, a\u017e po vysoce kvalitn\u00ed dokon\u010dovac\u00ed techniky, <strong>Spole\u010dnost Olayer poskytuje nejlep\u0161\u00ed hodnotu ve vysok\u00e9 kvalit\u011b <a href=\"https:\/\/www.molds-china.com\/cs\/\">zak\u00e1zkov\u00e9 vst\u0159ikovac\u00ed formy<\/a> a vst\u0159ikov\u00e1n\u00ed plast\u016f na zak\u00e1zku<\/strong>.<\/p>\n<p>V roce 1999 za\u010dala spole\u010dnost Olayer Mold stav\u011bt <em><strong>plastov\u00e9 vst\u0159ikovac\u00ed formy<\/strong><\/em> a d\u011bl\u00e1 <strong>vst\u0159ikov\u00e1n\u00ed plast\u016f<\/strong> pro plastik\u00e1\u0159sk\u00fd pr\u016fmysl.  V roce 2005 se spole\u010dnost Olayer Mold p\u0159est\u011bhovala z mal\u00e9 budovy do nov\u011b postaven\u00e9ho z\u00e1vodu o rozloze 6 000 m2 v \u010d\u00ednsk\u00e9m Dongguanu a v roce 2009 zah\u00e1jila novou v\u00fdrobu. <strong>spole\u010dnost vyr\u00e1b\u011bj\u00edc\u00ed plastov\u00e9 formy<\/strong> v HuanYanu, Zhejiang v \u010c\u00edn\u011b.<\/p>\n<p>V pr\u016fb\u011bhu let se spole\u010dnost Olayer Mold dostala do prvn\u00ed des\u00edtky <strong>v\u00fdrobce plastov\u00fdch forem \u010c\u00edna<\/strong> spole\u010dnost.<\/p>\n<p>V roce 2007 spole\u010dnost Olayer Mold roz\u0161\u00ed\u0159ila sv\u016fj obchodn\u00ed model n\u00e1kupem n\u011bkolika velk\u00fdch stroj\u016f ur\u010den\u00fdch k v\u00fdrob\u011b forem.  Toto roz\u0161\u00ed\u0159en\u00ed na\u0161eho podnik\u00e1n\u00ed n\u00e1m d\u00e1v\u00e1 rudou kapacitu k v\u00fdrob\u011b v\u00edce <strong>plastov\u00e9 formy<\/strong> pro pot\u0159eby z\u00e1kazn\u00edk\u016f.<\/p>\n<p>Pokud pot\u0159ebujete vysoce kvalitn\u00ed <a href=\"https:\/\/www.molds-china.com\/cs\/plastove-vstrikovaci-formy\/\"><em><strong>plastov\u00e9 vst\u0159ikovac\u00ed formy<\/strong><\/em><\/a> a <strong>slu\u017eba vst\u0159ikov\u00e1n\u00ed plast\u016f<\/strong>\u00a0od <strong><em>Vst\u0159ikov\u00e1n\u00ed plast\u016f \u010c\u00edna<\/em><\/strong> Spole\u010dnost pro v\u00fdvoj va\u0161ich produkt\u016f? Pot\u0159ebujete rychl\u00e9 dod\u00e1n\u00ed, konkurenceschopnou cenu, budeme jedn\u00edm z va\u0161ich nejlep\u0161\u00edch partner\u016f, kte\u0159\u00ed pomohou va\u0161emu podnik\u00e1n\u00ed k v\u011bt\u0161\u00edmu \u00fasp\u011bchu. Po\u0161lete n\u00e1m sv\u016fj po\u017eadavek, nab\u00eddku v\u00e1m vypracujeme do dvou pracovn\u00edch dn\u016f.<\/p>\n\n\n<p><\/p>","protected":false},"excerpt":{"rendered":"<p>Plastic Injection Mould &amp;\u00a0Injection\u00a0molding China manufacturing Company We are a professional plastic injection mould and injection molding china company that services in plastic mold and injection molding manufacturing, is one of\u00a0 China mold manufacturer, established in 2015, Hao Yuan Xing Mold Co.ltd has grown to a full-service Plastic Injection Mould and injection moulding products in [&hellip;]<\/p>","protected":false},"author":1,"featured_media":0,"parent":0,"menu_order":0,"comment_status":"open","ping_status":"open","template":"","meta":{"_et_pb_use_builder":"","_et_pb_old_content":"","_et_gb_content_width":"","footnotes":""},"class_list":["post-12","page","type-page","status-publish","hentry"],"_links":{"self":[{"href":"https:\/\/www.molds-china.com\/cs\/wp-json\/wp\/v2\/pages\/12","targetHints":{"allow":["GET"]}}],"collection":[{"href":"https:\/\/www.molds-china.com\/cs\/wp-json\/wp\/v2\/pages"}],"about":[{"href":"https:\/\/www.molds-china.com\/cs\/wp-json\/wp\/v2\/types\/page"}],"author":[{"embeddable":true,"href":"https:\/\/www.molds-china.com\/cs\/wp-json\/wp\/v2\/users\/1"}],"replies":[{"embeddable":true,"href":"https:\/\/www.molds-china.com\/cs\/wp-json\/wp\/v2\/comments?post=12"}],"version-history":[{"count":0,"href":"https:\/\/www.molds-china.com\/cs\/wp-json\/wp\/v2\/pages\/12\/revisions"}],"wp:attachment":[{"href":"https:\/\/www.molds-china.com\/cs\/wp-json\/wp\/v2\/media?parent=12"}],"curies":[{"name":"wp","href":"https:\/\/api.w.org\/{rel}","templated":true}]}}