{"id":200,"date":"2014-08-04T18:14:32","date_gmt":"2014-08-04T10:14:32","guid":{"rendered":"http:\/\/hyx-mold.com\/?page_id=200"},"modified":"2018-01-02T13:35:42","modified_gmt":"2018-01-02T05:35:42","slug":"zarizeni","status":"publish","type":"page","link":"https:\/\/www.molds-china.com\/cs\/zarizeni\/","title":{"rendered":"Galerie za\u0159\u00edzen\u00ed"},"content":{"rendered":"<p>M\u00e1me v\u00edce ne\u017e 10 sad CNC stroj\u016f, 6 sad m\u011bkk\u00fdch dr\u00e1tov\u00fdch \u0159ezac\u00edch stroj\u016f a v\u00edce ne\u017e 20 stroj\u016f pro elektroerozivn\u00ed obr\u00e1b\u011bn\u00ed, v\u00edce detail\u016f plast\u016f. <a href=\"https:\/\/www.molds-china.com\/cs\/capacity\/seznam-zarizeni\/\">klikn\u011bte zde <\/a>zkontrolovat seznam stroj\u016f.<\/p>","protected":false},"excerpt":{"rendered":"<p>M\u00e1me v\u00edce ne\u017e 10 sad CNC stroj\u016f, 6 sad stroj\u016f pro \u0159ez\u00e1n\u00ed m\u011bkk\u00fdm dr\u00e1tem a v\u00edce ne\u017e 20 stroj\u016f pro elektroerozivn\u00ed obr\u00e1b\u011bn\u00ed, v\u00edce podrobnost\u00ed o plastu najdete zde.<\/p>","protected":false},"author":1,"featured_media":0,"parent":0,"menu_order":0,"comment_status":"closed","ping_status":"closed","template":"","meta":{"_et_pb_use_builder":"","_et_pb_old_content":"","_et_gb_content_width":"","footnotes":""},"class_list":["post-200","page","type-page","status-publish","hentry"],"_links":{"self":[{"href":"https:\/\/www.molds-china.com\/cs\/wp-json\/wp\/v2\/pages\/200","targetHints":{"allow":["GET"]}}],"collection":[{"href":"https:\/\/www.molds-china.com\/cs\/wp-json\/wp\/v2\/pages"}],"about":[{"href":"https:\/\/www.molds-china.com\/cs\/wp-json\/wp\/v2\/types\/page"}],"author":[{"embeddable":true,"href":"https:\/\/www.molds-china.com\/cs\/wp-json\/wp\/v2\/users\/1"}],"replies":[{"embeddable":true,"href":"https:\/\/www.molds-china.com\/cs\/wp-json\/wp\/v2\/comments?post=200"}],"version-history":[{"count":0,"href":"https:\/\/www.molds-china.com\/cs\/wp-json\/wp\/v2\/pages\/200\/revisions"}],"wp:attachment":[{"href":"https:\/\/www.molds-china.com\/cs\/wp-json\/wp\/v2\/media?parent=200"}],"curies":[{"name":"wp","href":"https:\/\/api.w.org\/{rel}","templated":true}]}}