{"id":231,"date":"2014-08-04T21:47:46","date_gmt":"2014-08-04T13:47:46","guid":{"rendered":"http:\/\/hyx-mold.com\/?page_id=231"},"modified":"2016-06-06T17:20:45","modified_gmt":"2016-06-06T09:20:45","slug":"kvalita","status":"publish","type":"page","link":"https:\/\/www.molds-china.com\/cs\/kvalita\/","title":{"rendered":"Kvalita"},"content":{"rendered":"<p><b>Kvalita:<\/b><\/p>\n<p>Ud\u011blat dob\u0159e <a title=\"plastov\u00e9 formy\" href=\"http:\/\/www.plasticmoldco.com\" target=\"_blank\" rel=\"noopener\"><em><strong>plastov\u00e9 formy<\/strong> <\/em><\/a>a splnit na\u0161e z\u00e1kazn\u00edky po\u017eadovan\u00e9 m\u00e1me p\u0159\u00edsn\u00e9 postupy kontroly kvality, i kdy\u017e si myslel, \u017ee st\u00e1le nen\u00ed dokonalost, ale u\u010d\u00edme se z na\u0161ich z\u00e1kazn\u00edk\u016f zp\u011btn\u00e9 vazby a zlep\u0161it ji \u010das od \u010dasu, na\u0161e cusotmer bude spokojen t\u00edm, \u017ee d\u011bl\u00e1 tyto syst\u00e9my kontroly kvality.<\/p>\n<p>Obecn\u00e9 kroky v\u010detn\u011b n\u00ed\u017ee uveden\u00fdch.<\/p>\n<p>Kontrola n\u00e1vrhu v\u00fdkresu n\u00e1stroje p\u0159ed odesl\u00e1n\u00edm z\u00e1kazn\u00edkovi<\/p>\n<p>Aktualizace verze v\u00fdkresu n\u00e1stroje v\u010das, aby m\u011bl z\u00e1kazn\u00edk p\u0159i odes\u00edl\u00e1n\u00ed dokumentu s formou k dispozici nejnov\u011bj\u0161\u00ed verzi.<\/p>\n<p>Ov\u011b\u0159ov\u00e1n\u00ed a validace n\u00e1vrhu<img loading=\"lazy\" decoding=\"async\" class=\"alignright  wp-image-1057\" src=\"https:\/\/www.molds-china.com\/wp-content\/uploads\/2016\/06\/P3120350-300x225.jpg\" alt=\"\" width=\"380\" height=\"285\" title=\"\" srcset=\"https:\/\/www.molds-china.com\/wp-content\/uploads\/2016\/06\/P3120350-300x225.jpg 300w, https:\/\/www.molds-china.com\/wp-content\/uploads\/2016\/06\/P3120350.jpg 640w\" sizes=\"(max-width: 380px) 100vw, 380px\" \/><\/p>\n<p>Vstupn\u00ed kontrola v\u0161ech \u0159\u00e1dk\u016f materi\u00e1lu<\/p>\n<p>Prvn\u00ed zku\u0161ebn\u00ed kontrola pl\u00edsn\u00ed<\/p>\n<p>Kontrola nastaven\u00ed rozm\u011br\u016f p\u0159ed dal\u0161\u00edm testem formy<\/p>\n<p>Sou\u0159adnicov\u00fd m\u011b\u0159ic\u00ed stroj (CMM)<\/p>\n<p>Prom\u00edtac\u00ed stroj<\/p>","protected":false},"excerpt":{"rendered":"<p>Quality: To make good plastic mold and meet our cusotmers required we have tight quality control procedures, even thought still not perfection but we are learning from our cusotmers feed back\u00a0 and improve it from time to time, our cusotmer will be satisfied by doing those quality control systems. General steps including below. Tool drawing [&hellip;]<\/p>","protected":false},"author":1,"featured_media":0,"parent":0,"menu_order":0,"comment_status":"open","ping_status":"open","template":"","meta":{"_et_pb_use_builder":"","_et_pb_old_content":"","_et_gb_content_width":"","footnotes":""},"class_list":["post-231","page","type-page","status-publish","hentry"],"_links":{"self":[{"href":"https:\/\/www.molds-china.com\/cs\/wp-json\/wp\/v2\/pages\/231","targetHints":{"allow":["GET"]}}],"collection":[{"href":"https:\/\/www.molds-china.com\/cs\/wp-json\/wp\/v2\/pages"}],"about":[{"href":"https:\/\/www.molds-china.com\/cs\/wp-json\/wp\/v2\/types\/page"}],"author":[{"embeddable":true,"href":"https:\/\/www.molds-china.com\/cs\/wp-json\/wp\/v2\/users\/1"}],"replies":[{"embeddable":true,"href":"https:\/\/www.molds-china.com\/cs\/wp-json\/wp\/v2\/comments?post=231"}],"version-history":[{"count":0,"href":"https:\/\/www.molds-china.com\/cs\/wp-json\/wp\/v2\/pages\/231\/revisions"}],"wp:attachment":[{"href":"https:\/\/www.molds-china.com\/cs\/wp-json\/wp\/v2\/media?parent=231"}],"curies":[{"name":"wp","href":"https:\/\/api.w.org\/{rel}","templated":true}]}}