{"id":50,"date":"2014-08-03T17:49:44","date_gmt":"2014-08-03T09:49:44","guid":{"rendered":"http:\/\/hyx-mold.com\/?page_id=50"},"modified":"2019-10-22T13:50:39","modified_gmt":"2019-10-22T05:50:39","slug":"plastove-formy-2","status":"publish","type":"page","link":"https:\/\/www.molds-china.com\/cs\/plastove-formy-2\/","title":{"rendered":"Plastov\u00e1 forma"},"content":{"rendered":"<h1>Nab\u00edz\u00edme vysoce kvalitn\u00ed&nbsp;<strong>v\u00fdrobce plastov\u00fdch forem<\/strong> s konkurenceschopnou cenou<\/h1>\n<p>Hled\u00e1te spolehliv\u00e9ho <strong><a href=\"https:\/\/www.molds-china.com\/cs\/\">spole\u010dnost zab\u00fdvaj\u00edc\u00ed se v\u00fdrobou plastov\u00fdch forem a v\u00fdlisk\u016f<\/a><\/strong> z \u010c\u00edny, kter\u00e1 poskytuje inovativn\u00ed \u0159e\u0161en\u00ed pro formy souvisej\u00edc\u00ed s podnik\u00e1n\u00edm? Jsme pr\u016fkopn\u00edkem v poskytov\u00e1n\u00ed \u0159e\u0161en\u00ed v oblasti <span style=\"color: #000000;\"><em><a title=\"plastov\u00e9 formy\" href=\"https:\/\/www.molds-china.com\/cs\/plastove-formy-2\/\"><span style=\"color: #000000;\">plastov\u00e9 formy<\/span><\/a><\/em><\/span> a vyr\u00e1b\u00edme vst\u0159ikovac\u00ed formy v rozsahu <span style=\"color: #000000;\"><span style=\"color: #000000;\"><a href=\"https:\/\/www.molds-china.com\/cs\/\"><strong>automobilov\u00e9 formy<\/strong><\/a>, formy pro dom\u00e1c\u00ed spot\u0159ebi\u010de&nbsp;<\/span><\/span>atd.<\/p>\n<p>V tomto odv\u011btv\u00ed p\u016fsob\u00edme ji\u017e n\u011bkolik let a d\u00edky systematick\u00e9mu pl\u00e1nov\u00e1n\u00ed, v\u00fdzkumu a investic\u00edm, kter\u00e9 jsme vynalo\u017eili na \u0159e\u0161en\u00ed \u010dasov\u00e9 n\u00e1ro\u010dnosti a n\u00e1klad\u016f na v\u00fdrobu vst\u0159ikovac\u00edch forem, jsme z\u00edskali \u0159adu hodnocen\u00ed vysok\u00e9 \u00fa\u010dinnosti. V\u0161echna na\u0161e tvrd\u00e1 pr\u00e1ce se vyplatila a my jsme mohli do na\u0161eho seznamu klient\u016f p\u0159idat mnoho renomovan\u00fdch mezin\u00e1rodn\u00edch firem. Vztahy, kter\u00e9 jsme s t\u011bmito spole\u010dnostmi vybudovali, n\u00e1m pomohly st\u00e1t se l\u00eddry v tomto odv\u011btv\u00ed; na\u0161i z\u00e1kazn\u00edci z\u00edsk\u00e1vaj\u00ed vynikaj\u00edc\u00ed kvalitu, cenu a slu\u017eby.<\/p>\n<p>Nejv\u011bt\u0161\u00edm d\u016fvodem, pro\u010d se n\u00e1m poda\u0159ilo vytvo\u0159it tak p\u016fsobiv\u00fd seznam klient\u016f, jsou na\u0161i vysoce kvalifikovan\u00ed zam\u011bstnanci a \u0161pi\u010dkov\u00e9 technologie, kter\u00e9 pou\u017e\u00edv\u00e1me p\u0159i v\u00fdrob\u011b forem. Tento typ technologi\u00ed se pou\u017e\u00edv\u00e1 s velk\u00fdm \u00fasp\u011bchem a m\u00e1 z\u00e1sadn\u00ed pod\u00edl na standardizaci odv\u011btv\u00ed vst\u0159ikovac\u00edch forem.<\/p>\n<p>Na\u0161im z\u00e1kazn\u00edk\u016fm jsme poskytli konkurenceschopnou cenu, dobrou kvalitu a slu\u017eby; t\u00edm jsme nejen u\u0161et\u0159ili n\u00e1klady na\u0161ich z\u00e1kazn\u00edk\u016f, ale tak\u00e9 jsme jim umo\u017enili st\u00e1t se konkurenceschopn\u011bj\u0161\u00edmi ne\u017e jejich konkurenti a snadno z\u00edskat v\u00edce projekt\u016f.To v\u0161e je c\u00edlem, o kter\u00fd se spole\u010dn\u011b s na\u0161imi z\u00e1kazn\u00edky sna\u017e\u00edme.<\/p>\n<p>Jsme odborn\u00edci na <strong>Zak\u00e1zkov\u00e9 formy\/lisy, <span style=\"color: #000000;\"><a title=\"formy pro dom\u00e1c\u00ed spot\u0159ebi\u010de\" href=\"http:\/\/www.hyx-mold.com\/\" target=\"_blank\" rel=\"noopener\"><span style=\"color: #000000;\"><em>pl\u00edsn\u011b pro dom\u00e1c\u00ed spot\u0159ebi\u010de<\/em><\/span><\/a><\/span>, elektronick\u00e9 d\u00edly, digit\u00e1ln\u00ed formy, 2K formy\/lisov\u00e1n\u00ed, p\u0159es formy\/lisov\u00e1n\u00ed<\/strong><\/p>\n<div id=\"attachment_931\" style=\"width: 310px\" class=\"wp-caption alignright\"><a href=\"https:\/\/www.molds-china.com\/cs\/\"><img loading=\"lazy\" decoding=\"async\" aria-describedby=\"caption-attachment-931\" class=\"wp-image-931 size-medium\" src=\"https:\/\/www.molds-china.com\/wp-content\/uploads\/2014\/08\/IMG_1242-300x140.jpg\" alt=\"Plastov\u00e1 forma\" width=\"300\" height=\"140\" title=\"\" srcset=\"https:\/\/www.molds-china.com\/wp-content\/uploads\/2014\/08\/IMG_1242-300x140.jpg 300w, https:\/\/www.molds-china.com\/wp-content\/uploads\/2014\/08\/IMG_1242-1024x478.jpg 1024w, https:\/\/www.molds-china.com\/wp-content\/uploads\/2014\/08\/IMG_1242.jpg 1027w\" sizes=\"(max-width: 300px) 100vw, 300px\" \/><\/a><p id=\"caption-attachment-931\" class=\"wp-caption-text\"><a title=\"Plastov\u00e1 forma\" href=\"https:\/\/www.molds-china.com\/cs\/plastove-formy-2\/\">Plastov\u00e1 forma<\/a><\/p><\/div>\n<p>M\u00e1me velk\u00e9 zku\u0161enosti s v\u00fdrobou <a href=\"https:\/\/www.molds-china.com\/cs\/plastove-formy-2\/\"><em><strong>plastov\u00e9 formy<\/strong><\/em><\/a> od doby, kdy jsme p\u0159ed 15 lety otev\u0159eli na\u0161i v\u00fdrobnu forem. Pokud jde o dom\u00e1c\u00ed spot\u0159ebi\u010de, formy a na\u0161e odborn\u00e9 znalosti n\u00e1s stav\u00ed daleko p\u0159ed na\u0161e konkurenty, od roku 2005 jsme za\u010dali vyr\u00e1b\u011bt. <strong>automobilov\u00e9 formy<\/strong>, s v\u00edce ne\u017e 10 let zku\u0161enost\u00ed s na\u0161imi vynikaj\u00edc\u00edmi postupy a bohat\u00fdmi zku\u0161enostmi jsme se stali odborn\u00edky v t\u00e9to oblasti, samoz\u0159ejm\u011b jsme vyrobili n\u011bkolik dal\u0161\u00edch forem, kter\u00e9 nem\u016f\u017eeme uk\u00e1zat t\u00edmto kr\u00e1tk\u00fdm vysv\u011btlen\u00edm. Pod\u00edvejte se na na\u0161e webov\u00e9 str\u00e1nky, uvid\u00edte, \u017ee tam jsou n\u011bkter\u00e9 formy , uv\u00edt\u00e1me, pokud sem m\u016f\u017eete pustit sv\u00e9 kroky, abyste se pod\u00edvali do na\u0161\u00ed tov\u00e1rny.<\/p>","protected":false},"excerpt":{"rendered":"<p>We offer high-quality&nbsp;plastic mold maker with a competitive price Are you looking for a dependable plastic mold and molding company from China that provides innovative solutions for business-related molds? We are a pioneer in providing solutions in the plastic molds industry, and we make injection molds that range in automotive mold, home appliances molds&nbsp;etc. We [&hellip;]<\/p>","protected":false},"author":1,"featured_media":0,"parent":0,"menu_order":0,"comment_status":"open","ping_status":"open","template":"","meta":{"_et_pb_use_builder":"","_et_pb_old_content":"","_et_gb_content_width":"","footnotes":""},"class_list":["post-50","page","type-page","status-publish","hentry"],"_links":{"self":[{"href":"https:\/\/www.molds-china.com\/cs\/wp-json\/wp\/v2\/pages\/50","targetHints":{"allow":["GET"]}}],"collection":[{"href":"https:\/\/www.molds-china.com\/cs\/wp-json\/wp\/v2\/pages"}],"about":[{"href":"https:\/\/www.molds-china.com\/cs\/wp-json\/wp\/v2\/types\/page"}],"author":[{"embeddable":true,"href":"https:\/\/www.molds-china.com\/cs\/wp-json\/wp\/v2\/users\/1"}],"replies":[{"embeddable":true,"href":"https:\/\/www.molds-china.com\/cs\/wp-json\/wp\/v2\/comments?post=50"}],"version-history":[{"count":0,"href":"https:\/\/www.molds-china.com\/cs\/wp-json\/wp\/v2\/pages\/50\/revisions"}],"wp:attachment":[{"href":"https:\/\/www.molds-china.com\/cs\/wp-json\/wp\/v2\/media?parent=50"}],"curies":[{"name":"wp","href":"https:\/\/api.w.org\/{rel}","templated":true}]}}