{"id":12,"date":"2014-08-03T15:15:29","date_gmt":"2014-08-03T07:15:29","guid":{"rendered":"http:\/\/hyx-mold.com\/?page_id=12"},"modified":"2021-09-13T14:20:17","modified_gmt":"2021-09-13T06:20:17","slug":"plastindsprojtningsform","status":"publish","type":"page","link":"https:\/\/www.molds-china.com\/da\/plastindsprojtningsform\/","title":{"rendered":"Om os"},"content":{"rendered":"<h1>Spr\u00f8jtest\u00f8bning af plast &amp;\u00a0<a href=\"https:\/\/www.molds-china.com\/da\/\"><strong>Spr\u00f8jtest\u00f8bning Kina<\/strong><\/a> produktionsvirksomhed<\/h1>\n<p><strong>Vi er en professionel producent af plastindspr\u00f8jtningsforme og <em>Spr\u00f8jtest\u00f8bning i Kina<\/em> virksomhed, der servicerer i<span style=\"color: #000000;\"> <span style=\"color: #000000;\">plastform <\/span><\/span>og spr\u00f8jtest\u00f8bning, er en af de\u00a0 <span style=\"color: #000000;\"><span style=\"color: #000000;\">Kina skimmel<\/span><\/span> producent<\/strong>Hao Yuan Xing Mold Co.ltd blev etableret i 2015 og er vokset til en virksomhed med fuld service. <strong>Spr\u00f8jtest\u00f8bning af plast<\/strong> og <strong>spr\u00f8jtest\u00f8bningsprodukter i Kina<\/strong>. Som professionel <strong>Producent af plastforme i Kina<\/strong>Leverer tjenester til en lang r\u00e6kke industrier, herunder luftfart, apparater, elektronik, marine, kontorm\u00f8bler, sportsartikler, salgsautomater og vekselbrancher.<\/p>\n<p>Dongguan Olayer Technology Co.ltd (var Hao Yuan Xing Mold &amp; Mfg). Har 2 fabrikker i Kina, en i Huangyan City og en i Dong Guan City, 18.000 kvm. produktionsanl\u00e6g indeholder <a href=\"https:\/\/www.molds-china.com\/da\/\"><strong>plastform<\/strong><\/a> Produktion og <strong>service til spr\u00f8jtest\u00f8bning af plast<\/strong>, kvalitetssikring, forsendelse og oplagring,<\/p>\n<p>Vores faciliteter er forbundet med et h\u00f8jhastighedsnet, vi introducerede mellemavanceret skimmelprocesudstyr og computer CAD \/ CAM \/ CAE-system, CNC-bearbejdningscenter, m\u00e5lesenter, elektrisk impuls og liner-sk\u00e6reudstyr. Der er erfarne CAD-teknikere i virksomheden. Det <strong>forme<\/strong> eksporteres til USA, Canada, Sverige og andre europ\u00e6iske og amerikanske lande og regioner.<\/p>\n<div id=\"attachment_1168\" style=\"width: 310px\" class=\"wp-caption alignright\"><img loading=\"lazy\" decoding=\"async\" aria-describedby=\"caption-attachment-1168\" class=\"size-medium wp-image-1168\" src=\"https:\/\/www.molds-china.com\/wp-content\/uploads\/2017\/07\/IMG_2245-300x200.jpg\" alt=\"Plastforme\" width=\"300\" height=\"200\" title=\"\" srcset=\"https:\/\/www.molds-china.com\/wp-content\/uploads\/2017\/07\/IMG_2245-300x200.jpg 300w, https:\/\/www.molds-china.com\/wp-content\/uploads\/2017\/07\/IMG_2245-768x512.jpg 768w, https:\/\/www.molds-china.com\/wp-content\/uploads\/2017\/07\/IMG_2245.jpg 900w\" sizes=\"(max-width: 300px) 100vw, 300px\" \/><p id=\"caption-attachment-1168\" class=\"wp-caption-text\"><a href=\"https:\/\/www.molds-china.com\/da\/\">plastforme<\/a><\/p><\/div>\n<p>Vi etablerede et overs\u00f8isk marked i 2005. Og salgsteamet har gjort det muligt for os at udvide vores kapacitet og anspore til innovation i vores <strong>St\u00f8beforme til plast<\/strong> og <strong>Kina plastdele<\/strong> produktlinjer.<\/p>\n<p>For os er kvalitet, leveringstid, rimelig pris og pr\u00e6cision det vigtigste !!!<\/p>\n<p>Vi inviterer dig til at bes\u00f8ge vores fabrik p\u00e5 stedet og teste os og se, hvorfor vi er din bedst egnede partner, ved at bestille nogle <strong>spr\u00f8jtest\u00f8beforme<\/strong> og <strong>Plastprodukter<\/strong>.<\/p>\n<p>P\u00e5 <strong>Olayer<\/strong>omdefinerer vi standarderne for specifikation, design og fremstilling af <strong>Pr\u00e6cisionsspr\u00f8jtest\u00f8beforme<\/strong> og <a href=\"https:\/\/www.molds-china.com\/da\/plastindsprojtningsform\/\"><strong>Spr\u00f8jtest\u00f8bte plastdele<\/strong><\/a>. Vi str\u00e6ber hele tiden efter at reducere leveringstiden, forbedre ydeevnen og hj\u00e6lpe vores kunder med at reducere de samlede omkostninger til produktudvikling.<\/p>\n<p>Fra de computerst\u00f8ttede design- og produktionsteknologier, vi bruger, til vores efterbehandlingsteknikker af h\u00f8j kvalitet, <strong>Olayer leverer den bedste v\u00e6rdi i h\u00f8j kvalitet <a href=\"https:\/\/www.molds-china.com\/da\/\">Tilpassede spr\u00f8jtest\u00f8beforme<\/a> og specialfremstillet spr\u00f8jtest\u00f8bning af plast<\/strong>.<\/p>\n<p>I 1999 begyndte Olayer Mold at bygge <em><strong>plastindspr\u00f8jtningsform<\/strong><\/em> og g\u00f8r <strong>spr\u00f8jtest\u00f8bning<\/strong> til plastindustrien.  I 2005 flyttede Olayer Mold fra en lille bygning til deres nybyggede 6.000 m2 store anl\u00e6g i Dongguan, Kina, og i 2009 startede de en ny virksomhed. <strong>plastformfirma<\/strong> i HuanYan, Zhejiang i Kina.<\/p>\n<p>I \u00e5renes l\u00f8b er Olayer Mold blevet top 10 <strong>producent af plastforme i Kina<\/strong> virksomhed.<\/p>\n<p>I 2007 udvidede Olayer Mold sin forretningsmodel ved at k\u00f8be flere store maskiner til fremstilling af st\u00f8beforme.  Denne udvidelse af vores virksomhed giver os kapacitet til at fremstille flere <strong>plastforme<\/strong> til kundens behov.<\/p>\n<p>Hvis du har brug for h\u00f8j kvalitet <a href=\"https:\/\/www.molds-china.com\/da\/plastindsprojtningsform-2\/\"><em><strong>plastindspr\u00f8jtningsform<\/strong><\/em><\/a> og <strong>service til spr\u00f8jtest\u00f8bning af plast<\/strong>\u00a0fra en <strong><em>Spr\u00f8jtest\u00f8bning Kina<\/em><\/strong> Virksomhed til din produktudvikling? Har du brug for hurtig levering, konkurrencedygtig pris, vil vi v\u00e6re en af dine bedste partnere til at hj\u00e6lpe din virksomhed mere succesfuld. Send os dit krav, vi vil citere dig om to arbejdsdage.<\/p>\n\n\n<p><\/p>","protected":false},"excerpt":{"rendered":"<p>Plastic Injection Mould &amp;\u00a0Injection\u00a0molding China manufacturing Company We are a professional plastic injection mould and injection molding china company that services in plastic mold and injection molding manufacturing, is one of\u00a0 China mold manufacturer, established in 2015, Hao Yuan Xing Mold Co.ltd has grown to a full-service Plastic Injection Mould and injection moulding products in [&hellip;]<\/p>","protected":false},"author":1,"featured_media":0,"parent":0,"menu_order":0,"comment_status":"open","ping_status":"open","template":"","meta":{"_et_pb_use_builder":"","_et_pb_old_content":"","_et_gb_content_width":"","footnotes":""},"class_list":["post-12","page","type-page","status-publish","hentry"],"_links":{"self":[{"href":"https:\/\/www.molds-china.com\/da\/wp-json\/wp\/v2\/pages\/12","targetHints":{"allow":["GET"]}}],"collection":[{"href":"https:\/\/www.molds-china.com\/da\/wp-json\/wp\/v2\/pages"}],"about":[{"href":"https:\/\/www.molds-china.com\/da\/wp-json\/wp\/v2\/types\/page"}],"author":[{"embeddable":true,"href":"https:\/\/www.molds-china.com\/da\/wp-json\/wp\/v2\/users\/1"}],"replies":[{"embeddable":true,"href":"https:\/\/www.molds-china.com\/da\/wp-json\/wp\/v2\/comments?post=12"}],"version-history":[{"count":0,"href":"https:\/\/www.molds-china.com\/da\/wp-json\/wp\/v2\/pages\/12\/revisions"}],"wp:attachment":[{"href":"https:\/\/www.molds-china.com\/da\/wp-json\/wp\/v2\/media?parent=12"}],"curies":[{"name":"wp","href":"https:\/\/api.w.org\/{rel}","templated":true}]}}