{"id":200,"date":"2014-08-04T18:14:32","date_gmt":"2014-08-04T10:14:32","guid":{"rendered":"http:\/\/hyx-mold.com\/?page_id=200"},"modified":"2018-01-02T13:35:42","modified_gmt":"2018-01-02T05:35:42","slug":"faciliteter","status":"publish","type":"page","link":"https:\/\/www.molds-china.com\/da\/faciliteter\/","title":{"rendered":"Faciliteter Galleri"},"content":{"rendered":"<p>Vi har over 10 s\u00e6t CNC-maskiner, 6 s\u00e6t bl\u00f8de tr\u00e5dsk\u00e6ringsmaskiner og over 20 EDM-maskiner, mere detaljeret plast <a href=\"https:\/\/www.molds-china.com\/da\/capacity\/liste-over-udstyr\/\">klik her <\/a>for at tjekke maskinlisten.<\/p>","protected":false},"excerpt":{"rendered":"<p>Vi har over 10 s\u00e6t CNC-maskiner, 6 s\u00e6t soft wire-ccut-maskiner og over 20 EDM-maskiner, flere detaljer plast klik her for at tjekke maskinlisten.<\/p>","protected":false},"author":1,"featured_media":0,"parent":0,"menu_order":0,"comment_status":"closed","ping_status":"closed","template":"","meta":{"_et_pb_use_builder":"","_et_pb_old_content":"","_et_gb_content_width":"","footnotes":""},"class_list":["post-200","page","type-page","status-publish","hentry"],"_links":{"self":[{"href":"https:\/\/www.molds-china.com\/da\/wp-json\/wp\/v2\/pages\/200","targetHints":{"allow":["GET"]}}],"collection":[{"href":"https:\/\/www.molds-china.com\/da\/wp-json\/wp\/v2\/pages"}],"about":[{"href":"https:\/\/www.molds-china.com\/da\/wp-json\/wp\/v2\/types\/page"}],"author":[{"embeddable":true,"href":"https:\/\/www.molds-china.com\/da\/wp-json\/wp\/v2\/users\/1"}],"replies":[{"embeddable":true,"href":"https:\/\/www.molds-china.com\/da\/wp-json\/wp\/v2\/comments?post=200"}],"version-history":[{"count":0,"href":"https:\/\/www.molds-china.com\/da\/wp-json\/wp\/v2\/pages\/200\/revisions"}],"wp:attachment":[{"href":"https:\/\/www.molds-china.com\/da\/wp-json\/wp\/v2\/media?parent=200"}],"curies":[{"name":"wp","href":"https:\/\/api.w.org\/{rel}","templated":true}]}}