{"id":231,"date":"2014-08-04T21:47:46","date_gmt":"2014-08-04T13:47:46","guid":{"rendered":"http:\/\/hyx-mold.com\/?page_id=231"},"modified":"2016-06-06T17:20:45","modified_gmt":"2016-06-06T09:20:45","slug":"kvalitet","status":"publish","type":"page","link":"https:\/\/www.molds-china.com\/da\/kvalitet\/","title":{"rendered":"Kvalitet"},"content":{"rendered":"<p><b>Kvalitet:<\/b><\/p>\n<p>At g\u00f8re godt <a title=\"plastform\" href=\"http:\/\/www.plasticmoldco.com\" target=\"_blank\" rel=\"noopener\"><em><strong>plastform<\/strong> <\/em><\/a>og im\u00f8dekomme vores kunder, der kr\u00e6ves, har vi stramme kvalitetskontrolprocedurer, selvom det stadig ikke er perfektion, men vi l\u00e6rer af vores cusotmers feed back og forbedrer det fra tid til anden, vores cusotmer vil v\u00e6re tilfredse med at udf\u00f8re disse kvalitetskontrolsystemer.<\/p>\n<p>Generelle trin, herunder nedenfor.<\/p>\n<p>V\u00e6rkt\u00f8jstegning Designgennemgang f\u00f8r afsendelse til kunden<\/p>\n<p>Version af v\u00e6rkt\u00f8jstegning opdateret i tide for at sikre, at kunden har den nyeste version, n\u00e5r dokumentet sendes ud med formen<\/p>\n<p>Designvalidering og -verifikation<img loading=\"lazy\" decoding=\"async\" class=\"alignright  wp-image-1057\" src=\"https:\/\/www.molds-china.com\/wp-content\/uploads\/2016\/06\/P3120350-300x225.jpg\" alt=\"\" width=\"380\" height=\"285\" title=\"\" srcset=\"https:\/\/www.molds-china.com\/wp-content\/uploads\/2016\/06\/P3120350-300x225.jpg 300w, https:\/\/www.molds-china.com\/wp-content\/uploads\/2016\/06\/P3120350.jpg 640w\" sizes=\"(max-width: 380px) 100vw, 380px\" \/><\/p>\n<p>Indg\u00e5ende inspektion for alt r\u00e6kke-materiale<\/p>\n<p>F\u00f8rste inspektion af skimmelfors\u00f8g<\/p>\n<p>Inspektion af dimensionsjustering f\u00f8r n\u00e6ste formfors\u00f8g<\/p>\n<p>Koordinatm\u00e5lemaskine (CMM)<\/p>\n<p>Projektor-maskine<\/p>","protected":false},"excerpt":{"rendered":"<p>Quality: To make good plastic mold and meet our cusotmers required we have tight quality control procedures, even thought still not perfection but we are learning from our cusotmers feed back\u00a0 and improve it from time to time, our cusotmer will be satisfied by doing those quality control systems. General steps including below. Tool drawing [&hellip;]<\/p>","protected":false},"author":1,"featured_media":0,"parent":0,"menu_order":0,"comment_status":"open","ping_status":"open","template":"","meta":{"_et_pb_use_builder":"","_et_pb_old_content":"","_et_gb_content_width":"","footnotes":""},"class_list":["post-231","page","type-page","status-publish","hentry"],"_links":{"self":[{"href":"https:\/\/www.molds-china.com\/da\/wp-json\/wp\/v2\/pages\/231","targetHints":{"allow":["GET"]}}],"collection":[{"href":"https:\/\/www.molds-china.com\/da\/wp-json\/wp\/v2\/pages"}],"about":[{"href":"https:\/\/www.molds-china.com\/da\/wp-json\/wp\/v2\/types\/page"}],"author":[{"embeddable":true,"href":"https:\/\/www.molds-china.com\/da\/wp-json\/wp\/v2\/users\/1"}],"replies":[{"embeddable":true,"href":"https:\/\/www.molds-china.com\/da\/wp-json\/wp\/v2\/comments?post=231"}],"version-history":[{"count":0,"href":"https:\/\/www.molds-china.com\/da\/wp-json\/wp\/v2\/pages\/231\/revisions"}],"wp:attachment":[{"href":"https:\/\/www.molds-china.com\/da\/wp-json\/wp\/v2\/media?parent=231"}],"curies":[{"name":"wp","href":"https:\/\/api.w.org\/{rel}","templated":true}]}}