{"id":4,"date":"2014-08-02T17:16:35","date_gmt":"2014-08-02T09:16:35","guid":{"rendered":"http:\/\/hyx-mold.com\/?page_id=4"},"modified":"2022-03-06T16:06:39","modified_gmt":"2022-03-06T08:06:39","slug":"home","status":"publish","type":"page","link":"https:\/\/www.molds-china.com\/da\/","title":{"rendered":"Hjem"},"content":{"rendered":"<h1 class=\"wp-block-heading\"><strong>Producenter af st\u00f8beforme i Kina<\/strong>&#8211;<strong>Spr\u00f8jtest\u00f8bning efter m\u00e5l<\/strong><\/h1>\n\n\n\n<p>At v\u00e6lge <strong>producenter af st\u00f8beforme i Kina<\/strong> for at \u00f8ge dit forretningsmarked vil v\u00e6re den bedste l\u00f8sning.<\/p>\n\n\n\n<p>Plastspr\u00f8jtest\u00f8beforme er afg\u00f8rende for at producere spr\u00f8jtest\u00f8bte dele, der bruges i nogle virksomheder rundt om i verden. Forretningsm\u00e6nd er afh\u00e6ngige af disse til deres daglige produktion af plastprodukter s\u00e5som kasseform, husholdningsplastform, pakkeform, husholdningsapparatform, bilform og lignende.<\/p>\n\n\n\n<p>Plastikvarer er almindeligt brugt i hele verden, og folk nyder at bruge dem. Der findes flere <strong>producenter af st\u00f8beforme<\/strong> som du kan komme i kontakt med i de fleste omr\u00e5der af verden, inklusive Kina. Du kan s\u00f8ge p\u00e5 hjemmesiden og finde masser af dem p\u00e5 flere <strong>Producenter af plastindspr\u00f8jtningsforme i Kina<\/strong> p\u00e5 Google<\/p>\n\n\n\n<div class=\"wp-block-image\"><figure class=\"alignleft is-resized\"><img loading=\"lazy\" decoding=\"async\" src=\"https:\/\/www.molds-china.com\/wp-content\/uploads\/2019\/08\/China-Mold-Company.jpg\" alt=\"Kinesisk st\u00f8beformsvirksomhed\" class=\"wp-image-22489\" width=\"283\" height=\"167\" title=\"\" srcset=\"https:\/\/www.molds-china.com\/wp-content\/uploads\/2019\/08\/China-Mold-Company.jpg 424w, https:\/\/www.molds-china.com\/wp-content\/uploads\/2019\/08\/China-Mold-Company-300x177.jpg 300w\" sizes=\"(max-width: 283px) 100vw, 283px\" \/><figcaption>Kinesisk st\u00f8beformsvirksomhed<\/figcaption><\/figure><\/div>\n\n\n\n<p>Kina er en af de st\u00f8rste \u00f8konomier i verden. Med hensyn til dets bruttonationalprodukt (BNP) har det 10.088 per indbygger (nominelt) ($) i 2018. Hvis du starter et nyt projekt, der involverer brugerdefinerede <a href=\"https:\/\/www.molds-china.com\/da\/plastindsprojtningsform-2\/\" target=\"_blank\" rel=\"noreferrer noopener\"><strong><em>spr\u00f8jtest\u00f8bning af plast<\/em><\/strong><\/a> eller specialst\u00f8bte dele, kan du henvende dig til verdens f\u00f8rende \u00f8konomi i dag, og det betyder <strong>Kina Skimmelsvamp. <\/strong>N\u00e6st efter Amerikas Forenede Stater.<\/p>\n\n\n\n<p>Store forretningsm\u00e6nd starter med at finde gode <strong>spr\u00f8jtest\u00f8bevirksomheder i Kina<\/strong> for deres skimmelprodukter. Der er fordele og ulemper ved at starte en virksomhed, og du skal s\u00f8rge for, at alt er i orden, hvis din virksomhed skal fungere. En af dem er at v\u00e6lge de rigtige produkter og de rigtige <strong>Kinesisk virksomhed til fremstilling af st\u00f8beforme<\/strong> som leverand\u00f8r.<\/p>\n\n\n\n<p>Forestil dig, hvor sv\u00e6rt det er at starte en virksomhed, og det kan til tider v\u00e6re s\u00e5 frustrerende at skulle finde den rigtige producent af plastspr\u00f8jtest\u00f8bning i Kina i et hav af valgmuligheder. Du kan indsn\u00e6vre din s\u00f8gning og have det sjovt.<\/p>\n\n\n\n<p>At starte en virksomhed b\u00f8r v\u00e6re problemfrit og behageligt p\u00e5 samme tid. Du kan tage dig tid til at v\u00e6lge det bedste til din virksomhed og senere nyde det frugtbare resultat.<\/p>\n\n\n\n<h2 class=\"wp-block-heading\">Producenter af plastindspr\u00f8jtningsforme i Kina<\/h2>\n\n\n\n<p>Lad os nu se p\u00e5 Kinas enorme udstr\u00e6kning.<\/p>\n\n\n\n<p>Kina er ikke bare et af verdens st\u00f8rste produktionslande, det er ogs\u00e5 et af de st\u00f8rste lande. Det er det n\u00e6stst\u00f8rste land i Asien og havde en befolkning p\u00e5 1,379 milliarder i 2016. Der er mange <strong><em>Producenter af st\u00f8beforme i Kina<\/em><\/strong> som du kan se p\u00e5 internettet.<\/p>\n\n\n\n<p>Nogle af dem har gode anmeldelser og har v\u00e6ret etableret i \u00e5revis, og nogle af dem er lige begyndt og har ikke f\u00e6rdigheder nok til at konkurrere med verdens st\u00f8rste marketingstrategier. S\u00e5 hvordan finder du en god <strong>Kina plastformfabrik<\/strong>? Her er nogle forslag, der kan hj\u00e6lpe dig med at finde passende partnere og <strong>Producenter af plastindspr\u00f8jtningsforme i Kina<\/strong>.<\/p>\n\n\n\n<h3 class=\"wp-block-heading\"><strong>S\u00e5dan finder du en god producent af spr\u00f8jtest\u00f8beforme i Kina<\/strong>?<\/h3>\n\n\n\n<p>F\u00f8rst og fremmest skal du tage hensyn til tilg\u00e6ngeligheden af <strong>Producent af spr\u00f8jtest\u00f8beforme i Kina<\/strong>. Svarer han\/hun med det samme, n\u00e5r du kontakter ham\/hende med nogle foresp\u00f8rgsler?<\/p>\n\n\n\n<p>N\u00e5r du for eksempel gerne vil vide mere om deres produkter og de rigtige estimater af de ting, du overvejer at k\u00f8be, er de s\u00e5 altid klar til at ringe tilbage eller give et hurtigt svar via e-mail?<\/p>\n\n\n\n<p>S\u00e5 det f\u00f8rste forslag b\u00f8r v\u00e6re at lede efter en <strong>Producent af spr\u00f8jtest\u00f8bning i Kina<\/strong> som altid er tilg\u00e6ngelig, kundeserviceorienteret og altid villig til at hj\u00e6lpe dig med dine valg, da du ved, at du kommer til at arbejde med en <em>Kina plastst\u00f8bning virksomhed<\/em> fra tusindvis af kilometer v\u00e6k fra dit land, er hurtig respons meget nyttigt for at holde arbejdet opdateret rettidigt.<\/p>\n\n\n\n<p>Det andet forslag er, at du skal lede efter en kinesisk producent af plastspr\u00f8jtest\u00f8bning, der tilbyder et bredt udvalg af spr\u00f8jtest\u00f8beforme\/formede produkter af h\u00f8j kvalitet og til en rimelig pris. Tag ogs\u00e5 hensyn til, om deres produkter tilbydes for at im\u00f8dekomme behovene i dine spirende forretningsforetagender.<\/p>\n\n\n\n<p>Det tredje forslag er at s\u00f8rge for, at det udstyr, der bruges til at behandle disse <strong>Indspr\u00f8jtning<\/strong> <strong>plastforme <\/strong>er topmoderne for at producere langvarige og holdbare resultater, se aldrig bare prisen, er prisen for lav, s\u00e5 kan de forme, du har, m\u00e5ske ikke k\u00f8re godt, n\u00e5r du tager <strong>Kina spr\u00f8jtest\u00f8beform<\/strong> tilbage til din fabrik, som du ved, uanset hvor lav deres pris er, har de stadig brug for overskud, rimelig pris, god kvalitet og god service er altid det bedste valg for dig, hold dette punkt i tankerne kan v\u00e6re sikkerhedssele under din forretningsrejse.<\/p>\n\n\n\n<div class=\"wp-block-image\"><figure class=\"alignright size-large\"><a href=\"https:\/\/www.molds-china.com\/wp-content\/uploads\/2021\/05\/Injection-molding-china.jpg\"><img loading=\"lazy\" decoding=\"async\" width=\"400\" height=\"300\" src=\"https:\/\/www.molds-china.com\/wp-content\/uploads\/2021\/05\/Injection-molding-china.jpg\" alt=\"Spr\u00f8jtest\u00f8bning Kina\" class=\"wp-image-22622\" title=\"\" srcset=\"https:\/\/www.molds-china.com\/wp-content\/uploads\/2021\/05\/Injection-molding-china.jpg 400w, https:\/\/www.molds-china.com\/wp-content\/uploads\/2021\/05\/Injection-molding-china-300x225.jpg 300w\" sizes=\"(max-width: 400px) 100vw, 400px\" \/><\/a><figcaption>Spr\u00f8jtest\u00f8bning Kina<\/figcaption><\/figure><\/div>\n\n\n\n<p>Endelig kan det v\u00e6re n\u00f8dvendigt at kigge p\u00e5 <strong>Kinesisk producent af spr\u00f8jtest\u00f8beforme<\/strong> i scenen, for at tage et kig p\u00e5 brugerdefinerede plastforme, de har gjort f\u00f8r og i \u00f8jeblikket, vil dette v\u00e6re en nem m\u00e5de at kontrollere deres kvalitet og kapacitet, hvis de kan opfylde dine krav. N\u00e5r du er tilfreds med alt, kan du v\u00e6lge den som din <strong>Kina Spr\u00f8jtest\u00f8bning<\/strong> og leverand\u00f8r af st\u00f8bning.<\/p>\n\n\n\n<p>At v\u00e6lge passende <strong>Producenter af plastindspr\u00f8jtningsforme i Kina<\/strong> er ikke let, hvis du vil finde den rigtige <strong>spr\u00f8jtest\u00f8bning af plast i Kina<\/strong> virksomhed vil v\u00e6re endnu sv\u00e6rere end at finde en lokal formleverand\u00f8r og producent af plastdele, fordi kommunikationen er et grundl\u00e6ggende problem, at finde en engelsktalende er ikke s\u00e5 sv\u00e6rt, men at finde den tekniske ekspertbaggrund med gode engelskkundskaber, det er ikke let at finde.<\/p>\n\n\n\n<p>Hvis du vil lave spr\u00f8jtest\u00f8beforme eller spr\u00f8jtest\u00f8bningsprodukter af god kvalitet, skal du finde A <strong>Kina plastformfabrik<\/strong> der er professionel inden for b\u00e5de kommunikation og teknologi, kun god engelsk, men d\u00e5rlig teknisk vil v\u00e6re sv\u00e6rt at kommunikere eller endda g\u00e5 til den forkerte side, hvis du vil g\u00f8re din virksomhed vellykket med et kinesisk st\u00f8befirma, vil disse punkter v\u00e6re en sikkerhed for at f\u00e5 succes med dit projekt, du skal tage meget omhyggeligt udvalgt til en kinesisk producent af plastindspr\u00f8jtningsform \/ st\u00f8bning, n\u00e5r du finder den rigtige partner, er alt h\u00e5rdt arbejde v\u00e6rd.<\/p>\n\n\n\n<p>Hvis du er p\u00e5 udkig efter <strong>producenter af st\u00f8beforme i Kina<\/strong>? Vi er en af dine bedste muligheder for din reference; du kan tage os ind i din database og analysere senere, vores salg har mere end 6 \u00e5rs teknisk dygtighed, de arbejdede fra skimmelproducent, skimmel design, projektledelse og salg, s\u00e5 vores salgsperson er kvalificeret til at lykkes din virksomhed hurtigt og problemfrit. du kan kontakte os via e-mail.<\/p>\n\n\n\n<h3 class=\"wp-block-heading\"><strong>Der er nogle fordele ved at arbejde hos os, som du kan nyde godt af<\/strong><\/h3>\n\n\n\n<ul class=\"wp-block-list\"><li>Der opn\u00e5s meget overkommelige produkter, garanteret kundetilfredshed, ethvert problem vil blive l\u00f8st fuldst\u00e6ndigt af vores ekspertteam.<\/li><li>Flydende engelsk kommunikation med 18 \u00e5rs teknisk erfaring inden for formfremstilling og st\u00f8beproduktion.<\/li><li>One-stop-service inden for deledesign, formdesign, formfremstilling, massiv produktion, maling, silketryk, plettering, montering og forsendelse direkte til din side.<\/li><li>Hurtig leveringstid, 15 dage for sm\u00e5 dele.<\/li><li>S\u00e5 lave omkostninger som <strong>$ 650<\/strong> for <strong>specialfremstilling af st\u00f8beforme<\/strong> for at spare din oprindelige investering.<\/li><\/ul>\n\n\n\n<p>Velkommen til at teste os og ringe til os for at tale, vi kan v\u00e6re din bedste partner i den tilpassede plastform og plastspr\u00f8jtest\u00f8bningstjeneste.<\/p>\n\n\n\n<h3 class=\"wp-block-heading\"><strong>S\u00e5dan arbejder du med en kinesisk producent og virksomhed af plastindspr\u00f8jtningsforme<\/strong>?<\/h3>\n\n\n\n<p>N\u00e5r du er f\u00e6rdig med det andet trin, skal du v\u00e6lge det, der kommer til at fungere, for at starte, for at kunne have et harmonisk forhold til en ny<strong> Producent af plastspr\u00f8jtest\u00f8bning i Kina<\/strong>. Det f\u00f8rste, man skal overveje, er betalingsbetingelserne. At betale til tiden som aftalt holder forretningen k\u00f8rende uden problemer.<\/p>\n\n\n\n<p>Der b\u00f8r v\u00e6re en kontrakt, der angiver betalingsbetingelserne, dit ansvar og deres ansvar. Det er som at m\u00f8de dine leverand\u00f8rer p\u00e5 halvvejen. V\u00e6r ogs\u00e5 opm\u00e6rksom p\u00e5, at hvis dine leverand\u00f8rer normalt ogs\u00e5 har andre kunder at h\u00e5ndtere, s\u00e5 kan der v\u00e6re tidspunkter, hvor nogle ting ikke bliver h\u00e5ndteret med det samme.<\/p>\n\n\n\n<p>For det andet for at sikre, at din <strong>fremstilling af plastforme<\/strong> er p\u00e5 skemaet, for at sp\u00f8rge din <em>Kina skimmel <\/em>leverand\u00f8r til at lave en tidsplan for formfremstilling og en tidsplan for formfors\u00f8g, bed dem om at sende dig en ugentlig rapport med fremstillingsbilleder hver uge, dette kan v\u00e6re en mere sikker m\u00e5de at holde tidslinjen p\u00e5, n\u00e5r der er sket et problem, kan du finde ud af det fra <strong>fremstilling af st\u00f8beforme<\/strong> billeder, da du ikke kan holde \u00f8je med dem hver dag, n\u00e5r du er flere tusinde kilometer v\u00e6k.<\/p>\n\n\n\n<p>F\u00e5 mere at vide om markedspladsen, og koordiner med <strong>Kina plastformfabrik<\/strong>N\u00e5r du har sp\u00f8rgsm\u00e5l og afklaringer om deres produkter eller tjenester. Det er nogle af m\u00e5derne at sikre en bedre forst\u00e5else og holde jeres samarbejde k\u00f8rende og vellykket.<\/p>\n\n\n\n<p>Vi er klar til at svare p\u00e5 din foresp\u00f8rgsel, kontakt os nu via e-mail <a href=\"mailto:sales@molds-china.com\" rel=\"noreferrer noopener\" target=\"_blank\">sales@molds-china.com<\/a><\/p>\n\n\n\n<div class=\"wp-block-image\"><figure class=\"alignleft size-large\"><a href=\"https:\/\/www.molds-china.com\/wp-content\/uploads\/2021\/05\/mold-manufacturer-China.jpg\"><img loading=\"lazy\" decoding=\"async\" width=\"400\" height=\"300\" src=\"https:\/\/www.molds-china.com\/wp-content\/uploads\/2021\/05\/mold-manufacturer-China.jpg\" alt=\"Producent af st\u00f8beforme i Kina\" class=\"wp-image-22623\" title=\"\" srcset=\"https:\/\/www.molds-china.com\/wp-content\/uploads\/2021\/05\/mold-manufacturer-China.jpg 400w, https:\/\/www.molds-china.com\/wp-content\/uploads\/2021\/05\/mold-manufacturer-China-300x225.jpg 300w\" sizes=\"(max-width: 400px) 100vw, 400px\" \/><\/a><figcaption>Producent af st\u00f8beforme i Kina<\/figcaption><\/figure><\/div>\n\n\n\n<h3 class=\"wp-block-heading\">Vi tilbyder dig h\u00f8j kvalitet med konkurrencedygtig pris for brugerdefineret plastindspr\u00f8jtningsform og -st\u00f8bning<\/h3>\n\n\n\n<p>Forbrugerne er i tvivl om, hvorvidt de f\u00e5r de mest avancerede spr\u00f8jtest\u00f8beforme. Disse er n\u00f8dvendige for at forf\u00f8lge deres projektspecifikationer.<\/p>\n\n\n\n<p>Dongguan Olayer Technology Co.ltd (HAO YUAN XING Mold Co., Ltd blev \u00e6ndret navnet Sincere Oct, 2020) har tillid til at im\u00f8dekomme de mest udfordrende specifikationer for kundernes projekt. Olayer <strong>Kina fabrik for spr\u00f8jtest\u00f8bning<\/strong> tilbyder ogs\u00e5 kundeservice af h\u00f8j kvalitet sammen med en pris, der er konkurrencedygtig og overkommelig.<\/p>\n\n\n\n<p><strong>Fordelene ved at stole p\u00e5 virksomheden er f\u00f8lgende:<\/strong><\/p>\n\n\n\n<ul class=\"wp-block-list\"><li>Kvaliteten af vores plastforme\/formdele er meget overkommelig og effektiv i markedsf\u00f8ringsindustrien.<\/li><li>Kunderne er garanteret fuld tilfredshed p\u00e5 grund af medarbejdernes uforlignelige ekspertise.<\/li><li>De fleste bekymringer overlades til personalet, da opgaverne h\u00e5ndteres p\u00e5 kort tid.<\/li><li>Kundernes s\u00e6rlige krav opfyldes p\u00e5 alle produktionsniveauer.<\/li><li>Den mest avancerede plastst\u00f8beproces introduceres yderligere. Delens design analyseres f\u00f8rst af DFM-rapporten.<\/li><li>Formen vil v\u00e6re 100% opfylde kundernes kvalitetsspecifikation.<\/li><li>Eventuelle omkostninger til nye spr\u00f8jtest\u00f8beforme, modifikationer vil v\u00e6re rimelige. Vi t\u00e6nker fuldt ud p\u00e5 kundens side.<\/li><li>ISO9001-certifikat, hvis det er best\u00e5et.<\/li><\/ul>\n\n\n\n<h4 class=\"wp-block-heading\">Fordele ved vores service til plastindspr\u00f8jtningsforme\/st\u00f8bning.<\/h4>\n\n\n\n<ul class=\"wp-block-list\"><li>Medarbejderne var veluddannede til at levere service af h\u00f8jeste kvalitet til projektet.<\/li><li>Spr\u00f8jtest\u00f8bev\u00e6rkt\u00f8jsingeni\u00f8ren, designingeni\u00f8ren, shipping- og formfremstillingsproceslederen kombinerer deres f\u00e6rdigheder for at opfylde kundernes garanterede tilfredshed.<\/li><li>Virksomheden im\u00f8dekommer kundernes krav om at optimere st\u00f8beforme og spare tid og omkostninger forud for massiv produktion.<\/li><li>De effektive ledelsesteknikker bruges til vellykkede projekter for kunderne<\/li><li>Formproblemerne analyseres og forbedres for at opfylde kundernes specifikationer og krav, 100%-garanti.<\/li><li>Problemerne klassificeres, s\u00e5 l\u00f8sningen kan pr\u00e6senteres.<\/li><li>Den bedste l\u00f8sning foresl\u00e5s i visse sp\u00f8rgsm\u00e5l for at reducere formomkostningerne og de massive produktionsomkostninger.<\/li><\/ul>\n\n\n\n<p>Olayer er betroet som en organisation, der opretholder sine produktionsstandarder. Den pr\u00e6senterer sit effektive system, der er en del af en tilgang til design, forarbejdning og forsendelse!<\/p>\n\n\n\n<p>Kontakt os eller send en e-mail p\u00e5 <a href=\"mailto:sales@molds-china.com\" rel=\"noreferrer noopener\" target=\"_blank\">sales@molds-china.com<\/a> for at f\u00e5 et tilbud p\u00e5 dine behov p\u00e5 <strong>specialfremstillede plastforme og specialfremstillede spr\u00f8jtest\u00f8bninger<\/strong><\/p>\n\n\n\n<p>Hvis du er p\u00e5 udkig efter en <strong>producenter af st\u00f8beforme i Kina<\/strong> s\u00e5 er du kommet til det rette sted. Vores virksomhed er en professionel <a href=\"https:\/\/www.molds-china.com\/da\/\" target=\"_blank\" rel=\"noreferrer noopener\"><strong>Producent af st\u00f8beforme i Kina<\/strong><\/a> at producere udviklede spr\u00f8jtest\u00f8beforme og st\u00f8bte dele i topkvalitet til en billig pris.<\/p>\n\n\n\n<p>Vi har over 16 \u00e5rs erfaring i denne region med at fremstille st\u00f8beforme til biler, husholdningsapparater osv. Vi er din passende <strong>Kinesisk virksomhed til fremstilling af st\u00f8beforme<\/strong> Vi tilbyder dig den bedste pris med spr\u00f8jtest\u00f8beforme af h\u00f8j kvalitet og plastst\u00f8bningstjenester i regionen (sammenlignet med leverand\u00f8rer af st\u00f8beforme af samme kvalitet). Vi leverer<em> St\u00f8beforme og spr\u00f8jtest\u00f8bte plastdele <\/em>til virksomheder over hele verden.<\/p>\n\n\n\n<p>Er dit projekt klar til at lave plastspr\u00f8jtest\u00f8bning og st\u00f8bning af dele? Kontakt os nu for at f\u00e5 et tilbud inden for 24 timer.<\/p>","protected":false},"excerpt":{"rendered":"<p>Mold Manufacturers In China&#8211;Custom Injection Molding Choosing mold manufacturers in China to increase your business market will be the best option. Plastic Injection molds are essential in producing injection moulded parts used for some businesses around the world. Businessmen are relying on these for their day to day production of plastics products such as crate [&hellip;]<\/p>","protected":false},"author":1,"featured_media":0,"parent":0,"menu_order":0,"comment_status":"open","ping_status":"open","template":"","meta":{"_et_pb_use_builder":"","_et_pb_old_content":"","_et_gb_content_width":"","footnotes":""},"class_list":["post-4","page","type-page","status-publish","hentry"],"_links":{"self":[{"href":"https:\/\/www.molds-china.com\/da\/wp-json\/wp\/v2\/pages\/4","targetHints":{"allow":["GET"]}}],"collection":[{"href":"https:\/\/www.molds-china.com\/da\/wp-json\/wp\/v2\/pages"}],"about":[{"href":"https:\/\/www.molds-china.com\/da\/wp-json\/wp\/v2\/types\/page"}],"author":[{"embeddable":true,"href":"https:\/\/www.molds-china.com\/da\/wp-json\/wp\/v2\/users\/1"}],"replies":[{"embeddable":true,"href":"https:\/\/www.molds-china.com\/da\/wp-json\/wp\/v2\/comments?post=4"}],"version-history":[{"count":0,"href":"https:\/\/www.molds-china.com\/da\/wp-json\/wp\/v2\/pages\/4\/revisions"}],"wp:attachment":[{"href":"https:\/\/www.molds-china.com\/da\/wp-json\/wp\/v2\/media?parent=4"}],"curies":[{"name":"wp","href":"https:\/\/api.w.org\/{rel}","templated":true}]}}