{"id":50,"date":"2014-08-03T17:49:44","date_gmt":"2014-08-03T09:49:44","guid":{"rendered":"http:\/\/hyx-mold.com\/?page_id=50"},"modified":"2019-10-22T13:50:39","modified_gmt":"2019-10-22T05:50:39","slug":"plastform","status":"publish","type":"page","link":"https:\/\/www.molds-china.com\/da\/plastform\/","title":{"rendered":"Plastform"},"content":{"rendered":"<h1>Vi tilbyder h\u00f8j kvalitet&nbsp;<strong>producent af plastforme<\/strong> med en konkurrencedygtig pris<\/h1>\n<p>Er du p\u00e5 udkig efter en p\u00e5lidelig <strong><a href=\"https:\/\/www.molds-china.com\/da\/\">plastform og st\u00f8bevirksomhed<\/a><\/strong> fra Kina, der leverer innovative l\u00f8sninger til forretningsrelaterede st\u00f8beforme? Vi er en pioner inden for levering af l\u00f8sninger i <span style=\"color: #000000;\"><em><a title=\"plastforme\" href=\"https:\/\/www.molds-china.com\/da\/plastform\/\"><span style=\"color: #000000;\">plastforme<\/span><\/a><\/em><\/span> industrien, og vi laver spr\u00f8jtest\u00f8beforme, der sp\u00e6nder fra <span style=\"color: #000000;\"><span style=\"color: #000000;\"><a href=\"https:\/\/www.molds-china.com\/da\/\"><strong>Form til bilindustrien<\/strong><\/a>, husholdningsapparater forme&nbsp;<\/span><\/span>osv.<\/p>\n<p>Vi har v\u00e6ret i denne branche i flere \u00e5r og har f\u00e5et en r\u00e6kke h\u00f8jeffektivitetsvurderinger p\u00e5 grund af vores systematiske planl\u00e6gning, forskning og de investeringer, der blev foretaget for at h\u00e5ndtere tiden og omkostningerne ved at producere spr\u00f8jtest\u00f8beforme. Alt vores h\u00e5rde arbejde har betalt sig, og vi har v\u00e6ret i stand til at f\u00f8je mange velrenommerede internationale virksomheder til vores kundeliste. De relationer, vi har opbygget med disse virksomheder, har v\u00e6ret medvirkende til, at vi er blevet f\u00f8rende i denne branche; vores kunder vinder p\u00e5 den fremragende kvalitet, pris og service.<\/p>\n<p>Den st\u00f8rste grund til, at vi har v\u00e6ret i stand til at opbygge denne imponerende kundeliste, er vores h\u00f8jt kvalificerede medarbejdere og de avancerede formteknologier, som vi bruger, n\u00e5r vi fremstiller vores forme. Denne type teknologier er blevet brugt med stor succes og har v\u00e6ret medvirkende til standardiseringen af spr\u00f8jtest\u00f8beindustrien.<\/p>\n<p>Vi giver vores kunder konkurrencedygtige priser, god kvalitet og service; dette sparer ikke kun omkostninger for vores kunder, men lader ogs\u00e5 vores kunder blive mere konkurrencedygtige end deres konkurrenter og let vinde flere projekter. dette er alle de form\u00e5l, vi sigter mod sammen med vores kunder.<\/p>\n<p>Vi er eksperter i <strong>Tilpassede forme\/st\u00f8bning, <span style=\"color: #000000;\"><a title=\"St\u00f8beforme til husholdningsapparater\" href=\"http:\/\/www.hyx-mold.com\/\" target=\"_blank\" rel=\"noopener\"><span style=\"color: #000000;\"><em>Skimmelsvamp til husholdningsapparater<\/em><\/span><\/a><\/span>, elektroniske dele, digitale forme, 2K forme\/st\u00f8bning, over forme\/st\u00f8bning<\/strong><\/p>\n<div id=\"attachment_931\" style=\"width: 310px\" class=\"wp-caption alignright\"><a href=\"https:\/\/www.molds-china.com\/da\/\"><img loading=\"lazy\" decoding=\"async\" aria-describedby=\"caption-attachment-931\" class=\"wp-image-931 size-medium\" src=\"https:\/\/www.molds-china.com\/wp-content\/uploads\/2014\/08\/IMG_1242-300x140.jpg\" alt=\"Plastform\" width=\"300\" height=\"140\" title=\"\" srcset=\"https:\/\/www.molds-china.com\/wp-content\/uploads\/2014\/08\/IMG_1242-300x140.jpg 300w, https:\/\/www.molds-china.com\/wp-content\/uploads\/2014\/08\/IMG_1242-1024x478.jpg 1024w, https:\/\/www.molds-china.com\/wp-content\/uploads\/2014\/08\/IMG_1242.jpg 1027w\" sizes=\"(max-width: 300px) 100vw, 300px\" \/><\/a><p id=\"caption-attachment-931\" class=\"wp-caption-text\"><a title=\"Plastform\" href=\"https:\/\/www.molds-china.com\/da\/plastform\/\">Plastform<\/a><\/p><\/div>\n<p>Vi har stor erfaring med at lave <a href=\"https:\/\/www.molds-china.com\/da\/plastform\/\"><em><strong>plastform<\/strong><\/em><\/a> siden vi \u00e5bnede vores formfabrik for 15 \u00e5r siden. N\u00e5r det kommer til husholdningsapparater, har st\u00f8beforme og vores ekspertise alene bragt os langt foran vores konkurrenter, siden 2005 begyndte vi at lave <strong>Former til biler<\/strong>Med mere end 10 \u00e5rs erfaring med vores fremragende procedurer og rige erfaringer er vi blevet ekspert p\u00e5 dette omr\u00e5de, selvf\u00f8lgelig lavede vi flere andre forme, som vi ikke kan vise ved denne korte forklaring. Tjek vores hjemmeside, du vil se, at der er nogle lister, vi er velkomne, hvis du kan slippe dine trin her for at se p\u00e5 vores fabrik.<\/p>","protected":false},"excerpt":{"rendered":"<p>We offer high-quality&nbsp;plastic mold maker with a competitive price Are you looking for a dependable plastic mold and molding company from China that provides innovative solutions for business-related molds? We are a pioneer in providing solutions in the plastic molds industry, and we make injection molds that range in automotive mold, home appliances molds&nbsp;etc. We [&hellip;]<\/p>","protected":false},"author":1,"featured_media":0,"parent":0,"menu_order":0,"comment_status":"open","ping_status":"open","template":"","meta":{"_et_pb_use_builder":"","_et_pb_old_content":"","_et_gb_content_width":"","footnotes":""},"class_list":["post-50","page","type-page","status-publish","hentry"],"_links":{"self":[{"href":"https:\/\/www.molds-china.com\/da\/wp-json\/wp\/v2\/pages\/50","targetHints":{"allow":["GET"]}}],"collection":[{"href":"https:\/\/www.molds-china.com\/da\/wp-json\/wp\/v2\/pages"}],"about":[{"href":"https:\/\/www.molds-china.com\/da\/wp-json\/wp\/v2\/types\/page"}],"author":[{"embeddable":true,"href":"https:\/\/www.molds-china.com\/da\/wp-json\/wp\/v2\/users\/1"}],"replies":[{"embeddable":true,"href":"https:\/\/www.molds-china.com\/da\/wp-json\/wp\/v2\/comments?post=50"}],"version-history":[{"count":0,"href":"https:\/\/www.molds-china.com\/da\/wp-json\/wp\/v2\/pages\/50\/revisions"}],"wp:attachment":[{"href":"https:\/\/www.molds-china.com\/da\/wp-json\/wp\/v2\/media?parent=50"}],"curies":[{"name":"wp","href":"https:\/\/api.w.org\/{rel}","templated":true}]}}