{"id":963,"date":"2016-04-09T23:57:48","date_gmt":"2016-04-09T15:57:48","guid":{"rendered":"https:\/\/www.molds-china.com\/?page_id=963"},"modified":"2019-07-02T21:52:56","modified_gmt":"2019-07-02T13:52:56","slug":"hvorfor-os","status":"publish","type":"page","link":"https:\/\/www.molds-china.com\/da\/hvorfor-os\/","title":{"rendered":"Hvorfor os"},"content":{"rendered":"<h2>Vores fordele<\/h2>\n<ul>\n<li>For at g\u00f8re dine forme hurtige og spare tid har vi tilstr\u00e6kkelige maskiner til fremstilling af plastform, 20 s\u00e6t EDM-maskiner, to af dem med to hoveder, mere end 15 s\u00e6t CNC-maskiner, Dette vil aldrig s\u00e6tte dine forme til side for hvile, uanset hvor travlt vi har, du tror m\u00e5ske, at de stadig er mange virksomheder, der er s\u00e5 st\u00e6rkere os, sandt, men prisen, de er meget h\u00f8jere end os, fordi nogle af de fordele, de ikke har.<\/li>\n<\/ul>\n<ul>\n<li>For at reducere omkostningerne til fremstilling af skimmelsvamp og holde h\u00f8j kvalitet ejer vores ejer skimmelbasefirma i dag, vil prisen blive reduceret, da skimmelbasen vil blive udf\u00f8rt af os selv. Dette er ikke kun for at reducere formfremstillingsomkostningerne, men ogs\u00e5 flytte tid hurtigt end andre.<\/li>\n<\/ul>\n<ul>\n<li>En af vores projektledere her arbejdede i fem \u00e5r i en udenlandsk finansieret virksomhed, som ogs\u00e5 fremstiller plastforme. T\u00e6nkeevnerne vil v\u00e6re meget t\u00e6t p\u00e5 kunder fra USA eller Europa.<\/li>\n<\/ul>\n<h3><em><strong>Generelle arbejdsprocedurer, der ikke kun g\u00f8r dette, men ogs\u00e5 f\u00f8lger alle dine s\u00e6rlige krav.\u00a0<\/strong><\/em><\/h3>\n<p><strong>Tegning af v\u00e6rkt\u00f8j<\/strong><\/p>\n<ul>\n<li>F\u00f8r v\u00e6rkt\u00f8jstegningen p\u00e5begyndes, sender vi en DFM-rapport, der viser kunden den generelle v\u00e6rkt\u00f8jsstruktur, herunder skillelinje, tr\u00e6kvinkel, k\u00f8lelinjelayout, potentielle problemer osv.<\/li>\n<li>Lav formflow for at finde den bedste portposition til delen, efter at v\u00e6rkt\u00f8jstegningen er f\u00e6rdig, vil der blive lavet en \u00e6gte formflow-analyserapport, inklusive synkem\u00e6rke, krympning, hot spot, k\u00f8lestatus, estimeret cyklustid, warpage-problem alt sammen, dette vil blive henvist til i design og formspor.<\/li>\n<li>Hele 3D-v\u00e6rkt\u00f8jstegningen designes ved hj\u00e6lp af UG-software, hvilket sparer 2 eller 3 dage og optimerer v\u00e6rkt\u00f8jstegningen.<\/li>\n<li>Tjek v\u00e6rkt\u00f8jstegningen med tjeklisten og kundens specifikationer en efter en for at sikre, at alt er i orden.<\/li>\n<li>Projektlederen kontrollerer ogs\u00e5 v\u00e6rkt\u00f8jstegningen med en tjekliste, f\u00f8r den sendes til kunden. Ved hj\u00e6lp af flere kontroltrin minimeres problemerne med v\u00e6rkt\u00f8jstegningen.<\/li>\n<\/ul>\n<p><strong>Under formfremstilling - efter godkendt v\u00e6rkt\u00f8jstegning<\/strong><\/p>\n<ul>\n<li>Hvert st\u00e5l, der kommer tilbage fra outsourcing, vil blive kontrolleret en efter en, og hvis der findes et problem, skal man kontakte relaterede personer, indtil problemet er l\u00f8st, hvilket vil reducere fejl og tid til skimmelproduktion.<\/li>\n<li>N\u00e5r hvert EDM-job er udf\u00f8rt, flyttes sk\u00e6rene til kontrolafdelingen for at kontrollere, om vi mangler en elektrode, s\u00e5 du undg\u00e5r, at der mangler en funktion, n\u00e5r du tester v\u00e6rkt\u00f8jet.<\/li>\n<li>Registrer alle problemer, og rapporter til kunden med l\u00f8sninger.<\/li>\n<li>N\u00e5r al formtilpasning er udf\u00f8rt, kontrollerer vi f\u00f8lgende ting.<\/li>\n<\/ul>\n<ol>\n<li>K\u00f8lesystem,<\/li>\n<li>Kontroller formens monteringsstatus med maling.<\/li>\n<li>Tjek korrosionsbeskyttelse uden for formen<\/li>\n<li>Tjek, om udkastertapperne fungerer problemfrit<\/li>\n<\/ol>\n<p><strong>Procedurer for skimmelfors\u00f8g:<\/strong><\/p>\n<ul>\n<li>Indstil alt efter plastens egenskaber f\u00f8rst, smeltetemperatur, formtemperatur, sp\u00e6ndekraft (dette kan henvise til formflowet og kundernes maskindata) osv.<\/li>\n<li>Indstil indspr\u00f8jtningshastigheden trin for trin, g\u00f8r p\u00e5fyldningsstatus fra skud til 97% fuld for at kontrollere status for p\u00e5fyldningsbalance (holdetryk er 0).<\/li>\n<li>Brug h\u00f8j indspr\u00f8jtningshastighed til at kontrollere udluftningsproblemer, kontroller v\u00e6rkt\u00f8jet, hvis det k\u00f8rer automatisk, \u00f8g holdetrykket trin for trin, indtil du har gode pr\u00f8ver, registrer delv\u00e6gt, l\u00f8berv\u00e6gt.<\/li>\n<li>Kontroller, om der er et bredt vindue til spr\u00f8jtebehandling for at se, om det er let at st\u00f8be dele, og registrer parametre for st\u00f8befors\u00f8g.<\/li>\n<li>Optag delproblemer, skimmelproblemer, tag pr\u00f8vevideoer osv.<\/li>\n<\/ul>\n<p><strong>Efter fors\u00f8g med plastform (under justering af formen).<\/strong><\/p>\n<ul>\n<li>Send kundens delproblem, formproblemrapport, formfors\u00f8gsvideo, pr\u00f8ver, m\u00e5lerapport, formfors\u00f8gsparameter.<\/li>\n<li>Find en l\u00f8sning p\u00e5 problemer med forme og dele, og f\u00e5 godkendelse fra kunden til at l\u00f8se problemer, indtil problemet er helt l\u00f8st.<\/li>\n<\/ul>\n<p><strong>Form godkendt af kunden<\/strong><\/p>\n<ul>\n<li>Udf\u00f8r endelig formfors\u00f8g og k\u00f8r form 3 timer med eller uden plast for at verificere formfunktionen, efter 3 timers k\u00f8rsel og demontering af form for at kontrollere alle detaljer, hvis der er stramt sted, ethvert potentielt br\u00e6ndem\u00e6rke i formen, skal du kontrollere formen en efter en med tjekliste, hvis kunden har denne liste, f\u00f8lger vi kundelisten, ellers brug vores tjekliste.<\/li>\n<li>Spr\u00f8jt rustbestandigt fedt, mal formen udvendigt med gr\u00f8n maling efter oprydning af formen og pakning med film, og l\u00e6g den derefter i en kasse af behandlet tr\u00e6, og send formen ud med lufthavet.<\/li>\n<\/ul>\n<h3><strong>F\u00e5 et tilbud nu ved at\u00a0<a href=\"mailto:sales@hao-mold\">sales@hao-mold.com<\/a> til dine plastforme og -dele<\/strong><\/h3>","protected":false},"excerpt":{"rendered":"<p>Our Advantages To make your molds fast and save time we have sufficient machines for making plastic mold, 20 sets of EDM machines, two of them with two heads, more than 15 sets of CNC machines, This will never put your molds at side for rest no matter how busy we are, you may think [&hellip;]<\/p>","protected":false},"author":1,"featured_media":0,"parent":0,"menu_order":0,"comment_status":"closed","ping_status":"open","template":"","meta":{"_et_pb_use_builder":"","_et_pb_old_content":"","_et_gb_content_width":"","footnotes":""},"class_list":["post-963","page","type-page","status-publish","hentry"],"_links":{"self":[{"href":"https:\/\/www.molds-china.com\/da\/wp-json\/wp\/v2\/pages\/963","targetHints":{"allow":["GET"]}}],"collection":[{"href":"https:\/\/www.molds-china.com\/da\/wp-json\/wp\/v2\/pages"}],"about":[{"href":"https:\/\/www.molds-china.com\/da\/wp-json\/wp\/v2\/types\/page"}],"author":[{"embeddable":true,"href":"https:\/\/www.molds-china.com\/da\/wp-json\/wp\/v2\/users\/1"}],"replies":[{"embeddable":true,"href":"https:\/\/www.molds-china.com\/da\/wp-json\/wp\/v2\/comments?post=963"}],"version-history":[{"count":0,"href":"https:\/\/www.molds-china.com\/da\/wp-json\/wp\/v2\/pages\/963\/revisions"}],"wp:attachment":[{"href":"https:\/\/www.molds-china.com\/da\/wp-json\/wp\/v2\/media?parent=963"}],"curies":[{"name":"wp","href":"https:\/\/api.w.org\/{rel}","templated":true}]}}