{"id":231,"date":"2014-08-04T21:47:46","date_gmt":"2014-08-04T13:47:46","guid":{"rendered":"http:\/\/hyx-mold.com\/?page_id=231"},"modified":"2016-06-06T17:20:45","modified_gmt":"2016-06-06T09:20:45","slug":"qualitat","status":"publish","type":"page","link":"https:\/\/www.molds-china.com\/de\/qualitat\/","title":{"rendered":"Qualit\u00e4t"},"content":{"rendered":"<p><b>Qualit\u00e4t:<\/b><\/p>\n<p>Gutes tun <a title=\"Plastikform\" href=\"http:\/\/www.plasticmoldco.com\" target=\"_blank\" rel=\"noopener\"><em><strong>Plastikform<\/strong> <\/em><\/a>und erf\u00fcllen unsere cusotmers erforderlich haben wir strenge Qualit\u00e4tskontrolle Verfahren, auch dachte, noch nicht perfekt, aber wir lernen von unseren cusotmers Feedback und verbessern sie von Zeit zu Zeit, unsere cusotmer wird zufrieden sein, indem sie diese Qualit\u00e4tskontrolle Systeme.<\/p>\n<p>Allgemeine Schritte einschlie\u00dflich der folgenden.<\/p>\n<p>\u00dcberpr\u00fcfung der Werkzeugzeichnung vor dem Versand an den Kunden<\/p>\n<p>Rechtzeitige Aktualisierung der Version der Werkzeugzeichnung, damit der Kunde beim Versand des Dokuments mit der Form die neueste Version hat<\/p>\n<p>Entwurfsvalidierung und -verifizierung<img loading=\"lazy\" decoding=\"async\" class=\"alignright  wp-image-1057\" src=\"https:\/\/www.molds-china.com\/wp-content\/uploads\/2016\/06\/P3120350-300x225.jpg\" alt=\"\" width=\"380\" height=\"285\" title=\"\" srcset=\"https:\/\/www.molds-china.com\/wp-content\/uploads\/2016\/06\/P3120350-300x225.jpg 300w, https:\/\/www.molds-china.com\/wp-content\/uploads\/2016\/06\/P3120350.jpg 640w\" sizes=\"(max-width: 380px) 100vw, 380px\" \/><\/p>\n<p>Eingangskontrolle f\u00fcr das gesamte Reihenmaterial<\/p>\n<p>Erste Schimmelpilzpr\u00fcfung Inspektion<\/p>\n<p>\u00dcberpr\u00fcfung der Ma\u00dfanpassung vor dem n\u00e4chsten Formtest<\/p>\n<p>Koordinatenmessmaschine (CMM)<\/p>\n<p>Projektor Maschine<\/p>","protected":false},"excerpt":{"rendered":"<p>Quality: To make good plastic mold and meet our cusotmers required we have tight quality control procedures, even thought still not perfection but we are learning from our cusotmers feed back\u00a0 and improve it from time to time, our cusotmer will be satisfied by doing those quality control systems. General steps including below. Tool drawing [&hellip;]<\/p>","protected":false},"author":1,"featured_media":0,"parent":0,"menu_order":0,"comment_status":"open","ping_status":"open","template":"","meta":{"_et_pb_use_builder":"","_et_pb_old_content":"","_et_gb_content_width":"","footnotes":""},"class_list":["post-231","page","type-page","status-publish","hentry"],"_links":{"self":[{"href":"https:\/\/www.molds-china.com\/de\/wp-json\/wp\/v2\/pages\/231","targetHints":{"allow":["GET"]}}],"collection":[{"href":"https:\/\/www.molds-china.com\/de\/wp-json\/wp\/v2\/pages"}],"about":[{"href":"https:\/\/www.molds-china.com\/de\/wp-json\/wp\/v2\/types\/page"}],"author":[{"embeddable":true,"href":"https:\/\/www.molds-china.com\/de\/wp-json\/wp\/v2\/users\/1"}],"replies":[{"embeddable":true,"href":"https:\/\/www.molds-china.com\/de\/wp-json\/wp\/v2\/comments?post=231"}],"version-history":[{"count":0,"href":"https:\/\/www.molds-china.com\/de\/wp-json\/wp\/v2\/pages\/231\/revisions"}],"wp:attachment":[{"href":"https:\/\/www.molds-china.com\/de\/wp-json\/wp\/v2\/media?parent=231"}],"curies":[{"name":"wp","href":"https:\/\/api.w.org\/{rel}","templated":true}]}}