{"id":4,"date":"2014-08-02T17:16:35","date_gmt":"2014-08-02T09:16:35","guid":{"rendered":"http:\/\/hyx-mold.com\/?page_id=4"},"modified":"2022-03-06T16:06:39","modified_gmt":"2022-03-06T08:06:39","slug":"home","status":"publish","type":"page","link":"https:\/\/www.molds-china.com\/de\/","title":{"rendered":"Startseite"},"content":{"rendered":"<h1 class=\"wp-block-heading\"><strong>Formhersteller in China<\/strong>&#8211;<strong>Kundenspezifisches Spritzgie\u00dfen<\/strong><\/h1>\n\n\n\n<p>Auswahl von <strong>Formhersteller in China<\/strong> um den Markt f\u00fcr Ihr Unternehmen zu vergr\u00f6\u00dfern, ist die beste Option.<\/p>\n\n\n\n<p>Kunststoffspritzgussformen sind f\u00fcr die Herstellung von Spritzgussteilen, die in einigen Unternehmen auf der ganzen Welt verwendet werden, unerl\u00e4sslich. Gesch\u00e4ftsleute verlassen sich auf diese f\u00fcr ihre t\u00e4gliche Produktion von Kunststoffprodukten wie Kistenformen, Kunststoffformen f\u00fcr den Haushalt, Verpackungsformen, Formen f\u00fcr Haushaltsger\u00e4te, Formen f\u00fcr die Automobilindustrie und \u00e4hnliches.<\/p>\n\n\n\n<p>Kunststoffwaren sind weltweit verbreitet, und die Menschen nutzen sie gerne. Es gibt mehrere <strong>Formenbauer<\/strong> mit denen man in den meisten Regionen der Welt, einschlie\u00dflich China, in Kontakt kommen kann. Sie k\u00f6nnen die Website durchsuchen und finden eine Menge von ihnen auf verschiedenen <strong>China Hersteller von Kunststoffspritzgussformen<\/strong> bei Google<\/p>\n\n\n\n<div class=\"wp-block-image\"><figure class=\"alignleft is-resized\"><img loading=\"lazy\" decoding=\"async\" src=\"https:\/\/www.molds-china.com\/wp-content\/uploads\/2019\/08\/China-Mold-Company.jpg\" alt=\"China Mold Unternehmen\" class=\"wp-image-22489\" width=\"283\" height=\"167\" title=\"\" srcset=\"https:\/\/www.molds-china.com\/wp-content\/uploads\/2019\/08\/China-Mold-Company.jpg 424w, https:\/\/www.molds-china.com\/wp-content\/uploads\/2019\/08\/China-Mold-Company-300x177.jpg 300w\" sizes=\"(max-width: 283px) 100vw, 283px\" \/><figcaption>China Mold Unternehmen<\/figcaption><\/figure><\/div>\n\n\n\n<p>China ist eine der gr\u00f6\u00dften Volkswirtschaften der Welt. Das Bruttosozialprodukt (BSP) des Landes lag 2018 bei 10.088 pro Kopf (nominal) ($). Wenn Sie ein neues Projekt beginnen, bei dem es um kundenspezifische <a href=\"https:\/\/www.molds-china.com\/de\/kunststoffspritzgussform\/\" target=\"_blank\" rel=\"noreferrer noopener\"><strong><em>Kunststoff-Spritzgussform<\/em><\/strong><\/a> oder kundenspezifischen Formteilen k\u00f6nnen Sie sich heute an die weltweit f\u00fchrende Wirtschaft wenden, und das bedeutet <strong>China Gussform. <\/strong>An zweiter Stelle stehen die Vereinigten Staaten von Amerika.<\/p>\n\n\n\n<p>Gro\u00dfe Gesch\u00e4ftsleute beginnen mit der Suche nach guten <strong>spritzguss-unternehmen china<\/strong> f\u00fcr ihre Formprodukte. Es gibt Vor- und Nachteile bei der Gr\u00fcndung eines Unternehmens, und Sie m\u00fcssen sicherstellen, dass alles in der richtigen Reihenfolge ist, damit Ihr Unternehmen funktioniert. Einer davon ist die Auswahl der richtigen Produkte und der richtigen <strong>China Formenbau Unternehmen<\/strong> als Lieferant.<\/p>\n\n\n\n<p>Stellen Sie sich vor, wie schwierig es ist, ein Unternehmen zu gr\u00fcnden, und wie frustrierend es manchmal sein kann, in einem Meer von M\u00f6glichkeiten den richtigen chinesischen Hersteller f\u00fcr kundenspezifische Kunststoffspritzgussteile zu finden. Sie k\u00f6nnen Ihre Suche eingrenzen und viel Spa\u00df haben.<\/p>\n\n\n\n<p>Die Gr\u00fcndung eines Unternehmens sollte reibungslos verlaufen und gleichzeitig Spa\u00df machen. Sie k\u00f6nnen sich Zeit nehmen, um das Beste f\u00fcr Ihr Unternehmen auszuw\u00e4hlen, und sich sp\u00e4ter an seinem fruchtbaren Ergebnis erfreuen.<\/p>\n\n\n\n<h2 class=\"wp-block-heading\">China Hersteller von Kunststoffspritzgussformen<\/h2>\n\n\n\n<p>Werfen wir nun einen Blick auf die Weite Chinas.<\/p>\n\n\n\n<p>China ist nicht nur eine der gr\u00f6\u00dften Produktionskapazit\u00e4ten der Welt, sondern auch eines der gr\u00f6\u00dften L\u00e4nder. Es ist das zweitgr\u00f6\u00dfte Land in Asien und hatte 2016 eine Bev\u00f6lkerung von 1,379 Milliarden Menschen. Es gibt viele <strong><em>Formenbauer in China<\/em><\/strong> wie Sie im Internet sehen k\u00f6nnen.<\/p>\n\n\n\n<p>Einige von ihnen haben gute Bewertungen und sind seit Jahren etabliert, und einige von ihnen haben gerade erst angefangen und verf\u00fcgen nicht \u00fcber ausreichende F\u00e4higkeiten, um mit den gr\u00f6\u00dften Marketingstrategien der Welt zu konkurrieren. Wie finden Sie also einen guten <strong>China Fabrik f\u00fcr Kunststoffformen<\/strong>? Hier sind einige Vorschl\u00e4ge, die Ihnen helfen k\u00f6nnen, geeignete Partner zu finden und <strong>China Hersteller von Kunststoffspritzgussformen<\/strong>.<\/p>\n\n\n\n<h3 class=\"wp-block-heading\"><strong>Wie man einen guten Spritzgussformenbauer in China findet<\/strong>?<\/h3>\n\n\n\n<p>Zuallererst m\u00fcssen Sie die Verf\u00fcgbarkeit der <strong>China Hersteller von Spritzgussformen<\/strong>. Reagiert er\/sie sofort, wenn Sie ihn\/sie wegen einer Anfrage kontaktieren?<\/p>\n\n\n\n<p>Wenn Sie zum Beispiel mehr \u00fcber die Produkte und die Kostenvoranschl\u00e4ge f\u00fcr die Dinge, die Sie kaufen m\u00f6chten, wissen m\u00f6chten, sind sie immer bereit, Sie anzurufen oder Ihnen eine schnelle Antwort per E-Mail zu geben?<\/p>\n\n\n\n<p>Daher sollte der erste Vorschlag lauten, sich nach einem <strong>China Spritzgussform Hersteller<\/strong> der immer zur Verf\u00fcgung steht, kundenorientiert ist und immer bereit ist, Ihnen bei Ihren Entscheidungen zu helfen, da Sie wissen, dass Sie mit einem <em>Chinesisches Unternehmen f\u00fcr Kunststoffverarbeitung<\/em> aus Tausenden von Kilometern Entfernung von Ihrem Land, ist eine schnelle Reaktion sehr hilfreich, um die Arbeit rechtzeitig zu aktualisieren.<\/p>\n\n\n\n<p>Der zweite Vorschlag ist, dass Sie einen chinesischen Hersteller von Kunststoff-Spritzgussteilen suchen, der eine gro\u00dfe Auswahl an qualitativ hochwertigen Spritzgussformen und -produkten zu einem angemessenen Preis anbietet. Achten Sie auch darauf, ob die angebotenen Produkte den Anforderungen Ihres angehenden Unternehmens entsprechen.<\/p>\n\n\n\n<p>Der dritte Vorschlag besteht darin, daf\u00fcr zu sorgen, dass die Ger\u00e4te, die zur Verarbeitung dieser <strong>Einspritzung<\/strong> <strong>Plastikformen <\/strong>sind auf dem neuesten Stand der Technik, um langlebige und dauerhafte Ergebnisse zu produzieren, nie nur den Preis zu sehen, ist der Preis zu niedrig, dann die Formen, die Sie haben m\u00f6glicherweise nicht in der Lage, gut laufen, wenn Sie die <strong>China Spritzgussform<\/strong> zur\u00fcck zu Ihrer Fabrik, wie Sie wissen, egal wie niedrig ihr Preis ist, sie brauchen immer noch Gewinne, angemessenen Preis, gute Qualit\u00e4t und guten Service sind immer die beste Wahl f\u00fcr Sie, halten Sie diesen Punkt im Auge kann Sicherheitsg\u00fcrtel w\u00e4hrend Ihrer Gesch\u00e4ftsreise.<\/p>\n\n\n\n<div class=\"wp-block-image\"><figure class=\"alignright size-large\"><a href=\"https:\/\/www.molds-china.com\/wp-content\/uploads\/2021\/05\/Injection-molding-china.jpg\"><img loading=\"lazy\" decoding=\"async\" width=\"400\" height=\"300\" src=\"https:\/\/www.molds-china.com\/wp-content\/uploads\/2021\/05\/Injection-molding-china.jpg\" alt=\"Spritzgie\u00dfen China\" class=\"wp-image-22622\" title=\"\" srcset=\"https:\/\/www.molds-china.com\/wp-content\/uploads\/2021\/05\/Injection-molding-china.jpg 400w, https:\/\/www.molds-china.com\/wp-content\/uploads\/2021\/05\/Injection-molding-china-300x225.jpg 300w\" sizes=\"(max-width: 400px) 100vw, 400px\" \/><\/a><figcaption>Spritzgie\u00dfen China<\/figcaption><\/figure><\/div>\n\n\n\n<p>Abschlie\u00dfend sollten Sie einen Blick auf die <strong>China Spritzgussformhersteller<\/strong> in der Szene, um einen Blick benutzerdefinierte Kunststoff-Formen, die sie getan haben, bevor und derzeit, das wird ein einfacher Weg, um ihre Qualit\u00e4t und die Kapazit\u00e4t, wenn kann Ihre Anforderung zu \u00fcberpr\u00fcfen. Wenn Sie mit allem zufrieden sind, dann k\u00f6nnen Sie die eine als Ihre <strong>China Spritzgussform<\/strong> und Lieferant von Gussteilen.<\/p>\n\n\n\n<p>Zur Auswahl geeigneter <strong>China Hersteller von Kunststoffspritzgussformen<\/strong> ist nicht einfach, wenn man das Richtige finden will <strong>kunststoffspritzguss china<\/strong> Unternehmen wird noch schwieriger als die Suche nach einer lokalen Form Lieferanten &amp; Kunststoff-Teile-Hersteller, weil die Kommunikation ist ein grundlegendes Problem, zu finden, ein Englisch sprechen ist nicht so schwer, aber finden Sie die Experten technischen Hintergrund mit guten Englischkenntnisse, das ist nicht leicht zu finden.<\/p>\n\n\n\n<p>Stellen Sie Ihre hochwertigen Spritzgussformen oder Spritzgussprodukte her, dann m\u00fcssen Sie A <strong>China Fabrik f\u00fcr Kunststoffformen<\/strong> Wer ist professionell auf beiden Kommunikation und Technik, nur gutes Englisch, aber schlechte technische wird schwer zu kommunizieren, oder sogar auf die falsche Seite zu gehen, wenn Sie Ihr Gesch\u00e4ft erfolgreich mit einem chinesischen Unternehmen Gie\u00dfen machen wollen, werden diese Punkte eine Sicherheit f\u00fcr den Erfolg Ihres Projekts sein, m\u00fcssen Sie sehr sorgf\u00e4ltig f\u00fcr eine chinesische Kunststoff-Spritzgussform \/ Gie\u00dfen Hersteller ausgew\u00e4hlt, wenn Sie den richtigen Partner zu finden, ist jede harte Arbeit lohnt sich.<\/p>\n\n\n\n<p>Wenn Sie auf der Suche nach <strong>Formhersteller in China<\/strong>? Wir sind eine Ihrer besten Optionen f\u00fcr Ihre Referenz; Sie k\u00f6nnten uns in Ihre Datenbank aufnehmen und sp\u00e4ter analysieren, unsere Verk\u00e4ufe haben mehr als 6 Jahre technische F\u00e4higkeiten, sie arbeiteten von Formenbauer, Formenbau, Projektmanagement und Vertrieb, so dass unsere Vertriebsmitarbeiter qualifiziert sind, um Ihr Gesch\u00e4ft schnell und reibungslos zum Erfolg zu bringen. Sie k\u00f6nnten uns per E-Mail kontaktieren.<\/p>\n\n\n\n<h3 class=\"wp-block-heading\"><strong>Die Zusammenarbeit mit uns bietet Ihnen einige Vorteile, die Sie nutzen k\u00f6nnen<\/strong><\/h3>\n\n\n\n<ul class=\"wp-block-list\"><li>Die Produkte sind sehr erschwinglich, die Kundenzufriedenheit ist garantiert, jedes Problem wird von unserem Expertenteam vollst\u00e4ndig gel\u00f6st.<\/li><li>Flie\u00dfende Kommunikation in Englisch mit 18 Jahren technischer Erfahrung im Formenbau und in der Produktion von Gussteilen.<\/li><li>Alles aus einer Hand: Entwurf von Teilen, Entwurf von Formen, Formenbau, Massenproduktion, Lackierung, Siebdruck, Beschichtung, Montage und Versand direkt zu Ihnen.<\/li><li>Schnelle Vorlaufzeit, 15 Tage f\u00fcr Kleinteile.<\/li><li>So kosteng\u00fcnstig wie <strong>$ 650<\/strong> f\u00fcr <strong>kundenspezifischer Formenbau<\/strong> um Ihre Anfangsinvestition zu sparen.<\/li><\/ul>\n\n\n\n<p>Willkommen, um uns zu testen und rufen Sie uns an, um zu sprechen, k\u00f6nnen wir Ihr bester Partner in der benutzerdefinierten Kunststoff-Form-und Kunststoff-Spritzguss-Service.<\/p>\n\n\n\n<h3 class=\"wp-block-heading\"><strong>Wie man mit einem chinesischen Hersteller von Kunststoffspritzgussformen zusammenarbeitet<\/strong>?<\/h3>\n\n\n\n<p>Wenn Sie den zweiten Schritt beendet haben, m\u00fcssen Sie sich f\u00fcr diejenige entscheiden, die funktionieren wird, um eine harmonische Beziehung mit einer neuen Person zu beginnen.<strong> China Hersteller von Kunststoffspritzgussteilen<\/strong>. Das erste, was zu beachten ist, sind die Zahlungsbedingungen. Wenn Sie p\u00fcnktlich und wie vereinbart zahlen, l\u00e4uft das Gesch\u00e4ft reibungslos und problemlos.<\/p>\n\n\n\n<p>Es sollte einen Vertrag geben, in dem die Zahlungsbedingungen, Ihre Verantwortlichkeiten und die Verantwortlichkeiten des Lieferanten festgelegt sind. Das ist wie ein Treffen mit Ihren Lieferanten auf halbem Weg. Beachten Sie auch, dass Ihre Lieferanten in der Regel auch noch andere Kunden haben, so dass es vorkommen kann, dass einige Dinge nicht sofort erledigt werden.<\/p>\n\n\n\n<p>Zweitens, um sicherzustellen, dass Ihre <strong>Kunststoffformenbau<\/strong> auf dem Programm steht, um Ihre <em>China-Schimmel <\/em>Lieferanten, um die Zeitplanung f\u00fcr die Herstellung von Formen und den Zeitplan f\u00fcr die Erprobung von Formen zu erstellen. Bitten Sie sie, Ihnen w\u00f6chentlich einen Bericht mit Bildern aus der Produktion zu schicken, um den Zeitplan sicher einzuhalten. <strong>Formenbau<\/strong> Bilder, da man sie nicht jeden Tag im Auge behalten kann, weil man Tausende von Kilometern weit weg ist.<\/p>\n\n\n\n<p>Erfahren Sie mehr \u00fcber den Marktplatz und koordinieren Sie mit der <strong>China Fabrik f\u00fcr Kunststoffformen<\/strong>wenn Sie Fragen und Unklarheiten zu ihren Produkten oder Dienstleistungen haben. Dies sind einige der M\u00f6glichkeiten, um ein besseres Verst\u00e4ndnis zu gew\u00e4hrleisten und Ihre Arbeitsbeziehung reibungslos und erfolgreich zu gestalten.<\/p>\n\n\n\n<p>Wir sind bereit, \u00fcber die Beantwortung Ihrer Anfrage zu h\u00f6ren, kontaktieren Sie uns jetzt per E-Mail <a href=\"mailto:sales@molds-china.com\" rel=\"noreferrer noopener\" target=\"_blank\">sales@molds-china.com<\/a><\/p>\n\n\n\n<div class=\"wp-block-image\"><figure class=\"alignleft size-large\"><a href=\"https:\/\/www.molds-china.com\/wp-content\/uploads\/2021\/05\/mold-manufacturer-China.jpg\"><img loading=\"lazy\" decoding=\"async\" width=\"400\" height=\"300\" src=\"https:\/\/www.molds-china.com\/wp-content\/uploads\/2021\/05\/mold-manufacturer-China.jpg\" alt=\"Hersteller von Formen in China\" class=\"wp-image-22623\" title=\"\" srcset=\"https:\/\/www.molds-china.com\/wp-content\/uploads\/2021\/05\/mold-manufacturer-China.jpg 400w, https:\/\/www.molds-china.com\/wp-content\/uploads\/2021\/05\/mold-manufacturer-China-300x225.jpg 300w\" sizes=\"(max-width: 400px) 100vw, 400px\" \/><\/a><figcaption>Hersteller von Formen in China<\/figcaption><\/figure><\/div>\n\n\n\n<h3 class=\"wp-block-heading\">Wir bieten Ihnen hohe Qualit\u00e4t mit wettbewerbsf\u00e4higem Preis f\u00fcr benutzerdefinierte Kunststoff-Spritzgussform &amp; Molding<\/h3>\n\n\n\n<p>Die Verbraucher zweifeln daran, die modernsten Spritzgussformen zu bekommen. Diese sind erforderlich, um ihre Projektspezifikationen zu erf\u00fcllen.<\/p>\n\n\n\n<p>Dongguan Olayer Technology Co.ltd (HAO YUAN XING Mold Co., Ltd wurde der Name Sincere Oct, 2020 ge\u00e4ndert) ist bei der Erf\u00fcllung der anspruchsvollsten Spezifikationen des Projekts von Kunden vertraut. Die Olayer <strong>China Spritzgussform Fabrik<\/strong> bietet au\u00dferdem einen qualitativ hochwertigen Kundendienst zu einem wettbewerbsf\u00e4higen und erschwinglichen Preis.<\/p>\n\n\n\n<p><strong>Die Vorteile, die sich aus der Inanspruchnahme des Unternehmens ergeben, sind die folgenden:<\/strong><\/p>\n\n\n\n<ul class=\"wp-block-list\"><li>Die Qualit\u00e4ten unserer Kunststoffformen\/Gussteile sind sehr erschwinglich und effektiv in der Marketingindustrie.<\/li><li>Das unvergleichliche Fachwissen der Mitarbeiter garantiert den Kunden volle Zufriedenheit.<\/li><li>Die meisten Sorgen werden dem Personal abgenommen, da die Auftr\u00e4ge in k\u00fcrzester Zeit erledigt werden.<\/li><li>Die speziellen Anforderungen der Kunden werden in den einzelnen Fertigungsstufen erf\u00fcllt.<\/li><li>Das fortschrittlichste Kunststoffformverfahren wird weiter vorgestellt. Das Teiledesign wird zun\u00e4chst mittels DFM-Bericht analysiert.<\/li><li>Die Form wird 100% sein und die Qualit\u00e4tsanforderungen des Kunden erf\u00fcllen.<\/li><li>Alle Kosten f\u00fcr neue Spritzgussformen, \u00c4nderungen werden angemessen sein. V\u00f6llig Denken auf der Seite des Kunden.<\/li><li>ISO9001-Zertifikat, wenn bestanden.<\/li><\/ul>\n\n\n\n<h4 class=\"wp-block-heading\">Vorteile unserer Dienstleistungen im Bereich Kunststoffspritzguss\/Gie\u00dfen.<\/h4>\n\n\n\n<ul class=\"wp-block-list\"><li>Die Mitarbeiter waren gut geschult, um f\u00fcr das Projekt die beste Qualit\u00e4t zu liefern.<\/li><li>Der Ingenieur f\u00fcr Spritzgusswerkzeuge, der Konstrukteur, der Versand- und der Prozessmanager f\u00fcr den Formenbau kombinieren ihre F\u00e4higkeiten, um die garantierte Zufriedenheit der Kunden zu erreichen.<\/li><li>Das Unternehmen erf\u00fcllt die Anforderungen der Kunden, z.B. bei der Optimierung von Formen und der Einsparung von Zeit und Kosten vor der Massenproduktion.<\/li><li>Die effektiven Managementtechniken werden f\u00fcr die erfolgreichen Projekte der Kunden eingesetzt<\/li><li>Die Formen werden analysiert und verbessert, um die Spezifikationen und Anforderungen der Kunden zu erf\u00fcllen, 100% Garantie.<\/li><li>Die Probleme werden klassifiziert, damit die L\u00f6sung pr\u00e4sentiert werden kann.<\/li><li>In bestimmten Fragen wird die beste L\u00f6sung vorgeschlagen, um die Formkosten und die massiven Produktionskosten zu senken.<\/li><\/ul>\n\n\n\n<p>Olayer genie\u00dft das Vertrauen einer Organisation, die ihre Produktionsstandards aufrechterh\u00e4lt. Es stellt sein effektives System vor, das Teil eines Konzepts von Entwurf, Verarbeitung und Versand ist!<\/p>\n\n\n\n<p>Kontaktieren Sie uns oder senden Sie eine E-Mail an <a href=\"mailto:sales@molds-china.com\" rel=\"noreferrer noopener\" target=\"_blank\">sales@molds-china.com<\/a> einen Kostenvoranschlag f\u00fcr Ihren Bedarf zu erhalten <strong>Kundenspezifische Kunststoffformen und kundenspezifischer Spritzgussservice<\/strong><\/p>\n\n\n\n<p>Wenn Sie auf der Suche nach einem <strong>Formhersteller in China<\/strong> dann sind Sie bei uns genau richtig. Unser Unternehmen ist ein Profi <a href=\"https:\/\/www.molds-china.com\/de\/\" target=\"_blank\" rel=\"noreferrer noopener\"><strong>China Formenhersteller<\/strong><\/a> die Herstellung von qualitativ hochwertigen, entwickelten Spritzgussformen und Formteilen zu einem g\u00fcnstigen Preis.<\/p>\n\n\n\n<p>Mit mehr als 16 Jahren Erfahrung in dieser Region stellen wir Formen f\u00fcr die Automobilindustrie, Haushaltsger\u00e4te usw. her. Wir sind Ihr geeigneter <strong>China Formenbau Unternehmen<\/strong> Wir bieten Ihnen den besten Preis f\u00fcr qualitativ hochwertige Spritzgussformen und Kunststoffspritzgussdienstleistungen in der Region (im Vergleich zu anderen Anbietern von Formen gleicher Qualit\u00e4t). Wir liefern<em> Formen und Spritzgussteile aus Kunststoff <\/em>f\u00fcr Unternehmen weltweit.<\/p>\n\n\n\n<p>Ist Ihr Projekt bereit f\u00fcr die Herstellung von Kunststoff-Spritzgussformen und Formteilen? Kontaktieren Sie uns jetzt, um ein Angebot innerhalb von 24 Stunden zu erhalten.<\/p>","protected":false},"excerpt":{"rendered":"<p>Mold Manufacturers In China&#8211;Custom Injection Molding Choosing mold manufacturers in China to increase your business market will be the best option. Plastic Injection molds are essential in producing injection moulded parts used for some businesses around the world. Businessmen are relying on these for their day to day production of plastics products such as crate [&hellip;]<\/p>","protected":false},"author":1,"featured_media":0,"parent":0,"menu_order":0,"comment_status":"open","ping_status":"open","template":"","meta":{"_et_pb_use_builder":"","_et_pb_old_content":"","_et_gb_content_width":"","footnotes":""},"class_list":["post-4","page","type-page","status-publish","hentry"],"_links":{"self":[{"href":"https:\/\/www.molds-china.com\/de\/wp-json\/wp\/v2\/pages\/4","targetHints":{"allow":["GET"]}}],"collection":[{"href":"https:\/\/www.molds-china.com\/de\/wp-json\/wp\/v2\/pages"}],"about":[{"href":"https:\/\/www.molds-china.com\/de\/wp-json\/wp\/v2\/types\/page"}],"author":[{"embeddable":true,"href":"https:\/\/www.molds-china.com\/de\/wp-json\/wp\/v2\/users\/1"}],"replies":[{"embeddable":true,"href":"https:\/\/www.molds-china.com\/de\/wp-json\/wp\/v2\/comments?post=4"}],"version-history":[{"count":0,"href":"https:\/\/www.molds-china.com\/de\/wp-json\/wp\/v2\/pages\/4\/revisions"}],"wp:attachment":[{"href":"https:\/\/www.molds-china.com\/de\/wp-json\/wp\/v2\/media?parent=4"}],"curies":[{"name":"wp","href":"https:\/\/api.w.org\/{rel}","templated":true}]}}