{"id":50,"date":"2014-08-03T17:49:44","date_gmt":"2014-08-03T09:49:44","guid":{"rendered":"http:\/\/hyx-mold.com\/?page_id=50"},"modified":"2019-10-22T13:50:39","modified_gmt":"2019-10-22T05:50:39","slug":"plastikform","status":"publish","type":"page","link":"https:\/\/www.molds-china.com\/de\/plastikform\/","title":{"rendered":"Plastikform"},"content":{"rendered":"<h1>Wir bieten hochwertige&nbsp;<strong>Kunststoffformenbauer<\/strong> mit einem wettbewerbsf\u00e4higen Preis<\/h1>\n<p>Sie suchen einen zuverl\u00e4ssigen <strong><a href=\"https:\/\/www.molds-china.com\/de\/\">Unternehmen f\u00fcr Kunststoffformen und -gie\u00dfen<\/a><\/strong> aus China, der innovative L\u00f6sungen f\u00fcr unternehmensbezogene Formen anbietet? Wir sind ein Pionier bei der Bereitstellung von L\u00f6sungen in der <span style=\"color: #000000;\"><em><a title=\"Plastikformen\" href=\"https:\/\/www.molds-china.com\/de\/plastikform\/\"><span style=\"color: #000000;\">Plastikformen<\/span><\/a><\/em><\/span> Industrie, und wir stellen Spritzgussformen her, die in verschiedenen <span style=\"color: #000000;\"><span style=\"color: #000000;\"><a href=\"https:\/\/www.molds-china.com\/de\/\"><strong>Automobilform<\/strong><\/a>, Haushaltsger\u00e4te Schimmelpilze&nbsp;<\/span><\/span>usw.<\/p>\n<p>Wir sind seit mehreren Jahren in dieser Branche t\u00e4tig und haben dank unserer systematischen Planung, Forschung und der Investitionen, die wir get\u00e4tigt haben, um den Zeit- und Kostenaufwand f\u00fcr die Herstellung von Spritzgussformen zu senken, eine Reihe hocheffizienter Bewertungen erhalten. All unsere harte Arbeit hat sich ausgezahlt, und wir konnten viele namhafte internationale Unternehmen in unsere Kundenliste aufnehmen. Die Beziehungen, die wir zu diesen Unternehmen aufgebaut haben, haben dazu beigetragen, dass wir in dieser Branche f\u00fchrend sind; unsere Kunden profitieren von der hervorragenden Qualit\u00e4t, dem Preis und den Dienstleistungen.<\/p>\n<p>Der Hauptgrund daf\u00fcr, dass wir diese beeindruckende Kundenliste aufbauen konnten, sind unsere hochqualifizierten Mitarbeiter und die Spitzentechnologie, die wir bei der Herstellung unserer Formen einsetzen. Diese Art von Technologien wurden mit gro\u00dfem Erfolg eingesetzt und haben ma\u00dfgeblich zur Standardisierung der Spritzgussformindustrie beigetragen.<\/p>\n<p>Wir bieten unseren Kunden wettbewerbsf\u00e4hige Preise, gute Qualit\u00e4t und Service; dies spart nicht nur Kosten f\u00fcr unsere Kunden, sondern l\u00e4sst unsere Kunden auch wettbewerbsf\u00e4higer als ihre Konkurrenten werden und einfach mehr Projekte zu gewinnen.dies ist alles das Ziel, das wir zusammen mit unseren Kunden anstreben.<\/p>\n<p>Wir sind Experten f\u00fcr <strong>Kundenspezifische Formen\/Gussformen, <span style=\"color: #000000;\"><a title=\"Formen f\u00fcr Haushaltsger\u00e4te\" href=\"http:\/\/www.hyx-mold.com\/\" target=\"_blank\" rel=\"noopener\"><span style=\"color: #000000;\"><em>Haushaltsger\u00e4te-Schimmel<\/em><\/span><\/a><\/span>Elektronische Teile, digitale Formen, 2K-Formen\/Gussformen, \u00dcberformen\/Gussformen<\/strong><\/p>\n<div id=\"attachment_931\" style=\"width: 310px\" class=\"wp-caption alignright\"><a href=\"https:\/\/www.molds-china.com\/de\/\"><img loading=\"lazy\" decoding=\"async\" aria-describedby=\"caption-attachment-931\" class=\"wp-image-931 size-medium\" src=\"https:\/\/www.molds-china.com\/wp-content\/uploads\/2014\/08\/IMG_1242-300x140.jpg\" alt=\"Plastikform\" width=\"300\" height=\"140\" title=\"\" srcset=\"https:\/\/www.molds-china.com\/wp-content\/uploads\/2014\/08\/IMG_1242-300x140.jpg 300w, https:\/\/www.molds-china.com\/wp-content\/uploads\/2014\/08\/IMG_1242-1024x478.jpg 1024w, https:\/\/www.molds-china.com\/wp-content\/uploads\/2014\/08\/IMG_1242.jpg 1027w\" sizes=\"(max-width: 300px) 100vw, 300px\" \/><\/a><p id=\"caption-attachment-931\" class=\"wp-caption-text\"><a title=\"Plastikform\" href=\"https:\/\/www.molds-china.com\/de\/plastikform\/\">Plastikform<\/a><\/p><\/div>\n<p>Wir haben eine gro\u00dfe Erfahrung in der Herstellung von <a href=\"https:\/\/www.molds-china.com\/de\/plastikform\/\"><em><strong>Plastikform<\/strong><\/em><\/a> seit wir vor 15 Jahren unseren Formenbau er\u00f6ffnet haben. Wenn es um Haushaltsger\u00e4te geht, sind wir unseren Mitbewerbern allein durch unser Fachwissen weit voraus. Seit 2005 haben wir begonnen, Formen f\u00fcr Haushaltsger\u00e4te herzustellen. <strong>Automobilformen<\/strong>Mit mehr als 10 Jahren Erfahrung mit unseren ausgezeichneten Verfahren und reiche Erfahrungen, werden wir Experte in diesem Bereich, nat\u00fcrlich haben wir mehrere andere Formen, die wir nicht durch diese kurze Erl\u00e4uterung zeigen. \u00dcberpr\u00fcfen Sie unsere Website werden Sie sehen, es gibt einige Formteile, wir sind willkommen, wenn Sie Ihre Schritte hier fallen lassen k\u00f6nnen, um einen Blick auf unsere Fabrik zu nehmen.<\/p>","protected":false},"excerpt":{"rendered":"<p>We offer high-quality&nbsp;plastic mold maker with a competitive price Are you looking for a dependable plastic mold and molding company from China that provides innovative solutions for business-related molds? We are a pioneer in providing solutions in the plastic molds industry, and we make injection molds that range in automotive mold, home appliances molds&nbsp;etc. We [&hellip;]<\/p>","protected":false},"author":1,"featured_media":0,"parent":0,"menu_order":0,"comment_status":"open","ping_status":"open","template":"","meta":{"_et_pb_use_builder":"","_et_pb_old_content":"","_et_gb_content_width":"","footnotes":""},"class_list":["post-50","page","type-page","status-publish","hentry"],"_links":{"self":[{"href":"https:\/\/www.molds-china.com\/de\/wp-json\/wp\/v2\/pages\/50","targetHints":{"allow":["GET"]}}],"collection":[{"href":"https:\/\/www.molds-china.com\/de\/wp-json\/wp\/v2\/pages"}],"about":[{"href":"https:\/\/www.molds-china.com\/de\/wp-json\/wp\/v2\/types\/page"}],"author":[{"embeddable":true,"href":"https:\/\/www.molds-china.com\/de\/wp-json\/wp\/v2\/users\/1"}],"replies":[{"embeddable":true,"href":"https:\/\/www.molds-china.com\/de\/wp-json\/wp\/v2\/comments?post=50"}],"version-history":[{"count":0,"href":"https:\/\/www.molds-china.com\/de\/wp-json\/wp\/v2\/pages\/50\/revisions"}],"wp:attachment":[{"href":"https:\/\/www.molds-china.com\/de\/wp-json\/wp\/v2\/media?parent=50"}],"curies":[{"name":"wp","href":"https:\/\/api.w.org\/{rel}","templated":true}]}}