{"id":963,"date":"2016-04-09T23:57:48","date_gmt":"2016-04-09T15:57:48","guid":{"rendered":"https:\/\/www.molds-china.com\/?page_id=963"},"modified":"2019-07-02T21:52:56","modified_gmt":"2019-07-02T13:52:56","slug":"warum-wir","status":"publish","type":"page","link":"https:\/\/www.molds-china.com\/de\/warum-wir\/","title":{"rendered":"Warum wir"},"content":{"rendered":"<h2>Unsere Vorteile<\/h2>\n<ul>\n<li>Um Ihre Formen schnell zu machen und Zeit zu sparen, haben wir gen\u00fcgend Maschinen f\u00fcr die Herstellung von Kunststoff-Formen, 20 S\u00e4tze von EDM-Maschinen, zwei von ihnen mit zwei K\u00f6pfen, mehr als 15 S\u00e4tze von CNC-Maschinen, Dies wird nie Ihre Formen an der Seite f\u00fcr die Ruhe, egal wie besch\u00e4ftigt wir sind, k\u00f6nnen Sie denken, dass sie noch viele Unternehmen sind wie st\u00e4rker uns, wahr, aber der Preis sie sind viel h\u00f6her als wir, weil einige der Vorteile, die sie nicht haben.<\/li>\n<\/ul>\n<ul>\n<li>Um die Kosten f\u00fcr die Herstellung von Formen zu senken und die hohe Qualit\u00e4t zu erhalten, besitzt unser Eigent\u00fcmer heute ein Unternehmen f\u00fcr die Herstellung von Formen, so dass der Preis gesenkt werden kann, da die Formen selbst hergestellt werden. Dieses ist nicht nur, Formherstellungskosten zu verringern, aber auch Zeit schnell als andere zu bewegen.<\/li>\n<\/ul>\n<ul>\n<li>Einer unserer Projektleiter hier hat f\u00fcnf Jahre lang in einem ausl\u00e4ndischen Unternehmen gearbeitet, das auch Kunststoffformen herstellt. Das Denken F\u00e4higkeiten wird viel in der N\u00e4he von Kunden aus Amerika oder Europa.<\/li>\n<\/ul>\n<h3><em><strong>Allgemeine Arbeitsabl\u00e4ufe, nicht nur diese, sondern auch die Befolgung Ihrer speziellen Anforderungen.\u00a0<\/strong><\/em><\/h3>\n<p><strong>Werkzeugzeichnung<\/strong><\/p>\n<ul>\n<li>Vor Beginn der Werkzeugzeichnung wird ein DFM-Bericht erstellt, der dem Kunden die allgemeine Werkzeugstruktur, einschlie\u00dflich Trennebene, Entformungswinkel, K\u00fchlstreckenlayout, m\u00f6gliche Probleme usw. zeigt.<\/li>\n<li>Machen Sie die Form flie\u00dfen, um die beste Anschnittposition f\u00fcr Teil zu finden, nach Werkzeug Zeichnung fertig wird echte Form flie\u00dfen Analyse Bericht, einschlie\u00dflich Einfallstelle, Schrumpfung, Hot Spot, K\u00fchlung Status, gesch\u00e4tzte Zykluszeit, Verzug Problem alles, das wird in Design und Form Spur verwiesen werden.<\/li>\n<li>Die gesamte 3D-Werkzeugzeichnung wird mit der UG-Software entworfen. Dies spart 2 oder 3 Tage und optimiert die Werkzeugzeichnung.<\/li>\n<li>Pr\u00fcfen Sie die Werkzeugzeichnung anhand der Checkliste und der Kundenspezifikationen einzeln, um sicherzustellen, dass alles in Ordnung ist.<\/li>\n<li>Der Projektleiter pr\u00fcft auch die Werkzeugzeichnung anhand einer Checkliste, bevor er die Werkzeugzeichnung an den Kunden sendet. Durch mehrere Pr\u00fcfschritte werden Probleme in der Werkzeugzeichnung minimiert.<\/li>\n<\/ul>\n<p><strong>W\u00e4hrend der Formherstellung - nach Genehmigung der Werkzeugzeichnung<\/strong><\/p>\n<ul>\n<li>Jeder Stahl, der vom Outsourcing zur\u00fcckkommt, wird eins nach dem anderen gepr\u00fcft, und wenn ein Problem gefunden wird, muss mit den entsprechenden Personen Kontakt aufgenommen werden, bis das Problem gel\u00f6st ist, wodurch Fehler und Zeit f\u00fcr die Formherstellung reduziert werden.<\/li>\n<li>Nach jedem Erodierauftrag werden die Eins\u00e4tze in die Pr\u00fcfabteilung gebracht, um zu kontrollieren, ob eine Elektrode fehlt. Dadurch wird vermieden, dass Sie beim Testen des Werkzeugs feststellen, dass ein Merkmal fehlt.<\/li>\n<li>Aufzeichnung aller Probleme und Bericht an den Kunden mit L\u00f6sungen.<\/li>\n<li>Wenn alle Schimmelpilzanpassungen abgeschlossen sind, \u00fcberpr\u00fcfen wir die folgenden Dinge.<\/li>\n<\/ul>\n<ol>\n<li>K\u00fchlsystem,<\/li>\n<li>\u00dcberpr\u00fcfen Sie den Zustand der Form mit dem Anstrich.<\/li>\n<li>Korrosionsschutz au\u00dferhalb der Form pr\u00fcfen<\/li>\n<li>Pr\u00fcfen Sie, ob die Auswerferstifte reibungslos funktionieren.<\/li>\n<\/ol>\n<p><strong>Verfahren f\u00fcr Schimmelpilzversuche:<\/strong><\/p>\n<ul>\n<li>Richten Sie zun\u00e4chst alles nach den Eigenschaften des Kunststoffs ein: Schmelztemperatur, Werkzeugtemperatur, Schlie\u00dfkraft (dies kann sich auf den Werkzeugfluss und die Maschinendaten des Kunden beziehen) usw.<\/li>\n<li>Stellen Sie die Einspritzgeschwindigkeit schrittweise ein, machen Sie den F\u00fcllstatus von Schuss bis 97% voll, um den Status des F\u00fcllgleichgewichts zu \u00fcberpr\u00fcfen (Nachdruck ist 0).<\/li>\n<li>Verwenden Sie eine hohe Einspritzgeschwindigkeit, um das Entl\u00fcftungsproblem zu pr\u00fcfen, pr\u00fcfen Sie, ob das Werkzeug automatisch l\u00e4uft, erh\u00f6hen Sie den Nachdruck schrittweise, bis Sie gute Proben haben, notieren Sie das Teilegewicht und das Gewicht des L\u00e4ufers.<\/li>\n<li>Pr\u00fcfen Sie, ob Sie ein breites Fenster f\u00fcr die Einspritzverarbeitung haben, um zu sehen, ob sich die Teile leicht formen lassen, und zeichnen Sie die Parameter f\u00fcr den Formtest auf.<\/li>\n<li>Erfassen Sie die Ausgabe von Teilen, die Ausgabe von Formen, nehmen Sie ein Probevideo auf usw.<\/li>\n<\/ul>\n<p><strong>Nach der Erprobung der Kunststoffform (w\u00e4hrend der Einstellung der Form).<\/strong><\/p>\n<ul>\n<li>Senden Sie dem Kunden die Teileausgabe, den Bericht \u00fcber die Formausgabe, das Video \u00fcber die Formpr\u00fcfung, die Muster, den Messbericht und die Parameter der Formpr\u00fcfung.<\/li>\n<li>Bieten Sie L\u00f6sungen f\u00fcr Probleme mit Formen und Teilen an und holen Sie die Genehmigung des Kunden ein, um Probleme zu l\u00f6sen, bis das Problem vollst\u00e4ndig gel\u00f6st ist.<\/li>\n<\/ul>\n<p><strong>Vom Kunden genehmigte Form<\/strong><\/p>\n<ul>\n<li>Do endg\u00fcltigen Schimmel Versuch und laufenden Schimmel 3 Stunden mit oder ohne Kunststoff, um die Form Funktion zu \u00fcberpr\u00fcfen, nach 3 Stunden laufen und zerlegen Schimmel, um jedes Detail zu \u00fcberpr\u00fcfen, wenn enge Stelle haben, jede m\u00f6gliche Brandfleck in der Form, \u00fcberpr\u00fcfen Sie die Form eins nach dem anderen mit Checkliste, wenn der Kunde hat diese Liste werden wir folgen Kunden Liste, sonst verwenden Sie unsere Checkliste.<\/li>\n<li>Spray rostig resistent Fett, Malerei au\u00dferhalb der Form mit gr\u00fcner Farbe nach dem Aufr\u00e4umen der Form und Verpackung mit Film, und dann in behandeltem Holz-Box und Schiff aus Schimmel durch Meer von Luft.<\/li>\n<\/ul>\n<h3><strong>Angebot jetzt anfordern unter\u00a0<a href=\"mailto:sales@hao-mold\">sales@hao-mold.com<\/a> f\u00fcr Ihre Kunststoffformen und -teile<\/strong><\/h3>","protected":false},"excerpt":{"rendered":"<p>Our Advantages To make your molds fast and save time we have sufficient machines for making plastic mold, 20 sets of EDM machines, two of them with two heads, more than 15 sets of CNC machines, This will never put your molds at side for rest no matter how busy we are, you may think [&hellip;]<\/p>","protected":false},"author":1,"featured_media":0,"parent":0,"menu_order":0,"comment_status":"closed","ping_status":"open","template":"","meta":{"_et_pb_use_builder":"","_et_pb_old_content":"","_et_gb_content_width":"","footnotes":""},"class_list":["post-963","page","type-page","status-publish","hentry"],"_links":{"self":[{"href":"https:\/\/www.molds-china.com\/de\/wp-json\/wp\/v2\/pages\/963","targetHints":{"allow":["GET"]}}],"collection":[{"href":"https:\/\/www.molds-china.com\/de\/wp-json\/wp\/v2\/pages"}],"about":[{"href":"https:\/\/www.molds-china.com\/de\/wp-json\/wp\/v2\/types\/page"}],"author":[{"embeddable":true,"href":"https:\/\/www.molds-china.com\/de\/wp-json\/wp\/v2\/users\/1"}],"replies":[{"embeddable":true,"href":"https:\/\/www.molds-china.com\/de\/wp-json\/wp\/v2\/comments?post=963"}],"version-history":[{"count":0,"href":"https:\/\/www.molds-china.com\/de\/wp-json\/wp\/v2\/pages\/963\/revisions"}],"wp:attachment":[{"href":"https:\/\/www.molds-china.com\/de\/wp-json\/wp\/v2\/media?parent=963"}],"curies":[{"name":"wp","href":"https:\/\/api.w.org\/{rel}","templated":true}]}}