{"id":231,"date":"2014-08-04T21:47:46","date_gmt":"2014-08-04T13:47:46","guid":{"rendered":"http:\/\/hyx-mold.com\/?page_id=231"},"modified":"2016-06-06T17:20:45","modified_gmt":"2016-06-06T09:20:45","slug":"calidad","status":"publish","type":"page","link":"https:\/\/www.molds-china.com\/es_es\/calidad\/","title":{"rendered":"Calidad"},"content":{"rendered":"<p><b>Calidad:<\/b><\/p>\n<p>Para hacer el bien <a title=\"molde de pl\u00e1stico\" href=\"http:\/\/www.plasticmoldco.com\" target=\"_blank\" rel=\"noopener\"><em><strong>molde de pl\u00e1stico<\/strong> <\/em><\/a>y cumplir con nuestros cusotmers requiere tenemos procedimientos de control de calidad estrictos, aunque todav\u00eda no pensaba perfecci\u00f3n, pero estamos aprendiendo de nuestros cusotmers retroalimentaci\u00f3n y mejorar de vez en cuando, nuestro cusotmer estar\u00e1 satisfecho haciendo esos sistemas de control de calidad.<\/p>\n<p>Pasos generales incluidos a continuaci\u00f3n.<\/p>\n<p>Revisi\u00f3n del dise\u00f1o de los planos de herramientas antes de enviarlos al cliente<\/p>\n<p>La versi\u00f3n del plano de la herramienta se actualiza a tiempo para garantizar que el cliente disponga de la \u00faltima versi\u00f3n al enviar el documento con el molde.<\/p>\n<p>Validaci\u00f3n y verificaci\u00f3n del dise\u00f1o<img loading=\"lazy\" decoding=\"async\" class=\"alignright  wp-image-1057\" src=\"https:\/\/www.molds-china.com\/wp-content\/uploads\/2016\/06\/P3120350-300x225.jpg\" alt=\"\" width=\"380\" height=\"285\" title=\"\" srcset=\"https:\/\/www.molds-china.com\/wp-content\/uploads\/2016\/06\/P3120350-300x225.jpg 300w, https:\/\/www.molds-china.com\/wp-content\/uploads\/2016\/06\/P3120350.jpg 640w\" sizes=\"(max-width: 380px) 100vw, 380px\" \/><\/p>\n<p>Inspecci\u00f3n de entrada de todo el material de las hileras<\/p>\n<p>Primer ensayo de moho Inspecci\u00f3n<\/p>\n<p>Inspecci\u00f3n de ajuste de dimensiones antes de la siguiente prueba del molde<\/p>\n<p>M\u00e1quina de medici\u00f3n por coordenadas (MMC)<\/p>\n<p>Proyector<\/p>","protected":false},"excerpt":{"rendered":"<p>Quality: To make good plastic mold and meet our cusotmers required we have tight quality control procedures, even thought still not perfection but we are learning from our cusotmers feed back\u00a0 and improve it from time to time, our cusotmer will be satisfied by doing those quality control systems. General steps including below. Tool drawing [&hellip;]<\/p>","protected":false},"author":1,"featured_media":0,"parent":0,"menu_order":0,"comment_status":"open","ping_status":"open","template":"","meta":{"_et_pb_use_builder":"","_et_pb_old_content":"","_et_gb_content_width":"","footnotes":""},"class_list":["post-231","page","type-page","status-publish","hentry"],"_links":{"self":[{"href":"https:\/\/www.molds-china.com\/es_es\/wp-json\/wp\/v2\/pages\/231","targetHints":{"allow":["GET"]}}],"collection":[{"href":"https:\/\/www.molds-china.com\/es_es\/wp-json\/wp\/v2\/pages"}],"about":[{"href":"https:\/\/www.molds-china.com\/es_es\/wp-json\/wp\/v2\/types\/page"}],"author":[{"embeddable":true,"href":"https:\/\/www.molds-china.com\/es_es\/wp-json\/wp\/v2\/users\/1"}],"replies":[{"embeddable":true,"href":"https:\/\/www.molds-china.com\/es_es\/wp-json\/wp\/v2\/comments?post=231"}],"version-history":[{"count":0,"href":"https:\/\/www.molds-china.com\/es_es\/wp-json\/wp\/v2\/pages\/231\/revisions"}],"wp:attachment":[{"href":"https:\/\/www.molds-china.com\/es_es\/wp-json\/wp\/v2\/media?parent=231"}],"curies":[{"name":"wp","href":"https:\/\/api.w.org\/{rel}","templated":true}]}}