{"id":4,"date":"2014-08-02T17:16:35","date_gmt":"2014-08-02T09:16:35","guid":{"rendered":"http:\/\/hyx-mold.com\/?page_id=4"},"modified":"2022-03-06T16:06:39","modified_gmt":"2022-03-06T08:06:39","slug":"home","status":"publish","type":"page","link":"https:\/\/www.molds-china.com\/es_es\/","title":{"rendered":"Inicio"},"content":{"rendered":"<h1 class=\"wp-block-heading\"><strong>Fabricantes de moldes en China<\/strong>&#8211;<strong>Moldeo por inyecci\u00f3n a medida<\/strong><\/h1>\n\n\n\n<p>Elegir <strong>fabricantes de moldes en China<\/strong> para aumentar el mercado de su negocio ser\u00e1 la mejor opci\u00f3n.<\/p>\n\n\n\n<p>Los moldes de inyecci\u00f3n de pl\u00e1stico son esenciales en la producci\u00f3n de piezas moldeadas por inyecci\u00f3n utilizadas para algunas empresas de todo el mundo. Los empresarios conf\u00edan en ellos para su producci\u00f3n diaria de productos pl\u00e1sticos como moldes de cajas, moldes de pl\u00e1stico para el hogar, moldes de envases, moldes de electrodom\u00e9sticos, moldes de autom\u00f3viles y similares.<\/p>\n\n\n\n<p>Los art\u00edculos de pl\u00e1stico son de uso com\u00fan en todo el mundo, y la gente disfruta con sus usos. Existen varios <strong>fabricantes de moldes<\/strong> con los que puede entrar en contacto en la mayor\u00eda de las zonas del mundo, incluida China. Puede buscar a trav\u00e9s del sitio web y encontrar un mont\u00f3n de ellos en varios <strong>China fabricantes de moldes de inyecci\u00f3n de pl\u00e1stico<\/strong> en Google<\/p>\n\n\n\n<div class=\"wp-block-image\"><figure class=\"alignleft is-resized\"><img loading=\"lazy\" decoding=\"async\" src=\"https:\/\/www.molds-china.com\/wp-content\/uploads\/2019\/08\/China-Mold-Company.jpg\" alt=\"China Mold Company\" class=\"wp-image-22489\" width=\"283\" height=\"167\" title=\"\" srcset=\"https:\/\/www.molds-china.com\/wp-content\/uploads\/2019\/08\/China-Mold-Company.jpg 424w, https:\/\/www.molds-china.com\/wp-content\/uploads\/2019\/08\/China-Mold-Company-300x177.jpg 300w\" sizes=\"(max-width: 283px) 100vw, 283px\" \/><figcaption>China Mold Company<\/figcaption><\/figure><\/div>\n\n\n\n<p>China es una de las mayores econom\u00edas del mundo. En cuanto a su Producto Nacional Bruto (PIB), ha obtenido 10.088 per c\u00e1pita (Nominal) ($) en 2018. Si est\u00e1s empezando un nuevo proyecto que implica personalizar <a href=\"https:\/\/www.molds-china.com\/es_es\/molde-de-inyeccion-de-plastico-2\/\" target=\"_blank\" rel=\"noreferrer noopener\"><strong><em>Molde de inyecci\u00f3n de pl\u00e1stico<\/em><\/strong><\/a> o piezas moldeadas a medida, puede recurrir hoy a la econom\u00eda l\u00edder mundial, y eso significa <strong>China Molde. <\/strong>En segundo lugar a los Estados Unidos de Am\u00e9rica.<\/p>\n\n\n\n<p>Los grandes empresarios empiezan por encontrar buenos <strong>empresas de moldeo por inyecci\u00f3n china<\/strong> para sus productos de molde. Iniciar una aventura empresarial tiene sus ventajas y sus inconvenientes, y hay que asegurarse de que todo est\u00e1 en el orden adecuado para que el negocio funcione. Una de ellas es elegir los productos adecuados y las <strong>Empresa china de fabricaci\u00f3n de moldes<\/strong> como proveedor.<\/p>\n\n\n\n<p>Imag\u00ednese lo dif\u00edcil que es iniciar un negocio y tener que encontrar el fabricante de moldeo por inyecci\u00f3n de pl\u00e1stico personalizado en China adecuado en un mar de opciones puede ser muy frustrante a veces. Usted puede reducir su b\u00fasqueda y tener una explosi\u00f3n.<\/p>\n\n\n\n<p>Crear una empresa debe ser f\u00e1cil y agradable al mismo tiempo. Puede tomarse su tiempo para elegir lo mejor para sus negocios y disfrutar despu\u00e9s de su fruct\u00edfero resultado.<\/p>\n\n\n\n<h2 class=\"wp-block-heading\">China fabricantes de moldes de inyecci\u00f3n de pl\u00e1stico<\/h2>\n\n\n\n<p>Ahora, echemos un vistazo a la inmensidad de China.<\/p>\n\n\n\n<p>China, adem\u00e1s de ser uno de los pa\u00edses con mayor capacidad de fabricaci\u00f3n del mundo, es tambi\u00e9n uno de los pa\u00edses m\u00e1s grandes. Es el segundo pa\u00eds m\u00e1s grande de Asia y tiene una poblaci\u00f3n de 1.379 millones de habitantes en 2016. Hay muchos <strong><em>Fabricantes de moldes en China<\/em><\/strong> como se puede ver en internet.<\/p>\n\n\n\n<p>Algunas de ellas tienen buenas cr\u00edticas y llevan a\u00f1os establecidas, y otras que acaban de empezar no tienen las habilidades suficientes para competir con las mayores estrategias de marketing del mundo. Entonces, \u00bfc\u00f3mo encontrar una buena <strong>F\u00e1brica de moldes de pl\u00e1stico en China<\/strong>? He aqu\u00ed algunas sugerencias que pueden ayudarle a encontrar socios adecuados y <strong>China fabricantes de moldes de inyecci\u00f3n de pl\u00e1stico<\/strong>.<\/p>\n\n\n\n<h3 class=\"wp-block-heading\"><strong>C\u00f3mo encontrar un buen fabricante de moldes de inyecci\u00f3n en China<\/strong>?<\/h3>\n\n\n\n<p>En primer lugar, hay que tener en cuenta la disponibilidad del <strong>Fabricante chino de moldes de inyecci\u00f3n<\/strong>. \u00bfResponde enseguida cuando se pone en contacto con \u00e9l\/ella para alguna consulta?<\/p>\n\n\n\n<p>Por ejemplo, cuando quieres saber m\u00e1s sobre sus productos y los presupuestos adecuados de las cosas que est\u00e1s pensando comprar, \u00bfest\u00e1n siempre dispuestos a devolverte la llamada o a darte una respuesta r\u00e1pida por correo electr\u00f3nico?<\/p>\n\n\n\n<p>As\u00ed pues, la primera sugerencia deber\u00eda ser buscar un <strong>Fabricante chino de moldes de inyecci\u00f3n<\/strong> que siempre est\u00e1 disponible, orientado al servicio al cliente y siempre dispuesto a ayudarle con sus elecciones, ya que sabe que trabajar\u00e1 con un <em>Empresa china de moldeo de pl\u00e1sticos<\/em> desde miles de kil\u00f3metros de distancia de su pa\u00eds, una respuesta r\u00e1pida es muy \u00fatil para mantener el trabajo actualizado a tiempo.<\/p>\n\n\n\n<p>La segunda sugerencia es que busque un fabricante chino de moldes de inyecci\u00f3n de pl\u00e1stico que ofrezca una amplia variedad de moldes de inyecci\u00f3n\/productos moldeados de calidad y a un coste razonable. Tenga en cuenta tambi\u00e9n si sus productos ofrecidos para satisfacer las necesidades de sus empresas de negocios en ciernes.<\/p>\n\n\n\n<p>La tercera sugerencia es asegurarse de que el equipo utilizado para procesar estos <strong>Inyecci\u00f3n<\/strong> <strong>moldes de pl\u00e1stico <\/strong>son de \u00faltima generaci\u00f3n con el fin de producir resultados duraderos y duraderos, nunca s\u00f3lo ver el precio, el precio es demasiado bajo, entonces los moldes que tiene puede no ser capaz de funcionar bien cuando se toma la <strong>Molde de inyecci\u00f3n en China<\/strong> de vuelta a su f\u00e1brica, como usted sabe no importa cu\u00e1n bajo sea su precio, todav\u00eda necesitan beneficios, precio razonable, buena calidad y buen servicio son siempre la mejor opci\u00f3n para usted, tenga en cuenta este punto puede ser cintur\u00f3n de seguridad durante su viaje de negocios.<\/p>\n\n\n\n<div class=\"wp-block-image\"><figure class=\"alignright size-large\"><a href=\"https:\/\/www.molds-china.com\/wp-content\/uploads\/2021\/05\/Injection-molding-china.jpg\"><img loading=\"lazy\" decoding=\"async\" width=\"400\" height=\"300\" src=\"https:\/\/www.molds-china.com\/wp-content\/uploads\/2021\/05\/Injection-molding-china.jpg\" alt=\"Moldeo por inyecci\u00f3n China\" class=\"wp-image-22622\" title=\"\" srcset=\"https:\/\/www.molds-china.com\/wp-content\/uploads\/2021\/05\/Injection-molding-china.jpg 400w, https:\/\/www.molds-china.com\/wp-content\/uploads\/2021\/05\/Injection-molding-china-300x225.jpg 300w\" sizes=\"(max-width: 400px) 100vw, 400px\" \/><\/a><figcaption>Moldeo por inyecci\u00f3n China<\/figcaption><\/figure><\/div>\n\n\n\n<p>Por \u00faltimo, puede que tenga que echar un vistazo al <strong>Fabricante chino de moldes de inyecci\u00f3n<\/strong> en la escena, para tomar una mirada moldes de pl\u00e1stico personalizados que han hecho antes y en la actualidad, esta ser\u00e1 una manera f\u00e1cil de comprobar su calidad y la capacidad si puede satisfacer sus necesidades. Cuando usted es feliz con todo, entonces usted puede elegir el uno como su <strong>China Molde de inyecci\u00f3n<\/strong> y proveedor de moldeado.<\/p>\n\n\n\n<p>Para elegir <strong>China fabricantes de moldes de inyecci\u00f3n de pl\u00e1stico<\/strong> no es f\u00e1cil, si quiere encontrar el <strong>moldeo por inyecci\u00f3n de pl\u00e1stico china<\/strong> empresa ser\u00e1 a\u00fan m\u00e1s dif\u00edcil que encontrar un proveedor de moldes locales y fabricante de piezas de pl\u00e1stico, porque la comunicaci\u00f3n es una cuesti\u00f3n b\u00e1sica, para encontrar un habla Ingl\u00e9s no es tan dif\u00edcil, pero encontrar el fondo t\u00e9cnico experto con buena habilidad Ingl\u00e9s, que no es f\u00e1cil de encontrar.<\/p>\n\n\n\n<p>Para fabricar sus moldes de inyecci\u00f3n o productos de moldeo por inyecci\u00f3n de buena calidad, necesita encontrar A <strong>F\u00e1brica de moldes de pl\u00e1stico en China<\/strong> que es profesional tanto en la comunicaci\u00f3n y la tecnolog\u00eda, s\u00f3lo un buen Ingl\u00e9s, pero pobres t\u00e9cnica ser\u00e1 dif\u00edcil comunicarse, o incluso ir al lado equivocado, si usted quiere hacer su negocio con \u00e9xito con una empresa de moldeo de China, los puntos ser\u00e1 una seguridad para el \u00e9xito de su proyecto, usted debe tomar muy cuidadosamente seleccionados para un molde de inyecci\u00f3n de pl\u00e1stico chino \/ fabricante de moldeo, cuando encuentre el socio adecuado, cada trabajo duro es worthing.<\/p>\n\n\n\n<p>Si busca <strong>fabricantes de moldes en China<\/strong>? Somos uno de su mejor opci\u00f3n para su referencia; usted podr\u00eda tomarnos en su base de datos y analizar m\u00e1s adelante, nuestras ventas tienen m\u00e1s de 6 a\u00f1os de habilidad t\u00e9cnica, que estaba trabajando de fabricante de moldes, dise\u00f1o de moldes, gesti\u00f3n de proyectos, y las ventas, por lo que nuestro personal de ventas est\u00e1n calificados para el \u00e9xito de su negocio r\u00e1pido y sin problemas. usted podr\u00eda ponerse en contacto con nosotros por correo electr\u00f3nico.<\/p>\n\n\n\n<h3 class=\"wp-block-heading\"><strong>Al trabajar con nosotros disfrutar\u00e1 de algunas ventajas<\/strong><\/h3>\n\n\n\n<ul class=\"wp-block-list\"><li>Se obtienen productos altamente asequibles, satisfacci\u00f3n del cliente garantizada, cualquier problema ser\u00e1 resuelto completamente por nuestro equipo de expertos.<\/li><li>Comunicaci\u00f3n fluida en ingl\u00e9s con 18 a\u00f1os de experiencia t\u00e9cnica en fabricaci\u00f3n de moldes y producci\u00f3n de moldes.<\/li><li>Servicio integral en dise\u00f1o de piezas, dise\u00f1o de moldes, fabricaci\u00f3n de moldes, producci\u00f3n masiva, pintura, serigraf\u00eda, chapado, montaje y env\u00edo directamente a su lado.<\/li><li>Plazo de entrega r\u00e1pido, 15 d\u00edas para piezas peque\u00f1as.<\/li><li>Tan barato como <strong>$ 650<\/strong> para <strong>fabricaci\u00f3n de moldes a medida<\/strong> para ahorrar su inversi\u00f3n inicial.<\/li><\/ul>\n\n\n\n<p>Bienvenido a probarnos y ll\u00e1menos para hablar, podemos su mejor socio en el molde de pl\u00e1stico personalizado y servicio de moldeo por inyecci\u00f3n de pl\u00e1stico.<\/p>\n\n\n\n<h3 class=\"wp-block-heading\"><strong>C\u00f3mo trabajar con un fabricante y una empresa de moldes de inyecci\u00f3n de pl\u00e1stico de China<\/strong>?<\/h3>\n\n\n\n<p>Cuando termines el segundo paso entonces tienes que elegir el que va a funcionar, para empezar, para poder tener una relaci\u00f3n armoniosa con un nuevo<strong> China fabricante de moldeo por inyecci\u00f3n de pl\u00e1stico<\/strong>. Lo primero que hay que tener en cuenta son las condiciones de pago. Pagar a tiempo seg\u00fan lo estipulado hace que el negocio funcione sin problemas y con facilidad.<\/p>\n\n\n\n<p>Debe haber un contrato que establezca las condiciones de pago, tus responsabilidades y las de ellos. Es como quedar a medias con tus proveedores. Ten en cuenta tambi\u00e9n que, si tus proveedores suelen tener otros clientes de los que ocuparse tambi\u00e9n, puede haber ocasiones en las que algunas cosas no se solucionen de inmediato.<\/p>\n\n\n\n<p>La segunda, asegurarse de que su <strong>fabricaci\u00f3n de moldes de pl\u00e1stico<\/strong> est\u00e1 en el programa, para pedirle a su <em>Molde de China <\/em>Si su proveedor le pide que le env\u00ede un informe semanal con im\u00e1genes de la fabricaci\u00f3n cada semana, esto podr\u00eda ser m\u00e1s seguro para mantener la l\u00ednea de tiempo, cuando se produjo alg\u00fan problema que usted podr\u00eda saber de la <strong>fabricaci\u00f3n de moldes<\/strong> fotos, ya que no se puede mantener un ojo en ellos todos los d\u00edas como usted est\u00e1 m\u00e1s all\u00e1 de miles de kil\u00f3metros de distancia.<\/p>\n\n\n\n<p>Obtenga m\u00e1s informaci\u00f3n sobre el mercado y coord\u00ednese con el <strong>F\u00e1brica de moldes de pl\u00e1stico en China<\/strong>Cuando tengas dudas o aclaraciones sobre sus productos o servicios. Estas son algunas de las formas de garantizar un mejor entendimiento y mantener una relaci\u00f3n laboral fluida y satisfactoria.<\/p>\n\n\n\n<p>Estamos a su disposici\u00f3n para responder a su consulta, p\u00f3ngase en contacto con nosotros ahora por correo electr\u00f3nico <a href=\"mailto:sales@molds-china.com\" rel=\"noreferrer noopener\" target=\"_blank\">sales@molds-china.com<\/a><\/p>\n\n\n\n<div class=\"wp-block-image\"><figure class=\"alignleft size-large\"><a href=\"https:\/\/www.molds-china.com\/wp-content\/uploads\/2021\/05\/mold-manufacturer-China.jpg\"><img loading=\"lazy\" decoding=\"async\" width=\"400\" height=\"300\" src=\"https:\/\/www.molds-china.com\/wp-content\/uploads\/2021\/05\/mold-manufacturer-China.jpg\" alt=\"Fabricante de moldes en China\" class=\"wp-image-22623\" title=\"\" srcset=\"https:\/\/www.molds-china.com\/wp-content\/uploads\/2021\/05\/mold-manufacturer-China.jpg 400w, https:\/\/www.molds-china.com\/wp-content\/uploads\/2021\/05\/mold-manufacturer-China-300x225.jpg 300w\" sizes=\"(max-width: 400px) 100vw, 400px\" \/><\/a><figcaption>Fabricante de moldes en China<\/figcaption><\/figure><\/div>\n\n\n\n<h3 class=\"wp-block-heading\">Le ofrecemos alta calidad con precio competitivo para molde de inyecci\u00f3n de pl\u00e1stico personalizado y moldeo<\/h3>\n\n\n\n<p>Los consumidores dudan en conseguir los moldes de inyecci\u00f3n m\u00e1s avanzados. Estos son necesarios en la b\u00fasqueda de sus especificaciones del proyecto.<\/p>\n\n\n\n<p>Dongguan Olayer Technology Co.ltd (HAO YUAN XING Mold Co., Ltd se cambi\u00f3 el nombre Sincere Oct, 2020) es de confianza en el cumplimiento de las especificaciones m\u00e1s exigentes del proyecto de los clientes. El Olayer <strong>F\u00e1brica china de moldes de inyecci\u00f3n<\/strong> tambi\u00e9n ofrece servicios de calidad al cliente junto con el precio que es competitivo y asequible.<\/p>\n\n\n\n<p><strong>Las ventajas de confiar en la empresa son las siguientes:<\/strong><\/p>\n\n\n\n<ul class=\"wp-block-list\"><li>Las cualidades de nuestros moldes\/moldes de pl\u00e1stico son muy asequibles y eficaces en la industria del marketing.<\/li><li>La experiencia incomparable del personal garantiza la plena satisfacci\u00f3n de los clientes.<\/li><li>La mayor parte de las preocupaciones quedan en manos del personal, ya que los trabajos se gestionan en poco tiempo.<\/li><li>Los requisitos especiales de los clientes se cumplen en los niveles de fabricaci\u00f3n.<\/li><li>Adem\u00e1s, se introduce el proceso de moldeado de pl\u00e1stico m\u00e1s avanzado. El dise\u00f1o de la pieza se analiza primero mediante un informe DFM.<\/li><li>el molde ser\u00e1 100% cumplir con las especificaciones de calidad de los clientes.<\/li><li>Cualquier coste por nuevos moldes de inyecci\u00f3n, modificaciones ser\u00e1 razonable. Pensando plenamente en el cliente.<\/li><li>Certificado ISO9001 si se aprueba.<\/li><\/ul>\n\n\n\n<h4 class=\"wp-block-heading\">Ventajas de nuestro servicio de moldeado\/moldeo por inyecci\u00f3n de pl\u00e1stico.<\/h4>\n\n\n\n<ul class=\"wp-block-list\"><li>Los empleados estaban bien formados para prestar un servicio de m\u00e1xima calidad para el proyecto.<\/li><li>El ingeniero de herramientas de moldeo por inyecci\u00f3n, el ingeniero de dise\u00f1o, el jefe de proceso de expedici\u00f3n y de fabricaci\u00f3n de moldes combinan sus competencias para garantizar la satisfacci\u00f3n de los clientes.<\/li><li>La empresa satisface las demandas de clientes como la optimizaci\u00f3n de moldes y el ahorro de tiempo y costes antes de la producci\u00f3n masiva.<\/li><li>Las t\u00e9cnicas de gesti\u00f3n eficaces se utilizan para el \u00e9xito de los proyectos para los clientes<\/li><li>Los problemas de molde se analizan y mejoran para satisfacer las especificaciones y demandas de los clientes, garant\u00eda 100%.<\/li><li>Los problemas se clasifican para presentar la soluci\u00f3n.<\/li><li>Se sugiere la mejor soluci\u00f3n en determinados temas para reducir el coste del molde y el coste de producci\u00f3n masiva.<\/li><\/ul>\n\n\n\n<p>Olayer es de confianza como una organizaci\u00f3n que mantiene sus est\u00e1ndares de fabricaci\u00f3n. \u00a1Presenta su sistema eficaz que forma parte de un enfoque de dise\u00f1o, procesamiento y env\u00edo!<\/p>\n\n\n\n<p>P\u00f3ngase en contacto con nosotros o env\u00edenos un correo electr\u00f3nico a <a href=\"mailto:sales@molds-china.com\" rel=\"noreferrer noopener\" target=\"_blank\">sales@molds-china.com<\/a> en obtener un presupuesto para sus necesidades en <strong>moldes de pl\u00e1stico a medida y servicio de fabricaci\u00f3n de moldes de inyecci\u00f3n a medida<\/strong><\/p>\n\n\n\n<p>Si busca un <strong>fabricantes de moldes en China<\/strong> entonces ha venido al lugar adecuado. Nuestra empresa es una <a href=\"https:\/\/www.molds-china.com\/es_es\/\" target=\"_blank\" rel=\"noreferrer noopener\"><strong>Fabricante de moldes en China<\/strong><\/a> para producir moldes de inyecci\u00f3n y piezas moldeadas de alta calidad, desarrollados con un precio econ\u00f3mico.<\/p>\n\n\n\n<p>Con m\u00e1s de 16 a\u00f1os de experiencia en esta regi\u00f3n fabricando moldes para autom\u00f3viles, electrodom\u00e9sticos, etc. Somos su <strong>Empresa china de fabricaci\u00f3n de moldes<\/strong> ofrecerle el mejor precio con moldes de inyecci\u00f3n de alta calidad y servicios de moldeo de pl\u00e1stico en la regi\u00f3n (en comparaci\u00f3n con el proveedor de moldes del mismo grado). Suministramos<em> moldes y piezas de pl\u00e1stico moldeadas por inyecci\u00f3n <\/em>a empresas de todo el mundo.<\/p>\n\n\n\n<p>\u00bfEst\u00e1 listo su proyecto para fabricar moldes de inyecci\u00f3n de pl\u00e1stico y piezas de moldeo? P\u00f3ngase en contacto con nosotros ahora para obtener un presupuesto en 24 horas.<\/p>","protected":false},"excerpt":{"rendered":"<p>Mold Manufacturers In China&#8211;Custom Injection Molding Choosing mold manufacturers in China to increase your business market will be the best option. Plastic Injection molds are essential in producing injection moulded parts used for some businesses around the world. Businessmen are relying on these for their day to day production of plastics products such as crate [&hellip;]<\/p>","protected":false},"author":1,"featured_media":0,"parent":0,"menu_order":0,"comment_status":"open","ping_status":"open","template":"","meta":{"_et_pb_use_builder":"","_et_pb_old_content":"","_et_gb_content_width":"","footnotes":""},"class_list":["post-4","page","type-page","status-publish","hentry"],"_links":{"self":[{"href":"https:\/\/www.molds-china.com\/es_es\/wp-json\/wp\/v2\/pages\/4","targetHints":{"allow":["GET"]}}],"collection":[{"href":"https:\/\/www.molds-china.com\/es_es\/wp-json\/wp\/v2\/pages"}],"about":[{"href":"https:\/\/www.molds-china.com\/es_es\/wp-json\/wp\/v2\/types\/page"}],"author":[{"embeddable":true,"href":"https:\/\/www.molds-china.com\/es_es\/wp-json\/wp\/v2\/users\/1"}],"replies":[{"embeddable":true,"href":"https:\/\/www.molds-china.com\/es_es\/wp-json\/wp\/v2\/comments?post=4"}],"version-history":[{"count":0,"href":"https:\/\/www.molds-china.com\/es_es\/wp-json\/wp\/v2\/pages\/4\/revisions"}],"wp:attachment":[{"href":"https:\/\/www.molds-china.com\/es_es\/wp-json\/wp\/v2\/media?parent=4"}],"curies":[{"name":"wp","href":"https:\/\/api.w.org\/{rel}","templated":true}]}}