{"id":12,"date":"2014-08-03T15:15:29","date_gmt":"2014-08-03T07:15:29","guid":{"rendered":"http:\/\/hyx-mold.com\/?page_id=12"},"modified":"2021-09-13T14:20:17","modified_gmt":"2021-09-13T06:20:17","slug":"muovin-ruiskuvalumuotti","status":"publish","type":"page","link":"https:\/\/www.molds-china.com\/fi\/muovin-ruiskuvalumuotti\/","title":{"rendered":"Tietoa meist\u00e4"},"content":{"rendered":"<h1>Muovinen ruiskuvalumuotti &amp;\u00a0<a href=\"https:\/\/www.molds-china.com\/fi\/\"><strong>Ruiskuvalu Kiina<\/strong><\/a> tuotantoyhti\u00f6<\/h1>\n<p><strong>Olemme ammattimainen muovin ruiskuvalumuotti ja <em>ruiskuvaluprosessi Kiina<\/em> yritys, joka palvelee<span style=\"color: #000000;\"> <span style=\"color: #000000;\">muovimuotti <\/span><\/span>ja ruiskuvalu valmistus, on yksi\u00a0 <span style=\"color: #000000;\"><span style=\"color: #000000;\">Kiina muotti<\/span><\/span> valmistaja<\/strong>Vuonna 2015 perustettu Hao Yuan Xing Mold Co.ltd on kasvanut t\u00e4yden palvelun yritykseksi. <strong>Muovin ruiskuvalumuotti<\/strong> ja <strong>ruiskuvalutuotteet Kiinassa<\/strong>. Ammattilaisena <strong>Kiina muovi multaa valmistaja<\/strong>, Palvelujen tarjoaminen monille eri teollisuudenaloille, kuten ilmailu- ja avaruusalalle, kodinkoneille, elektroniikkateollisuudelle, merenkulkualalle, toimistohuonekaluille, urheiluv\u00e4lineille, myyntiautomaateille ja laskunvaihtoteollisuudelle.<\/p>\n<p>Dongguan Olayer Technology Co.ltd (oli Hao Yuan Xing Mold &amp; Mfg). 2 tehdasta sijaitsee Kiinassa, yksi Huangyan Cityss\u00e4 ja yksi Dong Guan Cityss\u00e4, 18 000 neli\u00f6metrin tuotantolaitoksessa. <a href=\"https:\/\/www.molds-china.com\/fi\/\"><strong>muovimuotti<\/strong><\/a> Tuotanto ja <strong>muovin ruiskuvalupalvelu<\/strong>, laadunvarmistus, kuljetus ja varastointi,<\/p>\n<p>Tilamme ovat yhteydess\u00e4 toisiinsa nopealla verkolla, otimme k\u00e4ytt\u00f6\u00f6n keskipitk\u00e4lle kehittyneet muotin prosessilaitteet ja tietokoneen CAD\/CAM\/CAE-j\u00e4rjestelm\u00e4n, CNC-ty\u00f6st\u00f6keskuksen, mittauskeskuksen, s\u00e4hk\u00f6isen impulssin ja linjaleikkauslaitteiston. Yrityksess\u00e4 on kokeneita CAD-teknikoita. Osoitteessa <strong>muotit<\/strong> vied\u00e4\u00e4n Amerikkaan, Kanadaan, Ruotsiin ja muihin Euroopan ja Amerikan maihin ja alueille.<\/p>\n<div id=\"attachment_1168\" style=\"width: 310px\" class=\"wp-caption alignright\"><img loading=\"lazy\" decoding=\"async\" aria-describedby=\"caption-attachment-1168\" class=\"size-medium wp-image-1168\" src=\"https:\/\/www.molds-china.com\/wp-content\/uploads\/2017\/07\/IMG_2245-300x200.jpg\" alt=\"Muovimuotit\" width=\"300\" height=\"200\" title=\"\" srcset=\"https:\/\/www.molds-china.com\/wp-content\/uploads\/2017\/07\/IMG_2245-300x200.jpg 300w, https:\/\/www.molds-china.com\/wp-content\/uploads\/2017\/07\/IMG_2245-768x512.jpg 768w, https:\/\/www.molds-china.com\/wp-content\/uploads\/2017\/07\/IMG_2245.jpg 900w\" sizes=\"(max-width: 300px) 100vw, 300px\" \/><p id=\"caption-attachment-1168\" class=\"wp-caption-text\"><a href=\"https:\/\/www.molds-china.com\/fi\/\">muovimuotit<\/a><\/p><\/div>\n<p>Perustimme ulkomaiset markkinat vuonna 2005. Myyntitiimin ansiosta olemme pystyneet laajentamaan kapasiteettiamme ja edist\u00e4m\u00e4\u00e4n innovaatioita yrityksiss\u00e4mme. <strong>muovivalumuotit<\/strong> ja <strong>posliini muoviosat<\/strong> tuotelinjat.<\/p>\n<p>Meille laatu, toimitusaika, kohtuullinen hinta ja tarkkuus ovat t\u00e4rkeimpi\u00e4 !!!!<\/p>\n<p>Kutsumme sinut vilpitt\u00f6m\u00e4sti k\u00e4ym\u00e4\u00e4n tehtaallamme paikan p\u00e4\u00e4ll\u00e4 ja testaamaan meit\u00e4 ja n\u00e4kem\u00e4\u00e4n, miksi olemme paras sopiva kumppanisi tilaamalla joitakin tuotteita. <strong>ruiskuvalumuotit<\/strong> ja <strong>muovituotteet<\/strong>.<\/p>\n<p>Osoitteessa <strong>Olayer<\/strong>m\u00e4\u00e4rittelemme uudelleen standardit seuraavien tuotteiden m\u00e4\u00e4rittelylle, suunnittelulle, valmistukselle ja valmistukselle <strong>tarkkuus ruiskuvalumuotit<\/strong> ja <a href=\"https:\/\/www.molds-china.com\/fi\/muovin-ruiskuvalumuotti\/\"><strong>ruiskuvaletut muoviosat<\/strong><\/a>. Pyrimme jatkuvasti lyhent\u00e4m\u00e4\u00e4n l\u00e4pimenoaikoja, parantamaan suorituskyky\u00e4 ja auttamaan asiakkaitamme v\u00e4hent\u00e4m\u00e4\u00e4n tuotekehityksen kokonaiskustannuksia.<\/p>\n<p>Tietokoneavusteisesta suunnittelusta ja valmistustekniikasta k\u00e4ytt\u00e4miimme korkealaatuisiin viimeistelytekniikoihin, <strong>Olayer tarjoaa parhaan mahdollisen vastineen korkealaatuisessa <a href=\"https:\/\/www.molds-china.com\/fi\/\">r\u00e4\u00e4t\u00e4l\u00f6idyt ruiskuvalumuotit<\/a> ja mukautettu muovin ruiskuvalu<\/strong>.<\/p>\n<p>Vuonna 1999 Olayer Mold alkoi rakentaa <em><strong>muovin ruiskuvalumuotti<\/strong><\/em> ja tekem\u00e4ll\u00e4 <strong>ruiskuvaluprosessi<\/strong> muoviteollisuudelle.  Vuonna 2005 Olayer Mold muutti pienest\u00e4 rakennuksesta vastarakennettuun 6000 neli\u00f6metrin suuruiseen tilaansa Dongguaniin, Kiinaan, ja vuonna 2009 aloitti uuden tuotannon. <strong>muovi multaa yritys<\/strong> HuanYanissa, Zhejiangissa Kiinassa.<\/p>\n<p>Vuosien varrella Olayer Mold on noussut 10 parhaan joukkoon. <strong>muovimuotin valmistaja Kiina<\/strong> yritys.<\/p>\n<p>Vuonna 2007 Olayer Mold laajensi liiketoimintamalliaan ostamalla useita suuria muottien valmistukseen tarkoitettuja koneita.  T\u00e4m\u00e4 liiketoimintamme laajentaminen antaa meille malmikapasiteetin valmistaa enemm\u00e4n <strong>muovimuotit<\/strong> asiakkaan tarpeisiin.<\/p>\n<p>Jos tarvitset korkealaatuisia <a href=\"https:\/\/www.molds-china.com\/fi\/muovin-ruiskuvalumuotti-2\/\"><em><strong>muovin ruiskuvalumuotti<\/strong><\/em><\/a> ja <strong>muovin ruiskuvalupalvelu<\/strong>\u00a0jostain <strong><em>Ruiskuvalu Kiina<\/em><\/strong> Yritys tuotekehitykseen? Tarvitset nopean toimituksen, kilpailukykyisen hinnan, olemme yksi parhaista kumppaneistasi, jotta yrityksesi menestyisi paremmin. L\u00e4het\u00e4 meille vaatimuksesi, tarjoamme sinulle kahden ty\u00f6p\u00e4iv\u00e4n kuluessa.<\/p>\n\n\n<p><\/p>","protected":false},"excerpt":{"rendered":"<p>Plastic Injection Mould &amp;\u00a0Injection\u00a0molding China manufacturing Company We are a professional plastic injection mould and injection molding china company that services in plastic mold and injection molding manufacturing, is one of\u00a0 China mold manufacturer, established in 2015, Hao Yuan Xing Mold Co.ltd has grown to a full-service Plastic Injection Mould and injection moulding products in [&hellip;]<\/p>","protected":false},"author":1,"featured_media":0,"parent":0,"menu_order":0,"comment_status":"open","ping_status":"open","template":"","meta":{"_et_pb_use_builder":"","_et_pb_old_content":"","_et_gb_content_width":"","footnotes":""},"class_list":["post-12","page","type-page","status-publish","hentry"],"_links":{"self":[{"href":"https:\/\/www.molds-china.com\/fi\/wp-json\/wp\/v2\/pages\/12","targetHints":{"allow":["GET"]}}],"collection":[{"href":"https:\/\/www.molds-china.com\/fi\/wp-json\/wp\/v2\/pages"}],"about":[{"href":"https:\/\/www.molds-china.com\/fi\/wp-json\/wp\/v2\/types\/page"}],"author":[{"embeddable":true,"href":"https:\/\/www.molds-china.com\/fi\/wp-json\/wp\/v2\/users\/1"}],"replies":[{"embeddable":true,"href":"https:\/\/www.molds-china.com\/fi\/wp-json\/wp\/v2\/comments?post=12"}],"version-history":[{"count":0,"href":"https:\/\/www.molds-china.com\/fi\/wp-json\/wp\/v2\/pages\/12\/revisions"}],"wp:attachment":[{"href":"https:\/\/www.molds-china.com\/fi\/wp-json\/wp\/v2\/media?parent=12"}],"curies":[{"name":"wp","href":"https:\/\/api.w.org\/{rel}","templated":true}]}}