{"id":231,"date":"2014-08-04T21:47:46","date_gmt":"2014-08-04T13:47:46","guid":{"rendered":"http:\/\/hyx-mold.com\/?page_id=231"},"modified":"2016-06-06T17:20:45","modified_gmt":"2016-06-06T09:20:45","slug":"laatu","status":"publish","type":"page","link":"https:\/\/www.molds-china.com\/fi\/laatu\/","title":{"rendered":"Laatu"},"content":{"rendered":"<p><b>Laatu:<\/b><\/p>\n<p>Tehd\u00e4 hyv\u00e4\u00e4 <a title=\"muovimuotti\" href=\"http:\/\/www.plasticmoldco.com\" target=\"_blank\" rel=\"noopener\"><em><strong>muovimuotti<\/strong> <\/em><\/a>ja t\u00e4ytt\u00e4\u00e4 meid\u00e4n cusotmers tarvitaan meill\u00e4 on tiukka laadunvalvontamenettelyt, vaikka ajattelin viel\u00e4 ole t\u00e4ydellisyytt\u00e4, mutta olemme oppimassa meid\u00e4n cusotmers rehu takaisin ja parantaa sit\u00e4 aika ajoin, meid\u00e4n cusotmer on tyytyv\u00e4inen tekem\u00e4ll\u00e4 n\u00e4it\u00e4 laadunvalvontaj\u00e4rjestelmi\u00e4.<\/p>\n<p>Yleiset vaiheet, mukaan lukien seuraavat.<\/p>\n<p>Ty\u00f6kalupiirustus Suunnittelun tarkistus ennen l\u00e4hett\u00e4mist\u00e4 asiakkaalle<\/p>\n<p>Ty\u00f6kalupiirustuksen versio p\u00e4ivitet\u00e4\u00e4n ajoissa, jotta asiakkaalla on viimeisin versio, kun h\u00e4n l\u00e4hett\u00e4\u00e4 asiakirjan muotin kanssa.<\/p>\n<p>Suunnittelun validointi ja todentaminen<img loading=\"lazy\" decoding=\"async\" class=\"alignright  wp-image-1057\" src=\"https:\/\/www.molds-china.com\/wp-content\/uploads\/2016\/06\/P3120350-300x225.jpg\" alt=\"\" width=\"380\" height=\"285\" title=\"\" srcset=\"https:\/\/www.molds-china.com\/wp-content\/uploads\/2016\/06\/P3120350-300x225.jpg 300w, https:\/\/www.molds-china.com\/wp-content\/uploads\/2016\/06\/P3120350.jpg 640w\" sizes=\"(max-width: 380px) 100vw, 380px\" \/><\/p>\n<p>Koko riviaineiston saapumistarkastus<\/p>\n<p>Ensimm\u00e4inen homekokeen tarkastus<\/p>\n<p>Mittas\u00e4\u00e4d\u00f6n tarkastus ennen seuraavaa muotin kokeilua<\/p>\n<p>Koordinaattimittauskone (CMM)<\/p>\n<p>Projektorikone<\/p>","protected":false},"excerpt":{"rendered":"<p>Quality: To make good plastic mold and meet our cusotmers required we have tight quality control procedures, even thought still not perfection but we are learning from our cusotmers feed back\u00a0 and improve it from time to time, our cusotmer will be satisfied by doing those quality control systems. General steps including below. Tool drawing [&hellip;]<\/p>","protected":false},"author":1,"featured_media":0,"parent":0,"menu_order":0,"comment_status":"open","ping_status":"open","template":"","meta":{"_et_pb_use_builder":"","_et_pb_old_content":"","_et_gb_content_width":"","footnotes":""},"class_list":["post-231","page","type-page","status-publish","hentry"],"_links":{"self":[{"href":"https:\/\/www.molds-china.com\/fi\/wp-json\/wp\/v2\/pages\/231","targetHints":{"allow":["GET"]}}],"collection":[{"href":"https:\/\/www.molds-china.com\/fi\/wp-json\/wp\/v2\/pages"}],"about":[{"href":"https:\/\/www.molds-china.com\/fi\/wp-json\/wp\/v2\/types\/page"}],"author":[{"embeddable":true,"href":"https:\/\/www.molds-china.com\/fi\/wp-json\/wp\/v2\/users\/1"}],"replies":[{"embeddable":true,"href":"https:\/\/www.molds-china.com\/fi\/wp-json\/wp\/v2\/comments?post=231"}],"version-history":[{"count":0,"href":"https:\/\/www.molds-china.com\/fi\/wp-json\/wp\/v2\/pages\/231\/revisions"}],"wp:attachment":[{"href":"https:\/\/www.molds-china.com\/fi\/wp-json\/wp\/v2\/media?parent=231"}],"curies":[{"name":"wp","href":"https:\/\/api.w.org\/{rel}","templated":true}]}}