{"id":243,"date":"2014-08-06T19:14:58","date_gmt":"2014-08-06T11:14:58","guid":{"rendered":"http:\/\/hyx-mold.com\/?page_id=243"},"modified":"2018-01-02T13:34:48","modified_gmt":"2018-01-02T05:34:48","slug":"muotin-virtaus","status":"publish","type":"page","link":"https:\/\/www.molds-china.com\/fi\/suunnittelu\/muotin-virtaus\/","title":{"rendered":"Muotin virtaus"},"content":{"rendered":"<p><span style=\"color: #000000;\">Muotin virtausanalyysi kaikille muoteillemme sen j\u00e4lkeen, kun ty\u00f6kalupiirustus on valmis, koska t\u00e4m\u00e4 on jokainen siell\u00e4 ohjelmistossa analyysia varten, tietenkin, jos on jokin ongelma, kuten tuuletusongelma, ilmansulkuongelma, ep\u00e4tasapainon t\u00e4ytt\u00f6 jne., Sitten meid\u00e4n on teht\u00e4v\u00e4 pieni\u00e4 muutoksia ty\u00f6kalupiirustuksessa ty\u00f6kalupiirustuksen optimoimiseksi ja l\u00e4het\u00e4 asiakkaalle uusin versio.<\/span><\/p>\n<p><span style=\"color: #000000;\">K\u00e4yt\u00e4mme MOLDFLOW-ohjelmistoa, jolla on tekij\u00e4noikeudet.<\/span><\/p>\n<p><span style=\"color: #000000;\">Muotin virtausta koskevat yleiset tiedot<\/span><\/p>\n<p><span style=\"color: #000000;\">1. Materiaalitiedot, prosessiolosuhteet, mukaan lukien muotin l\u00e4mp\u00f6tila, sulan l\u00e4mp\u00f6tila, ruiskutusaika, MFR<\/span><\/p>\n<p><span style=\"color: #000000;\">2. Porttitasapaino ja kokoanalyysi.<\/span><\/p>\n<p><span style=\"color: #000000;\">3. J\u00e4\u00e4hdytystilan analyysi.<\/span><\/p>\n<p><span style=\"color: #000000;\">4. T\u00e4ytt\u00f6aika ja ruiskutuspaine, osuusnopeus, kutistuminen ja puristusvoiman analyysi,<\/span><\/p>\n<p><span style=\"color: #000000;\">5. Tuuletusongelmien analyysi, kuumien pisteiden analyysi, v\u00e4\u00e4ntymisanalyysi.<\/span><\/p>\n<p><em><strong><span style=\"color: #000000;\">Katso alla osa muottien virtausraportista<\/span><\/strong><\/em><\/p>\n<p><img loading=\"lazy\" decoding=\"async\" class=\"size-full wp-image-521 aligncenter\" src=\"https:\/\/www.molds-china.com\/wp-content\/uploads\/2014\/08\/mold-flow-00.jpg\" alt=\"muotin virtaus-00\" width=\"813\" height=\"480\" title=\"\" srcset=\"https:\/\/www.molds-china.com\/wp-content\/uploads\/2014\/08\/mold-flow-00.jpg 813w, https:\/\/www.molds-china.com\/wp-content\/uploads\/2014\/08\/mold-flow-00-300x177.jpg 300w\" sizes=\"(max-width: 813px) 100vw, 813px\" \/><\/p>\n<p><img loading=\"lazy\" decoding=\"async\" class=\"size-full wp-image-523 aligncenter\" src=\"https:\/\/www.molds-china.com\/wp-content\/uploads\/2014\/08\/mold-flow-01.jpg\" alt=\"muotin virtaus-01\" width=\"778\" height=\"480\" title=\"\" srcset=\"https:\/\/www.molds-china.com\/wp-content\/uploads\/2014\/08\/mold-flow-01.jpg 778w, https:\/\/www.molds-china.com\/wp-content\/uploads\/2014\/08\/mold-flow-01-300x185.jpg 300w\" sizes=\"(max-width: 778px) 100vw, 778px\" \/> <a href=\"https:\/\/www.molds-china.com\/wp-content\/uploads\/2014\/08\/mold-flow-02.jpg\"><img loading=\"lazy\" decoding=\"async\" class=\"size-full wp-image-524 aligncenter\" src=\"https:\/\/www.molds-china.com\/wp-content\/uploads\/2014\/08\/mold-flow-02.jpg\" alt=\"muotin virtaus-02\" width=\"828\" height=\"480\" title=\"\" srcset=\"https:\/\/www.molds-china.com\/wp-content\/uploads\/2014\/08\/mold-flow-02.jpg 828w, https:\/\/www.molds-china.com\/wp-content\/uploads\/2014\/08\/mold-flow-02-300x173.jpg 300w\" sizes=\"(max-width: 828px) 100vw, 828px\" \/><\/a> <a href=\"https:\/\/www.molds-china.com\/wp-content\/uploads\/2014\/08\/mold-flow-03.jpg\"><img loading=\"lazy\" decoding=\"async\" class=\"size-full wp-image-525 aligncenter\" src=\"https:\/\/www.molds-china.com\/wp-content\/uploads\/2014\/08\/mold-flow-03.jpg\" alt=\"muotin virtaus-03\" width=\"755\" height=\"480\" title=\"\" srcset=\"https:\/\/www.molds-china.com\/wp-content\/uploads\/2014\/08\/mold-flow-03.jpg 755w, https:\/\/www.molds-china.com\/wp-content\/uploads\/2014\/08\/mold-flow-03-300x190.jpg 300w\" sizes=\"(max-width: 755px) 100vw, 755px\" \/><\/a> <a href=\"https:\/\/www.molds-china.com\/wp-content\/uploads\/2014\/08\/mold-flow-04.jpg\"><img loading=\"lazy\" decoding=\"async\" class=\"size-full wp-image-526 aligncenter\" src=\"https:\/\/www.molds-china.com\/wp-content\/uploads\/2014\/08\/mold-flow-04.jpg\" alt=\"muotin virtaus-04\" width=\"771\" height=\"480\" title=\"\" srcset=\"https:\/\/www.molds-china.com\/wp-content\/uploads\/2014\/08\/mold-flow-04.jpg 771w, https:\/\/www.molds-china.com\/wp-content\/uploads\/2014\/08\/mold-flow-04-300x186.jpg 300w\" sizes=\"(max-width: 771px) 100vw, 771px\" \/><\/a> <a href=\"https:\/\/www.molds-china.com\/wp-content\/uploads\/2014\/08\/mold-flow-05.jpg\"><img loading=\"lazy\" decoding=\"async\" class=\"size-full wp-image-527 aligncenter\" src=\"https:\/\/www.molds-china.com\/wp-content\/uploads\/2014\/08\/mold-flow-05.jpg\" alt=\"muotin virtaus-05\" width=\"779\" height=\"480\" title=\"\" srcset=\"https:\/\/www.molds-china.com\/wp-content\/uploads\/2014\/08\/mold-flow-05.jpg 779w, https:\/\/www.molds-china.com\/wp-content\/uploads\/2014\/08\/mold-flow-05-300x184.jpg 300w\" sizes=\"(max-width: 779px) 100vw, 779px\" \/><\/a> <a href=\"https:\/\/www.molds-china.com\/wp-content\/uploads\/2014\/08\/mold-flow-06.jpg\"><img loading=\"lazy\" decoding=\"async\" class=\"size-full wp-image-528 aligncenter\" src=\"https:\/\/www.molds-china.com\/wp-content\/uploads\/2014\/08\/mold-flow-06.jpg\" alt=\"muotin virtaus-06\" width=\"771\" height=\"480\" title=\"\" srcset=\"https:\/\/www.molds-china.com\/wp-content\/uploads\/2014\/08\/mold-flow-06.jpg 771w, https:\/\/www.molds-china.com\/wp-content\/uploads\/2014\/08\/mold-flow-06-300x186.jpg 300w\" sizes=\"(max-width: 771px) 100vw, 771px\" \/><\/a> <a href=\"https:\/\/www.molds-china.com\/wp-content\/uploads\/2014\/08\/mold-flow-07.jpg\"><img loading=\"lazy\" decoding=\"async\" class=\"size-full wp-image-529 aligncenter\" src=\"https:\/\/www.molds-china.com\/wp-content\/uploads\/2014\/08\/mold-flow-07.jpg\" alt=\"muotin virtaus-07\" width=\"753\" height=\"480\" title=\"\" srcset=\"https:\/\/www.molds-china.com\/wp-content\/uploads\/2014\/08\/mold-flow-07.jpg 753w, https:\/\/www.molds-china.com\/wp-content\/uploads\/2014\/08\/mold-flow-07-300x191.jpg 300w\" sizes=\"(max-width: 753px) 100vw, 753px\" \/><\/a> <a href=\"https:\/\/www.molds-china.com\/wp-content\/uploads\/2014\/08\/mold-flow-08.jpg\"><img loading=\"lazy\" decoding=\"async\" class=\"size-full wp-image-530 aligncenter\" src=\"https:\/\/www.molds-china.com\/wp-content\/uploads\/2014\/08\/mold-flow-08.jpg\" alt=\"muotin virtaus-08\" width=\"747\" height=\"480\" title=\"\" srcset=\"https:\/\/www.molds-china.com\/wp-content\/uploads\/2014\/08\/mold-flow-08.jpg 747w, https:\/\/www.molds-china.com\/wp-content\/uploads\/2014\/08\/mold-flow-08-300x192.jpg 300w\" sizes=\"(max-width: 747px) 100vw, 747px\" \/><\/a> <a href=\"https:\/\/www.molds-china.com\/wp-content\/uploads\/2014\/08\/mold-flow-09.jpg\"><img loading=\"lazy\" decoding=\"async\" class=\"size-full wp-image-531 aligncenter\" src=\"https:\/\/www.molds-china.com\/wp-content\/uploads\/2014\/08\/mold-flow-09.jpg\" alt=\"muotin virtaus-09\" width=\"725\" height=\"480\" title=\"\" srcset=\"https:\/\/www.molds-china.com\/wp-content\/uploads\/2014\/08\/mold-flow-09.jpg 725w, https:\/\/www.molds-china.com\/wp-content\/uploads\/2014\/08\/mold-flow-09-300x198.jpg 300w\" sizes=\"(max-width: 725px) 100vw, 725px\" \/><\/a><\/p>\n<p>&nbsp;<\/p>\n<p>&nbsp;<\/p>\n<p>&nbsp;<\/p>\n<p>&nbsp;<\/p>","protected":false},"excerpt":{"rendered":"<p>Mold \u00a0flow analysis for all of our molds after tool drawing complete finished, because this is every there in software for analysis, of course if have some issue, like venting issue, air trap issue, unbalance filling etc, then we need do some small adjustment in tool drawing to optimize tool drawing, and send customer the [&hellip;]<\/p>","protected":false},"author":1,"featured_media":0,"parent":216,"menu_order":0,"comment_status":"open","ping_status":"open","template":"","meta":{"_et_pb_use_builder":"","_et_pb_old_content":"","_et_gb_content_width":"","footnotes":""},"class_list":["post-243","page","type-page","status-publish","hentry"],"_links":{"self":[{"href":"https:\/\/www.molds-china.com\/fi\/wp-json\/wp\/v2\/pages\/243","targetHints":{"allow":["GET"]}}],"collection":[{"href":"https:\/\/www.molds-china.com\/fi\/wp-json\/wp\/v2\/pages"}],"about":[{"href":"https:\/\/www.molds-china.com\/fi\/wp-json\/wp\/v2\/types\/page"}],"author":[{"embeddable":true,"href":"https:\/\/www.molds-china.com\/fi\/wp-json\/wp\/v2\/users\/1"}],"replies":[{"embeddable":true,"href":"https:\/\/www.molds-china.com\/fi\/wp-json\/wp\/v2\/comments?post=243"}],"version-history":[{"count":0,"href":"https:\/\/www.molds-china.com\/fi\/wp-json\/wp\/v2\/pages\/243\/revisions"}],"up":[{"embeddable":true,"href":"https:\/\/www.molds-china.com\/fi\/wp-json\/wp\/v2\/pages\/216"}],"wp:attachment":[{"href":"https:\/\/www.molds-china.com\/fi\/wp-json\/wp\/v2\/media?parent=243"}],"curies":[{"name":"wp","href":"https:\/\/api.w.org\/{rel}","templated":true}]}}