{"id":245,"date":"2014-08-06T19:15:54","date_gmt":"2014-08-06T11:15:54","guid":{"rendered":"http:\/\/hyx-mold.com\/?page_id=245"},"modified":"2018-01-02T13:34:33","modified_gmt":"2018-01-02T05:34:33","slug":"muotin-suunnittelu","status":"publish","type":"page","link":"https:\/\/www.molds-china.com\/fi\/suunnittelu\/muotin-suunnittelu\/","title":{"rendered":"Muotin suunnittelu"},"content":{"rendered":"<p>Onnistunut <a title=\"muovimuotti\" href=\"https:\/\/www.molds-china.com\/fi\/\"><em>muovimuotti<\/em><\/a> tulevat menestyneist\u00e4 <a title=\"muotin suunnittelu\" href=\"https:\/\/www.molds-china.com\/fi\/suunnittelu\/muotin-suunnittelu\/\">muotin suunnittelu<\/a>, jos ensimm\u00e4inen askel ei ole mennyt oikeaan suuntaan, niin ei ole v\u00e4li\u00e4 mit\u00e4 teet sen j\u00e4lkeen, kun olet rakentanut <a title=\"muovimuotti\" href=\"https:\/\/www.molds-china.com\/fi\/\"><em>muovimuotti<\/em><\/a>, silti huono home.<\/p>\n<p>Ennen muotin suunnittelun aloittamista teemme DFM-raportin n\u00e4ytt\u00e4m\u00e4\u00e4n asiakkaalle ja saamme asiakkaan hyv\u00e4ksynn\u00e4n, kaikki ty\u00f6kalupiirustuksen suunnittelu noudatamme asiakkaan standardeja,<\/p>\n<p>Yleiset vaiheet alla .<\/p>\n<p>DFM-raportti, jossa keskustellaan ensin mahdollisesta ongelmasta.<\/p>\n<p>tarkastella osan suunnittelua hyv\u00e4n purunpoiston ja helpon muotoilun varmistamiseksi, antaa joitakin ehdotuksia, kun on kysymys siit\u00e4, ett\u00e4 osan suunnittelu on optimaalinen.<\/p>\n<p>Aloita 2D-ty\u00f6kalun suunnittelu hyv\u00e4ksytyn DFM-raportin mukaan, l\u00e4het\u00e4 2D-ty\u00f6kalupiirustus asiakkaalle ja huomautti joitakin avoimia kysymyksi\u00e4, jotta asiakkaalla on kaksinkertainen tarkistus ty\u00f6kalupiirustuksen suunnittelun optimoimiseksi.<\/p>\n<p>Aloita 3D-ty\u00f6kalun suunnittelu asiakkaan hyv\u00e4ksym\u00e4n 2D:n j\u00e4lkeen.<\/p>\n<p>Tee Mold Flow -analyysi koko 3D-ty\u00f6kalupiirustuksen kanssa asiakkaan hyv\u00e4ksynn\u00e4n j\u00e4lkeen, jotta voit optimoida porttialueen, j\u00e4\u00e4hdytystilan, ilmanpoiston ongelman, v\u00e4\u00e4ntymisen jne. ehk\u00e4 tehd\u00e4 pieni\u00e4 muutoksia muotin virtausehdotuksen mukaan porttien tai j\u00e4\u00e4hdytyksen jne. varten.<a href=\"https:\/\/www.molds-china.com\/wp-content\/uploads\/2016\/06\/Mold-design.jpg\"><br \/>\n<\/a><\/p>\n<p>&nbsp;<\/p>\n<p>&nbsp;<\/p>","protected":false},"excerpt":{"rendered":"<p>A successful plastic mold come from successful mold design, if first step have not go to the right direction then no matter what you do after you build the plastic mould, still poor mold. Before mold design started we will make DFM report to show customer and get approved from customer, all of tool drawing [&hellip;]<\/p>","protected":false},"author":1,"featured_media":0,"parent":216,"menu_order":0,"comment_status":"open","ping_status":"open","template":"","meta":{"_et_pb_use_builder":"","_et_pb_old_content":"","_et_gb_content_width":"","footnotes":""},"class_list":["post-245","page","type-page","status-publish","hentry"],"_links":{"self":[{"href":"https:\/\/www.molds-china.com\/fi\/wp-json\/wp\/v2\/pages\/245","targetHints":{"allow":["GET"]}}],"collection":[{"href":"https:\/\/www.molds-china.com\/fi\/wp-json\/wp\/v2\/pages"}],"about":[{"href":"https:\/\/www.molds-china.com\/fi\/wp-json\/wp\/v2\/types\/page"}],"author":[{"embeddable":true,"href":"https:\/\/www.molds-china.com\/fi\/wp-json\/wp\/v2\/users\/1"}],"replies":[{"embeddable":true,"href":"https:\/\/www.molds-china.com\/fi\/wp-json\/wp\/v2\/comments?post=245"}],"version-history":[{"count":0,"href":"https:\/\/www.molds-china.com\/fi\/wp-json\/wp\/v2\/pages\/245\/revisions"}],"up":[{"embeddable":true,"href":"https:\/\/www.molds-china.com\/fi\/wp-json\/wp\/v2\/pages\/216"}],"wp:attachment":[{"href":"https:\/\/www.molds-china.com\/fi\/wp-json\/wp\/v2\/media?parent=245"}],"curies":[{"name":"wp","href":"https:\/\/api.w.org\/{rel}","templated":true}]}}