{"id":4,"date":"2014-08-02T17:16:35","date_gmt":"2014-08-02T09:16:35","guid":{"rendered":"http:\/\/hyx-mold.com\/?page_id=4"},"modified":"2022-03-06T16:06:39","modified_gmt":"2022-03-06T08:06:39","slug":"home","status":"publish","type":"page","link":"https:\/\/www.molds-china.com\/fi\/","title":{"rendered":"Etusivu"},"content":{"rendered":"<h1 class=\"wp-block-heading\"><strong>Muottien valmistajat Kiinassa<\/strong>&#8211;<strong>Mukautettu ruiskuvaluprosessi<\/strong><\/h1>\n\n\n\n<p>Valitsemalla <strong>muottien valmistajat Kiinassa<\/strong> kasvattaa liiketoimintasi markkinoita on paras vaihtoehto.<\/p>\n\n\n\n<p>Muoviset ruiskuvalumuotit ovat v\u00e4ltt\u00e4m\u00e4tt\u00f6mi\u00e4 ruiskuvalettujen osien valmistuksessa, joita k\u00e4ytet\u00e4\u00e4n joissakin yrityksiss\u00e4 ymp\u00e4ri maailmaa. Liikemiehet luottavat niihin p\u00e4ivitt\u00e4isess\u00e4 muovituotteiden tuotannossa, kuten laatikkomuottien, kotitalousmuovimuottien, pakkausmuottien, kodinkonemuottien, autojen muottien ja vastaavien tuotannossa.<\/p>\n\n\n\n<p>Muovitavaroita k\u00e4ytet\u00e4\u00e4n yleisesti maailmanlaajuisesti, ja ihmiset nauttivat niiden k\u00e4yt\u00f6st\u00e4. On olemassa useita <strong>muottien valmistajat<\/strong> joihin voi joutua kosketuksiin useimmilla maailman alueilla, my\u00f6s Kiinassa. Voit hakea l\u00e4pi sivuston ja l\u00f6yt\u00e4\u00e4 kuormia niit\u00e4 useita <strong>Kiina muovi ruiskuvalumuottien valmistajat<\/strong> Google<\/p>\n\n\n\n<div class=\"wp-block-image\"><figure class=\"alignleft is-resized\"><img loading=\"lazy\" decoding=\"async\" src=\"https:\/\/www.molds-china.com\/wp-content\/uploads\/2019\/08\/China-Mold-Company.jpg\" alt=\"Kiina Mold Company\" class=\"wp-image-22489\" width=\"283\" height=\"167\" title=\"\" srcset=\"https:\/\/www.molds-china.com\/wp-content\/uploads\/2019\/08\/China-Mold-Company.jpg 424w, https:\/\/www.molds-china.com\/wp-content\/uploads\/2019\/08\/China-Mold-Company-300x177.jpg 300w\" sizes=\"(max-width: 283px) 100vw, 283px\" \/><figcaption>Kiina Mold Company<\/figcaption><\/figure><\/div>\n\n\n\n<p>Kiina on yksi maailman suurimmista talouksista. Sen bruttokansantuote (BKT) on 10 088 henke\u00e4 kohti (nimellinen) ($) vuonna 2018. Jos olet aloittamassa uutta hanketta, johon liittyy mukautettuja <a href=\"https:\/\/www.molds-china.com\/fi\/muovin-ruiskuvalumuotti-2\/\" target=\"_blank\" rel=\"noreferrer noopener\"><strong><em>muovi ruiskuvalumuotti<\/em><\/strong><\/a> tai mittatilausty\u00f6n\u00e4 valettuja osia, voit k\u00e4\u00e4nty\u00e4 maailman johtavan talouden puoleen t\u00e4n\u00e4\u00e4n, ja se tarkoittaa, ett\u00e4 <strong>Kiina Muotti. <\/strong>Toisena Amerikan yhdysvaltojen j\u00e4lkeen.<\/p>\n\n\n\n<p>Suuri liikemies alkaa l\u00f6yt\u00e4\u00e4 hyv\u00e4 <strong>ruiskuvaluyritykset Kiinassa<\/strong> niiden muotituotteiden osalta. Yritystoiminnan aloittamiseen liittyy etuja ja haittoja, ja sinun on varmistettava, ett\u00e4 kaikki on kunnossa, jotta yrityksesi toimisi. Yksi niist\u00e4 on oikeiden tuotteiden ja oikeiden <strong>Kiina muotin tekeminen yritys<\/strong> toimittajana.<\/p>\n\n\n\n<p>Kuvittele, kuinka vaikeaa on aloittaa liiketoiminta, ja oikean Kiinan mukautetun muovin ruiskuvalun valmistajan l\u00f6yt\u00e4minen valintojen merest\u00e4 voi joskus olla niin turhauttavaa. Voit rajata hakua ja pit\u00e4\u00e4 hauskaa.<\/p>\n\n\n\n<p>Yritystoiminnan aloittamisen pit\u00e4isi olla helppoa ja miellytt\u00e4v\u00e4\u00e4 samaan aikaan. Voit ottaa aikaa valitsemalla yrityksellesi parhaan mahdollisen vaihtoehdon ja nauttia my\u00f6hemmin sen hedelm\u00e4llisest\u00e4 lopputuloksesta.<\/p>\n\n\n\n<h2 class=\"wp-block-heading\">Kiina muovi ruiskuvalumuottien valmistajat<\/h2>\n\n\n\n<p>Katsokaamme nyt Kiinan laajuutta.<\/p>\n\n\n\n<p>Kiina on yksi maailman suurimmista tuotantokapasiteetista ja my\u00f6s yksi suurimmista maista. Se on Aasian toiseksi suurin maa, ja sen v\u00e4kiluku oli 1,379 miljardia vuonna 2016. Siell\u00e4 on monia <strong><em>Muottien valmistajat Kiinassa<\/em><\/strong> kuten voitte n\u00e4hd\u00e4 internetist\u00e4.<\/p>\n\n\n\n<p>Joillakin niist\u00e4 on hyvi\u00e4 arvosteluja ja ne ovat olleet vakiintuneita jo vuosia, ja jotkut niist\u00e4 ovat juuri aloittaneet, eik\u00e4 niill\u00e4 ole tarpeeksi taitoja kilpailla maailman suurimpien markkinointistrategioiden kanssa. Joten, miten l\u00f6yd\u00e4t hyv\u00e4n <strong>Kiina muovi muotti tehdas<\/strong>? T\u00e4ss\u00e4 on joitakin ehdotuksia, jotka voivat auttaa sinua l\u00f6yt\u00e4m\u00e4\u00e4n sopivia kumppaneita ja <strong>Kiina muovi ruiskuvalumuottien valmistajat<\/strong>.<\/p>\n\n\n\n<h3 class=\"wp-block-heading\"><strong>Miten l\u00f6yt\u00e4\u00e4 hyv\u00e4 ruiskuvalumuotin valmistaja Kiinassa<\/strong>?<\/h3>\n\n\n\n<p>Ensinn\u00e4kin sinun on otettava huomioon saatavuus <strong>Kiina ruiskuvalumuottien valmistaja<\/strong>. Vastaako h\u00e4n heti, kun otat h\u00e4neen yhteytt\u00e4 ja kysyt h\u00e4nelt\u00e4 jotakin?<\/p>\n\n\n\n<p>Kun esimerkiksi haluat tiet\u00e4\u00e4 lis\u00e4\u00e4 heid\u00e4n tuotteistaan ja asianmukaisista arvioista asioista, joita harkitset ostavasi, ovatko he aina valmiita vastaamaan soittoosi tai antamaan nopean vastauksen s\u00e4hk\u00f6postitse?<\/p>\n\n\n\n<p>Ensimm\u00e4inen ehdotus olisi siis etsi\u00e4 <strong>Kiina ruiskuvalumuotin valmistaja<\/strong> joka on aina k\u00e4ytett\u00e4viss\u00e4, asiakaspalveluhenkinen ja aina valmis auttamaan sinua valinnoissasi, koska tied\u00e4t, ett\u00e4 ty\u00f6skentelet yhdess\u00e4 <em>Kiina muovi muovivalu yritys<\/em> tuhansien kilometrien p\u00e4\u00e4ss\u00e4 maastasi, nopea vastaus on eritt\u00e4in hy\u00f6dyllinen, jotta ty\u00f6 pysyy ajantasaisena ajoissa.<\/p>\n\n\n\n<p>Toinen ehdotus on, ett\u00e4 sinun on etsitt\u00e4v\u00e4 kiinalainen muovin ruiskuvaluvalmistaja, joka tarjoaa laajan valikoiman laadukkaita ruiskuvalumuotteja\/valettuja tuotteita kohtuulliseen hintaan. Ota huomioon my\u00f6s, jos niiden tarjoamat tuotteet vastaavat aloittelevien liiketoimintasi tarpeita.<\/p>\n\n\n\n<p>Kolmas ehdotus on varmistaa, ett\u00e4 n\u00e4iden tuotteiden k\u00e4sittelyss\u00e4 k\u00e4ytett\u00e4v\u00e4t laitteet ovat asianmukaisia. <strong>Injektio<\/strong> <strong>muovimuotit <\/strong>ovat viimeisint\u00e4 tekniikkaa, jotta voidaan tuottaa pitk\u00e4ik\u00e4isi\u00e4 ja kest\u00e4vi\u00e4 tuloksia, ei koskaan vain n\u00e4hd\u00e4 hinta, hinta on liian alhainen, niin muotit sinulla ei ehk\u00e4 pysty k\u00e4ynniss\u00e4 hyvin, kun otat <strong>Kiina ruiskuvalumuotti<\/strong> takaisin tehtaallesi, kuten tied\u00e4t, riippumatta siit\u00e4, kuinka alhainen hinta on, he tarvitsevat silti voittoa, kohtuullinen hinta, hyv\u00e4 laatu ja hyv\u00e4 palvelu ovat aina paras valinta sinulle, pid\u00e4 t\u00e4m\u00e4 kohta mieless\u00e4si voi olla turvavy\u00f6 ty\u00f6matkasi aikana.<\/p>\n\n\n\n<div class=\"wp-block-image\"><figure class=\"alignright size-large\"><a href=\"https:\/\/www.molds-china.com\/wp-content\/uploads\/2021\/05\/Injection-molding-china.jpg\"><img loading=\"lazy\" decoding=\"async\" width=\"400\" height=\"300\" src=\"https:\/\/www.molds-china.com\/wp-content\/uploads\/2021\/05\/Injection-molding-china.jpg\" alt=\"Ruiskuvalu Kiina\" class=\"wp-image-22622\" title=\"\" srcset=\"https:\/\/www.molds-china.com\/wp-content\/uploads\/2021\/05\/Injection-molding-china.jpg 400w, https:\/\/www.molds-china.com\/wp-content\/uploads\/2021\/05\/Injection-molding-china-300x225.jpg 300w\" sizes=\"(max-width: 400px) 100vw, 400px\" \/><\/a><figcaption>Ruiskuvalu Kiina<\/figcaption><\/figure><\/div>\n\n\n\n<p>Lopuksi, sinun on ehk\u00e4 katsottava katsomalla <strong>Kiina injektio muotin valmistaja<\/strong> kohtaus, ottaa n\u00e4k\u00f6inen mukautetun muovimuotit he ovat tehneet ennen ja t\u00e4ll\u00e4 hetkell\u00e4, t\u00e4m\u00e4 on helppo tapa tarkistaa niiden laatu ja kapasiteetti, jos voi t\u00e4ytt\u00e4\u00e4 vaatimuksesi. Kun olet tyytyv\u00e4inen kaikkeen, voit valita yhden kuin sinun <strong>Kiina ruiskuvalumuotti<\/strong> ja valutoimittaja.<\/p>\n\n\n\n<p>Valita sopiva <strong>Kiina muovi ruiskuvalumuottien valmistajat<\/strong> ei ole helppoa, jos haluat l\u00f6yt\u00e4\u00e4 oikea <strong>muovin ruiskuvalu Kiina<\/strong> yritys on jopa vaikeampaa kuin paikallisen muotin toimittajan ja muoviosien valmistajan l\u00f6yt\u00e4minen, koska viestint\u00e4 on peruskysymys, englantia puhuvan henkil\u00f6n l\u00f6yt\u00e4minen ei ole niin vaikeaa, mutta l\u00f6yt\u00e4\u00e4 asiantuntijan tekninen tausta, jolla on hyv\u00e4 englanninkielinen taito, jota ei ole helppo l\u00f6yt\u00e4\u00e4.<\/p>\n\n\n\n<p>Jos haluat valmistaa laadukkaita ruiskuvalumuotteja tai ruiskuvalutuotteita, sinun on l\u00f6ydett\u00e4v\u00e4 A <strong>Kiina muovi muotti tehdas<\/strong> joka on ammattimainen sek\u00e4 viestint\u00e4- ett\u00e4 tekniikan alalla, vain hyv\u00e4 englanti, mutta huono tekninen on vaikea kommunikoida tai jopa menn\u00e4 v\u00e4\u00e4r\u00e4lle puolelle, jos haluat tehd\u00e4 yrityksesi menestyksekk\u00e4\u00e4ksi kiinalaisen muovausyrityksen kanssa, n\u00e4m\u00e4 kohdat ovat turvallisuus projektisi menestykselle, sinun on otettava hyvin huolellisesti valittu kiinalainen muoviruiskuvalumuotti \/ muovausvalmistaja, kun l\u00f6yd\u00e4t oikean kumppanin, jokainen kova ty\u00f6 kannattaa.<\/p>\n\n\n\n<p>Jos etsit <strong>muottien valmistajat Kiinassa<\/strong>? Olemme yksi parhaista vaihtoehdoistasi; voit ottaa meid\u00e4t tietokantaasi ja analysoida my\u00f6hemmin, myynnill\u00e4mme on yli 6 vuotta teknist\u00e4 taitoa, he ty\u00f6skenteliv\u00e4t muotinvalmistajasta, muotin suunnittelusta, projektinhallinnasta ja myynnist\u00e4, joten myyntihenkil\u00f6mme ovat p\u00e4tevi\u00e4 menestym\u00e4\u00e4n liiketoimintasi nopeasti ja sujuvasti. voisit ottaa yhteytt\u00e4 meihin s\u00e4hk\u00f6postitse.<\/p>\n\n\n\n<h3 class=\"wp-block-heading\"><strong>Ty\u00f6skennelless\u00e4si kanssamme saat joitakin etuja.<\/strong><\/h3>\n\n\n\n<ul class=\"wp-block-list\"><li>Saamme eritt\u00e4in edullisia tuotteita, taattu asiakastyytyv\u00e4isyys, asiantuntijatiimimme ratkaisee kaikki ongelmat kokonaan.<\/li><li>Sujuva englanninkielinen viestint\u00e4, jolla on 18 vuoden tekninen kokemus muottien valmistuksesta ja muottien tuotannosta.<\/li><li>Yhden luukun palvelua osan suunnittelussa, muottien suunnittelussa, muottien valmistuksessa, massiivisessa tuotannossa, maalauksessa, silkkipainatuksessa, pinnoituksessa, kokoonpanossa ja toimituksessa suoraan sinulle.<\/li><li>Nopea toimitusaika, 15 p\u00e4iv\u00e4\u00e4 pienille osille.<\/li><li>Yht\u00e4 edullinen kuin <strong>$ 650<\/strong> osoitteessa <strong>mukautetun muotin valmistus<\/strong> s\u00e4\u00e4st\u00e4\u00e4 alkuper\u00e4isen investointisi.<\/li><\/ul>\n\n\n\n<p>Tervetuloa testaamaan meit\u00e4 ja soittamaan meille puhumaan, voimme olla paras kumppanisi mukautetussa muovimuotissa ja muovin ruiskuvalupalvelussa.<\/p>\n\n\n\n<h3 class=\"wp-block-heading\"><strong>Miten ty\u00f6skennell\u00e4 Kiinan muovin ruiskuvalumuotin valmistajan &amp; yrityksen kanssa?<\/strong>?<\/h3>\n\n\n\n<p>Kun lopetat toisen vaiheen, sinun on valittava se, joka toimii, jotta voit aloittaa, jotta sinulla voi olla harmoninen suhde uuden ihmisen kanssa.<strong> Kiina muovin ruiskuvaluprosessin valmistaja<\/strong>. Ensimm\u00e4isen\u00e4 on otettava huomioon maksuehdot. Maksaminen ajallaan sovitun mukaisesti pit\u00e4\u00e4 liiketoiminnan sujuvana ja helppona.<\/p>\n\n\n\n<p>Sopimuksessa olisi mainittava maksuehdot, sinun vastuusi ja heid\u00e4n vastuunsa. Se on kuin toimittajien tapaaminen puoliv\u00e4liss\u00e4. Huomaa my\u00f6s, ett\u00e4 jos toimittajillasi on yleens\u00e4 muitakin asiakkaita hoidettavana, voi olla tilanteita, joissa joitakin asioita ei voida hoitaa heti.<\/p>\n\n\n\n<p>Toiseksi, varmistaaksesi, ett\u00e4 <strong>muovimuotin valmistus<\/strong> on aikataulussa, kysy\u00e4 teid\u00e4n <em>Kiina muotti <\/em>toimittaja tehd\u00e4 muotin valmistuksen aikasuunnitelma ja muotin kokeilun lyijy aikataulu, pyyd\u00e4 heit\u00e4 l\u00e4hett\u00e4m\u00e4\u00e4n sinulle viikoittainen raportti valmistuskuvilla joka viikko, t\u00e4m\u00e4 voisi olla turvallisempi tapa pit\u00e4\u00e4 aikajana, kun jokin ongelma tapahtui, voit selvitt\u00e4\u00e4 siit\u00e4. <strong>muottien valmistus<\/strong> kuvia, koska et voi pit\u00e4\u00e4 heit\u00e4 silm\u00e4ll\u00e4 joka p\u00e4iv\u00e4, koska olet tuhansien kilometrien p\u00e4\u00e4ss\u00e4.<\/p>\n\n\n\n<p>Lue lis\u00e4\u00e4 markkinapaikasta ja sovita yhteen seuraavien tahojen kanssa <strong>Kiina muovi muotti tehdas<\/strong>, kun sinulla on kysytt\u00e4v\u00e4\u00e4 ja selvent\u00e4v\u00e4\u00e4 tietoa heid\u00e4n tuotteistaan tai palveluistaan. N\u00e4m\u00e4 ovat joitakin tapoja varmistaa parempi yhteisymm\u00e4rrys ja pit\u00e4\u00e4 ty\u00f6suhteenne sujuvana ja menestyksekk\u00e4\u00e4n\u00e4.<\/p>\n\n\n\n<p>Olemme valmiita kuulemaan vastaamasta tiedusteluusi, ota meihin yhteytt\u00e4 nyt s\u00e4hk\u00f6postitse. <a href=\"mailto:sales@molds-china.com\" rel=\"noreferrer noopener\" target=\"_blank\">sales@molds-china.com<\/a><\/p>\n\n\n\n<div class=\"wp-block-image\"><figure class=\"alignleft size-large\"><a href=\"https:\/\/www.molds-china.com\/wp-content\/uploads\/2021\/05\/mold-manufacturer-China.jpg\"><img loading=\"lazy\" decoding=\"async\" width=\"400\" height=\"300\" src=\"https:\/\/www.molds-china.com\/wp-content\/uploads\/2021\/05\/mold-manufacturer-China.jpg\" alt=\"Mold valmistaja Kiinassa\" class=\"wp-image-22623\" title=\"\" srcset=\"https:\/\/www.molds-china.com\/wp-content\/uploads\/2021\/05\/mold-manufacturer-China.jpg 400w, https:\/\/www.molds-china.com\/wp-content\/uploads\/2021\/05\/mold-manufacturer-China-300x225.jpg 300w\" sizes=\"(max-width: 400px) 100vw, 400px\" \/><\/a><figcaption>Mold valmistaja Kiinassa<\/figcaption><\/figure><\/div>\n\n\n\n<h3 class=\"wp-block-heading\">Tarjoamme sinulle korkealaatuista ja kilpailukykyist\u00e4 hintaa Custom Plastic Injection Mold &amp; Moldingille<\/h3>\n\n\n\n<p>Kuluttajat eiv\u00e4t ole varmoja siit\u00e4, ett\u00e4 he saavat kehittyneimm\u00e4t ruiskuvalumuotit. Niit\u00e4 tarvitaan heid\u00e4n projektinsa eritelmien toteuttamisessa.<\/p>\n\n\n\n<p>Dongguan Olayer Technology Co.ltd (HAO YUAN XING Mold Co., Ltd muutti nimens\u00e4 Sincere lokakuussa 2020) luottaa siihen, ett\u00e4 se t\u00e4ytt\u00e4\u00e4 asiakkaiden projektin haastavimmat vaatimukset. Olayer <strong>Kiina injektio multaa tehdas<\/strong> tarjoaa my\u00f6s laadukasta asiakaspalvelua sek\u00e4 kilpailukykyisen ja kohtuuhintaisen hinnan.<\/p>\n\n\n\n<p><strong>Yritykseen luottamisesta saat seuraavia etuja:<\/strong><\/p>\n\n\n\n<ul class=\"wp-block-list\"><li>Muovimuottien\/muottiosien ominaisuudet ovat eritt\u00e4in edullisia ja tehokkaita markkinointialalla.<\/li><li>Henkil\u00f6kunnan vertaansa vailla olevan asiantuntemuksen ansiosta asiakkaille taataan t\u00e4ydellinen tyytyv\u00e4isyys.<\/li><li>Suurin osa huolista j\u00e4\u00e4 henkil\u00f6kunnalle, sill\u00e4 ty\u00f6t hoidetaan lyhyess\u00e4 ajassa.<\/li><li>Asiakkaiden erityisvaatimukset t\u00e4ytet\u00e4\u00e4n valmistustasojen osalta.<\/li><li>Edistyksellisint\u00e4 muovimuottiprosessia esitell\u00e4\u00e4n lis\u00e4\u00e4. Osan suunnittelu analysoidaan ensin DFM-raportilla.<\/li><li>muotti on 100% t\u00e4ytt\u00e4\u00e4 asiakkaiden laatuvaatimukset.<\/li><li>Uusien ruiskuvalumuottien ja muutosten kustannukset ovat kohtuulliset. T\u00e4ysin ajattelu asiakkaan puolella.<\/li><li>ISO9001-sertifikaatti, jos se on hyv\u00e4ksytty.<\/li><\/ul>\n\n\n\n<h4 class=\"wp-block-heading\">Muovin ruiskuvalumuotin \/ muovauspalvelun edut.<\/h4>\n\n\n\n<ul class=\"wp-block-list\"><li>Ty\u00f6ntekij\u00e4t olivat hyvin koulutettuja tarjoamaan hankkeelle laadukasta palvelua.<\/li><li>Ruiskuvaluty\u00f6kalujen insin\u00f6\u00f6ri, suunnitteluinsin\u00f6\u00f6ri, merenkulku- ja muotinvalmistusprosessin johtaja yhdist\u00e4v\u00e4t taitonsa asiakkaiden taatun tyytyv\u00e4isyyden t\u00e4ytt\u00e4misess\u00e4.<\/li><li>Yritys vastaa asiakkaiden vaatimuksiin, kuten muottien optimointiin sek\u00e4 ajan ja kustannusten s\u00e4\u00e4st\u00e4miseen ennen massiivista tuotantoa.<\/li><li>Tehokkaita hallintatekniikoita k\u00e4ytet\u00e4\u00e4n asiakkaiden onnistuneiden hankkeiden toteuttamiseen.<\/li><li>Muottiin liittyvi\u00e4 kysymyksi\u00e4 analysoidaan ja parannetaan asiakkaiden eritelmien ja vaatimusten t\u00e4ytt\u00e4miseksi, 100%-takuu.<\/li><li>Ongelmat luokitellaan ratkaisun esitt\u00e4mist\u00e4 varten.<\/li><li>Parasta ratkaisua ehdotetaan tietyiss\u00e4 kysymyksiss\u00e4 muotin kustannusten ja massiivisten tuotantokustannusten v\u00e4hent\u00e4miseksi.<\/li><\/ul>\n\n\n\n<p>Olayeriin luotetaan organisaationa, joka pit\u00e4\u00e4 kiinni tuotantostandardeistaan. Se esittelee tehokkaan j\u00e4rjestelm\u00e4ns\u00e4, joka on osa suunnittelun, k\u00e4sittelyn ja toimituksen l\u00e4hestymistapaa!<\/p>\n\n\n\n<p>Ota yhteytt\u00e4 tai l\u00e4het\u00e4 s\u00e4hk\u00f6postia osoitteeseen <a href=\"mailto:sales@molds-china.com\" rel=\"noreferrer noopener\" target=\"_blank\">sales@molds-china.com<\/a> saada tarjouksen vaatimuksistasi seuraavissa asioissa <strong>mukautetun muovimuotin ja mukautetun ruiskuvalupalvelun valmistuspalvelu<\/strong><\/p>\n\n\n\n<p>Jos etsit <strong>muottien valmistajat Kiinassa<\/strong> niin olet tullut oikeaan paikkaan. Yrityksemme on ammattimainen <a href=\"https:\/\/www.molds-china.com\/fi\/\" target=\"_blank\" rel=\"noreferrer noopener\"><strong>Kiina muotin valmistaja<\/strong><\/a> tuottaa korkealaatuisia, kehitettyj\u00e4 ruiskuvalumuotteja ja valettuja osia edulliseen hintaan.<\/p>\n\n\n\n<p>Meill\u00e4 on yli 16 vuoden kokemus t\u00e4lt\u00e4 alueelta autojen muottien, kodinkoneiden muottien jne. valmistamisesta. Olemme sopiva <strong>Kiina muotin tekeminen yritys<\/strong> tarjoaa sinulle parhaan hinnan laadukkailla ruiskuvalumuoteilla ja muovinvalupalveluilla alueella (vertaa saman luokan muottitoimittajaan). Toimitamme<em> muotit ja ruiskuvaletut muoviosat <\/em>yrityksille maailmanlaajuisesti.<\/p>\n\n\n\n<p>Onko projektisi valmis tekem\u00e4\u00e4n muovin ruiskuvalumuotteja ja muovausosia? Ota meihin yhteytt\u00e4 nyt saadaksesi tarjouksen 24 tunnin kuluessa.<\/p>","protected":false},"excerpt":{"rendered":"<p>Mold Manufacturers In China&#8211;Custom Injection Molding Choosing mold manufacturers in China to increase your business market will be the best option. Plastic Injection molds are essential in producing injection moulded parts used for some businesses around the world. Businessmen are relying on these for their day to day production of plastics products such as crate [&hellip;]<\/p>","protected":false},"author":1,"featured_media":0,"parent":0,"menu_order":0,"comment_status":"open","ping_status":"open","template":"","meta":{"_et_pb_use_builder":"","_et_pb_old_content":"","_et_gb_content_width":"","footnotes":""},"class_list":["post-4","page","type-page","status-publish","hentry"],"_links":{"self":[{"href":"https:\/\/www.molds-china.com\/fi\/wp-json\/wp\/v2\/pages\/4","targetHints":{"allow":["GET"]}}],"collection":[{"href":"https:\/\/www.molds-china.com\/fi\/wp-json\/wp\/v2\/pages"}],"about":[{"href":"https:\/\/www.molds-china.com\/fi\/wp-json\/wp\/v2\/types\/page"}],"author":[{"embeddable":true,"href":"https:\/\/www.molds-china.com\/fi\/wp-json\/wp\/v2\/users\/1"}],"replies":[{"embeddable":true,"href":"https:\/\/www.molds-china.com\/fi\/wp-json\/wp\/v2\/comments?post=4"}],"version-history":[{"count":0,"href":"https:\/\/www.molds-china.com\/fi\/wp-json\/wp\/v2\/pages\/4\/revisions"}],"wp:attachment":[{"href":"https:\/\/www.molds-china.com\/fi\/wp-json\/wp\/v2\/media?parent=4"}],"curies":[{"name":"wp","href":"https:\/\/api.w.org\/{rel}","templated":true}]}}