{"id":50,"date":"2014-08-03T17:49:44","date_gmt":"2014-08-03T09:49:44","guid":{"rendered":"http:\/\/hyx-mold.com\/?page_id=50"},"modified":"2019-10-22T13:50:39","modified_gmt":"2019-10-22T05:50:39","slug":"muovimuotti","status":"publish","type":"page","link":"https:\/\/www.molds-china.com\/fi\/muovimuotti\/","title":{"rendered":"Muovimuotti"},"content":{"rendered":"<h1>Tarjoamme korkealaatuisia&nbsp;<strong>muovimuotin valmistaja<\/strong> kilpailukykyiseen hintaan<\/h1>\n<p>Etsitk\u00f6 luotettavaa <strong><a href=\"https:\/\/www.molds-china.com\/fi\/\">muovimuotti ja muovaus yritys<\/a><\/strong> Kiinasta, joka tarjoaa innovatiivisia ratkaisuja yritystoimintaan liittyviin muotteihin? Olemme edell\u00e4k\u00e4vij\u00e4 ratkaisujen tarjoamisessa vuonna <span style=\"color: #000000;\"><em><a title=\"muovimuotit\" href=\"https:\/\/www.molds-china.com\/fi\/muovimuotti\/\"><span style=\"color: #000000;\">muovimuotit<\/span><\/a><\/em><\/span> teollisuudessa, ja valmistamme ruiskuvalumuotteja, jotka vaihtelevat v\u00e4lill\u00e4 <span style=\"color: #000000;\"><span style=\"color: #000000;\"><a href=\"https:\/\/www.molds-china.com\/fi\/\"><strong>autoteollisuuden muotti<\/strong><\/a>, kodinkoneiden muotit&nbsp;<\/span><\/span>jne.<\/p>\n<p>Olemme toimineet t\u00e4ll\u00e4 alalla useita vuosia ja saaneet useita korkean tehokkuuden luokituksia j\u00e4rjestelm\u00e4llisen suunnittelun, tutkimuksen ja investointien ansiosta, jotka on tehty ruiskuvalumuottien valmistamiseen kuluvan ajan ja kustannusten v\u00e4hent\u00e4miseksi. Kaikki kova ty\u00f6mme on tuottanut tulosta, ja olemme voineet lis\u00e4t\u00e4 asiakasluetteloomme monia arvostettuja kansainv\u00e4lisi\u00e4 yrityksi\u00e4. Suhteet, jotka olemme rakentaneet n\u00e4iden yritysten kanssa, ovat olleet ratkaisevassa asemassa siin\u00e4, ett\u00e4 meist\u00e4 on tullut alan johtavia yrityksi\u00e4; asiakkaamme voittavat erinomaisen laadun, hinnan ja palvelun.<\/p>\n<p>Suurimmat syyt siihen, ett\u00e4 olemme pystyneet rakentamaan t\u00e4m\u00e4n vaikuttavan asiakasluettelon, ovat eritt\u00e4in ammattitaitoiset ty\u00f6ntekij\u00e4mme ja korkeatasoiset muottiteknologiat, joita k\u00e4yt\u00e4mme muottien valmistuksessa. T\u00e4m\u00e4ntyyppisi\u00e4 tekniikoita on k\u00e4ytetty suurella menestyksell\u00e4, ja ne ovat vaikuttaneet merkitt\u00e4v\u00e4sti ruiskuvalumuottien standardointiin.<\/p>\n<p>Tarjoamme asiakkaallemme kilpailukykyisen hinnan, hyv\u00e4n laadun ja palvelun; t\u00e4m\u00e4 ei ole vain s\u00e4\u00e4st\u00e4\u00e4 kustannuksia asiakkaallemme, mutta my\u00f6s antaa asiakkaamme tulossa kilpailukykyisempi\u00e4 kuin heid\u00e4n kilpailijansa ja helppo voittaa enemm\u00e4n projects.this on kaikki tarkoitus, ett\u00e4 pyrimme yhdess\u00e4 asiakkaamme kanssa.<\/p>\n<p>Olemme asiantuntija seuraavissa asioissa <strong>R\u00e4\u00e4t\u00e4l\u00f6idyt muotit\/muotit, <span style=\"color: #000000;\"><a title=\"kodinkoneiden muotit\" href=\"http:\/\/www.hyx-mold.com\/\" target=\"_blank\" rel=\"noopener\"><span style=\"color: #000000;\"><em>kodinkoneiden home<\/em><\/span><\/a><\/span>, elektroniset osat, digitaaliset muotit, 2K-muotit \/ muotit, yli muotit \/ muotit<\/strong><\/p>\n<div id=\"attachment_931\" style=\"width: 310px\" class=\"wp-caption alignright\"><a href=\"https:\/\/www.molds-china.com\/fi\/\"><img loading=\"lazy\" decoding=\"async\" aria-describedby=\"caption-attachment-931\" class=\"wp-image-931 size-medium\" src=\"https:\/\/www.molds-china.com\/wp-content\/uploads\/2014\/08\/IMG_1242-300x140.jpg\" alt=\"Muovimuotti\" width=\"300\" height=\"140\" title=\"\" srcset=\"https:\/\/www.molds-china.com\/wp-content\/uploads\/2014\/08\/IMG_1242-300x140.jpg 300w, https:\/\/www.molds-china.com\/wp-content\/uploads\/2014\/08\/IMG_1242-1024x478.jpg 1024w, https:\/\/www.molds-china.com\/wp-content\/uploads\/2014\/08\/IMG_1242.jpg 1027w\" sizes=\"(max-width: 300px) 100vw, 300px\" \/><\/a><p id=\"caption-attachment-931\" class=\"wp-caption-text\"><a title=\"Muovimuotti\" href=\"https:\/\/www.molds-china.com\/fi\/muovimuotti\/\">Muovimuotti<\/a><\/p><\/div>\n<p>Meill\u00e4 on paljon kokemusta <a href=\"https:\/\/www.molds-china.com\/fi\/muovimuotti\/\"><em><strong>muovimuotti<\/strong><\/em><\/a> siit\u00e4 l\u00e4htien, kun avasimme muotinvalmistajamme 15 vuotta sitten. Kun kyse on kodinkoneiden muotit ja meid\u00e4n asiantuntemuksemme yksin on asettanut meid\u00e4t paljon edell\u00e4 kilpailijoitamme, vuodesta 2005 aloimme tehd\u00e4 <strong>autojen muotit<\/strong>, yli 10 vuoden kokemuksella erinomaisista menettelyist\u00e4 ja rikkaista kokemuksistamme, meist\u00e4 on tullut asiantuntijoita t\u00e4ll\u00e4 alalla, tietenkin teimme useita muita muotteja, joita emme voi n\u00e4ytt\u00e4\u00e4 t\u00e4m\u00e4n lyhyen selityksen avulla. Tarkista verkkosivuillamme n\u00e4et, ett\u00e4 on olemassa joitakin muotteja, olemme tervetulleita, jos voit pudottaa askeleesi t\u00e4nne katsomaan tehtaamme.<\/p>","protected":false},"excerpt":{"rendered":"<p>We offer high-quality&nbsp;plastic mold maker with a competitive price Are you looking for a dependable plastic mold and molding company from China that provides innovative solutions for business-related molds? We are a pioneer in providing solutions in the plastic molds industry, and we make injection molds that range in automotive mold, home appliances molds&nbsp;etc. We [&hellip;]<\/p>","protected":false},"author":1,"featured_media":0,"parent":0,"menu_order":0,"comment_status":"open","ping_status":"open","template":"","meta":{"_et_pb_use_builder":"","_et_pb_old_content":"","_et_gb_content_width":"","footnotes":""},"class_list":["post-50","page","type-page","status-publish","hentry"],"_links":{"self":[{"href":"https:\/\/www.molds-china.com\/fi\/wp-json\/wp\/v2\/pages\/50","targetHints":{"allow":["GET"]}}],"collection":[{"href":"https:\/\/www.molds-china.com\/fi\/wp-json\/wp\/v2\/pages"}],"about":[{"href":"https:\/\/www.molds-china.com\/fi\/wp-json\/wp\/v2\/types\/page"}],"author":[{"embeddable":true,"href":"https:\/\/www.molds-china.com\/fi\/wp-json\/wp\/v2\/users\/1"}],"replies":[{"embeddable":true,"href":"https:\/\/www.molds-china.com\/fi\/wp-json\/wp\/v2\/comments?post=50"}],"version-history":[{"count":0,"href":"https:\/\/www.molds-china.com\/fi\/wp-json\/wp\/v2\/pages\/50\/revisions"}],"wp:attachment":[{"href":"https:\/\/www.molds-china.com\/fi\/wp-json\/wp\/v2\/media?parent=50"}],"curies":[{"name":"wp","href":"https:\/\/api.w.org\/{rel}","templated":true}]}}