{"id":963,"date":"2016-04-09T23:57:48","date_gmt":"2016-04-09T15:57:48","guid":{"rendered":"https:\/\/www.molds-china.com\/?page_id=963"},"modified":"2019-07-02T21:52:56","modified_gmt":"2019-07-02T13:52:56","slug":"miksi-me","status":"publish","type":"page","link":"https:\/\/www.molds-china.com\/fi\/miksi-me\/","title":{"rendered":"Miksi me"},"content":{"rendered":"<h2>Etumme<\/h2>\n<ul>\n<li>Jotta muotit nopeasti ja s\u00e4\u00e4st\u00e4\u00e4 aikaa, meill\u00e4 on riitt\u00e4v\u00e4sti koneita muovimuotin tekemiseen, 20 sarjaa EDM-koneita, joista kaksi on kaksi p\u00e4\u00e4t\u00e4, yli 15 sarjaa CNC-koneita, T\u00e4m\u00e4 ei koskaan laita muotteja sivuun lep\u00e4\u00e4m\u00e4\u00e4n riippumatta siit\u00e4, kuinka kiireisi\u00e4 olemme, saatat ajatella, ett\u00e4 ne ovat viel\u00e4 paljon yrityksi\u00e4, jotka ovat yht\u00e4 vahvempia kuin me, totta, mutta hinta on paljon korkeampi kuin me, koska jotkut edut, joita heill\u00e4 ei ole.<\/li>\n<\/ul>\n<ul>\n<li>Muotinvalmistuskustannusten v\u00e4hent\u00e4miseksi ja korkean laadun s\u00e4ilytt\u00e4miseksi omistajamme omistaa muottipohjayrityksen t\u00e4n\u00e4\u00e4n, hinta on alennettu, koska muottipohja tehd\u00e4\u00e4n itse. T\u00e4m\u00e4 ei ole vain v\u00e4hent\u00e4\u00e4 muotin valmistuskustannuksia, vaan my\u00f6s siirt\u00e4\u00e4 aikaa nopeasti kuin muut.<\/li>\n<\/ul>\n<ul>\n<li>Yksi projektip\u00e4\u00e4llikk\u00f6mme ty\u00f6skenteli viisi vuotta ulkomaisen rahoituksen saaneessa yrityksess\u00e4, joka my\u00f6s valmistaa muovimuotteja. Ajattelutaidot ovat paljon l\u00e4hemp\u00e4n\u00e4 amerikkalaista tai eurooppalaista asiakasta.<\/li>\n<\/ul>\n<h3><em><strong>Yleiset ty\u00f6menetelm\u00e4t, ei ainoastaan t\u00e4m\u00e4n tekeminen, vaan my\u00f6s kaikkien erityisten tarpeidesi noudattaminen.\u00a0<\/strong><\/em><\/h3>\n<p><strong>Ty\u00f6kalujen piirt\u00e4minen<\/strong><\/p>\n<ul>\n<li>Ennen ty\u00f6kalun piirustuksen aloittamista l\u00e4hetet\u00e4\u00e4n DFM-raportti n\u00e4ytt\u00e4\u00e4 asiakkaalle yleisen ty\u00f6kalurakenteen, mukaan lukien jakolinja, luonnoskulma, j\u00e4\u00e4hdytyslinjan asettelu, mahdollinen ongelma jne.<\/li>\n<li>Tee muotin virtaus l\u00f6yt\u00e4\u00e4ksesi parhaan portin sijainnin osalle, kun ty\u00f6kalupiirustus on valmis, tekee todellisen muotin virtausanalyysiraportin, mukaan lukien uppouma-merkki, kutistuminen, kuuma piste, j\u00e4\u00e4hdytystila, arvioitu syklin aika, v\u00e4\u00e4ntymisongelma, kaikki, t\u00e4h\u00e4n viitataan suunnittelussa ja muotin j\u00e4lki.<\/li>\n<li>Koko 3D-ty\u00f6kalupiirustuksen suunnittelu UG-ohjelmiston avulla, t\u00e4m\u00e4 s\u00e4\u00e4st\u00e4\u00e4 2-3 p\u00e4iv\u00e4\u00e4 ja optimoi ty\u00f6kalupiirustuksen.<\/li>\n<li>Tarkista ty\u00f6kalupiirustus tarkistusluettelon ja asiakkaan eritelmien avulla yksi kerrallaan varmistaaksesi, ett\u00e4 kaikki on kunnossa.<\/li>\n<li>Projektip\u00e4\u00e4llikk\u00f6 tarkistaa my\u00f6s ty\u00f6kalupiirustuksen tarkistuslistan avulla ennen ty\u00f6kalupiirustuksen l\u00e4hett\u00e4mist\u00e4 asiakkaalle, ja useiden tarkistusvaiheiden avulla minimoidaan ty\u00f6kalupiirustuksen ongelmat.<\/li>\n<\/ul>\n<p><strong>Muotin valmistuksen aikana - sen j\u00e4lkeen, kun ty\u00f6kalupiirustus on hyv\u00e4ksytty<\/strong><\/p>\n<ul>\n<li>Jokainen ulkoistuksesta palaava ter\u00e4s tarkistetaan yksi kerrallaan, jos ongelma havaitaan, on otettava yhteytt\u00e4 asiaan liittyviin ihmisiin, kunnes ongelma ratkaistaan, mik\u00e4 v\u00e4hent\u00e4\u00e4 virheit\u00e4 ja aikaa muotin tuotantoon.<\/li>\n<li>Kun jokainen EDM-ty\u00f6 on tehty, siirret\u00e4\u00e4n insertit tarkistusosastolle, jotta voidaan tarkistaa, puuttuuko jokin elektrodi, t\u00e4m\u00e4 v\u00e4ltt\u00e4\u00e4, kun testaat ty\u00f6kalua, joka havaitsee jonkin ominaisuuden puuttuvan.<\/li>\n<li>Kirjaa jokainen ongelma ja raportoi asiakkaalle ratkaisut.<\/li>\n<li>Kaikki muotin sovitus on tehty, sitten tarkistamme seuraavat asiat.<\/li>\n<\/ul>\n<ol>\n<li>J\u00e4\u00e4hdytysj\u00e4rjestelm\u00e4,<\/li>\n<li>Tarkista muotin asennustila maalaamalla.<\/li>\n<li>Tarkista korroosiosuojaus muotin ulkopuolelta<\/li>\n<li>Tarkista, ett\u00e4 heittotapit toimivat moitteettomasti.<\/li>\n<\/ol>\n<p><strong>Muotokokeen menettelyt:<\/strong><\/p>\n<ul>\n<li>Aseta kaikki ensin muovin ominaisuuden, sulan l\u00e4mp\u00f6tilan, muotin l\u00e4mp\u00f6tilan, puristusvoiman (t\u00e4m\u00e4 voi viitata muotin virtaukseen ja asiakkaiden konetietoihin) jne. mukaan.<\/li>\n<li>Aseta ruiskutusnopeus askel askeleelta, tee t\u00e4ytt\u00f6tila laukauksesta 97%:hen t\u00e4yteen t\u00e4ytt\u00f6tasapainon tilan tarkistamiseksi (pitopaine on 0).<\/li>\n<li>K\u00e4yt\u00e4 korkeaa ruiskutusnopeutta tuuletusongelman tarkistamiseksi, tarkista ty\u00f6kalu, jos se toimii automaattisesti, lis\u00e4\u00e4 pitopaine asteittain, kunnes saat hyvi\u00e4 n\u00e4ytteit\u00e4, kirjaa osan paino ja juoksupaino.<\/li>\n<li>Tarkista, onko ruiskutuksen k\u00e4sittelyikkuna laaja, jotta n\u00e4et, onko helppo muovata osia, tallenna muotin kokeiluparametri.<\/li>\n<li>Tallenna osan ongelma, muotin ongelma, ota koevideo jne.<\/li>\n<\/ul>\n<p><strong>Muovimuotin kokeilun j\u00e4lkeen (muotin s\u00e4\u00e4d\u00f6n aikana).<\/strong><\/p>\n<ul>\n<li>L\u00e4het\u00e4 asiakkaan osaongelma, muotin ongelmaraportti, muotin kokeiluvideo, n\u00e4ytteet, mittausraportti, muotin kokeiluparametri.<\/li>\n<li>Tarjoa ratkaisu muotin ja osan ongelmaan ja hanki asiakkaalta hyv\u00e4ksynt\u00e4 ongelmien ratkaisemiseksi, kunnes ongelma on ratkaistu kokonaan.<\/li>\n<\/ul>\n<p><strong>Asiakkaan hyv\u00e4ksym\u00e4 muotti<\/strong><\/p>\n<ul>\n<li>Tee lopullinen muottikokeilu ja k\u00e4ynniss\u00e4 oleva muotti 3 tuntia muovin kanssa tai ilman muovia muotin toiminnan tarkistamiseksi, 3 tunnin kuluttua k\u00e4ynniss\u00e4 ja purkamalla muotti tarkistaa kaikki yksityiskohdat, jos sinulla on tiukka paikka, mahdolliset palovammat merkit muotissa, tarkista muotti yksi kerrallaan tarkistusluettelon kanssa, jos asiakkaalla on t\u00e4m\u00e4 luettelo, noudatamme asiakkaiden luetteloa, muuten k\u00e4yt\u00e4 tarkistusluetteloa.<\/li>\n<li>Ruiskuta ruosteenkest\u00e4v\u00e4 rasva, maalaus muotin ulkopuolella vihre\u00e4ll\u00e4 maalilla sen j\u00e4lkeen, kun muotti on puhdistettu ja pakattu kalvolla, ja aseta sitten k\u00e4siteltyyn puulaatikkoon ja l\u00e4het\u00e4 muotti ilmameren kautta.<\/li>\n<\/ul>\n<h3><strong>Hanki tarjous nyt\u00a0<a href=\"mailto:sales@hao-mold\">sales@hao-mold.com<\/a> muovimuotteja ja -osia varten<\/strong><\/h3>","protected":false},"excerpt":{"rendered":"<p>Our Advantages To make your molds fast and save time we have sufficient machines for making plastic mold, 20 sets of EDM machines, two of them with two heads, more than 15 sets of CNC machines, This will never put your molds at side for rest no matter how busy we are, you may think [&hellip;]<\/p>","protected":false},"author":1,"featured_media":0,"parent":0,"menu_order":0,"comment_status":"closed","ping_status":"open","template":"","meta":{"_et_pb_use_builder":"","_et_pb_old_content":"","_et_gb_content_width":"","footnotes":""},"class_list":["post-963","page","type-page","status-publish","hentry"],"_links":{"self":[{"href":"https:\/\/www.molds-china.com\/fi\/wp-json\/wp\/v2\/pages\/963","targetHints":{"allow":["GET"]}}],"collection":[{"href":"https:\/\/www.molds-china.com\/fi\/wp-json\/wp\/v2\/pages"}],"about":[{"href":"https:\/\/www.molds-china.com\/fi\/wp-json\/wp\/v2\/types\/page"}],"author":[{"embeddable":true,"href":"https:\/\/www.molds-china.com\/fi\/wp-json\/wp\/v2\/users\/1"}],"replies":[{"embeddable":true,"href":"https:\/\/www.molds-china.com\/fi\/wp-json\/wp\/v2\/comments?post=963"}],"version-history":[{"count":0,"href":"https:\/\/www.molds-china.com\/fi\/wp-json\/wp\/v2\/pages\/963\/revisions"}],"wp:attachment":[{"href":"https:\/\/www.molds-china.com\/fi\/wp-json\/wp\/v2\/media?parent=963"}],"curies":[{"name":"wp","href":"https:\/\/api.w.org\/{rel}","templated":true}]}}