{"id":12,"date":"2014-08-03T15:15:29","date_gmt":"2014-08-03T07:15:29","guid":{"rendered":"http:\/\/hyx-mold.com\/?page_id=12"},"modified":"2021-09-13T14:20:17","modified_gmt":"2021-09-13T06:20:17","slug":"moule-dinjection-plastique","status":"publish","type":"page","link":"https:\/\/www.molds-china.com\/fr\/moule-dinjection-plastique\/","title":{"rendered":"\u00c0 propos de nous"},"content":{"rendered":"<h1>Moules d'injection plastique &amp;\u00a0<a href=\"https:\/\/www.molds-china.com\/fr\/\"><strong>Moulage par injection Chine<\/strong><\/a> Entreprise de fabrication<\/h1>\n<p><strong>Nous sommes une entreprise professionnelle de moules d'injection plastique et de <em>moulage par injection en chine<\/em> entreprise qui fournit des services en<span style=\"color: #000000;\"> <span style=\"color: #000000;\">moule en plastique <\/span><\/span>et de moulage par injection, est l'un des\u00a0 <span style=\"color: #000000;\"><span style=\"color: #000000;\">Moule de Chine<\/span><\/span> fabricant<\/strong>Fond\u00e9e en 2015, Hao Yuan Xing Mold Co.ltd est devenue une entreprise offrant un service complet. <strong>Moule d'injection plastique<\/strong> et <strong>produits de moulage par injection en Chine<\/strong>. En tant que professionnel <strong>Fabricant chinois de moules en plastique<\/strong>Les services fournis \u00e0 un large \u00e9ventail d'industries, notamment l'a\u00e9rospatiale, l'\u00e9lectrom\u00e9nager, l'\u00e9lectronique, la marine, le mobilier de bureau, les articles de sport, les distributeurs automatiques et les industries de changement de factures.<\/p>\n<p>Dongguan Olayer Technology Co.ltd (anciennement Hao Yuan Xing Mold &amp; Mfg). Poss\u00e8de deux usines situ\u00e9es en Chine, l'une \u00e0 Huangyan City et l'autre \u00e0 Dong Guan City, dont les installations de fabrication de 18 000 m\u00b2 int\u00e8grent des produits de haute qualit\u00e9. <a href=\"https:\/\/www.molds-china.com\/fr\/\"><strong>moule en plastique<\/strong><\/a> Production et <strong>service de moulage par injection de plastique<\/strong>Assurance de la qualit\u00e9, exp\u00e9dition et entreposage,<\/p>\n<p>Nos installations sont reli\u00e9es par un r\u00e9seau \u00e0 grande vitesse, nous avons introduit des \u00e9quipements de traitement des moules moyennement avanc\u00e9s et un syst\u00e8me informatique CAD\/CAM\/CAE, un centre d'usinage CNC, un centre de mesure, un \u00e9quipement de d\u00e9coupe par impulsion \u00e9lectrique et un \u00e9quipement de d\u00e9coupe des chemises. Des techniciens CAO exp\u00e9riment\u00e9s travaillent dans l'entreprise. L'entreprise est dot\u00e9e de techniciens CAO exp\u00e9riment\u00e9s. <strong>moules<\/strong> sont export\u00e9s vers l'Am\u00e9rique, le Canada, la Su\u00e8de et d'autres pays et r\u00e9gions d'Europe et d'Am\u00e9rique.<\/p>\n<div id=\"attachment_1168\" style=\"width: 310px\" class=\"wp-caption alignright\"><img loading=\"lazy\" decoding=\"async\" aria-describedby=\"caption-attachment-1168\" class=\"size-medium wp-image-1168\" src=\"https:\/\/www.molds-china.com\/wp-content\/uploads\/2017\/07\/IMG_2245-300x200.jpg\" alt=\"Moules en plastique\" width=\"300\" height=\"200\" title=\"\" srcset=\"https:\/\/www.molds-china.com\/wp-content\/uploads\/2017\/07\/IMG_2245-300x200.jpg 300w, https:\/\/www.molds-china.com\/wp-content\/uploads\/2017\/07\/IMG_2245-768x512.jpg 768w, https:\/\/www.molds-china.com\/wp-content\/uploads\/2017\/07\/IMG_2245.jpg 900w\" sizes=\"(max-width: 300px) 100vw, 300px\" \/><p id=\"caption-attachment-1168\" class=\"wp-caption-text\"><a href=\"https:\/\/www.molds-china.com\/fr\/\">moules en plastique<\/a><\/p><\/div>\n<p>Nous avons mis en place un march\u00e9 outre-mer en 2005. L'\u00e9quipe de vente nous a permis d'accro\u00eetre notre capacit\u00e9 et de stimuler l'innovation dans nos produits. <strong>matrices de moulage en plastique<\/strong> et <strong>pi\u00e8ces en plastique de chine<\/strong> lignes de produits.<\/p>\n<p>Pour nous, la qualit\u00e9, le d\u00e9lai de livraison, le prix raisonnable et la pr\u00e9cision sont les \u00e9l\u00e9ments les plus importants !<\/p>\n<p>Nous vous invitons sinc\u00e8rement \u00e0 visiter notre usine sur place, \u00e0 nous tester et \u00e0 voir pourquoi nous sommes votre meilleur partenaire. <strong>moules d'injection<\/strong> et <strong>produits en plastique<\/strong>.<\/p>\n<p>Au <strong>Olayer<\/strong>Nous red\u00e9finissons les normes pour la sp\u00e9cification, la conception et la fabrication des produits suivants <strong>moules d'injection de pr\u00e9cision<\/strong> et <a href=\"https:\/\/www.molds-china.com\/fr\/moule-dinjection-plastique\/\"><strong>pi\u00e8ces en plastique moul\u00e9es par injection<\/strong><\/a>. Nous nous effor\u00e7ons en permanence de r\u00e9duire les d\u00e9lais, d'am\u00e9liorer les performances et d'aider nos clients \u00e0 r\u00e9duire le co\u00fbt total du d\u00e9veloppement de leurs produits.<\/p>\n<p>Depuis les technologies de conception et de fabrication assist\u00e9es par ordinateur que nous utilisons jusqu'\u00e0 nos techniques de finition de haute qualit\u00e9, <strong>Olayer offre le meilleur rapport qualit\u00e9-prix pour des produits de haute qualit\u00e9 <a href=\"https:\/\/www.molds-china.com\/fr\/\">moules d'injection sur mesure<\/a> et moulage par injection de plastique sur mesure<\/strong>.<\/p>\n<p>En 1999, Olayer Mold a commenc\u00e9 \u00e0 construire <em><strong>moule d'injection plastique<\/strong><\/em> et de faire <strong>moulage injection<\/strong> pour l'industrie du plastique.  En 2005, Olayer Mold a quitt\u00e9 un petit b\u00e2timent pour s'installer dans ses nouvelles installations de 6 000 m\u00b2 \u00e0 Dongguan, en Chine, et en 2009, elle a d\u00e9marr\u00e9 de nouvelles activit\u00e9s. <strong>soci\u00e9t\u00e9 de moules en plastique<\/strong> \u00e0 HuanYan, Zhejiang en Chine.<\/p>\n<p>Au fil des ans, Olayer Mold s'est hiss\u00e9e au rang des 10 premi\u00e8res entreprises du secteur. <strong>Fabricant de moules en plastique en Chine<\/strong> l'entreprise.<\/p>\n<p>En 2007, Olayer Mold a \u00e9largi son mod\u00e8le d'entreprise en achetant plusieurs grandes machines destin\u00e9es \u00e0 la fabrication de moules.  Cette expansion de nos activit\u00e9s nous donne la capacit\u00e9 de fabriquer plus de moules. <strong>moules en plastique<\/strong> pour r\u00e9pondre aux besoins des clients.<\/p>\n<p>Si vous avez besoin d'un produit de haute qualit\u00e9 <a href=\"https:\/\/www.molds-china.com\/fr\/moule-dinjection-plastique-2\/\"><em><strong>moule d'injection plastique<\/strong><\/em><\/a> et <strong>service de moulage par injection de plastique<\/strong>\u00a0d'un <strong><em>Moulage par injection Chine<\/em><\/strong> Soci\u00e9t\u00e9 pour le d\u00e9veloppement de vos produits ? Vous avez besoin d'une livraison rapide, d'un prix comp\u00e9titif, nous serons l'un de vos meilleurs partenaires pour aider votre entreprise \u00e0 r\u00e9ussir. Envoyez-nous votre demande, nous vous ferons un devis dans les deux jours ouvrables.<\/p>\n\n\n<p><\/p>","protected":false},"excerpt":{"rendered":"<p>Plastic Injection Mould &amp;\u00a0Injection\u00a0molding China manufacturing Company We are a professional plastic injection mould and injection molding china company that services in plastic mold and injection molding manufacturing, is one of\u00a0 China mold manufacturer, established in 2015, Hao Yuan Xing Mold Co.ltd has grown to a full-service Plastic Injection Mould and injection moulding products in [&hellip;]<\/p>","protected":false},"author":1,"featured_media":0,"parent":0,"menu_order":0,"comment_status":"open","ping_status":"open","template":"","meta":{"_et_pb_use_builder":"","_et_pb_old_content":"","_et_gb_content_width":"","footnotes":""},"class_list":["post-12","page","type-page","status-publish","hentry"],"_links":{"self":[{"href":"https:\/\/www.molds-china.com\/fr\/wp-json\/wp\/v2\/pages\/12","targetHints":{"allow":["GET"]}}],"collection":[{"href":"https:\/\/www.molds-china.com\/fr\/wp-json\/wp\/v2\/pages"}],"about":[{"href":"https:\/\/www.molds-china.com\/fr\/wp-json\/wp\/v2\/types\/page"}],"author":[{"embeddable":true,"href":"https:\/\/www.molds-china.com\/fr\/wp-json\/wp\/v2\/users\/1"}],"replies":[{"embeddable":true,"href":"https:\/\/www.molds-china.com\/fr\/wp-json\/wp\/v2\/comments?post=12"}],"version-history":[{"count":0,"href":"https:\/\/www.molds-china.com\/fr\/wp-json\/wp\/v2\/pages\/12\/revisions"}],"wp:attachment":[{"href":"https:\/\/www.molds-china.com\/fr\/wp-json\/wp\/v2\/media?parent=12"}],"curies":[{"name":"wp","href":"https:\/\/api.w.org\/{rel}","templated":true}]}}