{"id":202,"date":"2014-08-04T18:16:16","date_gmt":"2014-08-04T10:16:16","guid":{"rendered":"http:\/\/hyx-mold.com\/?page_id=202"},"modified":"2021-04-21T16:19:19","modified_gmt":"2021-04-21T08:19:19","slug":"liste-des-equipements","status":"publish","type":"page","link":"https:\/\/www.molds-china.com\/fr\/liste-des-equipements\/","title":{"rendered":"Liste des \u00e9quipements"},"content":{"rendered":"<table style=\"height: 762px;\" width=\"824\">\n<tbody>\n<tr>\n<td width=\"73\">articles<\/td>\n<td width=\"125\">Machines<\/td>\n<td width=\"137\">Marque<\/td>\n<td width=\"86\">pcs<\/td>\n<td width=\"150\">taille<\/td>\n<td width=\"125\">pr\u00e9cision<\/td>\n<td width=\"64\">Rmark<\/td>\n<\/tr>\n<tr>\n<td width=\"73\">1<\/td>\n<td width=\"125\">CNC<\/td>\n<td width=\"137\">Mitsubishi<\/td>\n<td width=\"86\">2<\/td>\n<td width=\"150\">900X600X600<\/td>\n<td width=\"125\">0.01<\/td>\n<td width=\"64\"><\/td>\n<\/tr>\n<tr>\n<td width=\"73\">2<\/td>\n<td width=\"125\">CNC<\/td>\n<td width=\"137\">Xiehong<\/td>\n<td width=\"86\">1<\/td>\n<td width=\"150\">900X600X600<\/td>\n<td width=\"125\">0.005<\/td>\n<td width=\"64\"><\/td>\n<\/tr>\n<tr>\n<td width=\"73\">3<\/td>\n<td width=\"125\">EDM<\/td>\n<td width=\"137\">Top one<\/td>\n<td width=\"86\">1<\/td>\n<td width=\"150\">450x350x500<\/td>\n<td width=\"125\">0.03<\/td>\n<td width=\"64\"><\/td>\n<\/tr>\n<tr>\n<td width=\"73\">4<\/td>\n<td width=\"125\">Mirrior EDM<\/td>\n<td width=\"137\">DMSPK<\/td>\n<td width=\"86\">1<\/td>\n<td width=\"150\">350x250x400<\/td>\n<td width=\"125\">0.005<\/td>\n<td width=\"64\"><\/td>\n<\/tr>\n<tr>\n<td width=\"73\">5<\/td>\n<td width=\"125\">Mirrior EDM<\/td>\n<td width=\"137\">Hanba<\/td>\n<td width=\"86\">1<\/td>\n<td width=\"150\">800x600x600<\/td>\n<td width=\"125\">0.005<\/td>\n<td width=\"64\"><\/td>\n<\/tr>\n<tr>\n<td width=\"73\">6<\/td>\n<td width=\"125\">Mirrior EDM<\/td>\n<td width=\"137\">hanba<\/td>\n<td width=\"86\">1<\/td>\n<td width=\"150\">1800X1100X800<\/td>\n<td width=\"125\">0.005<\/td>\n<td width=\"64\"><\/td>\n<\/tr>\n<tr>\n<td width=\"73\">7<\/td>\n<td width=\"125\">Machines de d\u00e9coupe de fil \u00e0 commande num\u00e9rique<\/td>\n<td width=\"137\">Sank\u014d<\/td>\n<td width=\"86\">1<\/td>\n<td width=\"150\">500 x350x300<\/td>\n<td width=\"125\">0.005<\/td>\n<td width=\"64\"><\/td>\n<\/tr>\n<tr>\n<td width=\"73\">8<\/td>\n<td width=\"125\">Miller<\/td>\n<td width=\"137\"><\/td>\n<td width=\"86\">3<\/td>\n<td width=\"150\">no. 4<\/td>\n<td width=\"125\">0.05<\/td>\n<td width=\"64\"><\/td>\n<\/tr>\n<tr>\n<td width=\"73\">9<\/td>\n<td width=\"125\">Machines \u00e0 griller<\/td>\n<td width=\"137\">MITUTOYO<\/td>\n<td width=\"86\">6<\/td>\n<td width=\"150\">400&#215;200<\/td>\n<td width=\"125\">0.005<\/td>\n<td width=\"64\"><\/td>\n<\/tr>\n<tr>\n<td width=\"73\">10<\/td>\n<td width=\"125\">Tours<\/td>\n<td width=\"137\">Yunji<\/td>\n<td width=\"86\">2<\/td>\n<td width=\"150\">C6132*750\uff081\uff09 C6240*1000\uff081\uff09<\/td>\n<td width=\"125\">0.02<\/td>\n<td width=\"64\"><\/td>\n<\/tr>\n<tr>\n<td width=\"73\">11<\/td>\n<td width=\"125\">Machine \u00e0 scier<\/td>\n<td width=\"137\"><\/td>\n<td width=\"86\">1<\/td>\n<td width=\"150\"><\/td>\n<td width=\"125\">0.05<\/td>\n<td width=\"64\"><\/td>\n<\/tr>\n<tr>\n<td width=\"73\">12<\/td>\n<td width=\"125\">Projecteur<\/td>\n<td width=\"137\">Serein<\/td>\n<td width=\"86\">1<\/td>\n<td width=\"150\">SVM2515(250X150X200)<\/td>\n<td width=\"125\">0.002<\/td>\n<td width=\"64\"><\/td>\n<\/tr>\n<tr>\n<td width=\"73\">13<\/td>\n<td width=\"125\">Machine CMM<\/td>\n<td width=\"137\">Serein<\/td>\n<td width=\"86\">1<\/td>\n<td width=\"150\">600X500X400<\/td>\n<td width=\"125\">0.001<\/td>\n<td width=\"64\"><\/td>\n<\/tr>\n<tr>\n<td width=\"73\">14<\/td>\n<td width=\"125\">Machine \u00e0 injecter<\/td>\n<td width=\"137\">machine de pr\u00e9cision taizhong<\/td>\n<td width=\"86\">1<\/td>\n<td width=\"150\">80 tonnes<\/td>\n<td width=\"125\">0.02<\/td>\n<td width=\"64\"><\/td>\n<\/tr>\n<tr>\n<td width=\"73\">15<\/td>\n<td width=\"125\">Machine \u00e0 injecter<\/td>\n<td width=\"137\">Ha\u00eftien<\/td>\n<td width=\"86\">5<\/td>\n<td width=\"150\">120 tonnes<\/td>\n<td width=\"125\">0.05<\/td>\n<td width=\"64\"><\/td>\n<\/tr>\n<tr>\n<td width=\"73\">16<\/td>\n<td width=\"125\">Machine \u00e0 injecter<\/td>\n<td width=\"137\">Ha\u00eftien<\/td>\n<td width=\"86\">2<\/td>\n<td width=\"150\">160 tonnes<\/td>\n<td width=\"125\">0.05<\/td>\n<td width=\"64\"><\/td>\n<\/tr>\n<tr>\n<td width=\"73\">17<\/td>\n<td width=\"125\">Machine \u00e0 injecter<\/td>\n<td width=\"137\">Ha\u00eftien<\/td>\n<td width=\"86\">2<\/td>\n<td width=\"150\">250 tonnes<\/td>\n<td width=\"125\">0.05<\/td>\n<td width=\"64\"><\/td>\n<\/tr>\n<tr>\n<td width=\"73\">18<\/td>\n<td width=\"125\">Machine \u00e0 injecter<\/td>\n<td width=\"137\">Ha\u00eftien<\/td>\n<td width=\"86\">2<\/td>\n<td width=\"150\">320 tonnes<\/td>\n<td width=\"125\">0.1<\/td>\n<td width=\"64\"><\/td>\n<\/tr>\n<tr>\n<td width=\"73\">19<\/td>\n<td width=\"125\">Machine \u00e0 injecter<\/td>\n<td width=\"137\">Ha\u00eftien<\/td>\n<td width=\"86\">1<\/td>\n<td width=\"150\">650 tonnes<\/td>\n<td width=\"125\">0.1<\/td>\n<td width=\"64\"><\/td>\n<\/tr>\n<\/tbody>\n<\/table>","protected":false},"excerpt":{"rendered":"<p>items Machines Brand pcs size precision Rmark 1 CNC Mitsubishi 2 900X600X600 0.01 2 CNC Xiehong 1 900X600X600 0.005 3 EDM Top one 1 450x350x500 0.03 4 Mirrior EDM DMSPK 1 350x250x400 0.005 5 Mirrior EDM Hanba 1 800x600x600 0.005 6 Mirrior EDM hanba 1 1800X1100X800 0.005 7 CNC wire cutting machines Sank\u014d 1 500 [&hellip;]<\/p>","protected":false},"author":1,"featured_media":0,"parent":0,"menu_order":0,"comment_status":"open","ping_status":"open","template":"","meta":{"_et_pb_use_builder":"","_et_pb_old_content":"","_et_gb_content_width":"","footnotes":""},"class_list":["post-202","page","type-page","status-publish","hentry"],"_links":{"self":[{"href":"https:\/\/www.molds-china.com\/fr\/wp-json\/wp\/v2\/pages\/202","targetHints":{"allow":["GET"]}}],"collection":[{"href":"https:\/\/www.molds-china.com\/fr\/wp-json\/wp\/v2\/pages"}],"about":[{"href":"https:\/\/www.molds-china.com\/fr\/wp-json\/wp\/v2\/types\/page"}],"author":[{"embeddable":true,"href":"https:\/\/www.molds-china.com\/fr\/wp-json\/wp\/v2\/users\/1"}],"replies":[{"embeddable":true,"href":"https:\/\/www.molds-china.com\/fr\/wp-json\/wp\/v2\/comments?post=202"}],"version-history":[{"count":0,"href":"https:\/\/www.molds-china.com\/fr\/wp-json\/wp\/v2\/pages\/202\/revisions"}],"wp:attachment":[{"href":"https:\/\/www.molds-china.com\/fr\/wp-json\/wp\/v2\/media?parent=202"}],"curies":[{"name":"wp","href":"https:\/\/api.w.org\/{rel}","templated":true}]}}