{"id":216,"date":"2014-08-04T21:27:53","date_gmt":"2014-08-04T13:27:53","guid":{"rendered":"http:\/\/hyx-mold.com\/?page_id=216"},"modified":"2018-01-02T13:39:05","modified_gmt":"2018-01-02T05:39:05","slug":"ingenierie","status":"publish","type":"page","link":"https:\/\/www.molds-china.com\/fr\/ingenierie\/","title":{"rendered":"Ing\u00e9nierie"},"content":{"rendered":"<p style=\"color: #000000;\">Laissez-nous le soin de r\u00e9pondre aux sp\u00e9cifications de vos projets les plus exigeants. Nous offrons<span style=\"color: #000000;\">\u00a0<em><span style=\"color: #000000;\"><a title=\"moule en plastique\" href=\"https:\/\/www.molds-china.com\/fr\/\"><span style=\"color: #000000;\">moule en plastique<\/span><\/a><\/span>\u00a0<\/em><\/span>qui fait le travail dans un d\u00e9lai court. Vous pouvez compter sur nous pour toutes vos demandes sp\u00e9ciales. Nos niveaux de fabrication sont les plus incroyables.<\/p>\n<p style=\"color: #000000;\">Nos employ\u00e9s ont \u00e9t\u00e9 form\u00e9s de mani\u00e8re \u00e0 ce qu'ils ne puissent accepter qu'une qualit\u00e9 sup\u00e9rieure, car votre projet est men\u00e9 gr\u00e2ce \u00e0 un excellent travail d'\u00e9quipe.<\/p>\n<p><span lang=\"EN-US\" style=\"color: #000000;\">Ing\u00e9nieurs professionnels charg\u00e9s de la conception des moules<\/span><\/p>\n<p><span lang=\"EN-US\" style=\"color: #000000;\">Ing\u00e9nieurs en outillage ayant plus de dix ans d'exp\u00e9rience<\/span><\/p>\n<p><span lang=\"EN-US\" style=\"color: #000000;\">Chefs de projet parlant couramment l'anglais et disposant d'une riche exp\u00e9rience<\/span><\/p>\n<p><span lang=\"EN-US\" style=\"color: #000000;\">Personnel de fabrication d'outillage hautement qualifi\u00e9 et personnel d'exp\u00e9dition professionnel<\/span><\/p>\n<p style=\"color: #000000;\">Nous ne nous contentons pas de satisfaire vos demandes en tant que fournisseur, mais nous recherchons aussi \u00e9nergiquement des m\u00e9thodes pour optimiser vos moules, ce qui vous permet d'\u00e9conomiser du temps et de l'argent au cours d'une longue p\u00e9riode de production massive. Nous disposons de bonnes techniques de gestion de la qualit\u00e9 qui ont fait leurs preuves.<\/p>\n<p style=\"color: #000000;\">Nous analysons, am\u00e9liorons et finissons compl\u00e8tement tout moule existant qui ne r\u00e9pond pas \u00e0 vos exigences et sp\u00e9cifications. En tant que meilleur fabricant de moules, nous mettons en place un nouveau syst\u00e8me de gestion et obtenons des solutions sur ce que nous allons am\u00e9liorer pour r\u00e9soudre le probl\u00e8me. Nous sommes toujours \u00e0 l'\u00e9coute de nos clients. Nous ne nous contentons pas de classer votre probl\u00e8me dans une solution de moule pr\u00e9\u00e9tablie. Nous prenons le temps de conna\u00eetre les exigences de votre entreprise, vos difficult\u00e9s et vos exigences de production, puis nous vous proposons une solution.<\/p>\n<p style=\"color: #000000;\">Lorsque vous travaillez avec notre organisation, vous b\u00e9n\u00e9ficiez automatiquement de notre d\u00e9vouement, de nos mat\u00e9riaux en acier de haute qualit\u00e9 et de nos normes de tol\u00e9rance de fabrication, ainsi que de notre approche syst\u00e9mique hautement efficace \u00e0 chaque \u00e9tape du processus, de la conception \u00e0 l'exp\u00e9dition.<\/p>\n<p style=\"color: #000000;\">","protected":false},"excerpt":{"rendered":"<p>Leave the worries to us as we meet your most challenging project specifications. We offer\u00a0plastic mold\u00a0that gets the job done within a short lead time. You can definitely count on us on what ever your special requirements. Our manufacturing levels are the most incredible one\u00a0. Our employees have been trained in a way that they [&hellip;]<\/p>","protected":false},"author":1,"featured_media":0,"parent":0,"menu_order":0,"comment_status":"open","ping_status":"open","template":"","meta":{"_et_pb_use_builder":"","_et_pb_old_content":"","_et_gb_content_width":"","footnotes":""},"class_list":["post-216","page","type-page","status-publish","hentry"],"_links":{"self":[{"href":"https:\/\/www.molds-china.com\/fr\/wp-json\/wp\/v2\/pages\/216","targetHints":{"allow":["GET"]}}],"collection":[{"href":"https:\/\/www.molds-china.com\/fr\/wp-json\/wp\/v2\/pages"}],"about":[{"href":"https:\/\/www.molds-china.com\/fr\/wp-json\/wp\/v2\/types\/page"}],"author":[{"embeddable":true,"href":"https:\/\/www.molds-china.com\/fr\/wp-json\/wp\/v2\/users\/1"}],"replies":[{"embeddable":true,"href":"https:\/\/www.molds-china.com\/fr\/wp-json\/wp\/v2\/comments?post=216"}],"version-history":[{"count":0,"href":"https:\/\/www.molds-china.com\/fr\/wp-json\/wp\/v2\/pages\/216\/revisions"}],"wp:attachment":[{"href":"https:\/\/www.molds-china.com\/fr\/wp-json\/wp\/v2\/media?parent=216"}],"curies":[{"name":"wp","href":"https:\/\/api.w.org\/{rel}","templated":true}]}}