{"id":245,"date":"2014-08-06T19:15:54","date_gmt":"2014-08-06T11:15:54","guid":{"rendered":"http:\/\/hyx-mold.com\/?page_id=245"},"modified":"2018-01-02T13:34:33","modified_gmt":"2018-01-02T05:34:33","slug":"conception-de-moules","status":"publish","type":"page","link":"https:\/\/www.molds-china.com\/fr\/ingenierie\/conception-de-moules\/","title":{"rendered":"Conception du moule"},"content":{"rendered":"<p>Un succ\u00e8s <a title=\"moule en plastique\" href=\"https:\/\/www.molds-china.com\/fr\/\"><em>moule en plastique<\/em><\/a> proviennent d'une <a title=\"conception de moules\" href=\"https:\/\/www.molds-china.com\/fr\/ingenierie\/conception-de-moules\/\">conception de moules<\/a>Si le premier pas n'a pas \u00e9t\u00e9 fait dans la bonne direction, peu importe ce que vous ferez apr\u00e8s avoir construit le syst\u00e8me. <a title=\"moule en plastique\" href=\"https:\/\/www.molds-china.com\/fr\/\"><em>moule en plastique<\/em><\/a>mais la moisissure reste m\u00e9diocre.<\/p>\n<p>Avant de commencer la conception du moule, nous \u00e9tablissons un rapport DFM pour le montrer au client et obtenir son approbation. Toutes les conceptions de dessins d'outils sont conformes aux normes du client,<\/p>\n<p>Les \u00e9tapes g\u00e9n\u00e9rales ci-dessous .<\/p>\n<p>Le DFM se pr\u00e9sente d'abord pour discuter du probl\u00e8me potentiel.<\/p>\n<p>revoir la conception de la pi\u00e8ce pour assurer un bon d\u00e9moulage et un moulage facile, donner des suggestions en cas de probl\u00e8me pour s'assurer que la conception de la pi\u00e8ce est optimale<\/p>\n<p>Commencer la conception de l'outil 2D selon le rapport DFM approuv\u00e9, envoyer le dessin de l'outil 2D au client et signaler certaines questions ouvertes au client pour une double v\u00e9rification afin de s'assurer que la conception du dessin de l'outil est optimis\u00e9e.<\/p>\n<p>Commencer la conception de l'outil 3D apr\u00e8s l'approbation de la 2D par le client.<\/p>\n<p>Effectuer une analyse de l'\u00e9coulement du moule avec l'ensemble du dessin de l'outil en 3D apr\u00e8s approbation du client, afin d'optimiser la zone d'entr\u00e9e, l'\u00e9tat du refroidissement, les probl\u00e8mes d'a\u00e9ration, les d\u00e9formations, etc.<a href=\"https:\/\/www.molds-china.com\/wp-content\/uploads\/2016\/06\/Mold-design.jpg\"><br \/>\n<\/a><\/p>\n<p>&nbsp;<\/p>\n<p>&nbsp;<\/p>","protected":false},"excerpt":{"rendered":"<p>A successful plastic mold come from successful mold design, if first step have not go to the right direction then no matter what you do after you build the plastic mould, still poor mold. Before mold design started we will make DFM report to show customer and get approved from customer, all of tool drawing [&hellip;]<\/p>","protected":false},"author":1,"featured_media":0,"parent":216,"menu_order":0,"comment_status":"open","ping_status":"open","template":"","meta":{"_et_pb_use_builder":"","_et_pb_old_content":"","_et_gb_content_width":"","footnotes":""},"class_list":["post-245","page","type-page","status-publish","hentry"],"_links":{"self":[{"href":"https:\/\/www.molds-china.com\/fr\/wp-json\/wp\/v2\/pages\/245","targetHints":{"allow":["GET"]}}],"collection":[{"href":"https:\/\/www.molds-china.com\/fr\/wp-json\/wp\/v2\/pages"}],"about":[{"href":"https:\/\/www.molds-china.com\/fr\/wp-json\/wp\/v2\/types\/page"}],"author":[{"embeddable":true,"href":"https:\/\/www.molds-china.com\/fr\/wp-json\/wp\/v2\/users\/1"}],"replies":[{"embeddable":true,"href":"https:\/\/www.molds-china.com\/fr\/wp-json\/wp\/v2\/comments?post=245"}],"version-history":[{"count":0,"href":"https:\/\/www.molds-china.com\/fr\/wp-json\/wp\/v2\/pages\/245\/revisions"}],"up":[{"embeddable":true,"href":"https:\/\/www.molds-china.com\/fr\/wp-json\/wp\/v2\/pages\/216"}],"wp:attachment":[{"href":"https:\/\/www.molds-china.com\/fr\/wp-json\/wp\/v2\/media?parent=245"}],"curies":[{"name":"wp","href":"https:\/\/api.w.org\/{rel}","templated":true}]}}