{"id":4,"date":"2014-08-02T17:16:35","date_gmt":"2014-08-02T09:16:35","guid":{"rendered":"http:\/\/hyx-mold.com\/?page_id=4"},"modified":"2022-03-06T16:06:39","modified_gmt":"2022-03-06T08:06:39","slug":"home","status":"publish","type":"page","link":"https:\/\/www.molds-china.com\/fr\/","title":{"rendered":"Accueil"},"content":{"rendered":"<h1 class=\"wp-block-heading\"><strong>Fabricants de moules en Chine<\/strong>&#8211;<strong>Moulage par injection sur mesure<\/strong><\/h1>\n\n\n\n<p>Choisir <strong>fabricants de moules en Chine<\/strong> pour d\u00e9velopper votre march\u00e9 sera la meilleure option.<\/p>\n\n\n\n<p>Les moules d'injection plastique sont essentiels \u00e0 la production de pi\u00e8ces moul\u00e9es par injection utilis\u00e9es par certaines entreprises dans le monde entier. Les hommes d'affaires s'appuient sur ces moules pour leur production quotidienne de produits en plastique tels que les moules pour caisses, les moules pour produits m\u00e9nagers en plastique, les moules pour emballages, les moules pour appareils \u00e9lectrom\u00e9nagers, les moules pour automobiles, etc.<\/p>\n\n\n\n<p>Les articles en plastique sont couramment utilis\u00e9s dans le monde entier et les gens appr\u00e9cient leur utilisation. Il existe plusieurs <strong>fabricants de moules<\/strong> que vous pouvez rencontrer dans la plupart des r\u00e9gions du monde, y compris en Chine. Vous pouvez effectuer une recherche sur le site web et en trouver de nombreuses sur plusieurs sujets. <strong>Fabricants chinois de moules d'injection plastique<\/strong> sur Google<\/p>\n\n\n\n<div class=\"wp-block-image\"><figure class=\"alignleft is-resized\"><img loading=\"lazy\" decoding=\"async\" src=\"https:\/\/www.molds-china.com\/wp-content\/uploads\/2019\/08\/China-Mold-Company.jpg\" alt=\"Soci\u00e9t\u00e9 chinoise de moulage\" class=\"wp-image-22489\" width=\"283\" height=\"167\" title=\"\" srcset=\"https:\/\/www.molds-china.com\/wp-content\/uploads\/2019\/08\/China-Mold-Company.jpg 424w, https:\/\/www.molds-china.com\/wp-content\/uploads\/2019\/08\/China-Mold-Company-300x177.jpg 300w\" sizes=\"(max-width: 283px) 100vw, 283px\" \/><figcaption>Soci\u00e9t\u00e9 chinoise de moulage<\/figcaption><\/figure><\/div>\n\n\n\n<p>La Chine est l'une des plus grandes \u00e9conomies du monde. En ce qui concerne son produit national brut (PNB), elle a atteint 10 088 euros par habitant (nominal) ($) en 2018. Si vous d\u00e9marrez un nouveau projet qui implique des <a href=\"https:\/\/www.molds-china.com\/fr\/moule-dinjection-plastique-2\/\" target=\"_blank\" rel=\"noreferrer noopener\"><strong><em>moule d'injection plastique<\/em><\/strong><\/a> ou des pi\u00e8ces moul\u00e9es sur mesure, vous pouvez vous tourner aujourd'hui vers le leader mondial de l'\u00e9conomie, ce qui signifie <strong>Chine Moule. <\/strong>Deuxi\u00e8mement, les \u00c9tats-Unis d'Am\u00e9rique.<\/p>\n\n\n\n<p>Les grands hommes d'affaires commencent par trouver de bons <strong>entreprises de moulage par injection en chine<\/strong> pour leurs produits moul\u00e9s. La cr\u00e9ation d'une entreprise pr\u00e9sente des avantages et des inconv\u00e9nients, et vous devez vous assurer que tout est en ordre pour que votre entreprise fonctionne. L'un d'entre eux consiste \u00e0 choisir les bons produits et les bons fournisseurs. <strong>Soci\u00e9t\u00e9 chinoise de fabrication de moules<\/strong> en tant que fournisseur.<\/p>\n\n\n\n<p>Imaginez \u00e0 quel point il est difficile de cr\u00e9er une entreprise et de devoir trouver le bon fabricant chinois de moulage par injection de plastique sur mesure dans un oc\u00e9an de choix, cela peut parfois \u00eatre tr\u00e8s frustrant. Vous pouvez r\u00e9duire votre recherche et vous amuser.<\/p>\n\n\n\n<p>La cr\u00e9ation d'une entreprise doit \u00eatre \u00e0 la fois facile et agr\u00e9able. Vous pouvez prendre votre temps pour choisir ce qu'il y a de mieux pour votre entreprise et profiter ensuite de ses r\u00e9sultats fructueux.<\/p>\n\n\n\n<h2 class=\"wp-block-heading\">Fabricants chinois de moules d'injection plastique<\/h2>\n\n\n\n<p>Voyons maintenant l'immensit\u00e9 de la Chine.<\/p>\n\n\n\n<p>La Chine est non seulement l'une des plus grandes capacit\u00e9s de production au monde, mais aussi l'un des plus grands pays. Elle est le deuxi\u00e8me plus grand pays d'Asie et comptait 1,379 milliard d'habitants en 2016. Il existe de nombreux <strong><em>Fabricants de moules en Chine<\/em><\/strong> comme vous pouvez le voir sur l'internet.<\/p>\n\n\n\n<p>Certains d'entre eux ont de bonnes critiques et sont \u00e9tablis depuis des ann\u00e9es, tandis que d'autres viennent de commencer et n'ont pas les comp\u00e9tences suffisantes pour rivaliser avec les plus grandes strat\u00e9gies de marketing du monde. Alors, comment trouver un bon <strong>Usine de moules en plastique en Chine<\/strong>? Voici quelques suggestions qui peuvent vous aider \u00e0 trouver des partenaires ad\u00e9quats et \u00e0 vous faire conna\u00eetre. <strong>Fabricants chinois de moules d'injection plastique<\/strong>.<\/p>\n\n\n\n<h3 class=\"wp-block-heading\"><strong>Comment trouver un bon fabricant de moules \u00e0 injection en Chine ?<\/strong>?<\/h3>\n\n\n\n<p>Tout d'abord, vous devez prendre en consid\u00e9ration la disponibilit\u00e9 de la <strong>Fabricant chinois de moules d'injection<\/strong>. R\u00e9pond-il\/elle imm\u00e9diatement lorsque vous le\/la contactez pour une demande de renseignements ?<\/p>\n\n\n\n<p>Par exemple, lorsque vous souhaitez en savoir plus sur leurs produits et sur les devis des articles que vous envisagez d'acheter, sont-ils toujours pr\u00eats \u00e0 vous rappeler ou \u00e0 vous r\u00e9pondre rapidement par courrier \u00e9lectronique ?<\/p>\n\n\n\n<p>La premi\u00e8re chose \u00e0 faire est donc de chercher une <strong>Fabricant chinois de moules \u00e0 injection<\/strong> qui est toujours disponible, orient\u00e9 vers le service \u00e0 la client\u00e8le et toujours pr\u00eat \u00e0 vous aider dans vos choix, car vous savez que vous travaillerez avec une personne de confiance. <em>Entreprise chinoise de moulage de plastique<\/em> \u00e0 des milliers de kilom\u00e8tres de votre pays, une r\u00e9ponse rapide est tr\u00e8s utile pour maintenir le travail \u00e0 jour en temps voulu.<\/p>\n\n\n\n<p>La deuxi\u00e8me suggestion est de rechercher un fabricant chinois de moules d'injection plastique qui offre une grande vari\u00e9t\u00e9 de moules d'injection\/produits moul\u00e9s de qualit\u00e9 et \u00e0 un co\u00fbt raisonnable. V\u00e9rifiez \u00e9galement si ses produits r\u00e9pondent aux besoins de votre entreprise naissante.<\/p>\n\n\n\n<p>La troisi\u00e8me suggestion est de s'assurer que l'\u00e9quipement utilis\u00e9 pour le traitement de ces donn\u00e9es est conforme \u00e0 la l\u00e9gislation nationale. <strong>Injection<\/strong> <strong>moules en plastique <\/strong>sont \u00e0 la pointe de la technologie afin de produire des r\u00e9sultats durables, ne vous contentez pas du prix, si celui-ci est trop bas, les moules dont vous disposez risquent de ne pas pouvoir fonctionner correctement lorsque vous prendrez la d\u00e9cision de les utiliser. <strong>Moules d'injection en Chine<\/strong> De retour \u00e0 votre usine, comme vous le savez, quel que soit leur prix, ils ont toujours besoin de profits, un prix raisonnable, une bonne qualit\u00e9 et un bon service sont toujours le meilleur choix pour vous, garder ce point \u00e0 l'esprit peut \u00eatre une ceinture de s\u00e9curit\u00e9 lors de votre voyage d'affaires.<\/p>\n\n\n\n<div class=\"wp-block-image\"><figure class=\"alignright size-large\"><a href=\"https:\/\/www.molds-china.com\/wp-content\/uploads\/2021\/05\/Injection-molding-china.jpg\"><img loading=\"lazy\" decoding=\"async\" width=\"400\" height=\"300\" src=\"https:\/\/www.molds-china.com\/wp-content\/uploads\/2021\/05\/Injection-molding-china.jpg\" alt=\"Moulage par injection Chine\" class=\"wp-image-22622\" title=\"\" srcset=\"https:\/\/www.molds-china.com\/wp-content\/uploads\/2021\/05\/Injection-molding-china.jpg 400w, https:\/\/www.molds-china.com\/wp-content\/uploads\/2021\/05\/Injection-molding-china-300x225.jpg 300w\" sizes=\"(max-width: 400px) 100vw, 400px\" \/><\/a><figcaption>Moulage par injection Chine<\/figcaption><\/figure><\/div>\n\n\n\n<p>Enfin, il est possible que vous deviez jeter un coup d'\u0153il \u00e0 la page d'accueil du site Web de la Commission europ\u00e9enne. <strong>Fabricant chinois de moules \u00e0 injection<\/strong> Dans ce contexte, vous pouvez jeter un coup d'\u0153il sur les moules en plastique personnalis\u00e9s qu'ils ont r\u00e9alis\u00e9s auparavant et actuellement, ce qui vous permettra de v\u00e9rifier facilement leur qualit\u00e9 et leur capacit\u00e9 \u00e0 r\u00e9pondre \u00e0 vos besoins. Lorsque vous \u00eates satisfait de tout cela, vous pouvez choisir celui qui vous convient le mieux. <strong>Chine Moules d'injection<\/strong> et de moulage.<\/p>\n\n\n\n<p>Pour choisir la bonne solution <strong>Fabricants chinois de moules d'injection plastique<\/strong> n'est pas facile, si vous voulez trouver la bonne <strong>moulage par injection de plastique en chine<\/strong> sera encore plus difficile que de trouver un fournisseur local de moules et un fabricant de pi\u00e8ces en plastique, parce que la communication est une question fondamentale, trouver un anglophone n'est pas si difficile, mais trouver un expert technique avec une bonne connaissance de l'anglais, ce n'est pas facile \u00e0 trouver.<\/p>\n\n\n\n<p>Pour fabriquer des moules d'injection ou des produits de moulage par injection de bonne qualit\u00e9, vous devez trouver A <strong>Usine de moules en plastique en Chine<\/strong> Si vous voulez que vos affaires soient couronn\u00e9es de succ\u00e8s avec une soci\u00e9t\u00e9 de moulage chinoise, ces points seront une s\u00e9curit\u00e9 pour la r\u00e9ussite de votre projet, vous devez s\u00e9lectionner tr\u00e8s soigneusement un fabricant chinois de moules d'injection plastique, lorsque vous trouvez le bon partenaire, chaque travail acharn\u00e9 en vaut la peine.<\/p>\n\n\n\n<p>Si vous cherchez <strong>fabricants de moules en Chine<\/strong>? Nous sommes l'une des meilleures options pour votre r\u00e9f\u00e9rence ; vous pouvez nous inclure dans votre base de donn\u00e9es et nous analyser plus tard, nos vendeurs ont plus de 6 ans de comp\u00e9tences techniques, ils ont travaill\u00e9 dans la fabrication de moules, la conception de moules, la gestion de projets et les ventes, donc nos vendeurs sont qualifi\u00e9s pour r\u00e9ussir votre entreprise rapidement et en douceur. Vous pouvez nous contacter par email.<\/p>\n\n\n\n<h3 class=\"wp-block-heading\"><strong>Travailler avec nous, c'est b\u00e9n\u00e9ficier d'un certain nombre d'avantages<\/strong><\/h3>\n\n\n\n<ul class=\"wp-block-list\"><li>Des produits tr\u00e8s abordables sont obtenus, la satisfaction du client est garantie, tout probl\u00e8me sera r\u00e9solu par notre \u00e9quipe d'experts.<\/li><li>Ma\u00eetrise de l'anglais et 18 ans d'exp\u00e9rience technique dans la fabrication de moules et la production de pi\u00e8ces moul\u00e9es.<\/li><li>Service complet de conception de pi\u00e8ces, de conception de moules, de fabrication de moules, de production massive, de peinture, de s\u00e9rigraphie, de placage, d'assemblage et d'exp\u00e9dition directement \u00e0 votre domicile.<\/li><li>D\u00e9lai de livraison rapide, 15 jours pour les petites pi\u00e8ces.<\/li><li>Aussi peu co\u00fbteux que <strong>$ 650<\/strong> pour <strong>fabrication de moules sur mesure<\/strong> pour \u00e9conomiser votre investissement initial.<\/li><\/ul>\n\n\n\n<p>Nous vous invitons \u00e0 nous tester et \u00e0 nous appeler pour discuter, nous sommes peut-\u00eatre votre meilleur partenaire dans le domaine des moules en plastique personnalis\u00e9s et des services de moulage par injection de plastique.<\/p>\n\n\n\n<h3 class=\"wp-block-heading\"><strong>Comment travailler avec un fabricant chinois de moules d'injection plastique ?<\/strong>?<\/h3>\n\n\n\n<p>Lorsque vous avez termin\u00e9 la deuxi\u00e8me \u00e9tape, vous devez choisir celle qui va fonctionner, pour commencer, pour \u00eatre en mesure d'avoir une relation harmonieuse avec une nouvelle personne.<strong> Fabricant chinois de moulage par injection de plastique<\/strong>. Les premiers \u00e9l\u00e9ments \u00e0 prendre en compte sont les conditions de paiement. Le fait de payer dans les d\u00e9lais pr\u00e9vus permet \u00e0 l'entreprise de fonctionner facilement et sans heurts.<\/p>\n\n\n\n<p>Un contrat doit pr\u00e9ciser les conditions de paiement, vos responsabilit\u00e9s et les leurs. C'est comme si vous rencontriez vos fournisseurs \u00e0 mi-chemin. Notez \u00e9galement que si vos fournisseurs ont g\u00e9n\u00e9ralement d'autres clients \u00e0 g\u00e9rer, il peut arriver que certaines choses ne soient pas trait\u00e9es imm\u00e9diatement.<\/p>\n\n\n\n<p>Deuxi\u00e8mement, s'assurer que votre <strong>fabrication de moules en plastique<\/strong> est inscrit au calendrier, pour demander \u00e0 votre <em>Moule de Chine <\/em>demander au fournisseur d'\u00e9tablir un plan de fabrication des moules et un calendrier d'essai des moules, lui demander de vous envoyer un rapport hebdomadaire avec des photos de fabrication chaque semaine, ce qui pourrait \u00eatre un moyen plus s\u00fbr de respecter le calendrier, lorsqu'un probl\u00e8me survient, vous pouvez le d\u00e9couvrir gr\u00e2ce au rapport hebdomadaire. <strong>fabrication de moules<\/strong> des photos, car vous ne pouvez pas les surveiller tous les jours puisque vous \u00eates \u00e0 des milliers de kilom\u00e8tres de l\u00e0.<\/p>\n\n\n\n<p>En savoir plus sur le march\u00e9 et coordonner avec le <strong>Usine de moules en plastique en Chine<\/strong>Vous pouvez \u00e9galement vous adresser \u00e0 eux lorsque vous avez des questions ou des \u00e9claircissements \u00e0 propos de leurs produits ou services. Ce sont l\u00e0 quelques-uns des moyens d'assurer une meilleure compr\u00e9hension et de faire en sorte que vos relations de travail se d\u00e9roulent sans heurts et avec succ\u00e8s.<\/p>\n\n\n\n<p>Nous sommes pr\u00eats \u00e0 r\u00e9pondre \u00e0 votre demande, contactez-nous d\u00e8s maintenant par e-mail. <a href=\"mailto:sales@molds-china.com\" rel=\"noreferrer noopener\" target=\"_blank\">sales@molds-china.com<\/a><\/p>\n\n\n\n<div class=\"wp-block-image\"><figure class=\"alignleft size-large\"><a href=\"https:\/\/www.molds-china.com\/wp-content\/uploads\/2021\/05\/mold-manufacturer-China.jpg\"><img loading=\"lazy\" decoding=\"async\" width=\"400\" height=\"300\" src=\"https:\/\/www.molds-china.com\/wp-content\/uploads\/2021\/05\/mold-manufacturer-China.jpg\" alt=\"Fabricant de moules en Chine\" class=\"wp-image-22623\" title=\"\" srcset=\"https:\/\/www.molds-china.com\/wp-content\/uploads\/2021\/05\/mold-manufacturer-China.jpg 400w, https:\/\/www.molds-china.com\/wp-content\/uploads\/2021\/05\/mold-manufacturer-China-300x225.jpg 300w\" sizes=\"(max-width: 400px) 100vw, 400px\" \/><\/a><figcaption>Fabricant de moules en Chine<\/figcaption><\/figure><\/div>\n\n\n\n<h3 class=\"wp-block-heading\">Nous vous offrons une qualit\u00e9 sup\u00e9rieure \u00e0 un prix comp\u00e9titif pour les moules d'injection plastique et les moulages sur mesure.<\/h3>\n\n\n\n<p>Les consommateurs ont des doutes quant \u00e0 l'obtention des moules d'injection les plus avanc\u00e9s. Ceux-ci sont n\u00e9cessaires \u00e0 la r\u00e9alisation des sp\u00e9cifications de leurs projets.<\/p>\n\n\n\n<p>Dongguan Olayer Technology Co.ltd (HAO YUAN XING Mold Co., Ltd a chang\u00e9 de nom en octobre 2020) est r\u00e9put\u00e9 pour r\u00e9pondre aux sp\u00e9cifications les plus exigeantes des projets des clients. La soci\u00e9t\u00e9 Olayer <strong>Usine de moules d'injection en Chine<\/strong> offre \u00e9galement des services \u00e0 la client\u00e8le de qualit\u00e9 \u00e0 des prix comp\u00e9titifs et abordables.<\/p>\n\n\n\n<p><strong>Les avantages qu'il y a \u00e0 faire appel \u00e0 l'entreprise sont les suivants :<\/strong><\/p>\n\n\n\n<ul class=\"wp-block-list\"><li>Les qualit\u00e9s de nos moules et pi\u00e8ces moul\u00e9es en plastique sont tr\u00e8s abordables et efficaces dans l'industrie du marketing.<\/li><li>Les clients sont assur\u00e9s d'une satisfaction totale gr\u00e2ce \u00e0 l'expertise incomparable du personnel.<\/li><li>La plupart des soucis sont laiss\u00e9s au personnel, car les travaux sont trait\u00e9s en peu de temps.<\/li><li>Les exigences particuli\u00e8res des clients sont satisfaites pour les niveaux de fabrication.<\/li><li>Le processus de moulage plastique le plus avanc\u00e9 est \u00e9galement pr\u00e9sent\u00e9. La conception de la pi\u00e8ce est d'abord analys\u00e9e par le rapport DFM.<\/li><li>Le moule sera 100% et r\u00e9pondra aux sp\u00e9cifications de qualit\u00e9 des clients.<\/li><li>Le co\u00fbt des nouveaux moules d'injection et des modifications sera raisonnable. Nous pensons pleinement au client.<\/li><li>Certificat ISO9001 en cas de r\u00e9ussite.<\/li><\/ul>\n\n\n\n<h4 class=\"wp-block-heading\">Avantages de notre service de moulage par injection plastique.<\/h4>\n\n\n\n<ul class=\"wp-block-list\"><li>Les employ\u00e9s ont \u00e9t\u00e9 bien form\u00e9s pour fournir un service de qualit\u00e9 sup\u00e9rieure pour le projet.<\/li><li>L'ing\u00e9nieur en outillage de moulage par injection, l'ing\u00e9nieur concepteur, le responsable des processus d'exp\u00e9dition et de fabrication des moules conjuguent leurs comp\u00e9tences pour garantir la satisfaction des clients.<\/li><li>L'entreprise r\u00e9pond aux demandes des clients, notamment en optimisant les moules et en \u00e9conomisant du temps et de l'argent avant la production massive.<\/li><li>Des techniques de gestion efficaces sont utilis\u00e9es pour mener \u00e0 bien les projets des clients.<\/li><li>Les probl\u00e8mes li\u00e9s aux moules sont analys\u00e9s et am\u00e9lior\u00e9s pour r\u00e9pondre aux sp\u00e9cifications et aux demandes des clients, garantie 100%.<\/li><li>Les probl\u00e8mes sont class\u00e9s pour que la solution soit pr\u00e9sent\u00e9e.<\/li><li>La meilleure solution est propos\u00e9e dans certains cas pour r\u00e9duire le co\u00fbt des moules et les co\u00fbts de production massifs.<\/li><\/ul>\n\n\n\n<p>Olayer est reconnue comme une organisation qui maintient ses normes de fabrication. Elle pr\u00e9sente son syst\u00e8me efficace qui s'inscrit dans une d\u00e9marche de conception, de traitement et d'exp\u00e9dition !<\/p>\n\n\n\n<p>Contactez-nous ou envoyez un courriel \u00e0 <a href=\"mailto:sales@molds-china.com\" rel=\"noreferrer noopener\" target=\"_blank\">sales@molds-china.com<\/a> pour obtenir un devis pour vos besoins en <strong>service de fabrication de moules en plastique sur mesure et de moulage par injection sur mesure<\/strong><\/p>\n\n\n\n<p>Si vous \u00eates \u00e0 la recherche d'un <strong>fabricants de moules en Chine<\/strong> vous \u00eates au bon endroit. Notre soci\u00e9t\u00e9 est un professionnel <a href=\"https:\/\/www.molds-china.com\/fr\/\" target=\"_blank\" rel=\"noreferrer noopener\"><strong>Fabricant chinois de moules<\/strong><\/a> pour produire des moules d'injection et des pi\u00e8ces moul\u00e9es de haute qualit\u00e9, d\u00e9velopp\u00e9s \u00e0 un prix abordable.<\/p>\n\n\n\n<p>Avec plus de 16 ans d'exp\u00e9rience dans cette r\u00e9gion, nous fabriquons des moules pour l'automobile, des moules pour les appareils m\u00e9nagers, etc. Nous sommes votre partenaire id\u00e9al. <strong>Soci\u00e9t\u00e9 chinoise de fabrication de moules<\/strong> nous vous offrons le meilleur prix avec des moules d'injection et des services de moulage plastique de haute qualit\u00e9 dans la r\u00e9gion (par rapport \u00e0 un fournisseur de moules de m\u00eame qualit\u00e9). Nous fournissons<em> moules et pi\u00e8ces en plastique moul\u00e9es par injection <\/em>\u00e0 des entreprises du monde entier.<\/p>\n\n\n\n<p>Votre projet est pr\u00eat pour la fabrication de moules d'injection plastique et de pi\u00e8ces moul\u00e9es ? Contactez-nous d\u00e8s maintenant pour obtenir un devis dans les 24 heures.<\/p>","protected":false},"excerpt":{"rendered":"<p>Mold Manufacturers In China&#8211;Custom Injection Molding Choosing mold manufacturers in China to increase your business market will be the best option. Plastic Injection molds are essential in producing injection moulded parts used for some businesses around the world. Businessmen are relying on these for their day to day production of plastics products such as crate [&hellip;]<\/p>","protected":false},"author":1,"featured_media":0,"parent":0,"menu_order":0,"comment_status":"open","ping_status":"open","template":"","meta":{"_et_pb_use_builder":"","_et_pb_old_content":"","_et_gb_content_width":"","footnotes":""},"class_list":["post-4","page","type-page","status-publish","hentry"],"_links":{"self":[{"href":"https:\/\/www.molds-china.com\/fr\/wp-json\/wp\/v2\/pages\/4","targetHints":{"allow":["GET"]}}],"collection":[{"href":"https:\/\/www.molds-china.com\/fr\/wp-json\/wp\/v2\/pages"}],"about":[{"href":"https:\/\/www.molds-china.com\/fr\/wp-json\/wp\/v2\/types\/page"}],"author":[{"embeddable":true,"href":"https:\/\/www.molds-china.com\/fr\/wp-json\/wp\/v2\/users\/1"}],"replies":[{"embeddable":true,"href":"https:\/\/www.molds-china.com\/fr\/wp-json\/wp\/v2\/comments?post=4"}],"version-history":[{"count":0,"href":"https:\/\/www.molds-china.com\/fr\/wp-json\/wp\/v2\/pages\/4\/revisions"}],"wp:attachment":[{"href":"https:\/\/www.molds-china.com\/fr\/wp-json\/wp\/v2\/media?parent=4"}],"curies":[{"name":"wp","href":"https:\/\/api.w.org\/{rel}","templated":true}]}}