{"id":50,"date":"2014-08-03T17:49:44","date_gmt":"2014-08-03T09:49:44","guid":{"rendered":"http:\/\/hyx-mold.com\/?page_id=50"},"modified":"2019-10-22T13:50:39","modified_gmt":"2019-10-22T05:50:39","slug":"moule-en-plastique","status":"publish","type":"page","link":"https:\/\/www.molds-china.com\/fr\/moule-en-plastique\/","title":{"rendered":"Moule en plastique"},"content":{"rendered":"<h1>Nous offrons des services de haute qualit\u00e9&nbsp;<strong>fabricant de moules en plastique<\/strong> \u00e0 un prix comp\u00e9titif<\/h1>\n<p>Vous \u00eates \u00e0 la recherche d'un <strong><a href=\"https:\/\/www.molds-china.com\/fr\/\">entreprise de moulage en plastique<\/a><\/strong> de Chine qui fournit des solutions innovantes pour les moules destin\u00e9s aux entreprises ? Nous sommes un pionnier dans la fourniture de solutions dans le domaine des moules. <span style=\"color: #000000;\"><em><a title=\"moules en plastique\" href=\"https:\/\/www.molds-china.com\/fr\/moule-en-plastique\/\"><span style=\"color: #000000;\">moules en plastique<\/span><\/a><\/em><\/span> et nous fabriquons des moules d'injection de diff\u00e9rentes tailles. <span style=\"color: #000000;\"><span style=\"color: #000000;\"><a href=\"https:\/\/www.molds-china.com\/fr\/\"><strong>moule automobile<\/strong><\/a>Moules pour appareils \u00e9lectrom\u00e9nagers&nbsp;<\/span><\/span>etc.<\/p>\n<p>Nous sommes pr\u00e9sents dans ce secteur depuis plusieurs ann\u00e9es et avons obtenu un certain nombre de classements de haute efficacit\u00e9 gr\u00e2ce \u00e0 notre planification syst\u00e9matique, \u00e0 nos recherches et aux investissements que nous avons r\u00e9alis\u00e9s pour r\u00e9duire les d\u00e9lais et les co\u00fbts de production des moules \u00e0 injection. Tous nos efforts ont port\u00e9 leurs fruits et nous avons pu ajouter de nombreuses entreprises internationales de renom \u00e0 notre liste de clients. Les relations que nous avons nou\u00e9es avec ces entreprises nous ont permis de devenir des leaders dans ce secteur ; nos clients sont gagnants gr\u00e2ce \u00e0 l'excellence de la qualit\u00e9, des prix et des services.<\/p>\n<p>Si nous avons pu constituer cette impressionnante liste de clients, c'est avant tout gr\u00e2ce \u00e0 nos employ\u00e9s hautement qualifi\u00e9s et aux technologies de pointe que nous utilisons pour fabriquer nos moules. Ce type de technologies a \u00e9t\u00e9 utilis\u00e9 avec beaucoup de succ\u00e8s et a contribu\u00e9 \u00e0 la standardisation de l'industrie des moules d'injection.<\/p>\n<p>Nous fournissons \u00e0 nos clients des prix comp\u00e9titifs, une bonne qualit\u00e9 et un bon service ; cela permet non seulement \u00e0 nos clients de r\u00e9aliser des \u00e9conomies, mais aussi de devenir plus comp\u00e9titifs que leurs concurrents et de remporter plus facilement des projets.<\/p>\n<p>Nous sommes experts en <strong>Moules\/moulage sur mesure, <span style=\"color: #000000;\"><a title=\"moules pour appareils m\u00e9nagers\" href=\"http:\/\/www.hyx-mold.com\/\" target=\"_blank\" rel=\"noopener\"><span style=\"color: #000000;\"><em>moisissures dans les appareils m\u00e9nagers<\/em><\/span><\/a><\/span>Pi\u00e8ces \u00e9lectroniques, moules num\u00e9riques, moules 2K\/moulage, surmoulage\/moulage<\/strong><\/p>\n<div id=\"attachment_931\" style=\"width: 310px\" class=\"wp-caption alignright\"><a href=\"https:\/\/www.molds-china.com\/fr\/\"><img loading=\"lazy\" decoding=\"async\" aria-describedby=\"caption-attachment-931\" class=\"wp-image-931 size-medium\" src=\"https:\/\/www.molds-china.com\/wp-content\/uploads\/2014\/08\/IMG_1242-300x140.jpg\" alt=\"Moule en plastique\" width=\"300\" height=\"140\" title=\"\" srcset=\"https:\/\/www.molds-china.com\/wp-content\/uploads\/2014\/08\/IMG_1242-300x140.jpg 300w, https:\/\/www.molds-china.com\/wp-content\/uploads\/2014\/08\/IMG_1242-1024x478.jpg 1024w, https:\/\/www.molds-china.com\/wp-content\/uploads\/2014\/08\/IMG_1242.jpg 1027w\" sizes=\"(max-width: 300px) 100vw, 300px\" \/><\/a><p id=\"caption-attachment-931\" class=\"wp-caption-text\"><a title=\"Moule en plastique\" href=\"https:\/\/www.molds-china.com\/fr\/moule-en-plastique\/\">Moule en plastique<\/a><\/p><\/div>\n<p>Nous avons une grande exp\u00e9rience dans la fabrication <a href=\"https:\/\/www.molds-china.com\/fr\/moule-en-plastique\/\"><em><strong>moule en plastique<\/strong><\/em><\/a> depuis l'ouverture de notre usine de fabrication de moules il y a 15 ans. Dans le domaine de l'\u00e9lectrom\u00e9nager, les moules et notre expertise nous ont permis de prendre une longueur d'avance sur nos concurrents. Depuis 2005, nous avons commenc\u00e9 \u00e0 fabriquer des moules pour l'\u00e9lectrom\u00e9nager. <strong>moules pour automobiles<\/strong>Avec plus de 10 ans d'exp\u00e9rience, gr\u00e2ce \u00e0 nos excellentes proc\u00e9dures et \u00e0 notre riche exp\u00e9rience, nous sommes devenus des experts dans ce domaine. Bien entendu, nous fabriquons d'autres moules que nous ne pouvons pas pr\u00e9senter dans cette br\u00e8ve explication. Nous sommes heureux de vous accueillir sur notre site pour vous faire visiter notre usine.<\/p>","protected":false},"excerpt":{"rendered":"<p>We offer high-quality&nbsp;plastic mold maker with a competitive price Are you looking for a dependable plastic mold and molding company from China that provides innovative solutions for business-related molds? We are a pioneer in providing solutions in the plastic molds industry, and we make injection molds that range in automotive mold, home appliances molds&nbsp;etc. We [&hellip;]<\/p>","protected":false},"author":1,"featured_media":0,"parent":0,"menu_order":0,"comment_status":"open","ping_status":"open","template":"","meta":{"_et_pb_use_builder":"","_et_pb_old_content":"","_et_gb_content_width":"","footnotes":""},"class_list":["post-50","page","type-page","status-publish","hentry"],"_links":{"self":[{"href":"https:\/\/www.molds-china.com\/fr\/wp-json\/wp\/v2\/pages\/50","targetHints":{"allow":["GET"]}}],"collection":[{"href":"https:\/\/www.molds-china.com\/fr\/wp-json\/wp\/v2\/pages"}],"about":[{"href":"https:\/\/www.molds-china.com\/fr\/wp-json\/wp\/v2\/types\/page"}],"author":[{"embeddable":true,"href":"https:\/\/www.molds-china.com\/fr\/wp-json\/wp\/v2\/users\/1"}],"replies":[{"embeddable":true,"href":"https:\/\/www.molds-china.com\/fr\/wp-json\/wp\/v2\/comments?post=50"}],"version-history":[{"count":0,"href":"https:\/\/www.molds-china.com\/fr\/wp-json\/wp\/v2\/pages\/50\/revisions"}],"wp:attachment":[{"href":"https:\/\/www.molds-china.com\/fr\/wp-json\/wp\/v2\/media?parent=50"}],"curies":[{"name":"wp","href":"https:\/\/api.w.org\/{rel}","templated":true}]}}