{"id":12,"date":"2014-08-03T15:15:29","date_gmt":"2014-08-03T07:15:29","guid":{"rendered":"http:\/\/hyx-mold.com\/?page_id=12"},"modified":"2021-09-13T14:20:17","modified_gmt":"2021-09-13T06:20:17","slug":"muanyag-froccsonto-forma","status":"publish","type":"page","link":"https:\/\/www.molds-china.com\/hu\/muanyag-froccsonto-forma\/","title":{"rendered":"R\u00f3lunk"},"content":{"rendered":"<h1>M\u0171anyag fr\u00f6ccs\u00f6nt\u0151 forma &amp;\u00a0<a href=\"https:\/\/www.molds-china.com\/hu\/\"><strong>Fr\u00f6ccs\u00f6nt\u00e9s K\u00edna<\/strong><\/a> gy\u00e1rt\u00f3 v\u00e1llalat<\/h1>\n<p><strong>Mi egy professzion\u00e1lis m\u0171anyag fr\u00f6ccs\u00f6nt\u0151 szersz\u00e1m \u00e9s <em>fr\u00f6ccs\u00f6nt\u00e9s porcel\u00e1n<\/em> c\u00e9g, amely szolg\u00e1ltat\u00e1sokat ny\u00fajt a<span style=\"color: #000000;\"> <span style=\"color: #000000;\">m\u0171anyag forma <\/span><\/span>\u00e9s fr\u00f6ccs\u00f6nt\u00e9ses gy\u00e1rt\u00e1s, az egyik\u00a0 <span style=\"color: #000000;\"><span style=\"color: #000000;\">K\u00edna pen\u00e9sz<\/span><\/span> gy\u00e1rt\u00f3<\/strong>A 2015-ben alap\u00edtott Hao Yuan Xing Mold Co.ltd egy teljes k\u00f6r\u0171 szolg\u00e1ltat\u00e1st ny\u00fajt\u00f3 c\u00e9gg\u00e9 n\u0151tte ki mag\u00e1t. <strong>M\u0171anyag fr\u00f6ccs\u00f6nt\u0151 szersz\u00e1m<\/strong> \u00e9s <strong>fr\u00f6ccs\u00f6nt\u00e9si term\u00e9kek K\u00edn\u00e1ban<\/strong>. Szakemberk\u00e9nt <strong>K\u00edna m\u0171anyag pen\u00e9sz gy\u00e1rt\u00f3<\/strong>, Szolg\u00e1ltat\u00e1sok ny\u00fajt\u00e1sa sz\u00e1mos ipar\u00e1g sz\u00e1m\u00e1ra, bele\u00e9rtve a rep\u00fcl\u0151g\u00e9pipart, a k\u00e9sz\u00fcl\u00e9keket, az elektronikai, a tengeri, az irodab\u00fator-, a sportcikk-, az \u00e1rus\u00edt\u00f3- \u00e9s a sz\u00e1mlav\u00e1lt\u00f3 ipar\u00e1gakat.<\/p>\n<p>Dongguan Olayer Technology Co.ltd (volt Hao Yuan Xing Mold &amp; Mfg). 2 gy\u00e1ra van K\u00edn\u00e1ban, egy Huangyan Cityben \u00e9s egy Dong Guan Cityben, 18 000 n\u00e9gyzetm\u00e9teres gy\u00e1rt\u00f3\u00fczemben. <a href=\"https:\/\/www.molds-china.com\/hu\/\"><strong>m\u0171anyag forma<\/strong><\/a> Termel\u00e9s \u00e9s <strong>m\u0171anyag fr\u00f6ccs\u00f6nt\u00e9si szolg\u00e1ltat\u00e1s<\/strong>, min\u0151s\u00e9gbiztos\u00edt\u00e1s, sz\u00e1ll\u00edt\u00e1s \u00e9s rakt\u00e1roz\u00e1s,<\/p>\n<p>L\u00e9tes\u00edtm\u00e9nyeinket nagysebess\u00e9g\u0171 h\u00e1l\u00f3zattal k\u00f6tj\u00fck \u00f6ssze, k\u00f6zepesen fejlett szersz\u00e1mfeldolgoz\u00f3 berendez\u00e9seket \u00e9s sz\u00e1m\u00edt\u00f3g\u00e9pes CAD\/CAM\/CAE rendszert, CNC megmunk\u00e1l\u00f3k\u00f6zpontot, m\u00e9r\u0151k\u00f6zpontot, elektromos impulzus \u00e9s b\u00e9l\u00e9sv\u00e1g\u00f3 berendez\u00e9seket vezett\u00fcnk be. A v\u00e1llalatn\u00e1l tapasztalt CAD-technikusok szolg\u00e1lnak. A <strong>form\u00e1k<\/strong> Amerik\u00e1ba, Kanad\u00e1ba, Sv\u00e9dorsz\u00e1gba \u00e9s m\u00e1s eur\u00f3pai \u00e9s amerikai orsz\u00e1gokba \u00e9s r\u00e9gi\u00f3kba export\u00e1lnak.<\/p>\n<div id=\"attachment_1168\" style=\"width: 310px\" class=\"wp-caption alignright\"><img loading=\"lazy\" decoding=\"async\" aria-describedby=\"caption-attachment-1168\" class=\"size-medium wp-image-1168\" src=\"https:\/\/www.molds-china.com\/wp-content\/uploads\/2017\/07\/IMG_2245-300x200.jpg\" alt=\"M\u0171anyag \u00f6nt\u0151form\u00e1k\" width=\"300\" height=\"200\" title=\"\" srcset=\"https:\/\/www.molds-china.com\/wp-content\/uploads\/2017\/07\/IMG_2245-300x200.jpg 300w, https:\/\/www.molds-china.com\/wp-content\/uploads\/2017\/07\/IMG_2245-768x512.jpg 768w, https:\/\/www.molds-china.com\/wp-content\/uploads\/2017\/07\/IMG_2245.jpg 900w\" sizes=\"(max-width: 300px) 100vw, 300px\" \/><p id=\"caption-attachment-1168\" class=\"wp-caption-text\"><a href=\"https:\/\/www.molds-china.com\/hu\/\">m\u0171anyag form\u00e1k<\/a><\/p><\/div>\n<p>2005-ben l\u00e9trehoztunk egy tengerent\u00fali piacot. \u00c9s az \u00e9rt\u00e9kes\u00edt\u00e9si csapat lehet\u0151v\u00e9 tette sz\u00e1munkra, hogy b\u0151v\u00edts\u00fck kapacit\u00e1sunkat \u00e9s \u00f6szt\u00f6n\u00f6zz\u00fck az innov\u00e1ci\u00f3kat a mi <strong>m\u0171anyag fr\u00f6ccs\u00f6nt\u0151 szersz\u00e1mok<\/strong> \u00e9s <strong>porcel\u00e1n m\u0171anyag alkatr\u00e9szek<\/strong> term\u00e9kcsal\u00e1dok.<\/p>\n<p>Sz\u00e1munkra a min\u0151s\u00e9g, a sz\u00e1ll\u00edt\u00e1si hat\u00e1rid\u0151, az elfogadhat\u00f3 \u00e1r \u00e9s a pontoss\u00e1g a legfontosabb !!!<\/p>\n<p>\u0150szint\u00e9n megh\u00edvjuk \u00d6nt, hogy l\u00e1togasson el a gy\u00e1runkba, \u00e9s teszteljen minket, \u00e9s n\u00e9zze meg, mi\u00e9rt mi vagyunk az \u00d6n legmegfelel\u0151bb partnere, ha megrendel n\u00e9h\u00e1nyat. <strong>fr\u00f6ccs\u00f6nt\u0151form\u00e1k<\/strong> \u00e9s <strong>m\u0171anyag term\u00e9kek<\/strong>.<\/p>\n<p>A  c\u00edmen. <strong>Olayer<\/strong>, \u00fajradefini\u00e1ljuk a specifik\u00e1ci\u00f3, a tervez\u00e9s, a gy\u00e1rt\u00e1s szabv\u00e1nyait. <strong>prec\u00edzi\u00f3s fr\u00f6ccs\u00f6nt\u0151 szersz\u00e1mok<\/strong> \u00e9s <a href=\"https:\/\/www.molds-china.com\/hu\/muanyag-froccsonto-forma\/\"><strong>fr\u00f6ccs\u00f6nt\u00f6tt m\u0171anyag alkatr\u00e9szek<\/strong><\/a>. Folyamatosan arra t\u00f6reksz\u00fcnk, hogy cs\u00f6kkents\u00fck az \u00e1tfut\u00e1si id\u0151t, jav\u00edtsuk a teljes\u00edtm\u00e9nyt \u00e9s seg\u00edts\u00fck \u00fcgyfeleinket a term\u00e9kfejleszt\u00e9s teljes k\u00f6lts\u00e9g\u00e9nek cs\u00f6kkent\u00e9s\u00e9ben.<\/p>\n<p>Az \u00e1ltalunk haszn\u00e1lt sz\u00e1m\u00edt\u00f3g\u00e9pes tervez\u00e9si \u00e9s gy\u00e1rt\u00e1si technol\u00f3gi\u00e1kt\u00f3l kezdve a kiv\u00e1l\u00f3 min\u0151s\u00e9g\u0171 befejez\u0151 technik\u00e1kig, <strong>Az Olayer a legjobb \u00e9rt\u00e9ket ny\u00fajtja a kiv\u00e1l\u00f3 min\u0151s\u00e9g\u0171 <a href=\"https:\/\/www.molds-china.com\/hu\/\">egyedi fr\u00f6ccs\u00f6nt\u0151form\u00e1k<\/a> \u00e9s egyedi m\u0171anyag fr\u00f6ccs\u00f6nt\u00e9s<\/strong>.<\/p>\n<p>1999-ben az Olayer Mold elkezdte \u00e9p\u00edteni <em><strong>m\u0171anyag fr\u00f6ccs\u00f6nt\u0151 forma<\/strong><\/em> \u00e9s azt csin\u00e1lja <strong>fr\u00f6ccs\u00f6nt\u00e9s<\/strong> a m\u0171anyagipar sz\u00e1m\u00e1ra.  2005-ben az Olayer Mold egy kis \u00e9p\u00fcletb\u0151l az \u00fajonnan \u00e9p\u00edtett 6000 n\u00e9gyzetm\u00e9teres l\u00e9tes\u00edtm\u00e9nybe k\u00f6lt\u00f6z\u00f6tt a k\u00ednai Dongguanban, \u00e9s 2009-ben \u00faj <strong>m\u0171anyag pen\u00e9sz c\u00e9g<\/strong> HuanYanban, a k\u00ednai Zhejiangban.<\/p>\n<p>Az \u00e9vek sor\u00e1n az Olayer Mold a top 10-es lista \u00e9l\u00e9re ker\u00fclt. <strong>m\u0171anyag pen\u00e9sz gy\u00e1rt\u00f3 porcel\u00e1n<\/strong> c\u00e9g.<\/p>\n<p>2007-ben az Olayer Mold kib\u0151v\u00edtette \u00fczleti modellj\u00e9t t\u00f6bb nagym\u00e9ret\u0171, szersz\u00e1mok gy\u00e1rt\u00e1s\u00e1ra szolg\u00e1l\u00f3 g\u00e9p megv\u00e1s\u00e1rl\u00e1s\u00e1val.  \u00dczlet\u00e1gunknak ez a b\u0151v\u00edt\u00e9se biztos\u00edtja sz\u00e1munkra az \u00e9rckapacit\u00e1st, hogy t\u00f6bb <strong>m\u0171anyag form\u00e1k<\/strong> az \u00fcgyfelek ig\u00e9nyeihez.<\/p>\n<p>Ha sz\u00fcks\u00e9ge van b\u00e1rmilyen kiv\u00e1l\u00f3 min\u0151s\u00e9g\u0171 <a href=\"https:\/\/www.molds-china.com\/hu\/muanyag-froccsonto-forma-2\/\"><em><strong>m\u0171anyag fr\u00f6ccs\u00f6nt\u0151 forma<\/strong><\/em><\/a> \u00e9s <strong>m\u0171anyag fr\u00f6ccs\u00f6nt\u00e9si szolg\u00e1ltat\u00e1s<\/strong>\u00a0egy <strong><em>Fr\u00f6ccs\u00f6nt\u00e9s K\u00edna<\/em><\/strong> C\u00e9g a term\u00e9kfejleszt\u00e9shez? Gyors sz\u00e1ll\u00edt\u00e1sra, versenyk\u00e9pes \u00e1rra van sz\u00fcks\u00e9ge, mi lesz\u00fcnk az egyik legjobb partnere, hogy seg\u00edts\u00fck v\u00e1llalkoz\u00e1s\u00e1t sikeresebb\u00e9 tenni. K\u00fcldje el nek\u00fcnk a k\u00f6vetelm\u00e9nyeket, k\u00e9t munkanapon bel\u00fcl id\u00e9zz\u00fck \u00d6nt.<\/p>\n\n\n<p><\/p>","protected":false},"excerpt":{"rendered":"<p>Plastic Injection Mould &amp;\u00a0Injection\u00a0molding China manufacturing Company We are a professional plastic injection mould and injection molding china company that services in plastic mold and injection molding manufacturing, is one of\u00a0 China mold manufacturer, established in 2015, Hao Yuan Xing Mold Co.ltd has grown to a full-service Plastic Injection Mould and injection moulding products in [&hellip;]<\/p>","protected":false},"author":1,"featured_media":0,"parent":0,"menu_order":0,"comment_status":"open","ping_status":"open","template":"","meta":{"_et_pb_use_builder":"","_et_pb_old_content":"","_et_gb_content_width":"","footnotes":""},"class_list":["post-12","page","type-page","status-publish","hentry"],"_links":{"self":[{"href":"https:\/\/www.molds-china.com\/hu\/wp-json\/wp\/v2\/pages\/12","targetHints":{"allow":["GET"]}}],"collection":[{"href":"https:\/\/www.molds-china.com\/hu\/wp-json\/wp\/v2\/pages"}],"about":[{"href":"https:\/\/www.molds-china.com\/hu\/wp-json\/wp\/v2\/types\/page"}],"author":[{"embeddable":true,"href":"https:\/\/www.molds-china.com\/hu\/wp-json\/wp\/v2\/users\/1"}],"replies":[{"embeddable":true,"href":"https:\/\/www.molds-china.com\/hu\/wp-json\/wp\/v2\/comments?post=12"}],"version-history":[{"count":0,"href":"https:\/\/www.molds-china.com\/hu\/wp-json\/wp\/v2\/pages\/12\/revisions"}],"wp:attachment":[{"href":"https:\/\/www.molds-china.com\/hu\/wp-json\/wp\/v2\/media?parent=12"}],"curies":[{"name":"wp","href":"https:\/\/api.w.org\/{rel}","templated":true}]}}