{"id":200,"date":"2014-08-04T18:14:32","date_gmt":"2014-08-04T10:14:32","guid":{"rendered":"http:\/\/hyx-mold.com\/?page_id=200"},"modified":"2018-01-02T13:35:42","modified_gmt":"2018-01-02T05:35:42","slug":"letesitmenyek","status":"publish","type":"page","link":"https:\/\/www.molds-china.com\/hu\/letesitmenyek\/","title":{"rendered":"L\u00e9tes\u00edtm\u00e9nyek Gal\u00e9ria"},"content":{"rendered":"<p>T\u00f6bb mint 10 k\u00e9szlet CNC g\u00e9p\u00fcnk van, 6 k\u00e9szlet l\u00e1gy dr\u00f3tv\u00e1g\u00f3 g\u00e9p\u00fcnk \u00e9s t\u00f6bb mint 20 EDM g\u00e9p\u00fcnk, r\u00e9szletesebben m\u0171anyagb\u00f3l <a href=\"https:\/\/www.molds-china.com\/hu\/capacity\/felszerelesek-listaja\/\">kattintson ide <\/a>a g\u00e9plista megtekint\u00e9s\u00e9hez.<\/p>","protected":false},"excerpt":{"rendered":"<p>T\u00f6bb mint 10 k\u00e9szlet CNC-g\u00e9p\u00fcnk van, 6 k\u00e9szlet l\u00e1gy dr\u00f3tv\u00e1g\u00f3 g\u00e9p \u00e9s t\u00f6bb mint 20 EDM g\u00e9p, r\u00e9szletesebben m\u0171anyag kattints ide, hogy ellen\u0151rizze a g\u00e9plist\u00e1t.<\/p>","protected":false},"author":1,"featured_media":0,"parent":0,"menu_order":0,"comment_status":"closed","ping_status":"closed","template":"","meta":{"_et_pb_use_builder":"","_et_pb_old_content":"","_et_gb_content_width":"","footnotes":""},"class_list":["post-200","page","type-page","status-publish","hentry"],"_links":{"self":[{"href":"https:\/\/www.molds-china.com\/hu\/wp-json\/wp\/v2\/pages\/200","targetHints":{"allow":["GET"]}}],"collection":[{"href":"https:\/\/www.molds-china.com\/hu\/wp-json\/wp\/v2\/pages"}],"about":[{"href":"https:\/\/www.molds-china.com\/hu\/wp-json\/wp\/v2\/types\/page"}],"author":[{"embeddable":true,"href":"https:\/\/www.molds-china.com\/hu\/wp-json\/wp\/v2\/users\/1"}],"replies":[{"embeddable":true,"href":"https:\/\/www.molds-china.com\/hu\/wp-json\/wp\/v2\/comments?post=200"}],"version-history":[{"count":0,"href":"https:\/\/www.molds-china.com\/hu\/wp-json\/wp\/v2\/pages\/200\/revisions"}],"wp:attachment":[{"href":"https:\/\/www.molds-china.com\/hu\/wp-json\/wp\/v2\/media?parent=200"}],"curies":[{"name":"wp","href":"https:\/\/api.w.org\/{rel}","templated":true}]}}