{"id":216,"date":"2014-08-04T21:27:53","date_gmt":"2014-08-04T13:27:53","guid":{"rendered":"http:\/\/hyx-mold.com\/?page_id=216"},"modified":"2018-01-02T13:39:05","modified_gmt":"2018-01-02T05:39:05","slug":"mernoki-tevekenyseg","status":"publish","type":"page","link":"https:\/\/www.molds-china.com\/hu\/mernoki-tevekenyseg\/","title":{"rendered":"M\u00e9rn\u00f6ki tev\u00e9kenys\u00e9g"},"content":{"rendered":"<p style=\"color: #000000;\">Hagyja r\u00e1nk az aggodalmakat, hiszen mi teljes\u00edtj\u00fck a legnehezebb projekt specifik\u00e1ci\u00f3it is. K\u00edn\u00e1lunk<span style=\"color: #000000;\">\u00a0<em><span style=\"color: #000000;\"><a title=\"m\u0171anyag forma\" href=\"https:\/\/www.molds-china.com\/hu\/\"><span style=\"color: #000000;\">m\u0171anyag forma<\/span><\/a><\/span>\u00a0<\/em><\/span>amely r\u00f6vid hat\u00e1rid\u0151n bel\u00fcl elv\u00e9gzi a munk\u00e1t. Biztosan sz\u00e1m\u00edthat r\u00e1nk, b\u00e1rmilyen k\u00fcl\u00f6nleges ig\u00e9nye van is. A gy\u00e1rt\u00e1si szint\u00fcnk a leghihetetlenebb.<\/p>\n<p style=\"color: #000000;\">Munkat\u00e1rsainkat \u00fagy k\u00e9pezt\u00e9k ki, hogy csak cs\u00facsmin\u0151s\u00e9get tudnak elfogadni, mivel az \u00d6n projektj\u00e9t nagyszer\u0171 csapatmunk\u00e1k r\u00e9v\u00e9n vezetik.<\/p>\n<p><span lang=\"EN-US\" style=\"color: #000000;\">Professzion\u00e1lis szersz\u00e1mtervez\u0151 m\u00e9rn\u00f6k\u00f6k<\/span><\/p>\n<p><span lang=\"EN-US\" style=\"color: #000000;\">T\u00f6bb mint t\u00edz\u00e9ves tapasztalattal rendelkez\u0151 szersz\u00e1mk\u00e9sz\u00edt\u0151 m\u00e9rn\u00f6k\u00f6k<\/span><\/p>\n<p><span lang=\"EN-US\" style=\"color: #000000;\">Foly\u00e9konyan besz\u00e9l\u0151 angol nyelvtud\u00e1ssal \u00e9s gazdag tapasztalattal rendelkez\u0151 projektmenedzserek<\/span><\/p>\n<p><span lang=\"EN-US\" style=\"color: #000000;\">Kiv\u00e1l\u00f3an k\u00e9pzett szersz\u00e1mgy\u00e1rt\u00f3 szem\u00e9lyzet \u00e9s professzion\u00e1lis sz\u00e1ll\u00edt\u00e1si szem\u00e9lyzet<\/span><\/p>\n<p style=\"color: #000000;\">Nemcsak az \u00d6n ig\u00e9nyeinek tesz\u00fcnk eleget, mint besz\u00e1ll\u00edt\u00f3i, hanem energikusan keress\u00fck a m\u00f3dszereket a szersz\u00e1mok optimaliz\u00e1l\u00e1s\u00e1ra, \u00edgy k\u00f6lts\u00e9get \u00e9s id\u0151t takar\u00edtunk meg a hossz\u00fa ideig tart\u00f3 massz\u00edv gy\u00e1rt\u00e1s sor\u00e1n. J\u00f3 min\u0151s\u00e9gir\u00e1ny\u00edt\u00e1si technik\u00e1ink vannak, amelyek olyan sikeresek.<\/p>\n<p style=\"color: #000000;\">Elemezz\u00fck, jav\u00edtjuk \u00e9s teljesen befejezz\u00fck a megl\u00e9v\u0151 szersz\u00e1mok probl\u00e9m\u00e1j\u00e1t, amelyek nem \u00e9rik el az \u00d6n ig\u00e9nyeit \u00e9s specifik\u00e1ci\u00f3it. A legjobb szersz\u00e1mgy\u00e1rt\u00f3k\u00e9nt \u00faj ir\u00e1ny\u00edt\u00e1si rendszert \u00e1ll\u00edtunk fel a k\u00e9rd\u00e9sre, \u00e9s megold\u00e1sokat kapunk arra vonatkoz\u00f3an, hogy mit fogunk jav\u00edtani a probl\u00e9ma megold\u00e1sa \u00e9rdek\u00e9ben. Mindig meghallgatjuk \u00d6nt, \u00fcgyfeleinket. Nem csak besoroljuk az \u00d6n probl\u00e9m\u00e1j\u00e1t egy el\u0151re meghat\u00e1rozott szersz\u00e1mmegold\u00e1sba. Id\u0151t ford\u00edtunk arra, hogy megismerj\u00fck az \u00d6n \u00fczleti k\u00f6vetelm\u00e9nyeit, neh\u00e9zs\u00e9geit \u00e9s gy\u00e1rt\u00e1si ig\u00e9nyeit, majd megold\u00e1st javasolunk a probl\u00e9m\u00e1kra.<\/p>\n<p style=\"color: #000000;\">Vannak automatikusan nyeres\u00e9g mellett, ha dolgozik a szervezet\u00fcnkkel a mi elk\u00f6telezetts\u00e9g\u00fcnk, a kiv\u00e1l\u00f3 min\u0151s\u00e9g\u0171 ac\u00e9l anyagok \u00e9s gy\u00e1rt\u00e1si tolerancia szabv\u00e1nyok, a rendk\u00edv\u00fcl hat\u00e9kony rendszer megk\u00f6zel\u00edt\u00e9se minden egyes feldolgoz\u00e1s, a tervez\u00e9st\u0151l a sz\u00e1ll\u00edt\u00e1sig.<\/p>\n<p style=\"color: #000000;\">","protected":false},"excerpt":{"rendered":"<p>Leave the worries to us as we meet your most challenging project specifications. We offer\u00a0plastic mold\u00a0that gets the job done within a short lead time. You can definitely count on us on what ever your special requirements. Our manufacturing levels are the most incredible one\u00a0. Our employees have been trained in a way that they [&hellip;]<\/p>","protected":false},"author":1,"featured_media":0,"parent":0,"menu_order":0,"comment_status":"open","ping_status":"open","template":"","meta":{"_et_pb_use_builder":"","_et_pb_old_content":"","_et_gb_content_width":"","footnotes":""},"class_list":["post-216","page","type-page","status-publish","hentry"],"_links":{"self":[{"href":"https:\/\/www.molds-china.com\/hu\/wp-json\/wp\/v2\/pages\/216","targetHints":{"allow":["GET"]}}],"collection":[{"href":"https:\/\/www.molds-china.com\/hu\/wp-json\/wp\/v2\/pages"}],"about":[{"href":"https:\/\/www.molds-china.com\/hu\/wp-json\/wp\/v2\/types\/page"}],"author":[{"embeddable":true,"href":"https:\/\/www.molds-china.com\/hu\/wp-json\/wp\/v2\/users\/1"}],"replies":[{"embeddable":true,"href":"https:\/\/www.molds-china.com\/hu\/wp-json\/wp\/v2\/comments?post=216"}],"version-history":[{"count":0,"href":"https:\/\/www.molds-china.com\/hu\/wp-json\/wp\/v2\/pages\/216\/revisions"}],"wp:attachment":[{"href":"https:\/\/www.molds-china.com\/hu\/wp-json\/wp\/v2\/media?parent=216"}],"curies":[{"name":"wp","href":"https:\/\/api.w.org\/{rel}","templated":true}]}}