{"id":231,"date":"2014-08-04T21:47:46","date_gmt":"2014-08-04T13:47:46","guid":{"rendered":"http:\/\/hyx-mold.com\/?page_id=231"},"modified":"2016-06-06T17:20:45","modified_gmt":"2016-06-06T09:20:45","slug":"minoseg","status":"publish","type":"page","link":"https:\/\/www.molds-china.com\/hu\/minoseg\/","title":{"rendered":"Min\u0151s\u00e9g"},"content":{"rendered":"<p><b>Min\u0151s\u00e9g:<\/b><\/p>\n<p>Hogy j\u00f3t tegyen <a title=\"m\u0171anyag forma\" href=\"http:\/\/www.plasticmoldco.com\" target=\"_blank\" rel=\"noopener\"><em><strong>m\u0171anyag forma<\/strong> <\/em><\/a>\u00e9s megfelelnek a cusotmers sz\u00fcks\u00e9ges, hogy szoros min\u0151s\u00e9gellen\u0151rz\u00e9si elj\u00e1r\u00e1sokkal rendelkez\u00fcnk, m\u00e9g akkor is, ha m\u00e9g mindig nem t\u00f6k\u00e9letes, de tanulunk a cusotmers feed back \u00e9s jav\u00edtjuk id\u0151r\u0151l id\u0151re, a cusotmer el\u00e9gedett lesz azzal, hogy ezeket a min\u0151s\u00e9gellen\u0151rz\u00e9si rendszereket.<\/p>\n<p>\u00c1ltal\u00e1nos l\u00e9p\u00e9sek, bele\u00e9rtve az al\u00e1bbiakat.<\/p>\n<p>Szersz\u00e1mrajz Tervez\u00e9si fel\u00fclvizsg\u00e1lat az \u00fcgyf\u00e9lnek val\u00f3 elk\u00fcld\u00e9s el\u0151tt<\/p>\n<p>A szersz\u00e1mrajz verzi\u00f3ja id\u0151ben friss\u00fcl, hogy az \u00fcgyf\u00e9l a legfrissebb verzi\u00f3val rendelkezzen, amikor elk\u00fcldi a dokumentumot a szersz\u00e1mmal egy\u00fctt.<\/p>\n<p>Tervez\u00e9si valid\u00e1l\u00e1s \u00e9s ellen\u0151rz\u00e9s<img loading=\"lazy\" decoding=\"async\" class=\"alignright  wp-image-1057\" src=\"https:\/\/www.molds-china.com\/wp-content\/uploads\/2016\/06\/P3120350-300x225.jpg\" alt=\"\" width=\"380\" height=\"285\" title=\"\" srcset=\"https:\/\/www.molds-china.com\/wp-content\/uploads\/2016\/06\/P3120350-300x225.jpg 300w, https:\/\/www.molds-china.com\/wp-content\/uploads\/2016\/06\/P3120350.jpg 640w\" sizes=\"(max-width: 380px) 100vw, 380px\" \/><\/p>\n<p>Bej\u00f6v\u0151 ellen\u0151rz\u00e9s az \u00f6sszes soros anyagra<\/p>\n<p>Els\u0151 pen\u00e9sz pr\u00f3baellen\u0151rz\u00e9s<\/p>\n<p>M\u00e9retbe\u00e1ll\u00edt\u00e1si ellen\u0151rz\u00e9s a k\u00f6vetkez\u0151 szersz\u00e1mpr\u00f3ba el\u0151tt<\/p>\n<p>Koordin\u00e1ta m\u00e9r\u0151g\u00e9p (CMM)<\/p>\n<p>Kivet\u00edt\u0151g\u00e9p<\/p>","protected":false},"excerpt":{"rendered":"<p>Quality: To make good plastic mold and meet our cusotmers required we have tight quality control procedures, even thought still not perfection but we are learning from our cusotmers feed back\u00a0 and improve it from time to time, our cusotmer will be satisfied by doing those quality control systems. General steps including below. Tool drawing [&hellip;]<\/p>","protected":false},"author":1,"featured_media":0,"parent":0,"menu_order":0,"comment_status":"open","ping_status":"open","template":"","meta":{"_et_pb_use_builder":"","_et_pb_old_content":"","_et_gb_content_width":"","footnotes":""},"class_list":["post-231","page","type-page","status-publish","hentry"],"_links":{"self":[{"href":"https:\/\/www.molds-china.com\/hu\/wp-json\/wp\/v2\/pages\/231","targetHints":{"allow":["GET"]}}],"collection":[{"href":"https:\/\/www.molds-china.com\/hu\/wp-json\/wp\/v2\/pages"}],"about":[{"href":"https:\/\/www.molds-china.com\/hu\/wp-json\/wp\/v2\/types\/page"}],"author":[{"embeddable":true,"href":"https:\/\/www.molds-china.com\/hu\/wp-json\/wp\/v2\/users\/1"}],"replies":[{"embeddable":true,"href":"https:\/\/www.molds-china.com\/hu\/wp-json\/wp\/v2\/comments?post=231"}],"version-history":[{"count":0,"href":"https:\/\/www.molds-china.com\/hu\/wp-json\/wp\/v2\/pages\/231\/revisions"}],"wp:attachment":[{"href":"https:\/\/www.molds-china.com\/hu\/wp-json\/wp\/v2\/media?parent=231"}],"curies":[{"name":"wp","href":"https:\/\/api.w.org\/{rel}","templated":true}]}}