{"id":243,"date":"2014-08-06T19:14:58","date_gmt":"2014-08-06T11:14:58","guid":{"rendered":"http:\/\/hyx-mold.com\/?page_id=243"},"modified":"2018-01-02T13:34:48","modified_gmt":"2018-01-02T05:34:48","slug":"formaaramlas","status":"publish","type":"page","link":"https:\/\/www.molds-china.com\/hu\/mernoki-tevekenyseg\/formaaramlas\/","title":{"rendered":"Mold \u00e1raml\u00e1s"},"content":{"rendered":"<p><span style=\"color: #000000;\">Mold \u00e1raml\u00e1si elemz\u00e9s az \u00f6sszes szersz\u00e1munkhoz a szersz\u00e1mrajz teljes befejez\u00e9se ut\u00e1n, mert ez minden ott van a szoftverben az elemz\u00e9shez, term\u00e9szetesen, ha van valami probl\u00e9ma, mint a szell\u0151ztet\u00e9si k\u00e9rd\u00e9s, a l\u00e9gcsapda k\u00e9rd\u00e9se, a kiegyens\u00falyozatlan t\u00f6lt\u00e9s stb., Akkor sz\u00fcks\u00e9g\u00fcnk van n\u00e9h\u00e1ny kis kiigaz\u00edt\u00e1sra a szersz\u00e1mrajzon a szersz\u00e1mrajz optimaliz\u00e1l\u00e1sa \u00e9rdek\u00e9ben, \u00e9s k\u00fcldje el az \u00fcgyf\u00e9lnek a leg\u00fajabb verzi\u00f3t.<\/span><\/p>\n<p><span style=\"color: #000000;\">A MOLDFLOW szoftvert haszn\u00e1ljuk a szerz\u0151i joggal v\u00e9dett<\/span><\/p>\n<p><span style=\"color: #000000;\">\u00c1ltal\u00e1nos inform\u00e1ci\u00f3k a pen\u00e9sz\u00e1raml\u00e1sr\u00f3l<\/span><\/p>\n<p><span style=\"color: #000000;\">1. Anyaginform\u00e1ci\u00f3k, technol\u00f3giai felt\u00e9telek, bele\u00e9rtve a szersz\u00e1m h\u0151m\u00e9rs\u00e9klet\u00e9t, olvad\u00e9kh\u0151m\u00e9rs\u00e9kletet, befecskendez\u00e9si id\u0151t, MFR-t.<\/span><\/p>\n<p><span style=\"color: #000000;\">2. Kapuegyens\u00faly \u00e9s m\u00e9retelemz\u00e9s.<\/span><\/p>\n<p><span style=\"color: #000000;\">3. H\u0171t\u00e9si \u00e1llapotelemz\u00e9s.<\/span><\/p>\n<p><span style=\"color: #000000;\">4. T\u00f6lt\u00e9si id\u0151 \u00e9s befecskendez\u00e9si nyom\u00e1s, r\u00e9szesed\u00e9si ar\u00e1ny, zsugorod\u00e1s \u00e9s szor\u00edt\u00f3er\u0151-elemz\u00e9s,<\/span><\/p>\n<p><span style=\"color: #000000;\">5. Kiszell\u0151ztet\u00e9si probl\u00e9m\u00e1k elemz\u00e9se, forr\u00f3 pontok, vetemed\u00e9s elemz\u00e9se.<\/span><\/p>\n<p><em><strong><span style=\"color: #000000;\">L\u00e1sd al\u00e1bb a pen\u00e9sz\u00e1raml\u00e1si jelent\u00e9s egy r\u00e9sz\u00e9t<\/span><\/strong><\/em><\/p>\n<p><img loading=\"lazy\" decoding=\"async\" class=\"size-full wp-image-521 aligncenter\" src=\"https:\/\/www.molds-china.com\/wp-content\/uploads\/2014\/08\/mold-flow-00.jpg\" alt=\"mold flow-00\" width=\"813\" height=\"480\" title=\"\" srcset=\"https:\/\/www.molds-china.com\/wp-content\/uploads\/2014\/08\/mold-flow-00.jpg 813w, https:\/\/www.molds-china.com\/wp-content\/uploads\/2014\/08\/mold-flow-00-300x177.jpg 300w\" sizes=\"(max-width: 813px) 100vw, 813px\" \/><\/p>\n<p><img loading=\"lazy\" decoding=\"async\" class=\"size-full wp-image-523 aligncenter\" src=\"https:\/\/www.molds-china.com\/wp-content\/uploads\/2014\/08\/mold-flow-01.jpg\" alt=\"pen\u00e9sz \u00e1raml\u00e1s-01\" width=\"778\" height=\"480\" title=\"\" srcset=\"https:\/\/www.molds-china.com\/wp-content\/uploads\/2014\/08\/mold-flow-01.jpg 778w, https:\/\/www.molds-china.com\/wp-content\/uploads\/2014\/08\/mold-flow-01-300x185.jpg 300w\" sizes=\"(max-width: 778px) 100vw, 778px\" \/> <a href=\"https:\/\/www.molds-china.com\/wp-content\/uploads\/2014\/08\/mold-flow-02.jpg\"><img loading=\"lazy\" decoding=\"async\" class=\"size-full wp-image-524 aligncenter\" src=\"https:\/\/www.molds-china.com\/wp-content\/uploads\/2014\/08\/mold-flow-02.jpg\" alt=\"pen\u00e9sz \u00e1raml\u00e1s-02\" width=\"828\" height=\"480\" title=\"\" srcset=\"https:\/\/www.molds-china.com\/wp-content\/uploads\/2014\/08\/mold-flow-02.jpg 828w, https:\/\/www.molds-china.com\/wp-content\/uploads\/2014\/08\/mold-flow-02-300x173.jpg 300w\" sizes=\"(max-width: 828px) 100vw, 828px\" \/><\/a> <a href=\"https:\/\/www.molds-china.com\/wp-content\/uploads\/2014\/08\/mold-flow-03.jpg\"><img loading=\"lazy\" decoding=\"async\" class=\"size-full wp-image-525 aligncenter\" src=\"https:\/\/www.molds-china.com\/wp-content\/uploads\/2014\/08\/mold-flow-03.jpg\" alt=\"mold flow-03\" width=\"755\" height=\"480\" title=\"\" srcset=\"https:\/\/www.molds-china.com\/wp-content\/uploads\/2014\/08\/mold-flow-03.jpg 755w, https:\/\/www.molds-china.com\/wp-content\/uploads\/2014\/08\/mold-flow-03-300x190.jpg 300w\" sizes=\"(max-width: 755px) 100vw, 755px\" \/><\/a> <a href=\"https:\/\/www.molds-china.com\/wp-content\/uploads\/2014\/08\/mold-flow-04.jpg\"><img loading=\"lazy\" decoding=\"async\" class=\"size-full wp-image-526 aligncenter\" src=\"https:\/\/www.molds-china.com\/wp-content\/uploads\/2014\/08\/mold-flow-04.jpg\" alt=\"pen\u00e9sz \u00e1raml\u00e1s-04\" width=\"771\" height=\"480\" title=\"\" srcset=\"https:\/\/www.molds-china.com\/wp-content\/uploads\/2014\/08\/mold-flow-04.jpg 771w, https:\/\/www.molds-china.com\/wp-content\/uploads\/2014\/08\/mold-flow-04-300x186.jpg 300w\" sizes=\"(max-width: 771px) 100vw, 771px\" \/><\/a> <a href=\"https:\/\/www.molds-china.com\/wp-content\/uploads\/2014\/08\/mold-flow-05.jpg\"><img loading=\"lazy\" decoding=\"async\" class=\"size-full wp-image-527 aligncenter\" src=\"https:\/\/www.molds-china.com\/wp-content\/uploads\/2014\/08\/mold-flow-05.jpg\" alt=\"mold flow-05\" width=\"779\" height=\"480\" title=\"\" srcset=\"https:\/\/www.molds-china.com\/wp-content\/uploads\/2014\/08\/mold-flow-05.jpg 779w, https:\/\/www.molds-china.com\/wp-content\/uploads\/2014\/08\/mold-flow-05-300x184.jpg 300w\" sizes=\"(max-width: 779px) 100vw, 779px\" \/><\/a> <a href=\"https:\/\/www.molds-china.com\/wp-content\/uploads\/2014\/08\/mold-flow-06.jpg\"><img loading=\"lazy\" decoding=\"async\" class=\"size-full wp-image-528 aligncenter\" src=\"https:\/\/www.molds-china.com\/wp-content\/uploads\/2014\/08\/mold-flow-06.jpg\" alt=\"pen\u00e9sz \u00e1raml\u00e1s-06\" width=\"771\" height=\"480\" title=\"\" srcset=\"https:\/\/www.molds-china.com\/wp-content\/uploads\/2014\/08\/mold-flow-06.jpg 771w, https:\/\/www.molds-china.com\/wp-content\/uploads\/2014\/08\/mold-flow-06-300x186.jpg 300w\" sizes=\"(max-width: 771px) 100vw, 771px\" \/><\/a> <a href=\"https:\/\/www.molds-china.com\/wp-content\/uploads\/2014\/08\/mold-flow-07.jpg\"><img loading=\"lazy\" decoding=\"async\" class=\"size-full wp-image-529 aligncenter\" src=\"https:\/\/www.molds-china.com\/wp-content\/uploads\/2014\/08\/mold-flow-07.jpg\" alt=\"pen\u00e9sz \u00e1raml\u00e1s-07\" width=\"753\" height=\"480\" title=\"\" srcset=\"https:\/\/www.molds-china.com\/wp-content\/uploads\/2014\/08\/mold-flow-07.jpg 753w, https:\/\/www.molds-china.com\/wp-content\/uploads\/2014\/08\/mold-flow-07-300x191.jpg 300w\" sizes=\"(max-width: 753px) 100vw, 753px\" \/><\/a> <a href=\"https:\/\/www.molds-china.com\/wp-content\/uploads\/2014\/08\/mold-flow-08.jpg\"><img loading=\"lazy\" decoding=\"async\" class=\"size-full wp-image-530 aligncenter\" src=\"https:\/\/www.molds-china.com\/wp-content\/uploads\/2014\/08\/mold-flow-08.jpg\" alt=\"pen\u00e9sz \u00e1raml\u00e1s-08\" width=\"747\" height=\"480\" title=\"\" srcset=\"https:\/\/www.molds-china.com\/wp-content\/uploads\/2014\/08\/mold-flow-08.jpg 747w, https:\/\/www.molds-china.com\/wp-content\/uploads\/2014\/08\/mold-flow-08-300x192.jpg 300w\" sizes=\"(max-width: 747px) 100vw, 747px\" \/><\/a> <a href=\"https:\/\/www.molds-china.com\/wp-content\/uploads\/2014\/08\/mold-flow-09.jpg\"><img loading=\"lazy\" decoding=\"async\" class=\"size-full wp-image-531 aligncenter\" src=\"https:\/\/www.molds-china.com\/wp-content\/uploads\/2014\/08\/mold-flow-09.jpg\" alt=\"pen\u00e9sz \u00e1raml\u00e1s-09\" width=\"725\" height=\"480\" title=\"\" srcset=\"https:\/\/www.molds-china.com\/wp-content\/uploads\/2014\/08\/mold-flow-09.jpg 725w, https:\/\/www.molds-china.com\/wp-content\/uploads\/2014\/08\/mold-flow-09-300x198.jpg 300w\" sizes=\"(max-width: 725px) 100vw, 725px\" \/><\/a><\/p>\n<p>&nbsp;<\/p>\n<p>&nbsp;<\/p>\n<p>&nbsp;<\/p>\n<p>&nbsp;<\/p>","protected":false},"excerpt":{"rendered":"<p>Mold \u00a0flow analysis for all of our molds after tool drawing complete finished, because this is every there in software for analysis, of course if have some issue, like venting issue, air trap issue, unbalance filling etc, then we need do some small adjustment in tool drawing to optimize tool drawing, and send customer the [&hellip;]<\/p>","protected":false},"author":1,"featured_media":0,"parent":216,"menu_order":0,"comment_status":"open","ping_status":"open","template":"","meta":{"_et_pb_use_builder":"","_et_pb_old_content":"","_et_gb_content_width":"","footnotes":""},"class_list":["post-243","page","type-page","status-publish","hentry"],"_links":{"self":[{"href":"https:\/\/www.molds-china.com\/hu\/wp-json\/wp\/v2\/pages\/243","targetHints":{"allow":["GET"]}}],"collection":[{"href":"https:\/\/www.molds-china.com\/hu\/wp-json\/wp\/v2\/pages"}],"about":[{"href":"https:\/\/www.molds-china.com\/hu\/wp-json\/wp\/v2\/types\/page"}],"author":[{"embeddable":true,"href":"https:\/\/www.molds-china.com\/hu\/wp-json\/wp\/v2\/users\/1"}],"replies":[{"embeddable":true,"href":"https:\/\/www.molds-china.com\/hu\/wp-json\/wp\/v2\/comments?post=243"}],"version-history":[{"count":0,"href":"https:\/\/www.molds-china.com\/hu\/wp-json\/wp\/v2\/pages\/243\/revisions"}],"up":[{"embeddable":true,"href":"https:\/\/www.molds-china.com\/hu\/wp-json\/wp\/v2\/pages\/216"}],"wp:attachment":[{"href":"https:\/\/www.molds-china.com\/hu\/wp-json\/wp\/v2\/media?parent=243"}],"curies":[{"name":"wp","href":"https:\/\/api.w.org\/{rel}","templated":true}]}}