{"id":245,"date":"2014-08-06T19:15:54","date_gmt":"2014-08-06T11:15:54","guid":{"rendered":"http:\/\/hyx-mold.com\/?page_id=245"},"modified":"2018-01-02T13:34:33","modified_gmt":"2018-01-02T05:34:33","slug":"formakialakitas","status":"publish","type":"page","link":"https:\/\/www.molds-china.com\/hu\/mernoki-tevekenyseg\/formakialakitas\/","title":{"rendered":"Formakialak\u00edt\u00e1s"},"content":{"rendered":"<p>Sikeres <a title=\"m\u0171anyag forma\" href=\"https:\/\/www.molds-china.com\/hu\/\"><em>m\u0171anyag forma<\/em><\/a> sikeres <a title=\"formakialak\u00edt\u00e1s\" href=\"https:\/\/www.molds-china.com\/hu\/mernoki-tevekenyseg\/formakialakitas\/\">formakialak\u00edt\u00e1s<\/a>, ha az els\u0151 l\u00e9p\u00e9s nem megy a helyes ir\u00e1nyba, akkor nem sz\u00e1m\u00edt, mit csin\u00e1lsz, miut\u00e1n meg\u00e9p\u00edtetted a <a title=\"m\u0171anyag forma\" href=\"https:\/\/www.molds-china.com\/hu\/\"><em>m\u0171anyag forma<\/em><\/a>, m\u00e9g mindig gyenge pen\u00e9sz.<\/p>\n<p>Miel\u0151tt a szersz\u00e1mtervez\u00e9s megkezd\u0151d\u00f6tt, DFM jelent\u00e9st k\u00e9sz\u00edt\u00fcnk, hogy megmutassuk az \u00fcgyfelet, \u00e9s j\u00f3v\u00e1hagyjuk az \u00fcgyf\u00e9lt\u0151l, az \u00f6sszes szersz\u00e1m rajz tervez\u00e9s\u00e9t k\u00f6vetj\u00fck az \u00fcgyf\u00e9l szabv\u00e1nyait,<\/p>\n<p>\u00c1ltal\u00e1nos l\u00e9p\u00e9sek az al\u00e1bbiakban.<\/p>\n<p>DFM jelent\u00e9s el\u0151sz\u00f6r a lehets\u00e9ges probl\u00e9ma megvitat\u00e1s\u00e1ra.<\/p>\n<p>fel\u00fclvizsg\u00e1lja az alkatr\u00e9sztervez\u00e9st a j\u00f3 form\u00e1z\u00e1s \u00e9s a k\u00f6nny\u0171 \u00f6nt\u00e9s \u00e9rdek\u00e9ben, adjon n\u00e9h\u00e1ny javaslatot, ha van k\u00e9rd\u00e9s, hogy biztos\u00edtsa, hogy az alkatr\u00e9sztervez\u00e9s optim\u00e1lis legyen.<\/p>\n<p>Ind\u00edtsa el a 2D szersz\u00e1mtervez\u00e9st a j\u00f3v\u00e1hagyott DFM-jelent\u00e9s szerint, k\u00fcldje el a 2D szersz\u00e1m rajz\u00e1t az \u00fcgyf\u00e9lnek, \u00e9s mutasson r\u00e1 n\u00e9h\u00e1ny nyitott k\u00e9rd\u00e9sre, hogy az \u00fcgyf\u00e9lnek kett\u0151s ellen\u0151rz\u00e9sre van sz\u00fcks\u00e9ge, hogy biztos\u00edtsa a szersz\u00e1m rajztervez\u00e9s optimaliz\u00e1l\u00e1s\u00e1t.<\/p>\n<p>A 3D szersz\u00e1mtervez\u00e9s megkezd\u00e9se az \u00fcgyf\u00e9l \u00e1ltal j\u00f3v\u00e1hagyott 2D ut\u00e1n.<\/p>\n<p>Do Mold Flow elemz\u00e9s a teljes 3D-s szersz\u00e1m rajz\u00e1val az \u00fcgyf\u00e9l \u00e1ltal j\u00f3v\u00e1hagyott ut\u00e1n, hogy megtal\u00e1lja a kapu ter\u00fclet\u00e9nek optimaliz\u00e1l\u00e1s\u00e1t, a h\u0171t\u00e9si \u00e1llapotot, a leveg\u0151 szell\u0151ztet\u00e9si probl\u00e9m\u00e1t, a vetemed\u00e9st stb. tal\u00e1n kis v\u00e1ltoztat\u00e1sokat v\u00e9gezzen a pen\u00e9sz\u00e1raml\u00e1si javaslat szerint a kapu vagy a h\u0171t\u00e9s stb.<a href=\"https:\/\/www.molds-china.com\/wp-content\/uploads\/2016\/06\/Mold-design.jpg\"><br \/>\n<\/a><\/p>\n<p>&nbsp;<\/p>\n<p>&nbsp;<\/p>","protected":false},"excerpt":{"rendered":"<p>A successful plastic mold come from successful mold design, if first step have not go to the right direction then no matter what you do after you build the plastic mould, still poor mold. Before mold design started we will make DFM report to show customer and get approved from customer, all of tool drawing [&hellip;]<\/p>","protected":false},"author":1,"featured_media":0,"parent":216,"menu_order":0,"comment_status":"open","ping_status":"open","template":"","meta":{"_et_pb_use_builder":"","_et_pb_old_content":"","_et_gb_content_width":"","footnotes":""},"class_list":["post-245","page","type-page","status-publish","hentry"],"_links":{"self":[{"href":"https:\/\/www.molds-china.com\/hu\/wp-json\/wp\/v2\/pages\/245","targetHints":{"allow":["GET"]}}],"collection":[{"href":"https:\/\/www.molds-china.com\/hu\/wp-json\/wp\/v2\/pages"}],"about":[{"href":"https:\/\/www.molds-china.com\/hu\/wp-json\/wp\/v2\/types\/page"}],"author":[{"embeddable":true,"href":"https:\/\/www.molds-china.com\/hu\/wp-json\/wp\/v2\/users\/1"}],"replies":[{"embeddable":true,"href":"https:\/\/www.molds-china.com\/hu\/wp-json\/wp\/v2\/comments?post=245"}],"version-history":[{"count":0,"href":"https:\/\/www.molds-china.com\/hu\/wp-json\/wp\/v2\/pages\/245\/revisions"}],"up":[{"embeddable":true,"href":"https:\/\/www.molds-china.com\/hu\/wp-json\/wp\/v2\/pages\/216"}],"wp:attachment":[{"href":"https:\/\/www.molds-china.com\/hu\/wp-json\/wp\/v2\/media?parent=245"}],"curies":[{"name":"wp","href":"https:\/\/api.w.org\/{rel}","templated":true}]}}