{"id":4,"date":"2014-08-02T17:16:35","date_gmt":"2014-08-02T09:16:35","guid":{"rendered":"http:\/\/hyx-mold.com\/?page_id=4"},"modified":"2022-03-06T16:06:39","modified_gmt":"2022-03-06T08:06:39","slug":"home","status":"publish","type":"page","link":"https:\/\/www.molds-china.com\/hu\/","title":{"rendered":"Home"},"content":{"rendered":"<h1 class=\"wp-block-heading\"><strong>Mold gy\u00e1rt\u00f3k K\u00edn\u00e1ban<\/strong>&#8211;<strong>Egyedi fr\u00f6ccs\u00f6nt\u00e9s<\/strong><\/h1>\n\n\n\n<p>A  kiv\u00e1laszt\u00e1sa <strong>pen\u00e9sz gy\u00e1rt\u00f3k K\u00edn\u00e1ban<\/strong> hogy n\u00f6velje \u00fczleti piac\u00e1t, a legjobb megold\u00e1s lesz.<\/p>\n\n\n\n<p>A m\u0171anyag fr\u00f6ccs\u00f6nt\u0151 szersz\u00e1mok elengedhetetlenek a fr\u00f6ccs\u00f6nt\u00f6tt alkatr\u00e9szek el\u0151\u00e1ll\u00edt\u00e1s\u00e1hoz, amelyeket egyes v\u00e1llalkoz\u00e1sok vil\u00e1gszerte haszn\u00e1lnak. Az \u00fczletemberek ezekre t\u00e1maszkodnak a m\u0171anyag term\u00e9kek, p\u00e9ld\u00e1ul a l\u00e1da \u00f6nt\u0151forma, a h\u00e1ztart\u00e1si m\u0171anyag \u00f6nt\u0151forma, a csomagol\u00e1si \u00f6nt\u0151form\u00e1k, a h\u00e1ztart\u00e1si k\u00e9sz\u00fcl\u00e9kek \u00f6nt\u0151form\u00e1i, az aut\u00f3ipari \u00f6nt\u0151form\u00e1k \u00e9s hasonl\u00f3k mindennapi gy\u00e1rt\u00e1s\u00e1hoz.<\/p>\n\n\n\n<p>A m\u0171anyag \u00e1rukat vil\u00e1gszerte \u00e1ltal\u00e1nosan haszn\u00e1lj\u00e1k, \u00e9s az emberek \u00e9lvezik a felhaszn\u00e1l\u00e1sukat. Sz\u00e1mos <strong>formagy\u00e1rt\u00f3k<\/strong> amelyekkel a vil\u00e1g legt\u00f6bb r\u00e9sz\u00e9n, \u00edgy K\u00edn\u00e1ban is kapcsolatba ker\u00fclhet. A honlapon kereszt\u00fcl kereshet, \u00e9s sz\u00e1mos helyen tal\u00e1lhat bel\u0151l\u00fck. <strong>K\u00edna m\u0171anyag fr\u00f6ccs\u00f6nt\u0151 pen\u00e9sz gy\u00e1rt\u00f3k<\/strong> a Google-on<\/p>\n\n\n\n<div class=\"wp-block-image\"><figure class=\"alignleft is-resized\"><img loading=\"lazy\" decoding=\"async\" src=\"https:\/\/www.molds-china.com\/wp-content\/uploads\/2019\/08\/China-Mold-Company.jpg\" alt=\"K\u00edna Mold Company\" class=\"wp-image-22489\" width=\"283\" height=\"167\" title=\"\" srcset=\"https:\/\/www.molds-china.com\/wp-content\/uploads\/2019\/08\/China-Mold-Company.jpg 424w, https:\/\/www.molds-china.com\/wp-content\/uploads\/2019\/08\/China-Mold-Company-300x177.jpg 300w\" sizes=\"(max-width: 283px) 100vw, 283px\" \/><figcaption>K\u00edna Mold Company<\/figcaption><\/figure><\/div>\n\n\n\n<p>K\u00edna a vil\u00e1g egyik legnagyobb gazdas\u00e1ga. A brutt\u00f3 nemzeti term\u00e9k\u00e9t (GDP) tekintve 2018-ban 10 088 egy f\u0151re jut\u00f3 (nomin\u00e1lis) ($). Ha egy \u00faj projektet ind\u00edt, amely egy\u00e9ni <a href=\"https:\/\/www.molds-china.com\/hu\/muanyag-froccsonto-forma-2\/\" target=\"_blank\" rel=\"noreferrer noopener\"><strong><em>m\u0171anyag fr\u00f6ccs\u00f6nt\u0151 pen\u00e9sz<\/em><\/strong><\/a> vagy egyedi form\u00e1zott alkatr\u00e9szeket, akkor ma a vil\u00e1g vezet\u0151 gazdas\u00e1g\u00e1hoz fordulhat, \u00e9s ez azt jelenti, hogy <strong>K\u00edna Szersz\u00e1m. <\/strong>M\u00e1sodik az Amerikai Egyes\u00fclt \u00c1llamok ut\u00e1n.<\/p>\n\n\n\n<p>A nagy \u00fczletemberek azzal kezdik, hogy j\u00f3 <strong>fr\u00f6ccs\u00f6nt\u0151 c\u00e9gek porcel\u00e1n<\/strong> a formaterm\u00e9keikhez. Az \u00fczleti v\u00e1llalkoz\u00e1s elind\u00edt\u00e1s\u00e1nak vannak el\u0151nyei \u00e9s h\u00e1tr\u00e1nyai, \u00e9s meg kell gy\u0151z\u0151dnie arr\u00f3l, hogy minden a megfelel\u0151 sorrendben van ahhoz, hogy az \u00fczleti v\u00e1llalkoz\u00e1s m\u0171k\u00f6dj\u00f6n. Az egyik ilyen a megfelel\u0151 term\u00e9kek \u00e9s a megfelel\u0151 <strong>K\u00edna pen\u00e9szgy\u00e1rt\u00f3 c\u00e9g<\/strong> mint besz\u00e1ll\u00edt\u00f3.<\/p>\n\n\n\n<p>K\u00e9pzelje el, milyen neh\u00e9z elind\u00edtani egy v\u00e1llalkoz\u00e1st, \u00e9s a megfelel\u0151 k\u00ednai egyedi m\u0171anyag fr\u00f6ccs\u00f6nt\u0151 gy\u00e1rt\u00f3 megtal\u00e1l\u00e1sa a v\u00e1laszt\u00e1si lehet\u0151s\u00e9gek tenger\u00e9ben olykor nagyon frusztr\u00e1l\u00f3 lehet. Lesz\u0171k\u00edtheti a keres\u00e9st, \u00e9s j\u00f3l \u00e9rezheti mag\u00e1t.<\/p>\n\n\n\n<p>A v\u00e1llalkoz\u00e1s ind\u00edt\u00e1s\u00e1nak egyszerre kell z\u00f6kken\u0151mentesnek \u00e9s \u00e9lvezetesnek lennie. Nem kell sietnie, hogy a legjobbat v\u00e1lassza ki a v\u00e1llalkoz\u00e1sai sz\u00e1m\u00e1ra, \u00e9s k\u00e9s\u0151bb \u00e9lvezze annak gy\u00fcm\u00f6lcs\u00f6z\u0151 eredm\u00e9ny\u00e9t.<\/p>\n\n\n\n<h2 class=\"wp-block-heading\">K\u00edna m\u0171anyag fr\u00f6ccs\u00f6nt\u0151 pen\u00e9sz gy\u00e1rt\u00f3k<\/h2>\n\n\n\n<p>Most pedig vess\u00fcnk egy pillant\u00e1st K\u00edna \u00f3ri\u00e1si kiterjed\u00e9s\u00e9re.<\/p>\n\n\n\n<p>K\u00edna, amellett, hogy a vil\u00e1g egyik legnagyobb gy\u00e1rt\u00f3kapacit\u00e1sa, egyben az egyik legnagyobb orsz\u00e1g is. \u00c1zsia 2. legnagyobb orsz\u00e1ga, amelynek lakoss\u00e1ga 2016-ban 1,379 milli\u00e1rd f\u0151 volt. Sz\u00e1mos <strong><em>Szersz\u00e1mgy\u00e1rt\u00f3k K\u00edn\u00e1ban<\/em><\/strong> ahogy az interneten is l\u00e1that\u00f3.<\/p>\n\n\n\n<p>N\u00e9h\u00e1nyuknak j\u00f3 v\u00e9lem\u00e9nye van, \u00e9s m\u00e1r \u00e9vek \u00f3ta m\u0171k\u00f6dik, \u00e9s n\u00e9h\u00e1nyan k\u00f6z\u00fcl\u00fck csak most kezdt\u00e9k el, nem rendelkeznek el\u00e9g sok k\u00e9szs\u00e9ggel ahhoz, hogy versenyezzenek a vil\u00e1g legnagyobb marketingstrat\u00e9gi\u00e1ival. Teh\u00e1t, hogyan tal\u00e1lhatsz egy j\u00f3 <strong>K\u00edna m\u0171anyag pen\u00e9sz gy\u00e1r<\/strong>? \u00cdme n\u00e9h\u00e1ny javaslat, amely seg\u00edthet megfelel\u0151 partnereket tal\u00e1lni \u00e9s <strong>K\u00edna m\u0171anyag fr\u00f6ccs\u00f6nt\u0151 pen\u00e9sz gy\u00e1rt\u00f3k<\/strong>.<\/p>\n\n\n\n<h3 class=\"wp-block-heading\"><strong>Hogyan tal\u00e1ljunk egy j\u00f3 fr\u00f6ccs\u00f6nt\u0151 szersz\u00e1mk\u00e9sz\u00edt\u0151t K\u00edn\u00e1ban<\/strong>?<\/h3>\n\n\n\n<p>El\u0151sz\u00f6r is, figyelembe kell vennie a rendelkez\u00e9sre \u00e1ll\u00f3 <strong>K\u00edna fr\u00f6ccs\u00f6nt\u0151 szersz\u00e1m gy\u00e1rt\u00f3ja<\/strong>. Azonnal v\u00e1laszol, ha megkeresed \u0151t valamilyen k\u00e9rd\u00e9ssel?<\/p>\n\n\n\n<p>P\u00e9ld\u00e1ul, amikor t\u00f6bbet szeretne megtudni a term\u00e9keikr\u0151l \u00e9s a megfelel\u0151 becsl\u00e9sekr\u0151l a megv\u00e1s\u00e1rolni k\u00edv\u00e1nt dolgokr\u00f3l, mindig k\u00e9szen \u00e1llnak arra, hogy visszah\u00edvj\u00e1k \u00d6nt, vagy gyors v\u00e1laszt adjanak e-mailben?<\/p>\n\n\n\n<p>Az els\u0151 javaslat teh\u00e1t az lenne, hogy keress\u00fcnk egy <strong>K\u00edna fr\u00f6ccs\u00f6nt\u0151 pen\u00e9sz gy\u00e1rt\u00f3ja<\/strong> aki mindig el\u00e9rhet\u0151, \u00fcgyf\u00e9lk\u00f6zpont\u00fa, \u00e9s mindig hajland\u00f3 seg\u00edteni a v\u00e1laszt\u00e1sokban, mivel tudja, hogy egy olyan szakemberrel fog dolgozni, aki <em>K\u00edna m\u0171anyag \u00f6nt\u0151 c\u00e9g<\/em> t\u00f6bb ezer m\u00e9rf\u00f6ldre az \u00d6n orsz\u00e1g\u00e1t\u00f3l, a gyors v\u00e1lasz nagyon hasznos, hogy a munka id\u0151ben friss\u00fclj\u00f6n.<\/p>\n\n\n\n<p>A m\u00e1sodik javaslat az, hogy olyan k\u00ednai m\u0171anyag fr\u00f6ccs\u00f6nt\u0151 gy\u00e1rt\u00f3t kell keresnie, amely min\u0151s\u00e9gi fr\u00f6ccs\u00f6nt\u0151form\u00e1k\/fr\u00f6ccs\u00f6nt\u00f6tt term\u00e9kek sz\u00e9les v\u00e1laszt\u00e9k\u00e1t k\u00edn\u00e1lja \u00e9sszer\u0171 \u00e1ron. Vegye figyelembe azt is, hogy a k\u00edn\u00e1lt term\u00e9keik megfelelnek-e az \u00d6n bimb\u00f3z\u00f3 \u00fczleti v\u00e1llalkoz\u00e1sainak ig\u00e9nyeinek.<\/p>\n\n\n\n<p>A harmadik javaslat az, hogy gy\u0151z\u0151dj\u00fcnk meg arr\u00f3l, hogy a feldolgoz\u00e1shoz haszn\u00e1lt berendez\u00e9sek <strong>Injekci\u00f3<\/strong> <strong>m\u0171anyag form\u00e1k <\/strong>a legkorszer\u0171bbek annak \u00e9rdek\u00e9ben, hogy hossz\u00fa t\u00e1v\u00fa \u00e9s tart\u00f3s eredm\u00e9nyeket produk\u00e1ljanak, soha ne csak az \u00e1rat n\u00e9zz\u00e9k, az \u00e1r t\u00fal alacsony, akkor a pen\u00e9sz nem k\u00e9pes j\u00f3l futni, amikor a <strong>K\u00edna fr\u00f6ccs\u00f6nt\u0151 szersz\u00e1m<\/strong> vissza a gy\u00e1rba, mint tudja, nem sz\u00e1m\u00edt, milyen alacsony az \u00e1ruk, m\u00e9g mindig sz\u00fcks\u00e9g\u00fck van nyeres\u00e9gre, \u00e9sszer\u0171 \u00e1r, j\u00f3 min\u0151s\u00e9g \u00e9s j\u00f3 szolg\u00e1ltat\u00e1s mindig a legjobb v\u00e1laszt\u00e1s az \u00d6n sz\u00e1m\u00e1ra, ezt a pontot szem el\u0151tt tartva biztons\u00e1gi \u00f6v lehet az \u00fczleti \u00fat sor\u00e1n.<\/p>\n\n\n\n<div class=\"wp-block-image\"><figure class=\"alignright size-large\"><a href=\"https:\/\/www.molds-china.com\/wp-content\/uploads\/2021\/05\/Injection-molding-china.jpg\"><img loading=\"lazy\" decoding=\"async\" width=\"400\" height=\"300\" src=\"https:\/\/www.molds-china.com\/wp-content\/uploads\/2021\/05\/Injection-molding-china.jpg\" alt=\"Fr\u00f6ccs\u00f6nt\u00e9s K\u00edna\" class=\"wp-image-22622\" title=\"\" srcset=\"https:\/\/www.molds-china.com\/wp-content\/uploads\/2021\/05\/Injection-molding-china.jpg 400w, https:\/\/www.molds-china.com\/wp-content\/uploads\/2021\/05\/Injection-molding-china-300x225.jpg 300w\" sizes=\"(max-width: 400px) 100vw, 400px\" \/><\/a><figcaption>Fr\u00f6ccs\u00f6nt\u00e9s K\u00edna<\/figcaption><\/figure><\/div>\n\n\n\n<p>V\u00e9g\u00fcl, lehet, hogy meg kell n\u00e9zni a <strong>K\u00edna fr\u00f6ccs\u00f6nt\u0151 pen\u00e9sz gy\u00e1rt\u00f3<\/strong> a sz\u00ednhelyen, hogy egy keres\u0151 egy\u00e9ni m\u0171anyag \u00f6nt\u0151form\u00e1k, amit kor\u00e1bban \u00e9s jelenleg tettek, ez egy egyszer\u0171 m\u00f3dja annak, hogy ellen\u0151rizze a min\u0151s\u00e9g\u00fcket \u00e9s a kapacit\u00e1st, ha megfelel az \u00d6n ig\u00e9nyeinek. Ha el\u00e9gedett minden, akkor v\u00e1laszthat az egyik, mint a <strong>K\u00edna fr\u00f6ccs\u00f6nt\u0151 szersz\u00e1m<\/strong> \u00e9s \u00f6ntv\u00e9ny besz\u00e1ll\u00edt\u00f3.<\/p>\n\n\n\n<p>A megfelel\u0151 kiv\u00e1laszt\u00e1s\u00e1hoz <strong>K\u00edna m\u0171anyag fr\u00f6ccs\u00f6nt\u0151 pen\u00e9sz gy\u00e1rt\u00f3k<\/strong> nem k\u00f6nny\u0171, ha meg akarod tal\u00e1lni a megfelel\u0151 <strong>m\u0171anyag fr\u00f6ccs\u00f6nt\u00e9s porcel\u00e1n<\/strong> c\u00e9g m\u00e9g nehezebb lesz, mint megtal\u00e1lni egy helyi pen\u00e9sz besz\u00e1ll\u00edt\u00f3 \u00e9s m\u0171anyag alkatr\u00e9szgy\u00e1rt\u00f3, mert a kommunik\u00e1ci\u00f3 alapvet\u0151 k\u00e9rd\u00e9s, hogy megtal\u00e1lja az angolul besz\u00e9l\u0151 nem olyan neh\u00e9z, de megtal\u00e1lni a szak\u00e9rt\u0151 technikai h\u00e1tt\u00e9r j\u00f3 angol k\u00e9szs\u00e9g, hogy nem k\u00f6nny\u0171 megtal\u00e1lni.<\/p>\n\n\n\n<p>Hogy a j\u00f3 min\u0151s\u00e9g\u0171 fr\u00f6ccs\u00f6nt\u0151 szersz\u00e1mok vagy fr\u00f6ccs\u00f6nt\u0151 term\u00e9kek, meg kell tal\u00e1lni A <strong>K\u00edna m\u0171anyag pen\u00e9sz gy\u00e1r<\/strong> aki professzion\u00e1lis mind a kommunik\u00e1ci\u00f3 \u00e9s a technol\u00f3gia, csak j\u00f3 angol, de rossz m\u0171szaki lesz neh\u00e9z kommunik\u00e1lni, vagy ak\u00e1r a rossz oldalra is megy, ha azt szeretn\u00e9, hogy az \u00fczleti siker egy k\u00ednai \u00f6nt\u0151 c\u00e9g, ezek a pontok lesz a biztons\u00e1g, hogy a siker a projekt, meg kell venni nagyon gondosan kiv\u00e1lasztott A k\u00ednai m\u0171anyag fr\u00f6ccs\u00f6nt\u0151 pen\u00e9sz \/ \u00f6nt\u0151 gy\u00e1rt\u00f3, ha megtal\u00e1lja a megfelel\u0151 partnert, minden kem\u00e9ny munka meg\u00e9ri.<\/p>\n\n\n\n<p>Ha keres <strong>pen\u00e9sz gy\u00e1rt\u00f3k K\u00edn\u00e1ban<\/strong>? Mi vagyunk az egyik legjobb lehet\u0151s\u00e9g az \u00d6n referenci\u00e1j\u00e1ra; felvehet minket az adatb\u00e1zis\u00e1ba \u00e9s k\u00e9s\u0151bb elemezheti, az \u00e9rt\u00e9kes\u00edt\u00e9s\u00fcnk t\u00f6bb mint 6 \u00e9ves m\u0171szaki k\u00e9szs\u00e9ggel rendelkezik, a szersz\u00e1mk\u00e9sz\u00edt\u0151, a szersz\u00e1mtervez\u00e9s, a projektmenedzsment \u00e9s az \u00e9rt\u00e9kes\u00edt\u00e9s ter\u00fclet\u00e9n dolgoztak, \u00edgy az \u00e9rt\u00e9kes\u00edt\u00e9si szem\u00e9ly\u00fcnk k\u00e9pzett, hogy gyorsan \u00e9s z\u00f6kken\u0151mentesen sikerre vigye az \u00fczlet\u00e9t. kapcsolatba l\u00e9phet vel\u00fcnk e-mailben.<\/p>\n\n\n\n<h3 class=\"wp-block-heading\"><strong>A vel\u00fcnk val\u00f3 egy\u00fcttm\u0171k\u00f6d\u00e9snek van n\u00e9h\u00e1ny el\u0151nye, amit \u00e9lvezni fogsz.<\/strong><\/h3>\n\n\n\n<ul class=\"wp-block-list\"><li>Rendk\u00edv\u00fcl megfizethet\u0151 term\u00e9keket kapunk, garant\u00e1lt vev\u0151i el\u00e9gedetts\u00e9get, b\u00e1rmilyen probl\u00e9m\u00e1t szak\u00e9rt\u0151i csapatunk teljes m\u00e9rt\u00e9kben megoldja.<\/li><li>Foly\u00e9kony angol nyelv\u0171 kommunik\u00e1ci\u00f3, 18 \u00e9ves m\u0171szaki tapasztalattal a szersz\u00e1mgy\u00e1rt\u00e1s \u00e9s az \u00f6ntv\u00e9nygy\u00e1rt\u00e1s ter\u00fclet\u00e9n.<\/li><li>Egyablakos szolg\u00e1ltat\u00e1s az alkatr\u00e9sztervez\u00e9s, szersz\u00e1mtervez\u00e9s, szersz\u00e1mk\u00e9sz\u00edt\u00e9s, t\u00f6meges gy\u00e1rt\u00e1s, fest\u00e9s, selyemszit\u00e1l\u00e1s, galvaniz\u00e1l\u00e1s, \u00f6sszeszerel\u00e9s \u00e9s sz\u00e1ll\u00edt\u00e1s k\u00f6zvetlen\u00fcl az \u00d6n oldal\u00e1ra.<\/li><li>Gyors \u00e1tfut\u00e1si id\u0151, 15 nap a kis alkatr\u00e9szek eset\u00e9ben.<\/li><li>Olyan alacsony k\u00f6lts\u00e9ggel, mint <strong>$ 650<\/strong> a  oldalon. <strong>egyedi formagy\u00e1rt\u00e1s<\/strong> hogy megmentse a kezdeti befektet\u00e9s\u00e9t.<\/li><\/ul>\n\n\n\n<p>\u00dcdv\u00f6z\u00f6lj\u00fck, hogy teszteljen minket, \u00e9s h\u00edvjon minket, hogy besz\u00e9lj\u00fcnk, lehet, hogy a legjobb partner az egy\u00e9ni m\u0171anyag pen\u00e9sz \u00e9s a m\u0171anyag fr\u00f6ccs\u00f6nt\u00e9si szolg\u00e1ltat\u00e1sban.<\/p>\n\n\n\n<h3 class=\"wp-block-heading\"><strong>Hogyan dolgozzunk egy k\u00ednai m\u0171anyag fr\u00f6ccs\u00f6nt\u0151 pen\u00e9sz gy\u00e1rt\u00f3val \u00e9s c\u00e9ggel?<\/strong>?<\/h3>\n\n\n\n<p>Ha befejezte a m\u00e1sodik l\u00e9p\u00e9st, akkor ki kell v\u00e1lasztania azt, amelyik m\u0171k\u00f6dni fog, hogy elkezdhesse, hogy k\u00e9pes legyen harmonikus kapcsolatot kialak\u00edtani egy \u00faj<strong> K\u00edna m\u0171anyag fr\u00f6ccs\u00f6nt\u00e9s gy\u00e1rt\u00f3ja<\/strong>. Az els\u0151 dolog, amit figyelembe kell venni, a fizet\u00e9si felt\u00e9telek. Az el\u0151\u00edrt id\u0151ben t\u00f6rt\u00e9n\u0151 fizet\u00e9s z\u00f6kken\u0151mentesen \u00e9s k\u00f6nnyen tartja az \u00fczletet.<\/p>\n\n\n\n<p>Legyen egy szerz\u0151d\u00e9s, amely tartalmazza a fizet\u00e9si felt\u00e9teleket, az \u00d6n felel\u0151ss\u00e9g\u00e9t \u00e9s az \u0151 felel\u0151ss\u00e9g\u00e9t. Ez olyan, mintha f\u00e9l\u00faton tal\u00e1lkozna a besz\u00e1ll\u00edt\u00f3ival. Vegye figyelembe azt is, hogy ha a besz\u00e1ll\u00edt\u00f3inak \u00e1ltal\u00e1ban m\u00e1s \u00fcgyfeleket is kell kezelni\u00fck, \u00edgy el\u0151fordulhat, hogy egyes dolgokat nem tudnak azonnal kezelni.<\/p>\n\n\n\n<p>A m\u00e1sodik, hogy megbizonyosodjon arr\u00f3l, hogy a <strong>m\u0171anyag formagy\u00e1rt\u00e1s<\/strong> a menetrendben, hogy megk\u00e9rdezz\u00e9k a <em>K\u00edna pen\u00e9sz <\/em>sz\u00e1ll\u00edt\u00f3, hogy pen\u00e9sz gy\u00e1rt\u00e1si id\u0151terv \u00e9s pen\u00e9sz pr\u00f3ba vezet\u00e9si \u00fctemterv, k\u00e9rje meg \u0151ket, hogy k\u00fcldj\u00f6n heti jelent\u00e9st a gy\u00e1rt\u00e1si k\u00e9pekkel minden h\u00e9ten, ez biztons\u00e1gosabb m\u00f3dja lehet az id\u0151vonal megtart\u00e1s\u00e1nak, amikor valamilyen probl\u00e9ma t\u00f6rt\u00e9nt, akkor megtudhatja a <strong>formagy\u00e1rt\u00e1s<\/strong> k\u00e9peket, mivel nem tudod minden nap szemmel tartani \u0151ket, mivel t\u00f6bb ezer m\u00e9rf\u00f6ldre vagy t\u0151l\u00fck.<\/p>\n\n\n\n<p>Tudjon meg t\u00f6bbet a piacr\u00f3l, \u00e9s egyeztessen a <strong>K\u00edna m\u0171anyag pen\u00e9sz gy\u00e1r<\/strong>, ha k\u00e9rd\u00e9sei \u00e9s felvil\u00e1gos\u00edt\u00e1sai vannak a term\u00e9keikkel vagy szolg\u00e1ltat\u00e1saikkal kapcsolatban. Ez n\u00e9h\u00e1ny olyan m\u00f3dszer, amely biztos\u00edtja a jobb meg\u00e9rt\u00e9st, \u00e9s biztos\u00edtja a munkakapcsolat z\u00f6kken\u0151mentes \u00e9s sikeres m\u0171k\u00f6d\u00e9s\u00e9t.<\/p>\n\n\n\n<p>K\u00e9szen \u00e1llunk arra, hogy meghallgassuk a v\u00e1laszad\u00e1st az \u00d6n \u00e9rdekl\u0151d\u00e9s\u00e9re, vegye fel vel\u00fcnk a kapcsolatot most e-mailben <a href=\"mailto:sales@molds-china.com\" rel=\"noreferrer noopener\" target=\"_blank\">sales@molds-china.com<\/a><\/p>\n\n\n\n<div class=\"wp-block-image\"><figure class=\"alignleft size-large\"><a href=\"https:\/\/www.molds-china.com\/wp-content\/uploads\/2021\/05\/mold-manufacturer-China.jpg\"><img loading=\"lazy\" decoding=\"async\" width=\"400\" height=\"300\" src=\"https:\/\/www.molds-china.com\/wp-content\/uploads\/2021\/05\/mold-manufacturer-China.jpg\" alt=\"Mold gy\u00e1rt\u00f3 K\u00edn\u00e1ban\" class=\"wp-image-22623\" title=\"\" srcset=\"https:\/\/www.molds-china.com\/wp-content\/uploads\/2021\/05\/mold-manufacturer-China.jpg 400w, https:\/\/www.molds-china.com\/wp-content\/uploads\/2021\/05\/mold-manufacturer-China-300x225.jpg 300w\" sizes=\"(max-width: 400px) 100vw, 400px\" \/><\/a><figcaption>Mold gy\u00e1rt\u00f3 K\u00edn\u00e1ban<\/figcaption><\/figure><\/div>\n\n\n\n<h3 class=\"wp-block-heading\">K\u00edn\u00e1lunk \u00d6nnek magas min\u0151s\u00e9get versenyk\u00e9pes \u00e1ron az egy\u00e9ni m\u0171anyag fr\u00f6ccs\u00f6nt\u0151 pen\u00e9sz \u00e9s \u00f6ntv\u00e9nyek sz\u00e1m\u00e1ra<\/h3>\n\n\n\n<p>A fogyaszt\u00f3k k\u00e9ts\u00e9gbe vonj\u00e1k a legfejlettebb fr\u00f6ccs\u00f6nt\u0151form\u00e1k beszerz\u00e9s\u00e9t. Ezekre a projekt specifik\u00e1ci\u00f3ik k\u00f6vet\u00e9s\u00e9hez van sz\u00fcks\u00e9g.<\/p>\n\n\n\n<p>Dongguan Olayer Technology Co.ltd (HAO YUAN XING Mold Co., Ltd. megv\u00e1ltoztatta a nev\u00e9t Sincere Okt\u00f3ber, 2020) b\u00edzik az \u00fcgyfelek projektj\u00e9nek legnehezebb specifik\u00e1ci\u00f3inak teljes\u00edt\u00e9s\u00e9ben. Az Olayer <strong>K\u00edna fr\u00f6ccs\u00f6nt\u0151 pen\u00e9sz gy\u00e1r<\/strong> min\u0151s\u00e9gi \u00fcgyf\u00e9lszolg\u00e1latot k\u00edn\u00e1l a versenyk\u00e9pes \u00e9s megfizethet\u0151 \u00e1r mellett.<\/p>\n\n\n\n<p><strong>A v\u00e1llalatra t\u00e1maszkodva a k\u00f6vetkez\u0151 el\u0151ny\u00f6kkel j\u00e1r:<\/strong><\/p>\n\n\n\n<ul class=\"wp-block-list\"><li>M\u0171anyag szersz\u00e1maink\/\u00f6nt\u0151form\u00e1ink tulajdons\u00e1gai rendk\u00edv\u00fcl megfizethet\u0151ek \u00e9s hat\u00e9konyak a marketingiparban.<\/li><li>Az \u00fcgyfelek teljes el\u00e9gedetts\u00e9g\u00e9t a szem\u00e9lyzet p\u00e1ratlan szak\u00e9rtelme garant\u00e1lja.<\/li><li>A legt\u00f6bb gondot a szem\u00e9lyzetre b\u00edzz\u00e1k, mivel a munk\u00e1kat r\u00f6vid id\u0151 alatt elint\u00e9zik.<\/li><li>Az \u00fcgyfelek k\u00fcl\u00f6nleges ig\u00e9nyeit a gy\u00e1rt\u00e1si szintek tekintet\u00e9ben teljes\u00edtj\u00fck.<\/li><li>A legfejlettebb m\u0171anyag form\u00e1z\u00e1si folyamatot mutatjuk be. Az alkatr\u00e9sztervez\u00e9st el\u0151sz\u00f6r a DFM-jelent\u00e9s elemzi.<\/li><li>a pen\u00e9sz lesz 100% megfelel az \u00fcgyfelek min\u0151s\u00e9gi specifik\u00e1ci\u00f3j\u00e1nak.<\/li><li>Az \u00faj fr\u00f6ccs\u00f6nt\u0151form\u00e1k, m\u00f3dos\u00edt\u00e1sok k\u00f6lts\u00e9gei \u00e9sszer\u0171ek lesznek. Teljesen az \u00fcgyf\u00e9l oldal\u00e1n gondolkodik.<\/li><li>ISO9001 tan\u00fas\u00edtv\u00e1ny, ha \u00e1tment.<\/li><\/ul>\n\n\n\n<h4 class=\"wp-block-heading\">M\u0171anyag fr\u00f6ccs\u00f6nt\u0151 \u00f6nt\u0151forma \/ fr\u00f6ccs\u00f6nt\u00e9si szolg\u00e1ltat\u00e1sunk el\u0151nyei.<\/h4>\n\n\n\n<ul class=\"wp-block-list\"><li>Az alkalmazottak j\u00f3l k\u00e9pzettek voltak, hogy a projekthez a legjobb min\u0151s\u00e9g\u0171 szolg\u00e1ltat\u00e1st ny\u00fajts\u00e1k.<\/li><li>A fr\u00f6ccs\u00f6nt\u0151 szersz\u00e1mm\u00e9rn\u00f6k, a tervez\u0151m\u00e9rn\u00f6k, a sz\u00e1ll\u00edt\u00e1si \u00e9s a szersz\u00e1mgy\u00e1rt\u00e1si folyamat menedzsere egyes\u00edti k\u00e9szs\u00e9geiket az \u00fcgyfelek garant\u00e1lt el\u00e9gedetts\u00e9g\u00e9nek kiel\u00e9g\u00edt\u00e9s\u00e9ben.<\/li><li>A v\u00e1llalat megfelel az \u00fcgyfelek ig\u00e9nyeinek, p\u00e9ld\u00e1ul a form\u00e1k optimaliz\u00e1l\u00e1s\u00e1ban, valamint a t\u00f6meges gy\u00e1rt\u00e1s el\u0151tti id\u0151- \u00e9s k\u00f6lts\u00e9gmegtakar\u00edt\u00e1sban.<\/li><li>A hat\u00e9kony menedzsment technik\u00e1kat haszn\u00e1lj\u00e1k a sikeres projektekhez az \u00fcgyfelek sz\u00e1m\u00e1ra.<\/li><li>A pen\u00e9sz k\u00e9rd\u00e9seket elemzik \u00e9s jav\u00edtj\u00e1k az \u00fcgyfelek specifik\u00e1ci\u00f3inak \u00e9s ig\u00e9nyeinek kiel\u00e9g\u00edt\u00e9se sor\u00e1n, 100% garancia.<\/li><li>A probl\u00e9m\u00e1kat a megold\u00e1s bemutat\u00e1s\u00e1hoz oszt\u00e1lyozz\u00e1k.<\/li><li>Bizonyos k\u00e9rd\u00e9sekben a legjobb megold\u00e1st javasolj\u00e1k a pen\u00e9szk\u00f6lts\u00e9gek \u00e9s a massz\u00edv gy\u00e1rt\u00e1si k\u00f6lts\u00e9gek cs\u00f6kkent\u00e9se \u00e9rdek\u00e9ben.<\/li><\/ul>\n\n\n\n<p>Az Olayer olyan szervezetk\u00e9nt b\u00edzik meg, amely betartja a gy\u00e1rt\u00e1si szabv\u00e1nyokat. Bemutatja hat\u00e9kony rendszer\u00e9t, amely a tervez\u00e9s, a feldolgoz\u00e1s \u00e9s a sz\u00e1ll\u00edt\u00e1s megk\u00f6zel\u00edt\u00e9s\u00e9nek r\u00e9sze!<\/p>\n\n\n\n<p>Vegye fel vel\u00fcnk a kapcsolatot vagy k\u00fcldj\u00f6n e-mailt a <a href=\"mailto:sales@molds-china.com\" rel=\"noreferrer noopener\" target=\"_blank\">sales@molds-china.com<\/a> az \u00d6n ig\u00e9nyeire vonatkoz\u00f3 \u00e1raj\u00e1nlat k\u00e9r\u00e9se a <strong>egyedi m\u0171anyag szersz\u00e1m \u00e9s egyedi fr\u00f6ccs\u00f6nt\u00e9si gy\u00e1rt\u00e1si szolg\u00e1ltat\u00e1s<\/strong><\/p>\n\n\n\n<p>Ha keres egy <strong>pen\u00e9sz gy\u00e1rt\u00f3k K\u00edn\u00e1ban<\/strong> akkor a megfelel\u0151 helyre j\u00f6tt\u00e9l. C\u00e9g\u00fcnk egy professzion\u00e1lis <a href=\"https:\/\/www.molds-china.com\/hu\/\" target=\"_blank\" rel=\"noreferrer noopener\"><strong>K\u00edna pen\u00e9sz gy\u00e1rt\u00f3ja<\/strong><\/a> kiv\u00e1l\u00f3 min\u0151s\u00e9g\u0171, kifejlesztett fr\u00f6ccs\u00f6nt\u0151form\u00e1k \u00e9s \u00f6nt\u00f6tt alkatr\u00e9szek gy\u00e1rt\u00e1sa olcs\u00f3 \u00e1ron.<\/p>\n\n\n\n<p>T\u00f6bb mint 16 \u00e9ves tapasztalattal rendelkezik ebben a r\u00e9gi\u00f3ban, ahol aut\u00f3ipari \u00f6nt\u0151form\u00e1kat, h\u00e1ztart\u00e1si g\u00e9pek \u00f6nt\u0151form\u00e1it stb. k\u00e9sz\u00edti. Mi vagyunk az \u00d6n megfelel\u0151 <strong>K\u00edna pen\u00e9szgy\u00e1rt\u00f3 c\u00e9g<\/strong> a legjobb \u00e1rat k\u00edn\u00e1ljuk \u00d6nnek a r\u00e9gi\u00f3ban a kiv\u00e1l\u00f3 min\u0151s\u00e9g\u0171 fr\u00f6ccs\u00f6nt\u0151form\u00e1kkal \u00e9s m\u0171anyag \u00f6nt\u00e9si szolg\u00e1ltat\u00e1sokkal (\u00f6sszehasonl\u00edtva az azonos min\u0151s\u00e9g\u0171 \u00f6nt\u0151form\u00e1k sz\u00e1ll\u00edt\u00f3j\u00e1val). Mi sz\u00e1ll\u00edtunk<em> form\u00e1k \u00e9s fr\u00f6ccs\u00f6nt\u00f6tt m\u0171anyag alkatr\u00e9szek <\/em>v\u00e1llalatoknak vil\u00e1gszerte.<\/p>\n\n\n\n<p>K\u00e9szen \u00e1ll a projektje arra, hogy m\u0171anyag fr\u00f6ccs\u00f6nt\u0151form\u00e1t \u00e9s fr\u00f6ccs\u00f6nt\u0151 alkatr\u00e9szeket k\u00e9sz\u00edtsen? Vegye fel vel\u00fcnk a kapcsolatot most, hogy 24 \u00f3r\u00e1n bel\u00fcl \u00e1raj\u00e1nlatot kapjon.<\/p>","protected":false},"excerpt":{"rendered":"<p>Mold Manufacturers In China&#8211;Custom Injection Molding Choosing mold manufacturers in China to increase your business market will be the best option. Plastic Injection molds are essential in producing injection moulded parts used for some businesses around the world. Businessmen are relying on these for their day to day production of plastics products such as crate [&hellip;]<\/p>","protected":false},"author":1,"featured_media":0,"parent":0,"menu_order":0,"comment_status":"open","ping_status":"open","template":"","meta":{"_et_pb_use_builder":"","_et_pb_old_content":"","_et_gb_content_width":"","footnotes":""},"class_list":["post-4","page","type-page","status-publish","hentry"],"_links":{"self":[{"href":"https:\/\/www.molds-china.com\/hu\/wp-json\/wp\/v2\/pages\/4","targetHints":{"allow":["GET"]}}],"collection":[{"href":"https:\/\/www.molds-china.com\/hu\/wp-json\/wp\/v2\/pages"}],"about":[{"href":"https:\/\/www.molds-china.com\/hu\/wp-json\/wp\/v2\/types\/page"}],"author":[{"embeddable":true,"href":"https:\/\/www.molds-china.com\/hu\/wp-json\/wp\/v2\/users\/1"}],"replies":[{"embeddable":true,"href":"https:\/\/www.molds-china.com\/hu\/wp-json\/wp\/v2\/comments?post=4"}],"version-history":[{"count":0,"href":"https:\/\/www.molds-china.com\/hu\/wp-json\/wp\/v2\/pages\/4\/revisions"}],"wp:attachment":[{"href":"https:\/\/www.molds-china.com\/hu\/wp-json\/wp\/v2\/media?parent=4"}],"curies":[{"name":"wp","href":"https:\/\/api.w.org\/{rel}","templated":true}]}}