{"id":50,"date":"2014-08-03T17:49:44","date_gmt":"2014-08-03T09:49:44","guid":{"rendered":"http:\/\/hyx-mold.com\/?page_id=50"},"modified":"2019-10-22T13:50:39","modified_gmt":"2019-10-22T05:50:39","slug":"muanyag-forma","status":"publish","type":"page","link":"https:\/\/www.molds-china.com\/hu\/muanyag-forma\/","title":{"rendered":"M\u0171anyag pen\u00e9sz"},"content":{"rendered":"<h1>Kiv\u00e1l\u00f3 min\u0151s\u00e9g\u0171&nbsp;<strong>m\u0171anyag formagy\u00e1rt\u00f3<\/strong> versenyk\u00e9pes \u00e1ron<\/h1>\n<p>Megb\u00edzhat\u00f3 <strong><a href=\"https:\/\/www.molds-china.com\/hu\/\">m\u0171anyag pen\u00e9sz \u00e9s \u00f6nt\u0151 c\u00e9g<\/a><\/strong> K\u00edn\u00e1b\u00f3l, amely innovat\u00edv megold\u00e1sokat k\u00edn\u00e1l az \u00fczleti \u00e9lethez kapcsol\u00f3d\u00f3 form\u00e1khoz? \u00datt\u00f6r\u0151k vagyunk a megold\u00e1sok ny\u00fajt\u00e1s\u00e1ban a <span style=\"color: #000000;\"><em><a title=\"m\u0171anyag form\u00e1k\" href=\"https:\/\/www.molds-china.com\/hu\/muanyag-forma\/\"><span style=\"color: #000000;\">m\u0171anyag form\u00e1k<\/span><\/a><\/em><\/span> iparban, \u00e9s olyan fr\u00f6ccs\u00f6nt\u0151form\u00e1kat k\u00e9sz\u00edt\u00fcnk, amelyek a <span style=\"color: #000000;\"><span style=\"color: #000000;\"><a href=\"https:\/\/www.molds-china.com\/hu\/\"><strong>aut\u00f3ipari pen\u00e9sz<\/strong><\/a>, h\u00e1ztart\u00e1si g\u00e9pek form\u00e1k&nbsp;<\/span><\/span>stb.<\/p>\n<p>T\u00f6bb \u00e9ve vagyunk ebben az ipar\u00e1gban, \u00e9s sz\u00e1mos magas hat\u00e9konys\u00e1g\u00fa min\u0151s\u00edt\u00e9st kaptunk a szisztematikus tervez\u00e9snek, kutat\u00e1snak \u00e9s a fr\u00f6ccs\u00f6nt\u0151form\u00e1k gy\u00e1rt\u00e1s\u00e1nak id\u0151- \u00e9s k\u00f6lts\u00e9gig\u00e9ny\u00e9t c\u00e9lz\u00f3 beruh\u00e1z\u00e1soknak k\u00f6sz\u00f6nhet\u0151en. Minden kem\u00e9ny munk\u00e1nk kifizet\u0151d\u00f6tt, \u00e9s sz\u00e1mos neves nemzetk\u00f6zi v\u00e1llalkoz\u00e1st tudtunk felvenni az \u00fcgyf\u00e9llist\u00e1nkra. Az ezekkel a v\u00e1llalatokkal ki\u00e9p\u00edtett kapcsolataink nagyban hozz\u00e1j\u00e1rultak ahhoz, hogy vezet\u0151 szerepet t\u00f6lts\u00fcnk be ebben az ipar\u00e1gban; \u00fcgyfeleink nyernek a kiv\u00e1l\u00f3 min\u0151s\u00e9g, az \u00e1r \u00e9s a szolg\u00e1ltat\u00e1sok miatt.<\/p>\n<p>A legnagyobb oka annak, hogy k\u00e9pesek voltunk fel\u00e9p\u00edteni ezt a leny\u0171g\u00f6z\u0151 \u00fcgyf\u00e9llist\u00e1t, a magasan k\u00e9pzett alkalmazottainknak \u00e9s a magas szersz\u00e1mtechnol\u00f3gi\u00e1knak k\u00f6sz\u00f6nhet\u0151, amelyeket a szersz\u00e1mok k\u00e9sz\u00edt\u00e9sekor haszn\u00e1lunk. Az ilyen t\u00edpus\u00fa technol\u00f3gi\u00e1kat nagy sikerrel alkalmaztuk, \u00e9s nagyban hozz\u00e1j\u00e1rultak a fr\u00f6ccs\u00f6nt\u0151forma-ipar szabv\u00e1nyos\u00edt\u00e1s\u00e1hoz.<\/p>\n<p>Mi biztos\u00edtottunk \u00fcgyfeleinknek versenyk\u00e9pes \u00e1rat, j\u00f3 min\u0151s\u00e9get \u00e9s szolg\u00e1ltat\u00e1st; ez nem csak k\u00f6lts\u00e9gmegtakar\u00edt\u00e1st jelent \u00fcgyfeleink sz\u00e1m\u00e1ra, hanem lehet\u0151v\u00e9 teszi \u00fcgyfeleink sz\u00e1m\u00e1ra, hogy versenyk\u00e9pesebb\u00e9 v\u00e1ljanak versenyt\u00e1rsaikn\u00e1l, \u00e9s k\u00f6nnyen nyerjenek t\u00f6bb projektet.Ez az \u00f6sszes c\u00e9l, amelyet \u00fcgyfeleinkkel egy\u00fctt c\u00e9lul t\u0171zt\u00fcnk ki.<\/p>\n<p>Szak\u00e9rt\u0151k vagyunk a k\u00f6vetkez\u0151kben <strong>Egyedi form\u00e1k\/form\u00e1z\u00e1s, <span style=\"color: #000000;\"><a title=\"h\u00e1ztart\u00e1si g\u00e9pek form\u00e1i\" href=\"http:\/\/www.hyx-mold.com\/\" target=\"_blank\" rel=\"noopener\"><span style=\"color: #000000;\"><em>h\u00e1ztart\u00e1si g\u00e9pek pen\u00e9sz<\/em><\/span><\/a><\/span>, elektronikus alkatr\u00e9szek, digit\u00e1lis \u00f6nt\u0151form\u00e1k, 2K \u00f6nt\u0151form\u00e1k\/\u00f6nt\u0151form\u00e1k, t\u00f6bb mint \u00f6nt\u0151form\u00e1k\/\u00f6nt\u0151form\u00e1k<\/strong><\/p>\n<div id=\"attachment_931\" style=\"width: 310px\" class=\"wp-caption alignright\"><a href=\"https:\/\/www.molds-china.com\/hu\/\"><img loading=\"lazy\" decoding=\"async\" aria-describedby=\"caption-attachment-931\" class=\"wp-image-931 size-medium\" src=\"https:\/\/www.molds-china.com\/wp-content\/uploads\/2014\/08\/IMG_1242-300x140.jpg\" alt=\"M\u0171anyag pen\u00e9sz\" width=\"300\" height=\"140\" title=\"\" srcset=\"https:\/\/www.molds-china.com\/wp-content\/uploads\/2014\/08\/IMG_1242-300x140.jpg 300w, https:\/\/www.molds-china.com\/wp-content\/uploads\/2014\/08\/IMG_1242-1024x478.jpg 1024w, https:\/\/www.molds-china.com\/wp-content\/uploads\/2014\/08\/IMG_1242.jpg 1027w\" sizes=\"(max-width: 300px) 100vw, 300px\" \/><\/a><p id=\"caption-attachment-931\" class=\"wp-caption-text\"><a title=\"M\u0171anyag pen\u00e9sz\" href=\"https:\/\/www.molds-china.com\/hu\/muanyag-forma\/\">M\u0171anyag pen\u00e9sz<\/a><\/p><\/div>\n<p>Nagy tapasztalattal rendelkez\u00fcnk a <a href=\"https:\/\/www.molds-china.com\/hu\/muanyag-forma\/\"><em><strong>m\u0171anyag forma<\/strong><\/em><\/a> mi\u00f3ta 15 \u00e9vvel ezel\u0151tt megnyitottuk szersz\u00e1mgy\u00e1rt\u00f3nkat. Amikor a h\u00e1ztart\u00e1si k\u00e9sz\u00fcl\u00e9kekr\u0151l van sz\u00f3, a szersz\u00e1mok \u00e9s a szak\u00e9rtelem \u00f6nmag\u00e1ban messze a versenyt\u00e1rsaink el\u00e9 helyezett minket, 2005 \u00f3ta kezdt\u00fck el gy\u00e1rtani a <strong>aut\u00f3form\u00e1k<\/strong>, t\u00f6bb mint 10 \u00e9ves tapasztalattal, kiv\u00e1l\u00f3 elj\u00e1r\u00e1sainkkal \u00e9s gazdag tapasztalatainkkal szak\u00e9rt\u0151v\u00e9 v\u00e1ltunk ezen a ter\u00fcleten, term\u00e9szetesen sz\u00e1mos m\u00e1s form\u00e1t is k\u00e9sz\u00edtett\u00fcnk, amelyeket nem tudunk bemutatni ezzel a r\u00f6vid magyar\u00e1zattal. N\u00e9zze meg a honlapunkon l\u00e1tni fogja, hogy van n\u00e9h\u00e1ny \u00f6nt\u0151forma , sz\u00edvesen l\u00e1tjuk, ha meg tudja ejteni a l\u00e9p\u00e9seket itt, hogy megn\u00e9zze a gy\u00e1runkat.<\/p>","protected":false},"excerpt":{"rendered":"<p>We offer high-quality&nbsp;plastic mold maker with a competitive price Are you looking for a dependable plastic mold and molding company from China that provides innovative solutions for business-related molds? We are a pioneer in providing solutions in the plastic molds industry, and we make injection molds that range in automotive mold, home appliances molds&nbsp;etc. We [&hellip;]<\/p>","protected":false},"author":1,"featured_media":0,"parent":0,"menu_order":0,"comment_status":"open","ping_status":"open","template":"","meta":{"_et_pb_use_builder":"","_et_pb_old_content":"","_et_gb_content_width":"","footnotes":""},"class_list":["post-50","page","type-page","status-publish","hentry"],"_links":{"self":[{"href":"https:\/\/www.molds-china.com\/hu\/wp-json\/wp\/v2\/pages\/50","targetHints":{"allow":["GET"]}}],"collection":[{"href":"https:\/\/www.molds-china.com\/hu\/wp-json\/wp\/v2\/pages"}],"about":[{"href":"https:\/\/www.molds-china.com\/hu\/wp-json\/wp\/v2\/types\/page"}],"author":[{"embeddable":true,"href":"https:\/\/www.molds-china.com\/hu\/wp-json\/wp\/v2\/users\/1"}],"replies":[{"embeddable":true,"href":"https:\/\/www.molds-china.com\/hu\/wp-json\/wp\/v2\/comments?post=50"}],"version-history":[{"count":0,"href":"https:\/\/www.molds-china.com\/hu\/wp-json\/wp\/v2\/pages\/50\/revisions"}],"wp:attachment":[{"href":"https:\/\/www.molds-china.com\/hu\/wp-json\/wp\/v2\/media?parent=50"}],"curies":[{"name":"wp","href":"https:\/\/api.w.org\/{rel}","templated":true}]}}