{"id":963,"date":"2016-04-09T23:57:48","date_gmt":"2016-04-09T15:57:48","guid":{"rendered":"https:\/\/www.molds-china.com\/?page_id=963"},"modified":"2019-07-02T21:52:56","modified_gmt":"2019-07-02T13:52:56","slug":"miert-mi","status":"publish","type":"page","link":"https:\/\/www.molds-china.com\/hu\/miert-mi\/","title":{"rendered":"Mi\u00e9rt mi"},"content":{"rendered":"<h2>El\u0151nyeink<\/h2>\n<ul>\n<li>Ahhoz, hogy a form\u00e1k gyorsan \u00e9s id\u0151t takar\u00edtunk meg, elegend\u0151 g\u00e9p\u00fcnk van a m\u0171anyag pen\u00e9sz k\u00e9sz\u00edt\u00e9s\u00e9hez, 20 k\u00e9szlet EDM g\u00e9pek, kett\u0151 k\u00f6z\u00fcl\u00fck k\u00e9t fejjel, t\u00f6bb mint 15 k\u00e9szlet CNC g\u00e9pek, Ez soha nem fogja a form\u00e1kat pihenni, f\u00fcggetlen\u00fcl att\u00f3l, hogy mennyire elfoglaltak vagyunk, azt gondolhatja, hogy m\u00e9g mindig sok c\u00e9g olyan er\u0151s, mint mi, igaz, de az \u00e1r sokkal magasabb, mint mi, mert n\u00e9h\u00e1ny el\u0151nye van, hogy nem rendelkeznek.<\/li>\n<\/ul>\n<ul>\n<li>A pen\u00e9sz gy\u00e1rt\u00e1si k\u00f6lts\u00e9g cs\u00f6kkent\u00e9se \u00e9s a magas min\u0151s\u00e9g megtart\u00e1sa \u00e9rdek\u00e9ben a tulajdonosunk ma m\u00e1r saj\u00e1t pen\u00e9sz alap c\u00e9get birtokol, az \u00e1rat cs\u00f6kkenteni fogj\u00e1k, mivel a pen\u00e9sz alapot mi magunk v\u00e9gezz\u00fck. Ez nem csak a szersz\u00e1mgy\u00e1rt\u00e1si k\u00f6lts\u00e9gek cs\u00f6kkent\u00e9se, hanem az id\u0151 gyorsabb, mint m\u00e1sok.<\/li>\n<\/ul>\n<ul>\n<li>Az egyik projektmenedzser\u00fcnk \u00f6t \u00e9vig dolgozott egy k\u00fclf\u00f6ldi finansz\u00edroz\u00e1s\u00fa c\u00e9gn\u00e9l, amely szint\u00e9n m\u0171anyag \u00f6nt\u0151form\u00e1kat k\u00e9sz\u00edt. A gondolkod\u00e1si k\u00e9szs\u00e9gek sokkal k\u00f6zelebb \u00e1llnak az amerikai vagy eur\u00f3pai \u00fcgyfelekhez.<\/li>\n<\/ul>\n<h3><em><strong>\u00c1ltal\u00e1nos munkafolyamatok, nem csak ezt, hanem a speci\u00e1lisan sz\u00fcks\u00e9gesek k\u00f6vet\u00e9s\u00e9t is.\u00a0<\/strong><\/em><\/h3>\n<p><strong>Szersz\u00e1m rajz<\/strong><\/p>\n<ul>\n<li>Miel\u0151tt a szersz\u00e1mrajz megkezd\u0151dik, a DFM-jelent\u00e9s elk\u00fcldi az \u00fcgyf\u00e9lnek az \u00e1ltal\u00e1nos szersz\u00e1mszerkezetet, bele\u00e9rtve a v\u00e1laszt\u00f3vonalat, a tervez\u00e9si sz\u00f6get, a h\u0171t\u0151vonal elrendez\u00e9s\u00e9t, a lehets\u00e9ges probl\u00e9m\u00e1t stb.<\/li>\n<li>K\u00e9sz\u00edtsen pen\u00e9sz\u00e1raml\u00e1st, hogy megtal\u00e1lja a legjobb kapu poz\u00edci\u00f3j\u00e1t a r\u00e9szhez, miut\u00e1n a szersz\u00e1mrajz elk\u00e9sz\u00fclt, val\u00f3di pen\u00e9sz\u00e1raml\u00e1si elemz\u00e9si jelent\u00e9st k\u00e9sz\u00edt, bele\u00e9rtve a s\u00fcllyed\u00e9sjelet, zsugorod\u00e1st, forr\u00f3 pontot, h\u0171t\u00e9si \u00e1llapotot, becs\u00fclt ciklusid\u0151t, a vetemed\u00e9si probl\u00e9m\u00e1t, mindent, ez a tervez\u00e9sben \u00e9s a pen\u00e9sz nyomvonal\u00e1ban hivatkozik.<\/li>\n<li>A teljes 3D szersz\u00e1mrajz-tervez\u00e9s az UG szoftver seg\u00edts\u00e9g\u00e9vel, ez 2-3 napot takar\u00edt meg \u00e9s optimaliz\u00e1lja a szersz\u00e1mrajzot.<\/li>\n<li>Ellen\u0151rizze a szersz\u00e1mrajzot az ellen\u0151rz\u0151 list\u00e1val \u00e9s az \u00fcgyf\u00e9l specifik\u00e1ci\u00f3ival egyenk\u00e9nt, hogy megbizonyosodjon arr\u00f3l, hogy minden j\u00f3.<\/li>\n<li>A projektmenedzser a szersz\u00e1mrajzot is ellen\u0151rzi az ellen\u0151rz\u0151 list\u00e1val, miel\u0151tt elk\u00fcldi a szersz\u00e1mrajzot az \u00fcgyf\u00e9lnek, t\u00f6bb ellen\u0151rz\u00e9si l\u00e9p\u00e9ssel ez minimaliz\u00e1lja a szersz\u00e1mrajzban felmer\u00fcl\u0151 probl\u00e9m\u00e1t.<\/li>\n<\/ul>\n<p><strong>A szersz\u00e1mgy\u00e1rt\u00e1s sor\u00e1n - a szersz\u00e1mrajz j\u00f3v\u00e1hagy\u00e1sa ut\u00e1n<\/strong><\/p>\n<ul>\n<li>Minden kiszervez\u00e9sb\u0151l visszat\u00e9rt ac\u00e9lt egyenk\u00e9nt ellen\u0151riznek, ha probl\u00e9m\u00e1t tal\u00e1lnak, kapcsolatba kell l\u00e9pni a kapcsol\u00f3d\u00f3 emberekkel, am\u00edg a probl\u00e9ma megold\u00f3dik, ez cs\u00f6kkenti a hib\u00e1t \u00e9s a pen\u00e9szgy\u00e1rt\u00e1s idej\u00e9t.<\/li>\n<li>Miut\u00e1n minden EDM munka megt\u00f6rt\u00e9nt, a bet\u00e9teket az ellen\u0151rz\u0151 r\u00e9szlegbe helyezi, hogy ellen\u0151rizze, hogy hi\u00e1nyzik-e b\u00e1rmilyen elektr\u00f3da, ez elker\u00fclhet\u0151, ha a teszteszk\u00f6z tesztel\u00e9se sor\u00e1n n\u00e9h\u00e1ny hi\u00e1nyz\u00f3 funkci\u00f3t tal\u00e1l.<\/li>\n<li>Minden probl\u00e9m\u00e1t r\u00f6gz\u00edtsen \u00e9s jelentsen az \u00fcgyf\u00e9lnek a megold\u00e1sokkal egy\u00fctt.<\/li>\n<li>Minden pen\u00e9sz szerel\u00e9s megt\u00f6rt\u00e9nt, majd ellen\u0151rizz\u00fck a k\u00f6vetkez\u0151 dolgokat.<\/li>\n<\/ul>\n<ol>\n<li>H\u0171t\u0151rendszer,<\/li>\n<li>Ellen\u0151rizze a pen\u00e9sz illeszt\u00e9si \u00e1llapot\u00e1t fest\u00e9ssel.<\/li>\n<li>Ellen\u0151rizze a korr\u00f3zi\u00f3v\u00e9delmet a pen\u00e9szen k\u00edv\u00fcl<\/li>\n<li>Ellen\u0151rizze, hogy a kidob\u00f3csapok z\u00f6kken\u0151mentesen m\u0171k\u00f6dnek-e.<\/li>\n<\/ol>\n<p><strong>Formak\u00eds\u00e9rleti elj\u00e1r\u00e1sok:<\/strong><\/p>\n<ul>\n<li>\u00c1ll\u00edtson be mindent a m\u0171anyag tulajdons\u00e1gai szerint el\u0151sz\u00f6r, olvad\u00e9kh\u0151m\u00e9rs\u00e9klet, szersz\u00e1mh\u0151m\u00e9rs\u00e9klet, szor\u00edt\u00f3er\u0151 (ez utalhat a szersz\u00e1m\u00e1raml\u00e1sra \u00e9s az \u00fcgyfelek g\u00e9pi adataira) stb.<\/li>\n<li>\u00c1ll\u00edtsa be a befecskendez\u00e9si sebess\u00e9get l\u00e9p\u00e9sr\u0151l l\u00e9p\u00e9sre, a t\u00f6lt\u00e9si \u00e1llapotot a l\u00f6v\u00e9st\u0151l a 97%-ig, hogy ellen\u0151rizze a t\u00f6lt\u00e9si egyens\u00faly \u00e1llapot\u00e1t (a tart\u00e1si nyom\u00e1s 0).<\/li>\n<li>Haszn\u00e1ljon nagy befecskendez\u00e9si sebess\u00e9get a szell\u0151z\u00e9si probl\u00e9ma ellen\u0151rz\u00e9s\u00e9hez, ellen\u0151rizze a szersz\u00e1mot, ha automatikusan fut, n\u00f6velje a tart\u00e1si nyom\u00e1st l\u00e9p\u00e9sr\u0151l l\u00e9p\u00e9sre, am\u00edg j\u00f3 mint\u00e1kat nem kap, r\u00f6gz\u00edtse az alkatr\u00e9sz s\u00faly\u00e1t, a fut\u00f3 s\u00faly\u00e1t.<\/li>\n<li>Ellen\u0151rizze, hogy sz\u00e9les-e a fr\u00f6ccs\u00f6nt\u00e9si feldolgoz\u00e1si ablak, hogy l\u00e1ssa, k\u00f6nny\u0171-e a pen\u00e9sz alkatr\u00e9szeket, r\u00f6gz\u00edtse a pen\u00e9sz pr\u00f3baparam\u00e9tert.<\/li>\n<li>R\u00f6gz\u00edtse az alkatr\u00e9szprobl\u00e9m\u00e1t, a pen\u00e9szprobl\u00e9m\u00e1t, k\u00e9sz\u00edtsen pr\u00f3bavide\u00f3t stb.<\/li>\n<\/ul>\n<p><strong>A m\u0171anyag szersz\u00e1mpr\u00f3b\u00e1t k\u00f6vet\u0151en (a szersz\u00e1m be\u00e1ll\u00edt\u00e1sa sor\u00e1n).<\/strong><\/p>\n<ul>\n<li>K\u00fcldje el az \u00fcgyf\u00e9l r\u00e9szk\u00e9rd\u00e9s\u00e9t, a pen\u00e9szprobl\u00e9ma-jelent\u00e9st, a pen\u00e9szpr\u00f3bavide\u00f3t, a mint\u00e1kat, a m\u00e9r\u00e9si jelent\u00e9st, a pen\u00e9szpr\u00f3baparam\u00e9tert.<\/li>\n<li>Megold\u00e1st ny\u00fajt a pen\u00e9sz \u00e9s az alkatr\u00e9sz probl\u00e9m\u00e1j\u00e1ra, \u00e9s j\u00f3v\u00e1hagyja az \u00fcgyf\u00e9lt\u0151l a probl\u00e9m\u00e1k megold\u00e1s\u00e1t, am\u00edg a probl\u00e9ma teljes megold\u00e1sa meg nem old\u00f3dik.<\/li>\n<\/ul>\n<p><strong>Az \u00fcgyf\u00e9l \u00e1ltal j\u00f3v\u00e1hagyott pen\u00e9sz<\/strong><\/p>\n<ul>\n<li>Csin\u00e1ljon v\u00e9gleges pen\u00e9szpr\u00f3b\u00e1t \u00e9s futtat\u00f3 pen\u00e9sz 3 \u00f3r\u00e1t m\u0171anyaggal vagy an\u00e9lk\u00fcl, hogy ellen\u0151rizze a pen\u00e9sz funkci\u00f3j\u00e1t, 3 \u00f3ra ut\u00e1n fut\u00f3 \u00e9s sz\u00e9tszed\u0151 pen\u00e9sz, hogy ellen\u0151rizze minden r\u00e9szletet, ha sz\u0171k helyen van, b\u00e1rmilyen potenci\u00e1lis \u00e9g\u00e9si jel a pen\u00e9szben, ellen\u0151rizze a pen\u00e9szt egyenk\u00e9nt az ellen\u0151rz\u0151 list\u00e1val, ha az \u00fcgyf\u00e9lnek van ez a lista, akkor k\u00f6vetj\u00fck az \u00fcgyfelek list\u00e1j\u00e1t, k\u00fcl\u00f6nben haszn\u00e1ljuk az ellen\u0151rz\u0151 list\u00e1t.<\/li>\n<li>Rozsdamentes zs\u00edrt permetezzen, a pen\u00e9szen k\u00edv\u00fcl z\u00f6ld fest\u00e9kkel festve a pen\u00e9sz tiszt\u00edt\u00e1sa \u00e9s a f\u00f3li\u00e1val val\u00f3 csomagol\u00e1s ut\u00e1n, majd a kezelt fadobozba helyezve, \u00e9s a pen\u00e9szen a leveg\u0151 tenger\u00e9n kereszt\u00fcl sz\u00e1ll\u00edtsa ki a pen\u00e9szt.<\/li>\n<\/ul>\n<h3><strong>K\u00e9rjen \u00e1raj\u00e1nlatot most\u00a0<a href=\"mailto:sales@hao-mold\">sales@hao-mold.com<\/a> a m\u0171anyag form\u00e1k \u00e9s alkatr\u00e9szek sz\u00e1m\u00e1ra<\/strong><\/h3>","protected":false},"excerpt":{"rendered":"<p>Our Advantages To make your molds fast and save time we have sufficient machines for making plastic mold, 20 sets of EDM machines, two of them with two heads, more than 15 sets of CNC machines, This will never put your molds at side for rest no matter how busy we are, you may think [&hellip;]<\/p>","protected":false},"author":1,"featured_media":0,"parent":0,"menu_order":0,"comment_status":"closed","ping_status":"open","template":"","meta":{"_et_pb_use_builder":"","_et_pb_old_content":"","_et_gb_content_width":"","footnotes":""},"class_list":["post-963","page","type-page","status-publish","hentry"],"_links":{"self":[{"href":"https:\/\/www.molds-china.com\/hu\/wp-json\/wp\/v2\/pages\/963","targetHints":{"allow":["GET"]}}],"collection":[{"href":"https:\/\/www.molds-china.com\/hu\/wp-json\/wp\/v2\/pages"}],"about":[{"href":"https:\/\/www.molds-china.com\/hu\/wp-json\/wp\/v2\/types\/page"}],"author":[{"embeddable":true,"href":"https:\/\/www.molds-china.com\/hu\/wp-json\/wp\/v2\/users\/1"}],"replies":[{"embeddable":true,"href":"https:\/\/www.molds-china.com\/hu\/wp-json\/wp\/v2\/comments?post=963"}],"version-history":[{"count":0,"href":"https:\/\/www.molds-china.com\/hu\/wp-json\/wp\/v2\/pages\/963\/revisions"}],"wp:attachment":[{"href":"https:\/\/www.molds-china.com\/hu\/wp-json\/wp\/v2\/media?parent=963"}],"curies":[{"name":"wp","href":"https:\/\/api.w.org\/{rel}","templated":true}]}}