{"id":12,"date":"2014-08-03T15:15:29","date_gmt":"2014-08-03T07:15:29","guid":{"rendered":"http:\/\/hyx-mold.com\/?page_id=12"},"modified":"2021-09-13T14:20:17","modified_gmt":"2021-09-13T06:20:17","slug":"stampo-per-iniezione-plastica","status":"publish","type":"page","link":"https:\/\/www.molds-china.com\/it\/stampo-per-iniezione-plastica\/","title":{"rendered":"Chi siamo"},"content":{"rendered":"<h1>Stampi ad iniezione di plastica e\u00a0<a href=\"https:\/\/www.molds-china.com\/it\/\"><strong>Stampaggio a iniezione Cina<\/strong><\/a> azienda manifatturiera<\/h1>\n<p><strong>Siamo uno stampo professionale per iniezione di plastica e <em>stampaggio a iniezione in Cina<\/em> societ\u00e0 che fornisce servizi in<span style=\"color: #000000;\"> <span style=\"color: #000000;\">stampo in plastica <\/span><\/span>e di stampaggio a iniezione, \u00e8 una delle\u00a0 <span style=\"color: #000000;\"><span style=\"color: #000000;\">Stampo Cina<\/span><\/span> produttore<\/strong>Hao Yuan Xing Mold Co.ltd, fondata nel 2015, \u00e8 cresciuta fino a diventare un'azienda a servizio completo. <strong>Stampo a iniezione di plastica<\/strong> e <strong>prodotti per lo stampaggio a iniezione in Cina<\/strong>. Come professionista <strong>Cina produttore di stampi in plastica<\/strong>Fornisce servizi a un'ampia variet\u00e0 di settori, tra cui quello aerospaziale, degli elettrodomestici, elettronico, navale, dei mobili per ufficio, degli articoli sportivi, dei distributori automatici e dei cambiali.<\/p>\n<p>Dongguan Olayer Technology Co.ltd (Was Hao Yuan Xing Mold &amp; Mfg). Dispone di 2 stabilimenti in Cina, uno nella citt\u00e0 di Huangyan e uno nella citt\u00e0 di Dong Guan, con una struttura di produzione di 18.000 m\u00b2. <a href=\"https:\/\/www.molds-china.com\/it\/\"><strong>stampo in plastica<\/strong><\/a> Produzione e <strong>servizio di stampaggio a iniezione di plastica<\/strong>, assicurazione qualit\u00e0, spedizione e magazzino,<\/p>\n<p>Le nostre strutture sono interconnesse con una rete ad alta velocit\u00e0, abbiamo introdotto attrezzature medio-avanzate per il processo di stampaggio e il sistema informatico CAD\/CAM\/CAE, il centro di lavoro CNC, il centro di misura, l'impulso elettrico e le attrezzature per il taglio delle linee. L'azienda dispone di tecnici CAD esperti. Il <strong>stampi<\/strong> sono esportati in America, Canada, Svezia e altri paesi e regioni europee e americane.<\/p>\n<div id=\"attachment_1168\" style=\"width: 310px\" class=\"wp-caption alignright\"><img loading=\"lazy\" decoding=\"async\" aria-describedby=\"caption-attachment-1168\" class=\"size-medium wp-image-1168\" src=\"https:\/\/www.molds-china.com\/wp-content\/uploads\/2017\/07\/IMG_2245-300x200.jpg\" alt=\"Stampi in plastica\" width=\"300\" height=\"200\" title=\"\" srcset=\"https:\/\/www.molds-china.com\/wp-content\/uploads\/2017\/07\/IMG_2245-300x200.jpg 300w, https:\/\/www.molds-china.com\/wp-content\/uploads\/2017\/07\/IMG_2245-768x512.jpg 768w, https:\/\/www.molds-china.com\/wp-content\/uploads\/2017\/07\/IMG_2245.jpg 900w\" sizes=\"(max-width: 300px) 100vw, 300px\" \/><p id=\"caption-attachment-1168\" class=\"wp-caption-text\"><a href=\"https:\/\/www.molds-china.com\/it\/\">stampi in plastica<\/a><\/p><\/div>\n<p>Nel 2005 abbiamo creato un mercato estero. Il team di vendita ci ha permesso di espandere la nostra capacit\u00e0 e di stimolare le innovazioni nel nostro <strong>stampi per stampaggio plastica<\/strong> e <strong>parti in plastica in Cina<\/strong> linee di prodotto.<\/p>\n<p>Per noi, la qualit\u00e0, il tempo di consegna, il prezzo ragionevole e la precisione sono la cosa pi\u00f9 importante!!!<\/p>\n<p>Vi invitiamo sinceramente a visitare la nostra fabbrica in loco, a metterci alla prova e a capire perch\u00e9 siamo il vostro partner pi\u00f9 adatto, ordinando alcune <strong>stampi a iniezione<\/strong> e <strong>prodotti in plastica<\/strong>.<\/p>\n<p>A <strong>Olayer<\/strong>stiamo ridefinendo gli standard per le specifiche, la progettazione e la produzione di <strong>stampi a iniezione di precisione<\/strong> e <a href=\"https:\/\/www.molds-china.com\/it\/stampo-per-iniezione-plastica\/\"><strong>parti in plastica stampate a iniezione<\/strong><\/a>. Ci impegniamo costantemente per ridurre i tempi di consegna, migliorare le prestazioni e aiutare i nostri clienti a ridurre il costo totale dello sviluppo del prodotto.<\/p>\n<p>Dalle tecnologie di progettazione e produzione assistita da computer alle tecniche di finitura di alta qualit\u00e0, <strong>Olayer offre il miglior valore in termini di alta qualit\u00e0 <a href=\"https:\/\/www.molds-china.com\/it\/\">stampi a iniezione personalizzati<\/a> e stampaggio a iniezione di plastica personalizzato<\/strong>.<\/p>\n<p>Nel 1999, Olayer Mold ha iniziato a costruire <em><strong>stampo ad iniezione per plastica<\/strong><\/em> e fare <strong>stampaggio a iniezione<\/strong> per l'industria della plastica.  Nel 2005 Olayer Mold si \u00e8 trasferita da un piccolo edificio alla nuova sede di 6.000 m\u00b2 a Dongguan, in Cina, e nel 2009 ha avviato una nuova attivit\u00e0. <strong>azienda di stampi per plastica<\/strong> a HuanYan, nello Zhejiang cinese.<\/p>\n<p>Nel corso degli anni Olayer Mold \u00e8 diventata la top 10 <strong>produttore di stampi in plastica in Cina<\/strong> azienda.<\/p>\n<p>Nel 2007, Olayer Mold ha ampliato il modello di business acquistando diverse macchine di grandi dimensioni dedicate alla produzione di stampi.  Questa espansione della nostra attivit\u00e0 ci d\u00e0 la capacit\u00e0 di produrre un maggior numero di stampi. <strong>stampi in plastica<\/strong> per le esigenze dei clienti.<\/p>\n<p>Se avete bisogno di un prodotto di alta qualit\u00e0 <a href=\"https:\/\/www.molds-china.com\/it\/stampo-ad-iniezione-per-plastica\/\"><em><strong>stampo ad iniezione per plastica<\/strong><\/em><\/a> e <strong>servizio di stampaggio a iniezione di plastica<\/strong>\u00a0da un <strong><em>Stampaggio a iniezione Cina<\/em><\/strong> Azienda per lo sviluppo dei vostri prodotti? Se avete bisogno di consegne rapide e prezzi competitivi, saremo uno dei vostri migliori partner per aiutare il vostro business a raggiungere il successo. Inviateci il vostro requisito, vi citeremo entro due giorni lavorativi.<\/p>\n\n\n<p><\/p>","protected":false},"excerpt":{"rendered":"<p>Plastic Injection Mould &amp;\u00a0Injection\u00a0molding China manufacturing Company We are a professional plastic injection mould and injection molding china company that services in plastic mold and injection molding manufacturing, is one of\u00a0 China mold manufacturer, established in 2015, Hao Yuan Xing Mold Co.ltd has grown to a full-service Plastic Injection Mould and injection moulding products in [&hellip;]<\/p>","protected":false},"author":1,"featured_media":0,"parent":0,"menu_order":0,"comment_status":"open","ping_status":"open","template":"","meta":{"_et_pb_use_builder":"","_et_pb_old_content":"","_et_gb_content_width":"","footnotes":""},"class_list":["post-12","page","type-page","status-publish","hentry"],"_links":{"self":[{"href":"https:\/\/www.molds-china.com\/it\/wp-json\/wp\/v2\/pages\/12","targetHints":{"allow":["GET"]}}],"collection":[{"href":"https:\/\/www.molds-china.com\/it\/wp-json\/wp\/v2\/pages"}],"about":[{"href":"https:\/\/www.molds-china.com\/it\/wp-json\/wp\/v2\/types\/page"}],"author":[{"embeddable":true,"href":"https:\/\/www.molds-china.com\/it\/wp-json\/wp\/v2\/users\/1"}],"replies":[{"embeddable":true,"href":"https:\/\/www.molds-china.com\/it\/wp-json\/wp\/v2\/comments?post=12"}],"version-history":[{"count":0,"href":"https:\/\/www.molds-china.com\/it\/wp-json\/wp\/v2\/pages\/12\/revisions"}],"wp:attachment":[{"href":"https:\/\/www.molds-china.com\/it\/wp-json\/wp\/v2\/media?parent=12"}],"curies":[{"name":"wp","href":"https:\/\/api.w.org\/{rel}","templated":true}]}}