{"id":243,"date":"2014-08-06T19:14:58","date_gmt":"2014-08-06T11:14:58","guid":{"rendered":"http:\/\/hyx-mold.com\/?page_id=243"},"modified":"2018-01-02T13:34:48","modified_gmt":"2018-01-02T05:34:48","slug":"flusso-dello-stampo","status":"publish","type":"page","link":"https:\/\/www.molds-china.com\/it\/ingegneria\/flusso-dello-stampo\/","title":{"rendered":"Flusso dello stampo"},"content":{"rendered":"<p><span style=\"color: #000000;\">Analisi del flusso dello stampo per tutti i nostri stampi dopo che il disegno dell'utensile \u00e8 stato completato, perch\u00e9 questo \u00e8 ogni l\u00ec nel software per l'analisi, naturalmente se hanno qualche problema, come problema di sfiato, problema di trappola d'aria, sbilanciamento di riempimento ecc, allora abbiamo bisogno di fare qualche piccolo aggiustamento nel disegno dell'utensile per ottimizzare il disegno dell'utensile, e inviare al cliente l'ultima versione<\/span><\/p>\n<p><span style=\"color: #000000;\">Utilizziamo il software MOLDFLOW con copyright<\/span><\/p>\n<p><span style=\"color: #000000;\">Informazioni generali sul flusso di muffa<\/span><\/p>\n<p><span style=\"color: #000000;\">1. Informazioni sul materiale, condizioni di processo, compresa la temperatura dello stampo, la temperatura di fusione, il tempo di iniezione, l'MFR.<\/span><\/p>\n<p><span style=\"color: #000000;\">2. Bilancio del cancello e analisi delle dimensioni.<\/span><\/p>\n<p><span style=\"color: #000000;\">3. Analisi dello stato di raffreddamento.<\/span><\/p>\n<p><span style=\"color: #000000;\">4. Analisi del tempo di riempimento e della pressione di iniezione, del tasso di azione, del ritiro e della forza di serraggio,<\/span><\/p>\n<p><span style=\"color: #000000;\">5. Analisi dei problemi di sfiato, hot spot, analisi delle deformazioni.<\/span><\/p>\n<p><em><strong><span style=\"color: #000000;\">Si veda di seguito una parte del rapporto sul flusso di stampi<\/span><\/strong><\/em><\/p>\n<p><img loading=\"lazy\" decoding=\"async\" class=\"size-full wp-image-521 aligncenter\" src=\"https:\/\/www.molds-china.com\/wp-content\/uploads\/2014\/08\/mold-flow-00.jpg\" alt=\"flusso dello stampo-00\" width=\"813\" height=\"480\" title=\"\" srcset=\"https:\/\/www.molds-china.com\/wp-content\/uploads\/2014\/08\/mold-flow-00.jpg 813w, https:\/\/www.molds-china.com\/wp-content\/uploads\/2014\/08\/mold-flow-00-300x177.jpg 300w\" sizes=\"(max-width: 813px) 100vw, 813px\" \/><\/p>\n<p><img loading=\"lazy\" decoding=\"async\" class=\"size-full wp-image-523 aligncenter\" src=\"https:\/\/www.molds-china.com\/wp-content\/uploads\/2014\/08\/mold-flow-01.jpg\" alt=\"flusso dello stampo-01\" width=\"778\" height=\"480\" title=\"\" srcset=\"https:\/\/www.molds-china.com\/wp-content\/uploads\/2014\/08\/mold-flow-01.jpg 778w, https:\/\/www.molds-china.com\/wp-content\/uploads\/2014\/08\/mold-flow-01-300x185.jpg 300w\" sizes=\"(max-width: 778px) 100vw, 778px\" \/> <a href=\"https:\/\/www.molds-china.com\/wp-content\/uploads\/2014\/08\/mold-flow-02.jpg\"><img loading=\"lazy\" decoding=\"async\" class=\"size-full wp-image-524 aligncenter\" src=\"https:\/\/www.molds-china.com\/wp-content\/uploads\/2014\/08\/mold-flow-02.jpg\" alt=\"flusso dello stampo-02\" width=\"828\" height=\"480\" title=\"\" srcset=\"https:\/\/www.molds-china.com\/wp-content\/uploads\/2014\/08\/mold-flow-02.jpg 828w, https:\/\/www.molds-china.com\/wp-content\/uploads\/2014\/08\/mold-flow-02-300x173.jpg 300w\" sizes=\"(max-width: 828px) 100vw, 828px\" \/><\/a> <a href=\"https:\/\/www.molds-china.com\/wp-content\/uploads\/2014\/08\/mold-flow-03.jpg\"><img loading=\"lazy\" decoding=\"async\" class=\"size-full wp-image-525 aligncenter\" src=\"https:\/\/www.molds-china.com\/wp-content\/uploads\/2014\/08\/mold-flow-03.jpg\" alt=\"flusso dello stampo-03\" width=\"755\" height=\"480\" title=\"\" srcset=\"https:\/\/www.molds-china.com\/wp-content\/uploads\/2014\/08\/mold-flow-03.jpg 755w, https:\/\/www.molds-china.com\/wp-content\/uploads\/2014\/08\/mold-flow-03-300x190.jpg 300w\" sizes=\"(max-width: 755px) 100vw, 755px\" \/><\/a> <a href=\"https:\/\/www.molds-china.com\/wp-content\/uploads\/2014\/08\/mold-flow-04.jpg\"><img loading=\"lazy\" decoding=\"async\" class=\"size-full wp-image-526 aligncenter\" src=\"https:\/\/www.molds-china.com\/wp-content\/uploads\/2014\/08\/mold-flow-04.jpg\" alt=\"flusso di stampo-04\" width=\"771\" height=\"480\" title=\"\" srcset=\"https:\/\/www.molds-china.com\/wp-content\/uploads\/2014\/08\/mold-flow-04.jpg 771w, https:\/\/www.molds-china.com\/wp-content\/uploads\/2014\/08\/mold-flow-04-300x186.jpg 300w\" sizes=\"(max-width: 771px) 100vw, 771px\" \/><\/a> <a href=\"https:\/\/www.molds-china.com\/wp-content\/uploads\/2014\/08\/mold-flow-05.jpg\"><img loading=\"lazy\" decoding=\"async\" class=\"size-full wp-image-527 aligncenter\" src=\"https:\/\/www.molds-china.com\/wp-content\/uploads\/2014\/08\/mold-flow-05.jpg\" alt=\"flusso di stampo-05\" width=\"779\" height=\"480\" title=\"\" srcset=\"https:\/\/www.molds-china.com\/wp-content\/uploads\/2014\/08\/mold-flow-05.jpg 779w, https:\/\/www.molds-china.com\/wp-content\/uploads\/2014\/08\/mold-flow-05-300x184.jpg 300w\" sizes=\"(max-width: 779px) 100vw, 779px\" \/><\/a> <a href=\"https:\/\/www.molds-china.com\/wp-content\/uploads\/2014\/08\/mold-flow-06.jpg\"><img loading=\"lazy\" decoding=\"async\" class=\"size-full wp-image-528 aligncenter\" src=\"https:\/\/www.molds-china.com\/wp-content\/uploads\/2014\/08\/mold-flow-06.jpg\" alt=\"flusso di stampo-06\" width=\"771\" height=\"480\" title=\"\" srcset=\"https:\/\/www.molds-china.com\/wp-content\/uploads\/2014\/08\/mold-flow-06.jpg 771w, https:\/\/www.molds-china.com\/wp-content\/uploads\/2014\/08\/mold-flow-06-300x186.jpg 300w\" sizes=\"(max-width: 771px) 100vw, 771px\" \/><\/a> <a href=\"https:\/\/www.molds-china.com\/wp-content\/uploads\/2014\/08\/mold-flow-07.jpg\"><img loading=\"lazy\" decoding=\"async\" class=\"size-full wp-image-529 aligncenter\" src=\"https:\/\/www.molds-china.com\/wp-content\/uploads\/2014\/08\/mold-flow-07.jpg\" alt=\"flusso di stampo-07\" width=\"753\" height=\"480\" title=\"\" srcset=\"https:\/\/www.molds-china.com\/wp-content\/uploads\/2014\/08\/mold-flow-07.jpg 753w, https:\/\/www.molds-china.com\/wp-content\/uploads\/2014\/08\/mold-flow-07-300x191.jpg 300w\" sizes=\"(max-width: 753px) 100vw, 753px\" \/><\/a> <a href=\"https:\/\/www.molds-china.com\/wp-content\/uploads\/2014\/08\/mold-flow-08.jpg\"><img loading=\"lazy\" decoding=\"async\" class=\"size-full wp-image-530 aligncenter\" src=\"https:\/\/www.molds-china.com\/wp-content\/uploads\/2014\/08\/mold-flow-08.jpg\" alt=\"flusso di stampo-08\" width=\"747\" height=\"480\" title=\"\" srcset=\"https:\/\/www.molds-china.com\/wp-content\/uploads\/2014\/08\/mold-flow-08.jpg 747w, https:\/\/www.molds-china.com\/wp-content\/uploads\/2014\/08\/mold-flow-08-300x192.jpg 300w\" sizes=\"(max-width: 747px) 100vw, 747px\" \/><\/a> <a href=\"https:\/\/www.molds-china.com\/wp-content\/uploads\/2014\/08\/mold-flow-09.jpg\"><img loading=\"lazy\" decoding=\"async\" class=\"size-full wp-image-531 aligncenter\" src=\"https:\/\/www.molds-china.com\/wp-content\/uploads\/2014\/08\/mold-flow-09.jpg\" alt=\"flusso dello stampo-09\" width=\"725\" height=\"480\" title=\"\" srcset=\"https:\/\/www.molds-china.com\/wp-content\/uploads\/2014\/08\/mold-flow-09.jpg 725w, https:\/\/www.molds-china.com\/wp-content\/uploads\/2014\/08\/mold-flow-09-300x198.jpg 300w\" sizes=\"(max-width: 725px) 100vw, 725px\" \/><\/a><\/p>\n<p>&nbsp;<\/p>\n<p>&nbsp;<\/p>\n<p>&nbsp;<\/p>\n<p>&nbsp;<\/p>","protected":false},"excerpt":{"rendered":"<p>Mold \u00a0flow analysis for all of our molds after tool drawing complete finished, because this is every there in software for analysis, of course if have some issue, like venting issue, air trap issue, unbalance filling etc, then we need do some small adjustment in tool drawing to optimize tool drawing, and send customer the [&hellip;]<\/p>","protected":false},"author":1,"featured_media":0,"parent":216,"menu_order":0,"comment_status":"open","ping_status":"open","template":"","meta":{"_et_pb_use_builder":"","_et_pb_old_content":"","_et_gb_content_width":"","footnotes":""},"class_list":["post-243","page","type-page","status-publish","hentry"],"_links":{"self":[{"href":"https:\/\/www.molds-china.com\/it\/wp-json\/wp\/v2\/pages\/243","targetHints":{"allow":["GET"]}}],"collection":[{"href":"https:\/\/www.molds-china.com\/it\/wp-json\/wp\/v2\/pages"}],"about":[{"href":"https:\/\/www.molds-china.com\/it\/wp-json\/wp\/v2\/types\/page"}],"author":[{"embeddable":true,"href":"https:\/\/www.molds-china.com\/it\/wp-json\/wp\/v2\/users\/1"}],"replies":[{"embeddable":true,"href":"https:\/\/www.molds-china.com\/it\/wp-json\/wp\/v2\/comments?post=243"}],"version-history":[{"count":0,"href":"https:\/\/www.molds-china.com\/it\/wp-json\/wp\/v2\/pages\/243\/revisions"}],"up":[{"embeddable":true,"href":"https:\/\/www.molds-china.com\/it\/wp-json\/wp\/v2\/pages\/216"}],"wp:attachment":[{"href":"https:\/\/www.molds-china.com\/it\/wp-json\/wp\/v2\/media?parent=243"}],"curies":[{"name":"wp","href":"https:\/\/api.w.org\/{rel}","templated":true}]}}