{"id":50,"date":"2014-08-03T17:49:44","date_gmt":"2014-08-03T09:49:44","guid":{"rendered":"http:\/\/hyx-mold.com\/?page_id=50"},"modified":"2019-10-22T13:50:39","modified_gmt":"2019-10-22T05:50:39","slug":"stampo-in-plastica","status":"publish","type":"page","link":"https:\/\/www.molds-china.com\/it\/stampo-in-plastica\/","title":{"rendered":"Stampo in plastica"},"content":{"rendered":"<h1>Offriamo un'alta qualit\u00e0&nbsp;<strong>costruttore di stampi in plastica<\/strong> con un prezzo competitivo<\/h1>\n<p>Siete alla ricerca di un'azienda affidabile <strong><a href=\"https:\/\/www.molds-china.com\/it\/\">azienda di stampi e stampaggio di materie plastiche<\/a><\/strong> dalla Cina, che fornisce soluzioni innovative per gli stampi legati al business? Siamo un pioniere nella fornitura di soluzioni nel settore della <span style=\"color: #000000;\"><em><a title=\"stampi in plastica\" href=\"https:\/\/www.molds-china.com\/it\/stampo-in-plastica\/\"><span style=\"color: #000000;\">stampi in plastica<\/span><\/a><\/em><\/span> e produciamo stampi a iniezione che vanno dal <span style=\"color: #000000;\"><span style=\"color: #000000;\"><a href=\"https:\/\/www.molds-china.com\/it\/\"><strong>stampo automobilistico<\/strong><\/a>, stampi per elettrodomestici&nbsp;<\/span><\/span>ecc.<\/p>\n<p>Siamo presenti in questo settore da diversi anni e abbiamo ottenuto una serie di valutazioni di alta efficienza grazie alla nostra pianificazione sistematica, alla ricerca e agli investimenti effettuati per affrontare i tempi e i costi della produzione di stampi a iniezione. Tutto il nostro duro lavoro \u00e8 stato ripagato e siamo stati in grado di aggiungere al nostro elenco di clienti molte aziende internazionali rinomate. Le relazioni che abbiamo costruito con queste aziende sono state determinanti per farci diventare leader in questo settore; i nostri clienti si aggiudicano l'eccellente qualit\u00e0, il prezzo e i servizi.<\/p>\n<p>Il motivo principale per cui siamo stati in grado di costruire questo impressionante elenco di clienti \u00e8 il nostro personale altamente qualificato e le elevate tecnologie di stampaggio che utilizziamo quando realizziamo i nostri stampi. Questo tipo di tecnologie \u00e8 stato utilizzato con grande successo e ha contribuito alla standardizzazione dell'industria degli stampi a iniezione.<\/p>\n<p>Abbiamo fornito ai nostri clienti prezzi competitivi, buona qualit\u00e0 e servizio; questo non \u00e8 solo un risparmio di costi per i nostri clienti, ma anche permettere ai nostri clienti di diventare pi\u00f9 competitivi rispetto ai loro concorrenti e di vincere facilmente pi\u00f9 progetti.<\/p>\n<p>Siamo esperti in <strong>Stampi\/stampi personalizzati, <span style=\"color: #000000;\"><a title=\"stampi per elettrodomestici\" href=\"http:\/\/www.hyx-mold.com\/\" target=\"_blank\" rel=\"noopener\"><span style=\"color: #000000;\"><em>muffa per elettrodomestici<\/em><\/span><\/a><\/span>, parti elettroniche, stampi digitali, stampi\/stampaggio 2K, stampi\/stampaggio over<\/strong><\/p>\n<div id=\"attachment_931\" style=\"width: 310px\" class=\"wp-caption alignright\"><a href=\"https:\/\/www.molds-china.com\/it\/\"><img loading=\"lazy\" decoding=\"async\" aria-describedby=\"caption-attachment-931\" class=\"wp-image-931 size-medium\" src=\"https:\/\/www.molds-china.com\/wp-content\/uploads\/2014\/08\/IMG_1242-300x140.jpg\" alt=\"Stampo in plastica\" width=\"300\" height=\"140\" title=\"\" srcset=\"https:\/\/www.molds-china.com\/wp-content\/uploads\/2014\/08\/IMG_1242-300x140.jpg 300w, https:\/\/www.molds-china.com\/wp-content\/uploads\/2014\/08\/IMG_1242-1024x478.jpg 1024w, https:\/\/www.molds-china.com\/wp-content\/uploads\/2014\/08\/IMG_1242.jpg 1027w\" sizes=\"(max-width: 300px) 100vw, 300px\" \/><\/a><p id=\"caption-attachment-931\" class=\"wp-caption-text\"><a title=\"Stampo in plastica\" href=\"https:\/\/www.molds-china.com\/it\/stampo-in-plastica\/\">Stampo in plastica<\/a><\/p><\/div>\n<p>Abbiamo una grande esperienza nella realizzazione di <a href=\"https:\/\/www.molds-china.com\/it\/stampo-in-plastica\/\"><em><strong>stampo in plastica<\/strong><\/em><\/a> da quando abbiamo aperto la nostra azienda di stampi 15 anni fa. Quando si tratta di elettrodomestici, gli stampi e la nostra esperienza ci hanno permesso di essere molto pi\u00f9 avanti rispetto ai nostri concorrenti. <strong>stampi per automobili<\/strong>Con pi\u00f9 di 10 anni di esperienza con le nostre eccellenti procedure e le nostre ricche esperienze, siamo diventati esperti in questo campo, naturalmente abbiamo fatto molti altri stampi che non possiamo mostrare da questa breve spiegazione. Controllare il nostro sito web si vedr\u00e0 ci sono alcuni stampi, siamo i benvenuti se si pu\u00f2 cadere i vostri passi qui per dare un'occhiata alla nostra fabbrica.<\/p>","protected":false},"excerpt":{"rendered":"<p>We offer high-quality&nbsp;plastic mold maker with a competitive price Are you looking for a dependable plastic mold and molding company from China that provides innovative solutions for business-related molds? We are a pioneer in providing solutions in the plastic molds industry, and we make injection molds that range in automotive mold, home appliances molds&nbsp;etc. We [&hellip;]<\/p>","protected":false},"author":1,"featured_media":0,"parent":0,"menu_order":0,"comment_status":"open","ping_status":"open","template":"","meta":{"_et_pb_use_builder":"","_et_pb_old_content":"","_et_gb_content_width":"","footnotes":""},"class_list":["post-50","page","type-page","status-publish","hentry"],"_links":{"self":[{"href":"https:\/\/www.molds-china.com\/it\/wp-json\/wp\/v2\/pages\/50","targetHints":{"allow":["GET"]}}],"collection":[{"href":"https:\/\/www.molds-china.com\/it\/wp-json\/wp\/v2\/pages"}],"about":[{"href":"https:\/\/www.molds-china.com\/it\/wp-json\/wp\/v2\/types\/page"}],"author":[{"embeddable":true,"href":"https:\/\/www.molds-china.com\/it\/wp-json\/wp\/v2\/users\/1"}],"replies":[{"embeddable":true,"href":"https:\/\/www.molds-china.com\/it\/wp-json\/wp\/v2\/comments?post=50"}],"version-history":[{"count":0,"href":"https:\/\/www.molds-china.com\/it\/wp-json\/wp\/v2\/pages\/50\/revisions"}],"wp:attachment":[{"href":"https:\/\/www.molds-china.com\/it\/wp-json\/wp\/v2\/media?parent=50"}],"curies":[{"name":"wp","href":"https:\/\/api.w.org\/{rel}","templated":true}]}}