{"id":963,"date":"2016-04-09T23:57:48","date_gmt":"2016-04-09T15:57:48","guid":{"rendered":"https:\/\/www.molds-china.com\/?page_id=963"},"modified":"2019-07-02T21:52:56","modified_gmt":"2019-07-02T13:52:56","slug":"perche-noi","status":"publish","type":"page","link":"https:\/\/www.molds-china.com\/it\/perche-noi\/","title":{"rendered":"Perch\u00e9 noi"},"content":{"rendered":"<h2>I nostri vantaggi<\/h2>\n<ul>\n<li>Per rendere i vostri stampi veloci e risparmiare tempo abbiamo macchine sufficienti per la fabbricazione di stampi in plastica, 20 set di macchine per elettroerosione, due di loro con due teste, pi\u00f9 di 15 set di macchine CNC, questo non metter\u00e0 mai i vostri stampi a lato per il riposo, non importa quanto siamo occupati, si pu\u00f2 pensare che ancora un sacco di aziende sono come pi\u00f9 forte noi, vero, ma il prezzo che sono molto pi\u00f9 alto di noi perch\u00e9 alcuni dei vantaggi che non hanno.<\/li>\n<\/ul>\n<ul>\n<li>Per ridurre i costi di produzione dello stampo e mantenere l'alta qualit\u00e0, il nostro proprietario possiede la societ\u00e0 di base dello stampo oggi, il prezzo sar\u00e0 ridotto poich\u00e9 la base dello stampo sar\u00e0 fatta da noi stessi. Questo non \u00e8 solo per ridurre il costo di produzione di stampi, ma anche spostare il tempo veloce rispetto agli altri.<\/li>\n<\/ul>\n<ul>\n<li>Uno dei nostri project manager ha lavorato per cinque anni in un'azienda finanziata dall'estero che produce anche stampi in plastica. Le sue capacit\u00e0 di pensiero si avvicinano molto a quelle dei clienti americani o europei.<\/li>\n<\/ul>\n<h3><em><strong>Le procedure di lavoro generali, non solo, ma anche le procedure speciali richieste.\u00a0<\/strong><\/em><\/h3>\n<p><strong>Disegno dello strumento<\/strong><\/p>\n<ul>\n<li>Prima dell'inizio del disegno dell'utensile, la relazione DFM mostra al cliente la struttura generale dell'utensile, compresa la linea di demarcazione, l'angolo di sformo, la disposizione della linea di raffreddamento, il potenziale problema ecc.<\/li>\n<li>Eseguire il flusso dello stampo per trovare la migliore posizione del cancello per la parte, dopo il disegno dell'utensile finito far\u00e0 un vero e proprio rapporto di analisi del flusso dello stampo, compreso il segno di affondamento, il restringimento, il punto caldo, lo stato di raffreddamento, il tempo di ciclo stimato, il problema della deformazione tutto, questo sar\u00e0 riferito nella progettazione e nella traccia dello stampo.<\/li>\n<li>Progettazione dell'intero disegno degli utensili in 3D con il software UG, per risparmiare 2 o 3 giorni e ottimizzare il disegno degli utensili.<\/li>\n<li>Controllare il disegno dell'utensile con la lista di controllo e le specifiche del cliente, uno per uno, per assicurarsi che tutto sia a posto.<\/li>\n<li>Il project manager controller\u00e0 anche il disegno dell'utensile con la lista di controllo prima di inviare il disegno al cliente, in modo da ridurre al minimo i problemi nel disegno dell'utensile.<\/li>\n<\/ul>\n<p><strong>Durante la produzione dello stampo, dopo l'approvazione del disegno dell'utensile<\/strong><\/p>\n<ul>\n<li>Tutti gli acciai provenienti dall'outsourcing vengono controllati uno per uno, se si riscontrano problemi \u00e8 necessario contattare le persone interessate fino a quando il problema non viene risolto, in modo da ridurre gli errori e i tempi di produzione degli stampi.<\/li>\n<li>Dopo ogni lavoro di elettroerosione, gli inserti vengono trasferiti nel reparto di controllo per verificare se manca qualche elettrodo; in questo modo si evita che, al momento di testare l'utensile, si scopra che manca qualche caratteristica.<\/li>\n<li>Registrare ogni problema e riferire al cliente le soluzioni.<\/li>\n<li>Dopo aver eseguito tutti i montaggi di stampo, controlliamo i seguenti aspetti.<\/li>\n<\/ul>\n<ol>\n<li>Sistema di raffreddamento,<\/li>\n<li>Controllare lo stato di montaggio dello stampo con la verniciatura.<\/li>\n<li>Controllare la protezione anticorrosione all'esterno dello stampo<\/li>\n<li>Controllare se i perni di espulsione funzionano correttamente<\/li>\n<\/ol>\n<p><strong>Procedure di prova dello stampo:<\/strong><\/p>\n<ul>\n<li>Impostare tutto in base alle propriet\u00e0 della plastica, alla temperatura di fusione, alla temperatura dello stampo, alla forza di serraggio (questo pu\u00f2 riferirsi al flusso dello stampo e ai dati della macchina dei clienti), ecc.<\/li>\n<li>Impostare la velocit\u00e0 di iniezione passo dopo passo, fare in modo che lo stato di riempimento passi da un colpo a 97% pieno per controllare lo stato dell'equilibrio di riempimento (la pressione di mantenimento \u00e8 0).<\/li>\n<li>Utilizzare un'elevata velocit\u00e0 di iniezione per verificare il problema dello sfiato, controllare che l'utensile funzioni automaticamente, aumentare gradualmente la pressione di mantenimento fino a ottenere buoni campioni, registrare il peso del pezzo e il peso del canale di colata.<\/li>\n<li>Controllare se la finestra di lavorazione a iniezione \u00e8 ampia per vedere se \u00e8 facile stampare i pezzi, registrare i parametri di prova dello stampo.<\/li>\n<li>Registrare il problema del pezzo, dello stampo, fare video di prova, ecc.<\/li>\n<\/ul>\n<p><strong>Dopo la prova dello stampo in plastica (durante la regolazione dello stampo).<\/strong><\/p>\n<ul>\n<li>Inviare al cliente il problema del pezzo, il rapporto sul problema dello stampo, il video di prova dello stampo, i campioni, il rapporto di misurazione, il parametro di prova dello stampo.<\/li>\n<li>Fornire soluzioni per problemi relativi a stampi e parti e ottenere l'approvazione del cliente per risolvere i problemi fino alla loro completa risoluzione.<\/li>\n<\/ul>\n<p><strong>Stampo approvato dal cliente<\/strong><\/p>\n<ul>\n<li>Effettuare la prova finale dello stampo e far funzionare lo stampo per 3 ore con o senza plastica per verificare la funzione dello stampo, dopo 3 ore di funzionamento e smontaggio dello stampo per controllare ogni dettaglio, se si hanno punti stretti, qualsiasi segno di bruciatura potenziale nello stampo, controllare lo stampo uno per uno con la lista di controllo, se il cliente ha questa lista seguiremo la lista dei clienti, altrimenti utilizzare la nostra lista di controllo.<\/li>\n<li>Spruzzare grasso resistente alla ruggine, dipingere all'esterno dello stampo con vernice verde dopo aver ripulito lo stampo e l'imballaggio con pellicola, quindi mettere in scatola di legno trattato e spedire fuori lo stampo dal mare d'aria.<\/li>\n<\/ul>\n<h3><strong>Richiedi subito un preventivo\u00a0<a href=\"mailto:sales@hao-mold\">sales@hao-mold.com<\/a> per gli stampi e le parti in plastica<\/strong><\/h3>","protected":false},"excerpt":{"rendered":"<p>Our Advantages To make your molds fast and save time we have sufficient machines for making plastic mold, 20 sets of EDM machines, two of them with two heads, more than 15 sets of CNC machines, This will never put your molds at side for rest no matter how busy we are, you may think [&hellip;]<\/p>","protected":false},"author":1,"featured_media":0,"parent":0,"menu_order":0,"comment_status":"closed","ping_status":"open","template":"","meta":{"_et_pb_use_builder":"","_et_pb_old_content":"","_et_gb_content_width":"","footnotes":""},"class_list":["post-963","page","type-page","status-publish","hentry"],"_links":{"self":[{"href":"https:\/\/www.molds-china.com\/it\/wp-json\/wp\/v2\/pages\/963","targetHints":{"allow":["GET"]}}],"collection":[{"href":"https:\/\/www.molds-china.com\/it\/wp-json\/wp\/v2\/pages"}],"about":[{"href":"https:\/\/www.molds-china.com\/it\/wp-json\/wp\/v2\/types\/page"}],"author":[{"embeddable":true,"href":"https:\/\/www.molds-china.com\/it\/wp-json\/wp\/v2\/users\/1"}],"replies":[{"embeddable":true,"href":"https:\/\/www.molds-china.com\/it\/wp-json\/wp\/v2\/comments?post=963"}],"version-history":[{"count":0,"href":"https:\/\/www.molds-china.com\/it\/wp-json\/wp\/v2\/pages\/963\/revisions"}],"wp:attachment":[{"href":"https:\/\/www.molds-china.com\/it\/wp-json\/wp\/v2\/media?parent=963"}],"curies":[{"name":"wp","href":"https:\/\/api.w.org\/{rel}","templated":true}]}}