{"id":12,"date":"2014-08-03T15:15:29","date_gmt":"2014-08-03T07:15:29","guid":{"rendered":"http:\/\/hyx-mold.com\/?page_id=12"},"modified":"2021-09-13T14:20:17","modified_gmt":"2021-09-13T06:20:17","slug":"molde-de-injecao-de-plastico","status":"publish","type":"page","link":"https:\/\/www.molds-china.com\/pt\/molde-de-injecao-de-plastico\/","title":{"rendered":"Sobre n\u00f3s"},"content":{"rendered":"<h1>Molde de inje\u00e7\u00e3o de pl\u00e1stico e\u00a0<a href=\"https:\/\/www.molds-china.com\/pt\/\"><strong>Moldagem por inje\u00e7\u00e3o na China<\/strong><\/a> Empresa de manufatura<\/h1>\n<p><strong>Somos uma empresa profissional de moldes de inje\u00e7\u00e3o de pl\u00e1stico e <em>moldagem por inje\u00e7\u00e3o na China<\/em> empresa que presta servi\u00e7os em<span style=\"color: #000000;\"> <span style=\"color: #000000;\">molde pl\u00e1stico <\/span><\/span>e de moldagem por inje\u00e7\u00e3o, \u00e9 uma das\u00a0 <span style=\"color: #000000;\"><span style=\"color: #000000;\">Molde da China<\/span><\/span> fabricante<\/strong>Fundada em 2015, a Hao Yuan Xing Mold Co.ltd cresceu e se tornou uma empresa de servi\u00e7o completo <strong>Molde de inje\u00e7\u00e3o de pl\u00e1stico<\/strong> e <strong>produtos de moldagem por inje\u00e7\u00e3o na China<\/strong>. Como profissional <strong>Fabricante de moldes pl\u00e1sticos na China<\/strong>A empresa fornece servi\u00e7os para uma ampla variedade de setores, incluindo aeroespacial, eletrodom\u00e9sticos, eletr\u00f4nicos, mar\u00edtimo, m\u00f3veis de escrit\u00f3rio, artigos esportivos, venda autom\u00e1tica e setores de troca de notas.<\/p>\n<p>Dongguan Olayer Technology Co.ltd (era Hao Yuan Xing Mold &amp; Mfg). Possui duas f\u00e1bricas localizadas na China, uma na cidade de Huangyan e outra na cidade de Dong Guan, com 18.000 m\u00b2 de \u00e1rea de fabrica\u00e7\u00e3o incorporada. <a href=\"https:\/\/www.molds-china.com\/pt\/\"><strong>molde pl\u00e1stico<\/strong><\/a> Produ\u00e7\u00e3o e <strong>Servi\u00e7o de moldagem por inje\u00e7\u00e3o de pl\u00e1stico<\/strong>, Garantia de Qualidade, Expedi\u00e7\u00e3o e Armazenamento,<\/p>\n<p>Nossas instala\u00e7\u00f5es s\u00e3o interconectadas por uma rede de alta velocidade. Introduzimos equipamentos de processo de molde de n\u00edvel m\u00e9dio-avan\u00e7ado e sistema de computador CAD\/CAM\/CAE, centro de usinagem CNC, centro de medi\u00e7\u00e3o, impulso el\u00e9trico e equipamento de corte de revestimento. A empresa conta com t\u00e9cnicos experientes em CAD. Os <strong>moldes<\/strong> s\u00e3o exportados para os Estados Unidos, Canad\u00e1, Su\u00e9cia e outros pa\u00edses e regi\u00f5es europeus e americanos.<\/p>\n<div id=\"attachment_1168\" style=\"width: 310px\" class=\"wp-caption alignright\"><img loading=\"lazy\" decoding=\"async\" aria-describedby=\"caption-attachment-1168\" class=\"size-medium wp-image-1168\" src=\"https:\/\/www.molds-china.com\/wp-content\/uploads\/2017\/07\/IMG_2245-300x200.jpg\" alt=\"Moldes de pl\u00e1stico\" width=\"300\" height=\"200\" title=\"\" srcset=\"https:\/\/www.molds-china.com\/wp-content\/uploads\/2017\/07\/IMG_2245-300x200.jpg 300w, https:\/\/www.molds-china.com\/wp-content\/uploads\/2017\/07\/IMG_2245-768x512.jpg 768w, https:\/\/www.molds-china.com\/wp-content\/uploads\/2017\/07\/IMG_2245.jpg 900w\" sizes=\"(max-width: 300px) 100vw, 300px\" \/><p id=\"caption-attachment-1168\" class=\"wp-caption-text\"><a href=\"https:\/\/www.molds-china.com\/pt\/\">moldes de pl\u00e1stico<\/a><\/p><\/div>\n<p>Criamos um mercado internacional em 2005. E a equipe de vendas nos permitiu expandir nossa capacidade e estimular inova\u00e7\u00f5es em nossos produtos. <strong>matrizes de moldagem de pl\u00e1stico<\/strong> e <strong>pe\u00e7as pl\u00e1sticas da china<\/strong> linhas de produtos.<\/p>\n<p>Para n\u00f3s, a qualidade, o prazo de entrega, o pre\u00e7o razo\u00e1vel e a precis\u00e3o s\u00e3o os fatores mais importantes!<\/p>\n<p>Convidamos voc\u00ea a visitar nossa f\u00e1brica no local, testar-nos e ver por que somos o parceiro mais adequado para voc\u00ea, encomendando alguns <strong>moldes de inje\u00e7\u00e3o<\/strong> e <strong>produtos pl\u00e1sticos<\/strong>.<\/p>\n<p>Em <strong>Olayer<\/strong>A empresa est\u00e1 redefinindo os padr\u00f5es de especifica\u00e7\u00e3o, projeto e fabrica\u00e7\u00e3o de <strong>moldes de inje\u00e7\u00e3o de precis\u00e3o<\/strong> e <a href=\"https:\/\/www.molds-china.com\/pt\/molde-de-injecao-de-plastico\/\"><strong>pe\u00e7as pl\u00e1sticas moldadas por inje\u00e7\u00e3o<\/strong><\/a>. N\u00f3s nos esfor\u00e7amos continuamente para reduzir os prazos de entrega, melhorar o desempenho e ajudar nossos clientes a reduzir o custo total do desenvolvimento de produtos.<\/p>\n<p>Desde as tecnologias de projeto e fabrica\u00e7\u00e3o auxiliadas por computador que usamos at\u00e9 nossas t\u00e9cnicas de acabamento de alta qualidade, <strong>A Olayer oferece o melhor valor em alta qualidade <a href=\"https:\/\/www.molds-china.com\/pt\/\">moldes de inje\u00e7\u00e3o personalizados<\/a> e moldagem por inje\u00e7\u00e3o de pl\u00e1stico personalizada<\/strong>.<\/p>\n<p>Em 1999, a Olayer Mold come\u00e7ou a construir <em><strong>molde de inje\u00e7\u00e3o pl\u00e1stica<\/strong><\/em> e fazendo <strong>moldagem por inje\u00e7\u00e3o<\/strong> para o setor de pl\u00e1sticos.  Em 2005, a Olayer Mold mudou-se de um pequeno pr\u00e9dio para suas instala\u00e7\u00f5es rec\u00e9m-constru\u00eddas de 6.000 m\u00b2 em Dongguan, na China, e em 2009 deu in\u00edcio a uma nova <strong>empresa de moldes pl\u00e1sticos<\/strong> em HuanYan, Zhejiang, China.<\/p>\n<p>Ao longo dos anos, a Olayer Mold se tornou uma das 10 maiores empresas do mundo. <strong>Fabricante de moldes de pl\u00e1stico na China<\/strong> empresa.<\/p>\n<p>Em 2007, a Olayer Mold expandiu seu modelo de neg\u00f3cios com a aquisi\u00e7\u00e3o de v\u00e1rias m\u00e1quinas de grande porte dedicadas \u00e0 fabrica\u00e7\u00e3o de moldes.  Essa expans\u00e3o de nossos neg\u00f3cios nos d\u00e1 a capacidade de produzir mais <strong>moldes de pl\u00e1stico<\/strong> para as necessidades do cliente.<\/p>\n<p>Se voc\u00ea precisar de algum produto de alta qualidade <a href=\"https:\/\/www.molds-china.com\/pt\/molde-de-injecao-plastica\/\"><em><strong>molde de inje\u00e7\u00e3o pl\u00e1stica<\/strong><\/em><\/a> e <strong>Servi\u00e7o de moldagem por inje\u00e7\u00e3o de pl\u00e1stico<\/strong>\u00a0de um <strong><em>Moldagem por inje\u00e7\u00e3o na China<\/em><\/strong> Empresa para o desenvolvimento de seus produtos? Se precisar de entrega r\u00e1pida e pre\u00e7o competitivo, seremos um de seus melhores parceiros para ajudar sua empresa a ter mais sucesso. Envie-nos sua solicita\u00e7\u00e3o e faremos a cota\u00e7\u00e3o em dois dias \u00fateis.<\/p>\n\n\n<p><\/p>","protected":false},"excerpt":{"rendered":"<p>Plastic Injection Mould &amp;\u00a0Injection\u00a0molding China manufacturing Company We are a professional plastic injection mould and injection molding china company that services in plastic mold and injection molding manufacturing, is one of\u00a0 China mold manufacturer, established in 2015, Hao Yuan Xing Mold Co.ltd has grown to a full-service Plastic Injection Mould and injection moulding products in [&hellip;]<\/p>","protected":false},"author":1,"featured_media":0,"parent":0,"menu_order":0,"comment_status":"open","ping_status":"open","template":"","meta":{"_et_pb_use_builder":"","_et_pb_old_content":"","_et_gb_content_width":"","footnotes":""},"class_list":["post-12","page","type-page","status-publish","hentry"],"_links":{"self":[{"href":"https:\/\/www.molds-china.com\/pt\/wp-json\/wp\/v2\/pages\/12","targetHints":{"allow":["GET"]}}],"collection":[{"href":"https:\/\/www.molds-china.com\/pt\/wp-json\/wp\/v2\/pages"}],"about":[{"href":"https:\/\/www.molds-china.com\/pt\/wp-json\/wp\/v2\/types\/page"}],"author":[{"embeddable":true,"href":"https:\/\/www.molds-china.com\/pt\/wp-json\/wp\/v2\/users\/1"}],"replies":[{"embeddable":true,"href":"https:\/\/www.molds-china.com\/pt\/wp-json\/wp\/v2\/comments?post=12"}],"version-history":[{"count":0,"href":"https:\/\/www.molds-china.com\/pt\/wp-json\/wp\/v2\/pages\/12\/revisions"}],"wp:attachment":[{"href":"https:\/\/www.molds-china.com\/pt\/wp-json\/wp\/v2\/media?parent=12"}],"curies":[{"name":"wp","href":"https:\/\/api.w.org\/{rel}","templated":true}]}}