{"id":4,"date":"2014-08-02T17:16:35","date_gmt":"2014-08-02T09:16:35","guid":{"rendered":"http:\/\/hyx-mold.com\/?page_id=4"},"modified":"2022-03-06T16:06:39","modified_gmt":"2022-03-06T08:06:39","slug":"home","status":"publish","type":"page","link":"https:\/\/www.molds-china.com\/pt\/","title":{"rendered":"In\u00edcio"},"content":{"rendered":"<h1 class=\"wp-block-heading\"><strong>Fabricantes de moldes na China<\/strong>&#8211;<strong>Moldagem por inje\u00e7\u00e3o personalizada<\/strong><\/h1>\n\n\n\n<p>Escolhendo <strong>fabricantes de moldes na China<\/strong> para aumentar o mercado de sua empresa ser\u00e1 a melhor op\u00e7\u00e3o.<\/p>\n\n\n\n<p>Os moldes de inje\u00e7\u00e3o de pl\u00e1stico s\u00e3o essenciais para a produ\u00e7\u00e3o de pe\u00e7as moldadas por inje\u00e7\u00e3o usadas por algumas empresas em todo o mundo. Os empres\u00e1rios dependem deles para a produ\u00e7\u00e3o di\u00e1ria de produtos pl\u00e1sticos, como moldes para engradados, moldes para pl\u00e1sticos dom\u00e9sticos, moldes para embalagens, moldes para eletrodom\u00e9sticos, moldes automotivos e similares.<\/p>\n\n\n\n<p>Os produtos de pl\u00e1stico s\u00e3o comumente usados em todo o mundo, e as pessoas est\u00e3o gostando de seu uso. H\u00e1 v\u00e1rios <strong>fabricantes de moldes<\/strong> com os quais voc\u00ea pode entrar em contato na maioria das \u00e1reas do mundo, inclusive na China. Voc\u00ea pode pesquisar no site e encontrar muitos deles em diversas \u00e1reas. <strong>Fabricantes de moldes de inje\u00e7\u00e3o pl\u00e1stica na China<\/strong> no Google<\/p>\n\n\n\n<div class=\"wp-block-image\"><figure class=\"alignleft is-resized\"><img loading=\"lazy\" decoding=\"async\" src=\"https:\/\/www.molds-china.com\/wp-content\/uploads\/2019\/08\/China-Mold-Company.jpg\" alt=\"Empresa de moldes da China\" class=\"wp-image-22489\" width=\"283\" height=\"167\" title=\"\" srcset=\"https:\/\/www.molds-china.com\/wp-content\/uploads\/2019\/08\/China-Mold-Company.jpg 424w, https:\/\/www.molds-china.com\/wp-content\/uploads\/2019\/08\/China-Mold-Company-300x177.jpg 300w\" sizes=\"(max-width: 283px) 100vw, 283px\" \/><figcaption>Empresa de moldes da China<\/figcaption><\/figure><\/div>\n\n\n\n<p>A China \u00e9 uma das maiores economias do mundo. Com rela\u00e7\u00e3o ao seu Produto Nacional Bruto (PIB), ela obteve 10.088 per capita (Nominal) ($) em 2018. Se voc\u00ea estiver iniciando um novo projeto que envolva a personaliza\u00e7\u00e3o de <a href=\"https:\/\/www.molds-china.com\/pt\/molde-de-injecao-plastica\/\" target=\"_blank\" rel=\"noreferrer noopener\"><strong><em>Molde de inje\u00e7\u00e3o de pl\u00e1stico<\/em><\/strong><\/a> ou pe\u00e7as moldadas personalizadas, voc\u00ea pode recorrer \u00e0 maior economia do mundo hoje, e isso significa <strong>China Mould. <\/strong>Em segundo lugar, os Estados Unidos da Am\u00e9rica.<\/p>\n\n\n\n<p>Os grandes empres\u00e1rios come\u00e7am encontrando bons <strong>empresas de moldagem por inje\u00e7\u00e3o na china<\/strong> para seus produtos de molde. H\u00e1 vantagens e desvantagens em iniciar um empreendimento comercial, e \u00e9 preciso garantir que tudo esteja em sua ordem correta para que seu neg\u00f3cio d\u00ea certo. Uma delas \u00e9 escolher os produtos certos e a empresa certa. <strong>Empresa de fabrica\u00e7\u00e3o de moldes da China<\/strong> como fornecedor.<\/p>\n\n\n\n<p>Imagine como \u00e9 dif\u00edcil iniciar um neg\u00f3cio e ter que encontrar o fabricante certo de moldagem por inje\u00e7\u00e3o de pl\u00e1stico personalizada na China em um mar de op\u00e7\u00f5es pode ser muito frustrante \u00e0s vezes. Voc\u00ea pode restringir sua pesquisa e se divertir muito.<\/p>\n\n\n\n<p>A abertura de uma empresa deve ser tranquila e agrad\u00e1vel ao mesmo tempo. Voc\u00ea pode escolher com calma o melhor para seus neg\u00f3cios e, mais tarde, aproveitar o resultado frut\u00edfero.<\/p>\n\n\n\n<h2 class=\"wp-block-heading\">Fabricantes de moldes de inje\u00e7\u00e3o pl\u00e1stica na China<\/h2>\n\n\n\n<p>Agora, vamos dar uma olhada na vastid\u00e3o da China.<\/p>\n\n\n\n<p>A China, al\u00e9m de ser uma das maiores capacidades de fabrica\u00e7\u00e3o do mundo, \u00e9 tamb\u00e9m um dos maiores pa\u00edses. \u00c9 o segundo maior pa\u00eds da \u00c1sia e tinha uma popula\u00e7\u00e3o de 1,379 bilh\u00e3o de habitantes em 2016. H\u00e1 muitos <strong><em>Fabricantes de moldes na China<\/em><\/strong> como voc\u00ea pode ver na Internet.<\/p>\n\n\n\n<p>Algumas delas t\u00eam boas avalia\u00e7\u00f5es e est\u00e3o estabelecidas h\u00e1 anos, e outras, que acabaram de come\u00e7ar, n\u00e3o t\u00eam habilidades suficientes para competir com as maiores estrat\u00e9gias de marketing do mundo. Ent\u00e3o, como voc\u00ea pode encontrar uma boa <strong>F\u00e1brica de moldes de pl\u00e1stico na China<\/strong>? Aqui est\u00e3o algumas sugest\u00f5es que podem ajud\u00e1-lo a encontrar parceiros adequados e <strong>Fabricantes de moldes de inje\u00e7\u00e3o pl\u00e1stica na China<\/strong>.<\/p>\n\n\n\n<h3 class=\"wp-block-heading\"><strong>Como encontrar um bom fabricante de moldes de inje\u00e7\u00e3o na China<\/strong>?<\/h3>\n\n\n\n<p>Em primeiro lugar, voc\u00ea precisa levar em considera\u00e7\u00e3o a disponibilidade do <strong>Fabricante de moldes de inje\u00e7\u00e3o na China<\/strong>. Ele(a) responde imediatamente quando voc\u00ea entra em contato com ele(a) para fazer alguma pergunta?<\/p>\n\n\n\n<p>Por exemplo, quando voc\u00ea quer saber mais sobre os produtos deles e as estimativas adequadas dos itens que est\u00e1 pensando em comprar, eles est\u00e3o sempre prontos para retornar sua liga\u00e7\u00e3o ou responder rapidamente por e-mail?<\/p>\n\n\n\n<p>Portanto, a primeira sugest\u00e3o deve ser procurar um <strong>Fabricante de moldes de inje\u00e7\u00e3o na China<\/strong> que est\u00e1 sempre dispon\u00edvel, orientada para o atendimento ao cliente e sempre disposta a ajud\u00e1-lo em suas escolhas, pois voc\u00ea sabe que estar\u00e1 trabalhando com um <em>Empresa de moldagem de pl\u00e1stico da China<\/em> a milhares de quil\u00f4metros de dist\u00e2ncia de seu pa\u00eds, uma resposta r\u00e1pida \u00e9 muito \u00fatil para manter o trabalho atualizado em tempo h\u00e1bil.<\/p>\n\n\n\n<p>A segunda sugest\u00e3o \u00e9 que voc\u00ea procure um fabricante de moldes de inje\u00e7\u00e3o de pl\u00e1stico na China que ofere\u00e7a uma ampla variedade de moldes de inje\u00e7\u00e3o\/produtos moldados de qualidade e a um custo razo\u00e1vel. Leve em conta tamb\u00e9m se os produtos oferecidos atendem \u00e0s necessidades de seus empreendimentos comerciais emergentes.<\/p>\n\n\n\n<p>A terceira sugest\u00e3o \u00e9 certificar-se de que o equipamento usado no processamento desses <strong>Inje\u00e7\u00e3o<\/strong> <strong>moldes de pl\u00e1stico <\/strong>s\u00e3o de \u00faltima gera\u00e7\u00e3o para produzir resultados duradouros e dur\u00e1veis, nunca veja apenas o pre\u00e7o, se o pre\u00e7o for muito baixo, ent\u00e3o os moldes que voc\u00ea tem podem n\u00e3o ser capazes de funcionar bem quando voc\u00ea pegar o <strong>Molde de inje\u00e7\u00e3o da China<\/strong> De volta \u00e0 sua f\u00e1brica, como voc\u00ea sabe, n\u00e3o importa qu\u00e3o baixo seja o pre\u00e7o, eles ainda precisam de lucros, pre\u00e7o razo\u00e1vel, boa qualidade e bom servi\u00e7o s\u00e3o sempre a melhor escolha para voc\u00ea.<\/p>\n\n\n\n<div class=\"wp-block-image\"><figure class=\"alignright size-large\"><a href=\"https:\/\/www.molds-china.com\/wp-content\/uploads\/2021\/05\/Injection-molding-china.jpg\"><img loading=\"lazy\" decoding=\"async\" width=\"400\" height=\"300\" src=\"https:\/\/www.molds-china.com\/wp-content\/uploads\/2021\/05\/Injection-molding-china.jpg\" alt=\"Moldagem por inje\u00e7\u00e3o na China\" class=\"wp-image-22622\" title=\"\" srcset=\"https:\/\/www.molds-china.com\/wp-content\/uploads\/2021\/05\/Injection-molding-china.jpg 400w, https:\/\/www.molds-china.com\/wp-content\/uploads\/2021\/05\/Injection-molding-china-300x225.jpg 300w\" sizes=\"(max-width: 400px) 100vw, 400px\" \/><\/a><figcaption>Moldagem por inje\u00e7\u00e3o na China<\/figcaption><\/figure><\/div>\n\n\n\n<p>Por fim, talvez seja necess\u00e1rio dar uma olhada no <strong>Fabricante de moldes de inje\u00e7\u00e3o na China<\/strong> Se voc\u00ea estiver satisfeito com a qualidade dos moldes de pl\u00e1stico personalizados que eles fizeram antes e atualmente, essa ser\u00e1 uma maneira f\u00e1cil de verificar a qualidade e a capacidade deles de atender \u00e0s suas necessidades. Quando estiver satisfeito com tudo, voc\u00ea poder\u00e1 escolher a empresa que mais lhe agradar. <strong>Molde de inje\u00e7\u00e3o da China<\/strong> e fornecedor de moldagem.<\/p>\n\n\n\n<p>Para escolher o adequado <strong>Fabricantes de moldes de inje\u00e7\u00e3o pl\u00e1stica na China<\/strong> n\u00e3o \u00e9 f\u00e1cil, se voc\u00ea quiser encontrar o <strong>Moldagem por inje\u00e7\u00e3o de pl\u00e1stico na China<\/strong> empresa ser\u00e1 ainda mais dif\u00edcil do que encontrar um fornecedor local de moldes e um fabricante de pe\u00e7as pl\u00e1sticas, pois a comunica\u00e7\u00e3o \u00e9 uma quest\u00e3o b\u00e1sica. Encontrar um profissional que fale ingl\u00eas n\u00e3o \u00e9 t\u00e3o dif\u00edcil, mas encontrar um especialista t\u00e9cnico com bom conhecimento de ingl\u00eas n\u00e3o \u00e9 f\u00e1cil.<\/p>\n\n\n\n<p>Para fabricar moldes de inje\u00e7\u00e3o ou produtos de moldagem por inje\u00e7\u00e3o de boa qualidade, voc\u00ea precisa encontrar a A <strong>F\u00e1brica de moldes de pl\u00e1stico na China<\/strong> Se voc\u00ea quiser que seu neg\u00f3cio seja bem-sucedido com uma empresa chinesa de moldagem, esses pontos ser\u00e3o uma seguran\u00e7a para o sucesso do seu projeto. Voc\u00ea deve selecionar com muito cuidado um fabricante chin\u00eas de moldes\/moldagem por inje\u00e7\u00e3o de pl\u00e1stico. Quando encontrar o parceiro certo, todo trabalho duro valer\u00e1 a pena.<\/p>\n\n\n\n<p>Se voc\u00ea estiver procurando por <strong>fabricantes de moldes na China<\/strong>? Somos uma das melhores op\u00e7\u00f5es para sua refer\u00eancia. Voc\u00ea pode nos incluir em seu banco de dados e analis\u00e1-lo posteriormente. Nossos vendedores t\u00eam mais de 6 anos de experi\u00eancia t\u00e9cnica, trabalhando com fabrica\u00e7\u00e3o de moldes, design de moldes, gerenciamento de projetos e vendas, portanto, nosso pessoal de vendas est\u00e1 qualificado para ter sucesso em seus neg\u00f3cios de forma r\u00e1pida e tranquila.<\/p>\n\n\n\n<h3 class=\"wp-block-heading\"><strong>Para trabalhar conosco, h\u00e1 alguns benef\u00edcios que voc\u00ea ter\u00e1<\/strong><\/h3>\n\n\n\n<ul class=\"wp-block-list\"><li>Obtemos produtos altamente acess\u00edveis, garantimos a satisfa\u00e7\u00e3o do cliente e qualquer problema ser\u00e1 resolvido completamente por nossa equipe de especialistas.<\/li><li>Comunica\u00e7\u00e3o fluente em ingl\u00eas com 18 anos de experi\u00eancia t\u00e9cnica em fabrica\u00e7\u00e3o de moldes e produ\u00e7\u00e3o de moldes.<\/li><li>Servi\u00e7o completo de design de pe\u00e7as, design de moldes, fabrica\u00e7\u00e3o de moldes, produ\u00e7\u00e3o em massa, pintura, serigrafia, galvaniza\u00e7\u00e3o, montagem e envio direto para voc\u00ea.<\/li><li>Prazo de entrega r\u00e1pido, 15 dias para pe\u00e7as pequenas.<\/li><li>Custo t\u00e3o baixo quanto <strong>$ 650<\/strong> para <strong>fabrica\u00e7\u00e3o de moldes personalizados<\/strong> para economizar seu investimento inicial.<\/li><\/ul>\n\n\n\n<p>Seja bem-vindo ao nosso teste e ligue para n\u00f3s para conversarmos. Podemos ser o seu melhor parceiro no servi\u00e7o de moldes pl\u00e1sticos personalizados e moldagem por inje\u00e7\u00e3o de pl\u00e1stico.<\/p>\n\n\n\n<h3 class=\"wp-block-heading\"><strong>Como trabalhar com uma empresa e fabricante de moldes de inje\u00e7\u00e3o pl\u00e1stica da China<\/strong>?<\/h3>\n\n\n\n<p>Quando terminar a segunda etapa, voc\u00ea precisar\u00e1 escolher a que vai funcionar, para come\u00e7ar, para poder ter um relacionamento harmonioso com um novo<strong> Fabricante de moldagem por inje\u00e7\u00e3o de pl\u00e1stico na China<\/strong>. O primeiro aspecto a ser considerado s\u00e3o as condi\u00e7\u00f5es de pagamento. O pagamento em dia, conforme estipulado, mant\u00e9m o neg\u00f3cio funcionando de forma f\u00e1cil e tranquila.<\/p>\n\n\n\n<p>Deve haver um contrato que estabele\u00e7a as condi\u00e7\u00f5es de pagamento, suas responsabilidades e as responsabilidades do fornecedor. \u00c9 como encontrar seus fornecedores no meio do caminho. Observe tamb\u00e9m que seus fornecedores geralmente t\u00eam outros clientes para atender, portanto, pode haver ocasi\u00f5es em que algumas coisas n\u00e3o ser\u00e3o atendidas imediatamente.<\/p>\n\n\n\n<p>Em segundo lugar, para ter certeza de que seu <strong>Fabrica\u00e7\u00e3o de moldes pl\u00e1sticos<\/strong> est\u00e1 na programa\u00e7\u00e3o, para perguntar a seu <em>Molde da China <\/em>pe\u00e7a ao fornecedor que fa\u00e7a um plano de tempo de fabrica\u00e7\u00e3o do molde e um cronograma de testes do molde, pe\u00e7a que ele lhe envie um relat\u00f3rio semanal com fotos da fabrica\u00e7\u00e3o todas as semanas, essa pode ser uma maneira mais segura de manter o cronograma. <strong>fabrica\u00e7\u00e3o de moldes<\/strong> fotos, j\u00e1 que voc\u00ea n\u00e3o pode ficar de olho nelas todos os dias, pois est\u00e1 a milhares de quil\u00f4metros de dist\u00e2ncia.<\/p>\n\n\n\n<p>Saiba mais sobre o marketplace e coordene-se com o <strong>F\u00e1brica de moldes de pl\u00e1stico na China<\/strong>Quando voc\u00ea tiver d\u00favidas e esclarecimentos sobre seus produtos ou servi\u00e7os. Essas s\u00e3o algumas das maneiras de garantir um melhor entendimento e de manter seu relacionamento de trabalho funcionando sem problemas e com sucesso.<\/p>\n\n\n\n<p>Estamos prontos para responder \u00e0s suas perguntas, entre em contato conosco agora por e-mail <a href=\"mailto:sales@molds-china.com\" rel=\"noreferrer noopener\" target=\"_blank\">sales@molds-china.com<\/a><\/p>\n\n\n\n<div class=\"wp-block-image\"><figure class=\"alignleft size-large\"><a href=\"https:\/\/www.molds-china.com\/wp-content\/uploads\/2021\/05\/mold-manufacturer-China.jpg\"><img loading=\"lazy\" decoding=\"async\" width=\"400\" height=\"300\" src=\"https:\/\/www.molds-china.com\/wp-content\/uploads\/2021\/05\/mold-manufacturer-China.jpg\" alt=\"Fabricante de moldes na China\" class=\"wp-image-22623\" title=\"\" srcset=\"https:\/\/www.molds-china.com\/wp-content\/uploads\/2021\/05\/mold-manufacturer-China.jpg 400w, https:\/\/www.molds-china.com\/wp-content\/uploads\/2021\/05\/mold-manufacturer-China-300x225.jpg 300w\" sizes=\"(max-width: 400px) 100vw, 400px\" \/><\/a><figcaption>Fabricante de moldes na China<\/figcaption><\/figure><\/div>\n\n\n\n<h3 class=\"wp-block-heading\">Oferecemos a voc\u00ea alta qualidade com pre\u00e7o competitivo para moldes e moldes de inje\u00e7\u00e3o de pl\u00e1stico personalizados<\/h3>\n\n\n\n<p>Os consumidores est\u00e3o em d\u00favida sobre como obter os moldes de inje\u00e7\u00e3o mais avan\u00e7ados. Eles s\u00e3o necess\u00e1rios para atender \u00e0s especifica\u00e7\u00f5es de seus projetos.<\/p>\n\n\n\n<p>A Dongguan Olayer Technology Co.ltd (HAO YUAN XING Mold Co., Ltd. mudou o nome para Sincere em outubro de 2020) \u00e9 confi\u00e1vel para atender \u00e0s especifica\u00e7\u00f5es mais desafiadoras do projeto dos clientes. A Olayer <strong>F\u00e1brica de moldes de inje\u00e7\u00e3o na China<\/strong> tamb\u00e9m oferece servi\u00e7os de qualidade ao cliente, al\u00e9m de pre\u00e7os competitivos e acess\u00edveis.<\/p>\n\n\n\n<p><strong>Os benef\u00edcios de confiar na empresa s\u00e3o os seguintes:<\/strong><\/p>\n\n\n\n<ul class=\"wp-block-list\"><li>As qualidades de nossos moldes\/pe\u00e7as de moldagem de pl\u00e1stico s\u00e3o altamente acess\u00edveis e eficazes no setor de marketing.<\/li><li>Os clientes t\u00eam a garantia de satisfa\u00e7\u00e3o total devido \u00e0 incompar\u00e1vel experi\u00eancia da equipe.<\/li><li>A maior parte das preocupa\u00e7\u00f5es \u00e9 deixada para a equipe, pois os trabalhos s\u00e3o realizados em pouco tempo.<\/li><li>Os requisitos especiais dos clientes s\u00e3o atendidos nos n\u00edveis de fabrica\u00e7\u00e3o.<\/li><li>O processo de molde de pl\u00e1stico mais avan\u00e7ado \u00e9 apresentado posteriormente. O projeto da pe\u00e7a \u00e9 analisado primeiro pelo relat\u00f3rio DFM.<\/li><li>O molde ser\u00e1 100% e atender\u00e1 \u00e0s especifica\u00e7\u00f5es de qualidade dos clientes.<\/li><li>Qualquer custo para novos moldes de inje\u00e7\u00e3o e modifica\u00e7\u00f5es ser\u00e1 razo\u00e1vel. Pensamos totalmente no lado do cliente.<\/li><li>Certificado ISO9001, se aprovado.<\/li><\/ul>\n\n\n\n<h4 class=\"wp-block-heading\">Vantagens do nosso servi\u00e7o de molde\/moldagem por inje\u00e7\u00e3o de pl\u00e1stico.<\/h4>\n\n\n\n<ul class=\"wp-block-list\"><li>Os funcion\u00e1rios foram bem treinados para prestar um servi\u00e7o de alta qualidade para o projeto.<\/li><li>O engenheiro de ferramentas de moldagem por inje\u00e7\u00e3o, o engenheiro de projeto, o gerente de processo de fabrica\u00e7\u00e3o de moldes e de expedi\u00e7\u00e3o combinam suas habilidades para atender \u00e0 satisfa\u00e7\u00e3o garantida dos clientes<\/li><li>A empresa est\u00e1 atendendo \u00e0s demandas dos clientes, como a otimiza\u00e7\u00e3o de moldes e a economia de tempo e custo antes da produ\u00e7\u00e3o em massa<\/li><li>As t\u00e9cnicas de gerenciamento eficazes s\u00e3o usadas para projetos bem-sucedidos para os clientes<\/li><li>Os problemas do molde s\u00e3o analisados e aprimorados para atender \u00e0s especifica\u00e7\u00f5es e \u00e0s demandas dos clientes, com a garantia 100%.<\/li><li>Os problemas s\u00e3o classificados para que a solu\u00e7\u00e3o seja apresentada.<\/li><li>A melhor solu\u00e7\u00e3o \u00e9 sugerida em determinadas quest\u00f5es para reduzir o custo do molde e o custo de produ\u00e7\u00e3o em massa.<\/li><\/ul>\n\n\n\n<p>A Olayer \u00e9 reconhecida como uma organiza\u00e7\u00e3o que mant\u00e9m seus padr\u00f5es de fabrica\u00e7\u00e3o. Ela apresenta seu sistema eficaz que faz parte de uma abordagem de projeto, processamento e envio!<\/p>\n\n\n\n<p>Entre em contato conosco ou envie um e-mail para <a href=\"mailto:sales@molds-china.com\" rel=\"noreferrer noopener\" target=\"_blank\">sales@molds-china.com<\/a> para obter uma cota\u00e7\u00e3o para suas necessidades em <strong>Servi\u00e7o de fabrica\u00e7\u00e3o de moldes pl\u00e1sticos personalizados e moldagem por inje\u00e7\u00e3o personalizada<\/strong><\/p>\n\n\n\n<p>Se voc\u00ea estiver procurando por um <strong>fabricantes de moldes na China<\/strong> ent\u00e3o voc\u00ea veio ao lugar certo. Nossa empresa \u00e9 uma empresa profissional <a href=\"https:\/\/www.molds-china.com\/pt\/\" target=\"_blank\" rel=\"noreferrer noopener\"><strong>Fabricante de moldes na China<\/strong><\/a> para produzir moldes de inje\u00e7\u00e3o e pe\u00e7as moldadas de alta qualidade e desenvolvidos a um pre\u00e7o acess\u00edvel.<\/p>\n\n\n\n<p>Com mais de 16 anos de experi\u00eancia nessa regi\u00e3o, fabricamos moldes automotivos, moldes para eletrodom\u00e9sticos etc. Somos a empresa ideal para voc\u00ea <strong>Empresa de fabrica\u00e7\u00e3o de moldes da China<\/strong> oferecendo a voc\u00ea o melhor pre\u00e7o com moldes de inje\u00e7\u00e3o e servi\u00e7os de moldagem de pl\u00e1stico de alta qualidade na regi\u00e3o (em compara\u00e7\u00e3o com o mesmo fornecedor de moldes). N\u00f3s fornecemos<em> moldes e pe\u00e7as pl\u00e1sticas moldadas por inje\u00e7\u00e3o <\/em>para empresas em todo o mundo.<\/p>\n\n\n\n<p>Seu projeto est\u00e1 pronto para fazer moldes de inje\u00e7\u00e3o de pl\u00e1stico e pe\u00e7as de moldagem? Entre em contato conosco agora para obter uma cota\u00e7\u00e3o em 24 horas.<\/p>","protected":false},"excerpt":{"rendered":"<p>Mold Manufacturers In China&#8211;Custom Injection Molding Choosing mold manufacturers in China to increase your business market will be the best option. Plastic Injection molds are essential in producing injection moulded parts used for some businesses around the world. Businessmen are relying on these for their day to day production of plastics products such as crate [&hellip;]<\/p>","protected":false},"author":1,"featured_media":0,"parent":0,"menu_order":0,"comment_status":"open","ping_status":"open","template":"","meta":{"_et_pb_use_builder":"","_et_pb_old_content":"","_et_gb_content_width":"","footnotes":""},"class_list":["post-4","page","type-page","status-publish","hentry"],"_links":{"self":[{"href":"https:\/\/www.molds-china.com\/pt\/wp-json\/wp\/v2\/pages\/4","targetHints":{"allow":["GET"]}}],"collection":[{"href":"https:\/\/www.molds-china.com\/pt\/wp-json\/wp\/v2\/pages"}],"about":[{"href":"https:\/\/www.molds-china.com\/pt\/wp-json\/wp\/v2\/types\/page"}],"author":[{"embeddable":true,"href":"https:\/\/www.molds-china.com\/pt\/wp-json\/wp\/v2\/users\/1"}],"replies":[{"embeddable":true,"href":"https:\/\/www.molds-china.com\/pt\/wp-json\/wp\/v2\/comments?post=4"}],"version-history":[{"count":0,"href":"https:\/\/www.molds-china.com\/pt\/wp-json\/wp\/v2\/pages\/4\/revisions"}],"wp:attachment":[{"href":"https:\/\/www.molds-china.com\/pt\/wp-json\/wp\/v2\/media?parent=4"}],"curies":[{"name":"wp","href":"https:\/\/api.w.org\/{rel}","templated":true}]}}