{"id":50,"date":"2014-08-03T17:49:44","date_gmt":"2014-08-03T09:49:44","guid":{"rendered":"http:\/\/hyx-mold.com\/?page_id=50"},"modified":"2019-10-22T13:50:39","modified_gmt":"2019-10-22T05:50:39","slug":"molde-plastico","status":"publish","type":"page","link":"https:\/\/www.molds-china.com\/pt\/molde-plastico\/","title":{"rendered":"Molde de pl\u00e1stico"},"content":{"rendered":"<h1>Oferecemos alta qualidade&nbsp;<strong>Fabricante de moldes de pl\u00e1stico<\/strong> com um pre\u00e7o competitivo<\/h1>\n<p>Voc\u00ea est\u00e1 procurando uma empresa confi\u00e1vel <strong><a href=\"https:\/\/www.molds-china.com\/pt\/\">Empresa de moldes e moldagem de pl\u00e1stico<\/a><\/strong> da China que fornece solu\u00e7\u00f5es inovadoras para moldes relacionados a neg\u00f3cios? Somos pioneiros no fornecimento de solu\u00e7\u00f5es no setor de <span style=\"color: #000000;\"><em><a title=\"moldes de pl\u00e1stico\" href=\"https:\/\/www.molds-china.com\/pt\/molde-plastico\/\"><span style=\"color: #000000;\">moldes de pl\u00e1stico<\/span><\/a><\/em><\/span> e fabricamos moldes de inje\u00e7\u00e3o que variam em <span style=\"color: #000000;\"><span style=\"color: #000000;\"><a href=\"https:\/\/www.molds-china.com\/pt\/\"><strong>molde automotivo<\/strong><\/a>, moldes para eletrodom\u00e9sticos&nbsp;<\/span><\/span>etc.<\/p>\n<p>Estamos nesse setor h\u00e1 v\u00e1rios anos e recebemos v\u00e1rias classifica\u00e7\u00f5es de alta efici\u00eancia devido ao nosso planejamento sistem\u00e1tico, \u00e0 pesquisa e aos investimentos feitos para lidar com o tempo e o custo da produ\u00e7\u00e3o de moldes de inje\u00e7\u00e3o. Todo o nosso trabalho \u00e1rduo valeu a pena, e conseguimos adicionar muitas empresas internacionais de renome \u00e0 nossa lista de clientes. Os relacionamentos que constru\u00edmos com essas empresas foram fundamentais para que nos torn\u00e1ssemos l\u00edderes nesse setor; nossos clientes ganham com a excelente qualidade, pre\u00e7o e servi\u00e7os.<\/p>\n<p>Os principais motivos pelos quais conseguimos criar essa impressionante lista de clientes se devem aos nossos funcion\u00e1rios altamente qualificados e \u00e0s altas tecnologias de molde que usamos ao fabricar nossos moldes. Esse tipo de tecnologia tem sido usado com grande sucesso e tem sido fundamental para a padroniza\u00e7\u00e3o do setor de moldes de inje\u00e7\u00e3o.<\/p>\n<p>Fornecemos aos nossos clientes pre\u00e7os competitivos, boa qualidade e servi\u00e7os; isso n\u00e3o apenas economiza custos para nossos clientes, mas tamb\u00e9m permite que eles se tornem mais competitivos do que seus concorrentes e ganhem mais projetos com facilidade.<\/p>\n<p>Somos especialistas em <strong>Moldes\/moldagem personalizados, <span style=\"color: #000000;\"><a title=\"moldes para eletrodom\u00e9sticos\" href=\"http:\/\/www.hyx-mold.com\/\" target=\"_blank\" rel=\"noopener\"><span style=\"color: #000000;\"><em>molde de eletrodom\u00e9sticos<\/em><\/span><\/a><\/span>pe\u00e7as eletr\u00f4nicas, moldes digitais, moldes\/moldagem 2K, moldes\/moldagem sobreposta<\/strong><\/p>\n<div id=\"attachment_931\" style=\"width: 310px\" class=\"wp-caption alignright\"><a href=\"https:\/\/www.molds-china.com\/pt\/\"><img loading=\"lazy\" decoding=\"async\" aria-describedby=\"caption-attachment-931\" class=\"wp-image-931 size-medium\" src=\"https:\/\/www.molds-china.com\/wp-content\/uploads\/2014\/08\/IMG_1242-300x140.jpg\" alt=\"Molde de pl\u00e1stico\" width=\"300\" height=\"140\" title=\"\" srcset=\"https:\/\/www.molds-china.com\/wp-content\/uploads\/2014\/08\/IMG_1242-300x140.jpg 300w, https:\/\/www.molds-china.com\/wp-content\/uploads\/2014\/08\/IMG_1242-1024x478.jpg 1024w, https:\/\/www.molds-china.com\/wp-content\/uploads\/2014\/08\/IMG_1242.jpg 1027w\" sizes=\"(max-width: 300px) 100vw, 300px\" \/><\/a><p id=\"caption-attachment-931\" class=\"wp-caption-text\"><a title=\"Molde de pl\u00e1stico\" href=\"https:\/\/www.molds-china.com\/pt\/molde-plastico\/\">Molde de pl\u00e1stico<\/a><\/p><\/div>\n<p>Temos uma grande experi\u00eancia na fabrica\u00e7\u00e3o de <a href=\"https:\/\/www.molds-china.com\/pt\/molde-plastico\/\"><em><strong>molde pl\u00e1stico<\/strong><\/em><\/a> desde que abrimos nossa f\u00e1brica de moldes, h\u00e1 15 anos. Quando se trata de moldes para eletrodom\u00e9sticos, nossa experi\u00eancia nos coloca muito \u00e0 frente de nossos concorrentes, pois desde 2005 come\u00e7amos a fabricar <strong>moldes para autom\u00f3veis<\/strong>Com mais de 10 anos de experi\u00eancia, com nossos excelentes procedimentos e rica experi\u00eancia, nos tornamos especialistas nesse campo. \u00c9 claro que fabricamos v\u00e1rios outros moldes que n\u00e3o podemos mostrar nesta breve explica\u00e7\u00e3o. Consulte nosso site e ver\u00e1 que h\u00e1 alguns moldes. Se puder vir aqui para dar uma olhada em nossa f\u00e1brica, ser\u00e1 bem-vindo.<\/p>","protected":false},"excerpt":{"rendered":"<p>We offer high-quality&nbsp;plastic mold maker with a competitive price Are you looking for a dependable plastic mold and molding company from China that provides innovative solutions for business-related molds? We are a pioneer in providing solutions in the plastic molds industry, and we make injection molds that range in automotive mold, home appliances molds&nbsp;etc. We [&hellip;]<\/p>","protected":false},"author":1,"featured_media":0,"parent":0,"menu_order":0,"comment_status":"open","ping_status":"open","template":"","meta":{"_et_pb_use_builder":"","_et_pb_old_content":"","_et_gb_content_width":"","footnotes":""},"class_list":["post-50","page","type-page","status-publish","hentry"],"_links":{"self":[{"href":"https:\/\/www.molds-china.com\/pt\/wp-json\/wp\/v2\/pages\/50","targetHints":{"allow":["GET"]}}],"collection":[{"href":"https:\/\/www.molds-china.com\/pt\/wp-json\/wp\/v2\/pages"}],"about":[{"href":"https:\/\/www.molds-china.com\/pt\/wp-json\/wp\/v2\/types\/page"}],"author":[{"embeddable":true,"href":"https:\/\/www.molds-china.com\/pt\/wp-json\/wp\/v2\/users\/1"}],"replies":[{"embeddable":true,"href":"https:\/\/www.molds-china.com\/pt\/wp-json\/wp\/v2\/comments?post=50"}],"version-history":[{"count":0,"href":"https:\/\/www.molds-china.com\/pt\/wp-json\/wp\/v2\/pages\/50\/revisions"}],"wp:attachment":[{"href":"https:\/\/www.molds-china.com\/pt\/wp-json\/wp\/v2\/media?parent=50"}],"curies":[{"name":"wp","href":"https:\/\/api.w.org\/{rel}","templated":true}]}}