{"id":963,"date":"2016-04-09T23:57:48","date_gmt":"2016-04-09T15:57:48","guid":{"rendered":"https:\/\/www.molds-china.com\/?page_id=963"},"modified":"2019-07-02T21:52:56","modified_gmt":"2019-07-02T13:52:56","slug":"por-que-nos","status":"publish","type":"page","link":"https:\/\/www.molds-china.com\/pt\/por-que-nos\/","title":{"rendered":"Por que n\u00f3s"},"content":{"rendered":"<h2>Nossas vantagens<\/h2>\n<ul>\n<li>Para fabricar seus moldes com rapidez e economia de tempo, temos m\u00e1quinas suficientes para a fabrica\u00e7\u00e3o de moldes de pl\u00e1stico, 20 conjuntos de m\u00e1quinas EDM, dois deles com dois cabe\u00e7otes, mais de 15 conjuntos de m\u00e1quinas CNC. Isso nunca deixar\u00e1 seus moldes de lado para descanso, por mais ocupados que estejamos.<\/li>\n<\/ul>\n<ul>\n<li>Para reduzir o custo de fabrica\u00e7\u00e3o do molde e manter a alta qualidade, nosso propriet\u00e1rio possui uma empresa de porta-moldes hoje, o pre\u00e7o ser\u00e1 reduzido, pois o porta-moldes ser\u00e1 feito por n\u00f3s mesmos. Isso n\u00e3o \u00e9 apenas para reduzir o custo de fabrica\u00e7\u00e3o do molde, mas tamb\u00e9m para acelerar o tempo em rela\u00e7\u00e3o aos outros.<\/li>\n<\/ul>\n<ul>\n<li>Um de nossos gerentes de projeto aqui trabalhou em uma empresa financiada por estrangeiros por cinco anos, que tamb\u00e9m fabrica moldes de pl\u00e1stico. As habilidades de racioc\u00ednio s\u00e3o muito semelhantes \u00e0s dos clientes dos Estados Unidos ou da Europa.<\/li>\n<\/ul>\n<h3><em><strong>Procedimentos gerais de trabalho, n\u00e3o apenas fazendo isso, mas tamb\u00e9m seguindo qualquer um de seus requisitos especiais.\u00a0<\/strong><\/em><\/h3>\n<p><strong>Desenho da ferramenta<\/strong><\/p>\n<ul>\n<li>Antes de iniciar o desenho da ferramenta, enviaremos um relat\u00f3rio DFM para mostrar ao cliente a estrutura geral da ferramenta, incluindo a linha de parti\u00e7\u00e3o, o \u00e2ngulo de inclina\u00e7\u00e3o, o layout da linha de resfriamento, os poss\u00edveis problemas etc.<\/li>\n<li>Fa\u00e7a o fluxo do molde para encontrar a melhor posi\u00e7\u00e3o do port\u00e3o para a pe\u00e7a. Depois que o desenho da ferramenta estiver conclu\u00eddo, faremos um relat\u00f3rio real de an\u00e1lise do fluxo do molde, incluindo marca de afundamento, encolhimento, ponto quente, status de resfriamento, tempo de ciclo estimado, problema de empenamento, tudo isso ser\u00e1 referenciado no projeto e na trilha do molde.<\/li>\n<li>Projeto completo do desenho da ferramenta em 3D usando o software UG, o que economizar\u00e1 2 ou 3 dias e otimizar\u00e1 o desenho da ferramenta.<\/li>\n<li>Verificar o desenho da ferramenta com a lista de verifica\u00e7\u00e3o e as especifica\u00e7\u00f5es do cliente, uma a uma, para garantir que tudo esteja em ordem.<\/li>\n<li>O gerente de projeto tamb\u00e9m verificar\u00e1 o desenho da ferramenta com a lista de verifica\u00e7\u00e3o antes de enviar o desenho da ferramenta ao cliente.<\/li>\n<\/ul>\n<p><strong>Durante a produ\u00e7\u00e3o do molde - ap\u00f3s a aprova\u00e7\u00e3o do desenho da ferramenta<\/strong><\/p>\n<ul>\n<li>Todos os a\u00e7os que retornam da terceiriza\u00e7\u00e3o ser\u00e3o verificados um a um; se for encontrado algum problema, ser\u00e1 necess\u00e1rio entrar em contato com as pessoas relacionadas at\u00e9 que o problema seja resolvido, o que reduzir\u00e1 os erros e o tempo de produ\u00e7\u00e3o do molde.<\/li>\n<li>Depois que cada trabalho de EDM tiver sido feito, as pastilhas ser\u00e3o movidas para o departamento de verifica\u00e7\u00e3o para verificar se algum eletrodo foi perdido, o que evitar\u00e1 que, ao testar a ferramenta, voc\u00ea descubra que algum recurso est\u00e1 faltando.<\/li>\n<li>Registre todos os problemas e informe ao cliente com as solu\u00e7\u00f5es.<\/li>\n<li>Depois de fazer todas as adapta\u00e7\u00f5es de molde, verificamos os seguintes aspectos.<\/li>\n<\/ul>\n<ol>\n<li>Sistema de resfriamento,<\/li>\n<li>Verifique o status de encaixe do molde com a pintura.<\/li>\n<li>Verifique a prote\u00e7\u00e3o contra corros\u00e3o fora do molde<\/li>\n<li>Verifique se os pinos ejetores est\u00e3o funcionando sem problemas<\/li>\n<\/ol>\n<p><strong>Procedimentos de teste de molde:<\/strong><\/p>\n<ul>\n<li>Primeiro, configure tudo de acordo com a propriedade do pl\u00e1stico, a temperatura de fus\u00e3o, a temperatura do molde, a for\u00e7a de fixa\u00e7\u00e3o (isso pode se referir ao fluxo do molde e aos dados da m\u00e1quina do cliente) etc.<\/li>\n<li>Defina a velocidade de inje\u00e7\u00e3o passo a passo, fa\u00e7a o status de enchimento de shot a 97% completo para verificar o status do equil\u00edbrio de enchimento (a press\u00e3o de reten\u00e7\u00e3o \u00e9 0).<\/li>\n<li>Use alta velocidade de inje\u00e7\u00e3o para verificar o problema de ventila\u00e7\u00e3o, verifique se a ferramenta funciona automaticamente, aumente a press\u00e3o de reten\u00e7\u00e3o passo a passo at\u00e9 obter boas amostras, registre o peso da pe\u00e7a e o peso do canal.<\/li>\n<li>Verifique se h\u00e1 uma ampla janela de processamento de inje\u00e7\u00e3o para ver se \u00e9 f\u00e1cil moldar pe\u00e7as, registre o par\u00e2metro de teste do molde.<\/li>\n<li>Registre o problema da pe\u00e7a, o problema do molde, fa\u00e7a um v\u00eddeo de teste etc.<\/li>\n<\/ul>\n<p><strong>Ap\u00f3s o teste do molde de pl\u00e1stico (durante o ajuste do molde).<\/strong><\/p>\n<ul>\n<li>Enviar problema de pe\u00e7a do cliente, relat\u00f3rio de problema de molde, v\u00eddeo de teste de molde, amostras, relat\u00f3rio de medi\u00e7\u00e3o, par\u00e2metro de teste de molde.<\/li>\n<li>Fornecer solu\u00e7\u00f5es para problemas de moldes e pe\u00e7as e obter a aprova\u00e7\u00e3o do cliente para resolver os problemas at\u00e9 que eles sejam completamente solucionados.<\/li>\n<\/ul>\n<p><strong>Molde aprovado pelo cliente<\/strong><\/p>\n<ul>\n<li>Fa\u00e7a o teste final do molde e execute o molde por 3 horas com ou sem pl\u00e1stico para verificar a fun\u00e7\u00e3o do molde. Ap\u00f3s 3 horas de execu\u00e7\u00e3o e desmontagem do molde para verificar todos os detalhes, se houver algum ponto apertado ou qualquer marca de queimadura em potencial no molde, verifique o molde um a um com a lista de verifica\u00e7\u00e3o, se o cliente tiver essa lista, seguiremos a lista do cliente; caso contr\u00e1rio, use nossa lista de verifica\u00e7\u00e3o.<\/li>\n<li>Pulverize graxa resistente \u00e0 ferrugem, pinte a parte externa do molde com tinta verde depois de limpar o molde e embale-o com filme e, em seguida, coloque-o em uma caixa de madeira tratada e envie o molde por via a\u00e9rea.<\/li>\n<\/ul>\n<h3><strong>Obtenha uma cota\u00e7\u00e3o agora por\u00a0<a href=\"mailto:sales@hao-mold\">sales@hao-mold.com<\/a> para seus moldes e pe\u00e7as de pl\u00e1stico<\/strong><\/h3>","protected":false},"excerpt":{"rendered":"<p>Our Advantages To make your molds fast and save time we have sufficient machines for making plastic mold, 20 sets of EDM machines, two of them with two heads, more than 15 sets of CNC machines, This will never put your molds at side for rest no matter how busy we are, you may think [&hellip;]<\/p>","protected":false},"author":1,"featured_media":0,"parent":0,"menu_order":0,"comment_status":"closed","ping_status":"open","template":"","meta":{"_et_pb_use_builder":"","_et_pb_old_content":"","_et_gb_content_width":"","footnotes":""},"class_list":["post-963","page","type-page","status-publish","hentry"],"_links":{"self":[{"href":"https:\/\/www.molds-china.com\/pt\/wp-json\/wp\/v2\/pages\/963","targetHints":{"allow":["GET"]}}],"collection":[{"href":"https:\/\/www.molds-china.com\/pt\/wp-json\/wp\/v2\/pages"}],"about":[{"href":"https:\/\/www.molds-china.com\/pt\/wp-json\/wp\/v2\/types\/page"}],"author":[{"embeddable":true,"href":"https:\/\/www.molds-china.com\/pt\/wp-json\/wp\/v2\/users\/1"}],"replies":[{"embeddable":true,"href":"https:\/\/www.molds-china.com\/pt\/wp-json\/wp\/v2\/comments?post=963"}],"version-history":[{"count":0,"href":"https:\/\/www.molds-china.com\/pt\/wp-json\/wp\/v2\/pages\/963\/revisions"}],"wp:attachment":[{"href":"https:\/\/www.molds-china.com\/pt\/wp-json\/wp\/v2\/media?parent=963"}],"curies":[{"name":"wp","href":"https:\/\/api.w.org\/{rel}","templated":true}]}}