{"id":12,"date":"2014-08-03T15:15:29","date_gmt":"2014-08-03T07:15:29","guid":{"rendered":"http:\/\/hyx-mold.com\/?page_id=12"},"modified":"2021-09-13T14:20:17","modified_gmt":"2021-09-13T06:20:17","slug":"formverktyg-for-plastinsprutning","status":"publish","type":"page","link":"https:\/\/www.molds-china.com\/sv\/formverktyg-for-plastinsprutning\/","title":{"rendered":"Om oss"},"content":{"rendered":"<h1>Formsprutning av plast &amp;\u00a0<a href=\"https:\/\/www.molds-china.com\/sv\/\"><strong>Formsprutning Kina<\/strong><\/a> tillverkningsf\u00f6retag<\/h1>\n<p><strong>Vi \u00e4r en professionell tillverkare av plastinsprutningsformar och <em>formsprutning kina<\/em> f\u00f6retag som erbjuder tj\u00e4nster inom<span style=\"color: #000000;\"> <span style=\"color: #000000;\">plastform <\/span><\/span>och formsprutning, \u00e4r en av de st\u00f6rsta tillverkarna av\u00a0 <span style=\"color: #000000;\"><span style=\"color: #000000;\">Kina m\u00f6gel<\/span><\/span> tillverkare<\/strong>Hao Yuan Xing Mold Co.ltd, som grundades 2015, har vuxit till en fullservice <strong>Formsprutningsverktyg f\u00f6r plast<\/strong> och <strong>formsprutningsprodukter i Kina<\/strong>. Som professionell <strong>Tillverkare av plastformar i Kina<\/strong>, Tillhandah\u00e5ller tj\u00e4nster till ett brett spektrum av branscher, inklusive flyg- och rymdindustrin, vitvaru-, elektronik-, marin-, kontorsm\u00f6bel-, sportartikel-, varu- och v\u00e4xlingsindustrin.<\/p>\n<p>Dongguan Olayer Technology Co.ltd (var Hao Yuan Xing Mold &amp; Mfg). Har 2 fabriker bel\u00e4gna i Kina, en i Huangyan City och en i Dong Guan City, 18.000 kvm. tillverkningsanl\u00e4ggning inneh\u00e5ller <a href=\"https:\/\/www.molds-china.com\/sv\/\"><strong>plastform<\/strong><\/a> Produktion och <strong>service f\u00f6r formsprutning av plast<\/strong>, kvalitetss\u00e4kring, frakt och lagerh\u00e5llning,<\/p>\n<p>V\u00e5ra anl\u00e4ggningar \u00e4r sammankopplade med ett h\u00f6ghastighetsn\u00e4t, vi introducerade medelavancerad m\u00f6gelprocessutrustning och dator CAD \/ CAM \/ CAE-system, CNC-bearbetningscenter, m\u00e4tsenter, elektrisk impuls och liner-sk\u00e4rutrustning. Det finns erfarna CAD-tekniker som tj\u00e4nstg\u00f6r i f\u00f6retaget. De <strong>formar<\/strong> exporteras till Amerika, Kanada, Sverige och andra europeiska och amerikanska l\u00e4nder och regioner.<\/p>\n<div id=\"attachment_1168\" style=\"width: 310px\" class=\"wp-caption alignright\"><img loading=\"lazy\" decoding=\"async\" aria-describedby=\"caption-attachment-1168\" class=\"size-medium wp-image-1168\" src=\"https:\/\/www.molds-china.com\/wp-content\/uploads\/2017\/07\/IMG_2245-300x200.jpg\" alt=\"Formar av plast\" width=\"300\" height=\"200\" title=\"\" srcset=\"https:\/\/www.molds-china.com\/wp-content\/uploads\/2017\/07\/IMG_2245-300x200.jpg 300w, https:\/\/www.molds-china.com\/wp-content\/uploads\/2017\/07\/IMG_2245-768x512.jpg 768w, https:\/\/www.molds-china.com\/wp-content\/uploads\/2017\/07\/IMG_2245.jpg 900w\" sizes=\"(max-width: 300px) 100vw, 300px\" \/><p id=\"caption-attachment-1168\" class=\"wp-caption-text\"><a href=\"https:\/\/www.molds-china.com\/sv\/\">plastformar<\/a><\/p><\/div>\n<p>Vi etablerade en utlandsmarknad 2005. Och s\u00e4ljteamet har gjort det m\u00f6jligt f\u00f6r oss att ut\u00f6ka v\u00e5r kapacitet och stimulera innovationer i v\u00e5r <strong>gjutformar f\u00f6r plast<\/strong> och <strong>plastdelar fr\u00e5n kina<\/strong> produktlinjer.<\/p>\n<p>F\u00f6r oss \u00e4r kvalitet, leveranstid, rimligt pris och precision det viktigaste !!!<\/p>\n<p>Vi inbjuder dig varmt att bes\u00f6ka v\u00e5r fabrik p\u00e5 plats och testa oss och se varf\u00f6r vi \u00e4r din b\u00e4st l\u00e4mpade partner, genom att best\u00e4lla n\u00e5gra <strong>Formsprutningsverktyg<\/strong> och <strong>plastprodukter<\/strong>.<\/p>\n<p>Vid <strong>Olayer<\/strong>omdefinierar vi standarderna f\u00f6r specifikation, design och tillverkning av <strong>formsprutningsverktyg f\u00f6r precision<\/strong> och <a href=\"https:\/\/www.molds-china.com\/sv\/formverktyg-for-plastinsprutning\/\"><strong>formsprutade plastdelar<\/strong><\/a>. Vi str\u00e4var st\u00e4ndigt efter att korta ledtiderna, f\u00f6rb\u00e4ttra prestandan och hj\u00e4lpa v\u00e5ra kunder att minska den totala kostnaden f\u00f6r produktutveckling.<\/p>\n<p>Fr\u00e5n den datorst\u00f6dda design- och tillverkningsteknik vi anv\u00e4nder till v\u00e5ra h\u00f6gkvalitativa efterbehandlingstekniker, <strong>Olayer levererar det b\u00e4sta v\u00e4rdet i h\u00f6gkvalitativa <a href=\"https:\/\/www.molds-china.com\/sv\/\">anpassade formsprutningsverktyg<\/a> och anpassad formsprutning av plast<\/strong>.<\/p>\n<p>\u00c5r 1999 b\u00f6rjade Olayer Mold att bygga <em><strong>formsprutningsform f\u00f6r plast<\/strong><\/em> och g\u00f6r <strong>gjutning injektion<\/strong> f\u00f6r plastindustrin.  \u00c5r 2005 flyttade Olayer Mold fr\u00e5n en liten byggnad till sin nybyggda 6.000 kvm stora anl\u00e4ggning i Dongguan, Kina, och 2009 startade nya <strong>plastformsf\u00f6retag<\/strong> i HuanYan, Zhejiang i Kina.<\/p>\n<p>Under \u00e5rens lopp har Olayer Mold blivit topp 10 <strong>tillverkare av plastformar i Kina<\/strong> f\u00f6retag.<\/p>\n<p>Under 2007 ut\u00f6kade Olayer Mold sin aff\u00e4rsmodell genom att k\u00f6pa flera stora maskiner f\u00f6r tillverkning av gjutformar.  Denna expansion av v\u00e5r verksamhet ger oss kapacitet att tillverka mer <strong>plastformar<\/strong> f\u00f6r kundens behov.<\/p>\n<p>Om du beh\u00f6ver n\u00e5gon h\u00f6gkvalitativ <a href=\"https:\/\/www.molds-china.com\/sv\/formsprutningsform-for-plast\/\"><em><strong>formsprutningsform f\u00f6r plast<\/strong><\/em><\/a> och <strong>service f\u00f6r formsprutning av plast<\/strong>\u00a0fr\u00e5n en <strong><em>Formsprutning Kina<\/em><\/strong> F\u00f6retag f\u00f6r din produktutveckling? Beh\u00f6ver snabb leverans, konkurrenskraftigt pris, vi kommer att vara en av dina b\u00e4sta partners f\u00f6r att hj\u00e4lpa ditt f\u00f6retag mer framg\u00e5ngsrikt. Skicka oss ditt krav, vi kommer att citera dig om tv\u00e5 arbetsdagar.<\/p>\n\n\n<p><\/p>","protected":false},"excerpt":{"rendered":"<p>Plastic Injection Mould &amp;\u00a0Injection\u00a0molding China manufacturing Company We are a professional plastic injection mould and injection molding china company that services in plastic mold and injection molding manufacturing, is one of\u00a0 China mold manufacturer, established in 2015, Hao Yuan Xing Mold Co.ltd has grown to a full-service Plastic Injection Mould and injection moulding products in [&hellip;]<\/p>","protected":false},"author":1,"featured_media":0,"parent":0,"menu_order":0,"comment_status":"open","ping_status":"open","template":"","meta":{"_et_pb_use_builder":"","_et_pb_old_content":"","_et_gb_content_width":"","footnotes":""},"class_list":["post-12","page","type-page","status-publish","hentry"],"_links":{"self":[{"href":"https:\/\/www.molds-china.com\/sv\/wp-json\/wp\/v2\/pages\/12","targetHints":{"allow":["GET"]}}],"collection":[{"href":"https:\/\/www.molds-china.com\/sv\/wp-json\/wp\/v2\/pages"}],"about":[{"href":"https:\/\/www.molds-china.com\/sv\/wp-json\/wp\/v2\/types\/page"}],"author":[{"embeddable":true,"href":"https:\/\/www.molds-china.com\/sv\/wp-json\/wp\/v2\/users\/1"}],"replies":[{"embeddable":true,"href":"https:\/\/www.molds-china.com\/sv\/wp-json\/wp\/v2\/comments?post=12"}],"version-history":[{"count":0,"href":"https:\/\/www.molds-china.com\/sv\/wp-json\/wp\/v2\/pages\/12\/revisions"}],"wp:attachment":[{"href":"https:\/\/www.molds-china.com\/sv\/wp-json\/wp\/v2\/media?parent=12"}],"curies":[{"name":"wp","href":"https:\/\/api.w.org\/{rel}","templated":true}]}}