{"id":4,"date":"2014-08-02T17:16:35","date_gmt":"2014-08-02T09:16:35","guid":{"rendered":"http:\/\/hyx-mold.com\/?page_id=4"},"modified":"2022-03-06T16:06:39","modified_gmt":"2022-03-06T08:06:39","slug":"home","status":"publish","type":"page","link":"https:\/\/www.molds-china.com\/sv\/","title":{"rendered":"Hem"},"content":{"rendered":"<h1 class=\"wp-block-heading\"><strong>Formtillverkare i Kina<\/strong>&#8211;<strong>Anpassad formsprutning<\/strong><\/h1>\n\n\n\n<p>Att v\u00e4lja <strong>tillverkare av m\u00f6gel i Kina<\/strong> f\u00f6r att \u00f6ka din aff\u00e4rsmarknad kommer att vara det b\u00e4sta alternativet.<\/p>\n\n\n\n<p>Formsprutningsformar av plast \u00e4r viktiga f\u00f6r att producera formsprutade delar som anv\u00e4nds f\u00f6r vissa f\u00f6retag runt om i v\u00e4rlden. Aff\u00e4rsm\u00e4n f\u00f6rlitar sig p\u00e5 dessa f\u00f6r sin dagliga produktion av plastprodukter som l\u00e5dform, hush\u00e5llsplastform, paketformar, hush\u00e5llsapparater, fordonsformar och liknande.<\/p>\n\n\n\n<p>Plastartiklar \u00e4r vanliga \u00f6ver hela v\u00e4rlden och m\u00e4nniskor tycker om att anv\u00e4nda dem. Det finns flera <strong>tillverkare av gjutformar<\/strong> som du kan komma i kontakt med i de flesta delar av v\u00e4rlden inklusive Kina. Du kan s\u00f6ka igenom webbplatsen och hitta massor av dem p\u00e5 flera <strong>Kina tillverkare av plastinsprutningsformar<\/strong> p\u00e5 Google<\/p>\n\n\n\n<div class=\"wp-block-image\"><figure class=\"alignleft is-resized\"><img loading=\"lazy\" decoding=\"async\" src=\"https:\/\/www.molds-china.com\/wp-content\/uploads\/2019\/08\/China-Mold-Company.jpg\" alt=\"Kina m\u00f6gelf\u00f6retag\" class=\"wp-image-22489\" width=\"283\" height=\"167\" title=\"\" srcset=\"https:\/\/www.molds-china.com\/wp-content\/uploads\/2019\/08\/China-Mold-Company.jpg 424w, https:\/\/www.molds-china.com\/wp-content\/uploads\/2019\/08\/China-Mold-Company-300x177.jpg 300w\" sizes=\"(max-width: 283px) 100vw, 283px\" \/><figcaption>Kina m\u00f6gelf\u00f6retag<\/figcaption><\/figure><\/div>\n\n\n\n<p>Kina \u00e4r en av de st\u00f6rsta ekonomierna i v\u00e4rlden. N\u00e4r det g\u00e4ller dess bruttonationalprodukt (BNP) har den 10 088 per capita (nominell) ($) 2018. Om du startar ett nytt projekt som involverar kundanpassade <a href=\"https:\/\/www.molds-china.com\/sv\/formsprutningsform-for-plast\/\" target=\"_blank\" rel=\"noreferrer noopener\"><strong><em>plast Injektionsform<\/em><\/strong><\/a> eller specialgjutna delar kan du v\u00e4nda dig till v\u00e4rldens ledande ekonomi idag, och det betyder <strong>Kina M\u00f6gel. <\/strong>Tv\u00e5a efter Amerikas f\u00f6renta stater.<\/p>\n\n\n\n<p>Stora aff\u00e4rsm\u00e4n b\u00f6rjar med att hitta bra <strong>Formsprutningsf\u00f6retag i Kina<\/strong> f\u00f6r sina m\u00f6gelprodukter. Det finns f\u00f6rdelar och nackdelar med att starta ett f\u00f6retag, och du m\u00e5ste se till att allt \u00e4r i sin ordning f\u00f6r att ditt f\u00f6retag ska fungera. En av dessa \u00e4r att v\u00e4lja r\u00e4tt produkter och r\u00e4tt <strong>Kina m\u00f6geltillverkning f\u00f6retag<\/strong> som leverant\u00f6r.<\/p>\n\n\n\n<p>F\u00f6rest\u00e4ll dig hur sv\u00e5rt det \u00e4r att starta ett f\u00f6retag och att beh\u00f6va hitta r\u00e4tt Kina anpassad tillverkare av plastinsprutningsgjutning i ett hav av val kan ibland vara s\u00e5 frustrerande. Du kan begr\u00e4nsa din s\u00f6kning och ha en explosion.<\/p>\n\n\n\n<p>Att starta ett f\u00f6retag b\u00f6r vara smidigt seglande och roligt p\u00e5 samma g\u00e5ng. Du kan ta dig tid att v\u00e4lja det b\u00e4sta f\u00f6r dina f\u00f6retag och senare njuta av dess fruktbara resultat.<\/p>\n\n\n\n<h2 class=\"wp-block-heading\">Kina tillverkare av plastinsprutningsformar<\/h2>\n\n\n\n<p>L\u00e5t oss nu ta en titt p\u00e5 Kinas vidstr\u00e4ckta yta.<\/p>\n\n\n\n<p>Kina \u00e4r inte bara ett av v\u00e4rldens st\u00f6rsta tillverkningsl\u00e4nder, det \u00e4r ocks\u00e5 ett av v\u00e4rldens st\u00f6rsta l\u00e4nder. Det \u00e4r det n\u00e4st st\u00f6rsta landet i Asien och hade en befolkning p\u00e5 1,379 miljarder \u00e5r 2016. Det finns m\u00e5nga <strong><em>Formtillverkare i Kina<\/em><\/strong> som du kan se p\u00e5 internet.<\/p>\n\n\n\n<p>Vissa av dem har bra recensioner och har varit etablerade i flera \u00e5r, och vissa av dem har precis b\u00f6rjat har inte tillr\u00e4ckligt mycket f\u00e4rdigheter f\u00f6r att konkurrera med v\u00e4rldens st\u00f6rsta marknadsf\u00f6ringsstrategier. S\u00e5, hur hittar du en bra <strong>Kina plast m\u00f6gel fabrik<\/strong>? H\u00e4r \u00e4r n\u00e5gra f\u00f6rslag som kan hj\u00e4lpa dig att hitta l\u00e4mpliga partners och <strong>Kina tillverkare av plastinsprutningsformar<\/strong>.<\/p>\n\n\n\n<h3 class=\"wp-block-heading\"><strong>Hur man hittar en bra tillverkare av formsprutningsformar i Kina<\/strong>?<\/h3>\n\n\n\n<p>F\u00f6rst och fr\u00e4mst m\u00e5ste du ta h\u00e4nsyn till tillg\u00e4ngligheten av <strong>Tillverkare av formsprutningsformar i Kina<\/strong>. Svarar han\/hon direkt n\u00e4r du kontaktar honom\/henne f\u00f6r n\u00e5gra f\u00f6rfr\u00e5gningar?<\/p>\n\n\n\n<p>Till exempel, n\u00e4r du vill veta mer om deras produkter och de korrekta uppskattningarna av de saker som du funderar p\u00e5 att k\u00f6pa, \u00e4r de alltid redo att ringa tillbaka eller ge ett snabbt svar via e-post?<\/p>\n\n\n\n<p>S\u00e5 det f\u00f6rsta f\u00f6rslaget b\u00f6r vara att leta efter en <strong>Tillverkare av formsprutningsformar i Kina<\/strong> som alltid \u00e4r tillg\u00e4nglig, kundserviceinriktad och alltid villig att hj\u00e4lpa dig med dina val, eftersom du vet att du kommer att arbeta med en <em>Kina plastgjutningsf\u00f6retag<\/em> fr\u00e5n tusentals mil bort fr\u00e5n ditt land, \u00e4r snabb respons mycket hj\u00e4lpsam f\u00f6r att h\u00e5lla arbetet uppdaterat i r\u00e4tt tid.<\/p>\n\n\n\n<p>Det andra f\u00f6rslaget \u00e4r att du m\u00e5ste leta efter en tillverkare av plastinsprutningsgjutning i Kina som erbjuder ett brett utbud av kvalitetsinsprutningsformar \/ gjutna produkter och till en rimlig kostnad. Ta ocks\u00e5 h\u00e4nsyn till om deras produkter erbjuds f\u00f6r att m\u00f6ta behoven hos dina spirande aff\u00e4rssatsningar.<\/p>\n\n\n\n<p>Det tredje f\u00f6rslaget \u00e4r att se till att den utrustning som anv\u00e4nds vid bearbetning av dessa <strong>Injektion<\/strong> <strong>plastformar <\/strong>\u00e4r toppmoderna f\u00f6r att producera l\u00e5ngvariga och h\u00e5llbara resultat, se aldrig bara priset, priset \u00e4r f\u00f6r l\u00e5gt d\u00e5 de formar du har kanske inte kan springa bra n\u00e4r du tar <strong>Kina formsprutningsform<\/strong> tillbaka till din fabrik, som du vet oavsett hur l\u00e5gt deras pris \u00e4r, beh\u00f6ver de fortfarande vinster, rimligt pris, god kvalitet och bra service \u00e4r alltid det b\u00e4sta valet f\u00f6r dig, h\u00e5ll denna punkt i \u00e5tanke kan vara s\u00e4kerhetsb\u00e4lte under din aff\u00e4rsresa.<\/p>\n\n\n\n<div class=\"wp-block-image\"><figure class=\"alignright size-large\"><a href=\"https:\/\/www.molds-china.com\/wp-content\/uploads\/2021\/05\/Injection-molding-china.jpg\"><img loading=\"lazy\" decoding=\"async\" width=\"400\" height=\"300\" src=\"https:\/\/www.molds-china.com\/wp-content\/uploads\/2021\/05\/Injection-molding-china.jpg\" alt=\"Formsprutning Kina\" class=\"wp-image-22622\" title=\"\" srcset=\"https:\/\/www.molds-china.com\/wp-content\/uploads\/2021\/05\/Injection-molding-china.jpg 400w, https:\/\/www.molds-china.com\/wp-content\/uploads\/2021\/05\/Injection-molding-china-300x225.jpg 300w\" sizes=\"(max-width: 400px) 100vw, 400px\" \/><\/a><figcaption>Formsprutning Kina<\/figcaption><\/figure><\/div>\n\n\n\n<p>Slutligen kan du beh\u00f6va ta en titt p\u00e5 <strong>Kina tillverkare av formsprutningsformar<\/strong> i scenen, f\u00f6r att ta en titt p\u00e5 anpassade plastformar som de har gjort tidigare och f\u00f6r n\u00e4rvarande, kommer detta att vara ett enkelt s\u00e4tt att kontrollera deras kvalitet och kapacitet om de kan uppfylla dina krav. N\u00e4r du \u00e4r n\u00f6jd med allt kan du v\u00e4lja den som din <strong>Kina Formsprutningsverktyg<\/strong> och gjutformsleverant\u00f6r.<\/p>\n\n\n\n<p>Att v\u00e4lja l\u00e4mplig <strong>Kina tillverkare av plastinsprutningsformar<\/strong> \u00e4r inte l\u00e4tt, om du vill hitta den r\u00e4tta <strong>formsprutning av plast kina<\/strong> f\u00f6retaget kommer att vara \u00e4nnu sv\u00e5rare \u00e4n att hitta en lokal formleverant\u00f6r och tillverkare av plastdelar, eftersom kommunikationen \u00e4r en grundl\u00e4ggande fr\u00e5ga, att hitta en engelsktalande \u00e4r inte s\u00e5 sv\u00e5rt, men hitta expertens tekniska bakgrund med god engelskkunskap, det \u00e4r inte l\u00e4tt att hitta.<\/p>\n\n\n\n<p>G\u00f6r dina formsprutningsformar av god kvalitet eller formsprutningsprodukter, du m\u00e5ste hitta A <strong>Kina plast m\u00f6gel fabrik<\/strong> som \u00e4r professionell inom b\u00e5de kommunikation och teknik, bara bra engelska men d\u00e5lig teknisk kommer att vara sv\u00e5r att kommunicera, eller till och med g\u00e5 till fel sida, om du vill g\u00f6ra ditt f\u00f6retag framg\u00e5ngsrikt med ett kinesiskt gjutf\u00f6retag, kommer dessa punkter att vara en s\u00e4kerhet f\u00f6r att lyckas med ditt projekt, du m\u00e5ste ta mycket noggrant utvalda f\u00f6r en kinesisk plastinsprutningsform \/ formtillverkare, n\u00e4r du hittar r\u00e4tt partner \u00e4r varje h\u00e5rt arbete v\u00e4rt.<\/p>\n\n\n\n<p>Om du letar efter <strong>tillverkare av m\u00f6gel i Kina<\/strong>? Vi \u00e4r ett av dina b\u00e4sta alternativ f\u00f6r din referens; du kan ta oss in i din databas och analysera senare, v\u00e5r f\u00f6rs\u00e4ljning har mer \u00e4n 6 \u00e5rs teknisk skicklighet, de arbetade fr\u00e5n m\u00f6geltillverkare, m\u00f6gelkonstruktion, projektledning och f\u00f6rs\u00e4ljning, s\u00e5 v\u00e5r s\u00e4ljare \u00e4r kvalificerad att lyckas med ditt f\u00f6retag snabbt och smidigt. du kan kontakta oss via e-post.<\/p>\n\n\n\n<h3 class=\"wp-block-heading\"><strong>F\u00f6r att arbeta med oss finns det n\u00e5gra f\u00f6rdelar som du kommer att njuta av<\/strong><\/h3>\n\n\n\n<ul class=\"wp-block-list\"><li>Mycket prisv\u00e4rda produkter erh\u00e5lls, garanterad kundn\u00f6jdhet, alla problem kommer att l\u00f6sas helt av v\u00e5rt expertteam.<\/li><li>Flytande engelsk kommunikation med 18 \u00e5rs teknisk erfarenhet av formtillverkning och gjutningsproduktion.<\/li><li>One-stop-service inom design av delar, formdesign, formtillverkning, massiv produktion, m\u00e5lning, silkessk\u00e4rm, pl\u00e4tering, montering och leverans direkt till din sida.<\/li><li>Snabb ledtid, 15 dagar f\u00f6r sm\u00e5 delar.<\/li><li>S\u00e5 l\u00e5g kostnad som <strong>$ 650<\/strong> f\u00f6r <strong>anpassad tillverkning av formar<\/strong> f\u00f6r att spara din initiala investering.<\/li><\/ul>\n\n\n\n<p>V\u00e4lkommen att testa oss och ring oss f\u00f6r att prata, vi kan vara din b\u00e4sta partner i den anpassade plastformen och plastformsprutningstj\u00e4nsten.<\/p>\n\n\n\n<h3 class=\"wp-block-heading\"><strong>Hur man arbetar med en tillverkare av plastinsprutningsformar i Kina &amp; Company<\/strong>?<\/h3>\n\n\n\n<p>N\u00e4r du \u00e4r klar med det andra steget m\u00e5ste du v\u00e4lja det som kommer att fungera, f\u00f6r att b\u00f6rja, f\u00f6r att kunna ha en harmonisk relation med en ny<strong> Tillverkare av formsprutning av plast i Kina<\/strong>. De f\u00f6rsta sakerna att t\u00e4nka p\u00e5 \u00e4r betalningsvillkoren. Att betala i tid enligt \u00f6verenskommelse g\u00f6r att verksamheten g\u00e5r smidigt och enkelt.<\/p>\n\n\n\n<p>Det b\u00f6r finnas ett avtal som anger betalningsvillkoren, ditt ansvar och deras ansvar. Det \u00e4r som att m\u00f6ta dina leverant\u00f6rer halvv\u00e4gs. Observera ocks\u00e5 att om dina leverant\u00f6rer vanligtvis ocks\u00e5 har andra kunder att hantera, s\u00e5 kan det finnas tillf\u00e4llen d\u00e5 vissa saker inte kommer att hanteras direkt.<\/p>\n\n\n\n<p>F\u00f6r det andra, f\u00f6r att se till att din <strong>tillverkning av plastformar<\/strong> \u00e4r p\u00e5 schemat, f\u00f6r att fr\u00e5ga din <em>Kina m\u00f6gel <\/em>leverant\u00f6r f\u00f6r att g\u00f6ra tidsplan f\u00f6r tillverkning av m\u00f6gel och blyschema f\u00f6r m\u00f6gelf\u00f6rs\u00f6k, be dem skicka dig veckorapport med tillverkningsbilder varje vecka, detta kan vara ett s\u00e4krare s\u00e4tt att h\u00e5lla tidslinjen, n\u00e4r n\u00e5gon fr\u00e5ga h\u00e4nde kunde du ta reda p\u00e5 det fr\u00e5n <strong>tillverkning av gjutformar<\/strong> bilder, eftersom du inte kan h\u00e5lla ett \u00f6ga p\u00e5 dem varje dag eftersom du befinner dig tusentals mil bort.<\/p>\n\n\n\n<p>L\u00e4s mer om marknadsplatsen och samordna med <strong>Kina plast m\u00f6gel fabrik<\/strong>, n\u00e4r du har fr\u00e5gor och f\u00f6rtydliganden om deras produkter eller tj\u00e4nster. Detta \u00e4r n\u00e5gra av s\u00e4tten att skapa en b\u00e4ttre f\u00f6rst\u00e5else och se till att er arbetsrelation fungerar smidigt och framg\u00e5ngsrikt.<\/p>\n\n\n\n<p>Vi \u00e4r redo att h\u00f6ra av oss f\u00f6r att svara p\u00e5 din f\u00f6rfr\u00e5gan, kontakta oss nu via e-post <a href=\"mailto:sales@molds-china.com\" rel=\"noreferrer noopener\" target=\"_blank\">sales@molds-china.com<\/a><\/p>\n\n\n\n<div class=\"wp-block-image\"><figure class=\"alignleft size-large\"><a href=\"https:\/\/www.molds-china.com\/wp-content\/uploads\/2021\/05\/mold-manufacturer-China.jpg\"><img loading=\"lazy\" decoding=\"async\" width=\"400\" height=\"300\" src=\"https:\/\/www.molds-china.com\/wp-content\/uploads\/2021\/05\/mold-manufacturer-China.jpg\" alt=\"Formtillverkare i Kina\" class=\"wp-image-22623\" title=\"\" srcset=\"https:\/\/www.molds-china.com\/wp-content\/uploads\/2021\/05\/mold-manufacturer-China.jpg 400w, https:\/\/www.molds-china.com\/wp-content\/uploads\/2021\/05\/mold-manufacturer-China-300x225.jpg 300w\" sizes=\"(max-width: 400px) 100vw, 400px\" \/><\/a><figcaption>Formtillverkare i Kina<\/figcaption><\/figure><\/div>\n\n\n\n<h3 class=\"wp-block-heading\">Vi erbjuder dig h\u00f6g kvalitet med konkurrenskraftigt pris f\u00f6r anpassad plastinsprutningsformning och gjutning<\/h3>\n\n\n\n<p>Konsumenterna tvivlar p\u00e5 att f\u00e5 de mest avancerade formsprutningsformarna. Dessa kr\u00e4vs f\u00f6r att f\u00f6lja deras projektspecifikationer.<\/p>\n\n\n\n<p>Dongguan Olayer Technology Co.ltd (HAO YUAN XING Mold Co., Ltd bytte namn Sincere Oct, 2020) \u00e4r betrodd att uppfylla de mest utmanande specifikationerna f\u00f6r kundernas projekt. Den Olayer <strong>Kina injektionsform fabrik<\/strong> erbjuder ocks\u00e5 kundservice av h\u00f6g kvalitet tillsammans med det pris som \u00e4r konkurrenskraftigt och \u00f6verkomligt.<\/p>\n\n\n\n<p><strong>F\u00f6rdelarna med att f\u00e5 fr\u00e5n att f\u00f6rlita sig p\u00e5 f\u00f6retaget \u00e4r f\u00f6ljande:<\/strong><\/p>\n\n\n\n<ul class=\"wp-block-list\"><li>Kvaliteten p\u00e5 v\u00e5ra plastformar \/ formdelar \u00e4r mycket prisv\u00e4rda och effektiva i marknadsf\u00f6ringsindustrin.<\/li><li>Kunderna garanteras fullst\u00e4ndig tillfredsst\u00e4llelse tack vare personalens oj\u00e4mf\u00f6rliga expertis.<\/li><li>De flesta bekymmer l\u00e4mnas till personalen eftersom jobben hanteras p\u00e5 bara en kort tid.<\/li><li>Kundernas speciella krav uppfylls f\u00f6r tillverkningsniv\u00e5erna.<\/li><li>Den mest avancerade plastformningsprocessen introduceras ytterligare. Delkonstruktionen analyseras f\u00f6rst med DFM-rapporten.<\/li><li>formen kommer att vara 100% uppfyller kundernas kvalitetsspecifikation.<\/li><li>Alla kostnader f\u00f6r nya formsprutningsformar, modifieringar kommer att vara rimliga. Vi t\u00e4nker helt och h\u00e5llet p\u00e5 kundens sida.<\/li><li>ISO9001-certifikat om det godk\u00e4nns.<\/li><\/ul>\n\n\n\n<h4 class=\"wp-block-heading\">F\u00f6rdelar med v\u00e5r plastinsprutningsform \/ formningstj\u00e4nst.<\/h4>\n\n\n\n<ul class=\"wp-block-list\"><li>Medarbetarna var v\u00e4lutbildade f\u00f6r att kunna tillhandah\u00e5lla tj\u00e4nster av h\u00f6gsta kvalitet f\u00f6r projektet.<\/li><li>Formsprutningsverktygsingenj\u00f6ren, designingenj\u00f6ren, leverans- och formtillverkningsprocesschefen kombinerar sina f\u00e4rdigheter f\u00f6r att m\u00f6ta kundernas garanterade tillfredsst\u00e4llelse<\/li><li>F\u00f6retaget uppfyller kundernas krav, till exempel genom att optimera formar och spara tid och kostnader f\u00f6re massiv produktion<\/li><li>Effektiva ledningstekniker anv\u00e4nds f\u00f6r att skapa framg\u00e5ngsrika projekt f\u00f6r kunderna<\/li><li>Problemen med gjutformen analyseras och f\u00f6rb\u00e4ttras f\u00f6r att uppfylla kundernas specifikationer och krav, 100%-garanti.<\/li><li>Problemen klassificeras f\u00f6r att l\u00f6sningen ska kunna presenteras.<\/li><li>Den b\u00e4sta l\u00f6sningen f\u00f6resl\u00e5s i vissa fr\u00e5gor f\u00f6r att minska formkostnaden och den massiva produktionskostnaden.<\/li><\/ul>\n\n\n\n<p>Olayer \u00e4r betrodd som en organisation som uppr\u00e4tth\u00e5ller sina tillverkningsstandarder. Det presenterar sitt effektiva system som \u00e4r en del av ett tillv\u00e4gag\u00e5ngss\u00e4tt f\u00f6r design, bearbetning och leverans!<\/p>\n\n\n\n<p>Kontakta oss eller skicka ett e-postmeddelande till <a href=\"mailto:sales@molds-china.com\" rel=\"noreferrer noopener\" target=\"_blank\">sales@molds-china.com<\/a> f\u00f6r att f\u00e5 en offert f\u00f6r dina behov p\u00e5 <strong>tillverkning av anpassade plastformar och anpassade formsprutningstj\u00e4nster<\/strong><\/p>\n\n\n\n<p>Om du letar efter en <strong>tillverkare av m\u00f6gel i Kina<\/strong> d\u00e5 har du kommit till r\u00e4tt st\u00e4lle. V\u00e5rt f\u00f6retag \u00e4r ett professionellt <a href=\"https:\/\/www.molds-china.com\/sv\/\" target=\"_blank\" rel=\"noreferrer noopener\"><strong>Kina tillverkare av m\u00f6gel<\/strong><\/a> att producera h\u00f6gkvalitativa, utvecklade formsprutningsverktyg och gjutna delar till ett billigt pris.<\/p>\n\n\n\n<p>Har \u00f6ver 16 \u00e5rs erfarenhet i denna region som tillverkar fordonsformar, hush\u00e5llsapparater etc. Vi \u00e4r din l\u00e4mpliga <strong>Kina m\u00f6geltillverkning f\u00f6retag<\/strong> erbjuder dig det b\u00e4sta priset med h\u00f6gkvalitativa formsprutningsverktyg och plastgjutningstj\u00e4nster i regionen (j\u00e4mf\u00f6r med samma klassformsleverant\u00f6r). Vi levererar<em> formar &amp; formsprutade plastdetaljer <\/em>till f\u00f6retag \u00f6ver hela v\u00e4rlden.<\/p>\n\n\n\n<p>\u00c4r ditt projekt redo att g\u00f6ra plastinsprutningsformar och gjutdelar? Kontakta oss nu f\u00f6r att f\u00e5 en offert inom 24 timmar.<\/p>","protected":false},"excerpt":{"rendered":"<p>Mold Manufacturers In China&#8211;Custom Injection Molding Choosing mold manufacturers in China to increase your business market will be the best option. Plastic Injection molds are essential in producing injection moulded parts used for some businesses around the world. Businessmen are relying on these for their day to day production of plastics products such as crate [&hellip;]<\/p>","protected":false},"author":1,"featured_media":0,"parent":0,"menu_order":0,"comment_status":"open","ping_status":"open","template":"","meta":{"_et_pb_use_builder":"","_et_pb_old_content":"","_et_gb_content_width":"","footnotes":""},"class_list":["post-4","page","type-page","status-publish","hentry"],"_links":{"self":[{"href":"https:\/\/www.molds-china.com\/sv\/wp-json\/wp\/v2\/pages\/4","targetHints":{"allow":["GET"]}}],"collection":[{"href":"https:\/\/www.molds-china.com\/sv\/wp-json\/wp\/v2\/pages"}],"about":[{"href":"https:\/\/www.molds-china.com\/sv\/wp-json\/wp\/v2\/types\/page"}],"author":[{"embeddable":true,"href":"https:\/\/www.molds-china.com\/sv\/wp-json\/wp\/v2\/users\/1"}],"replies":[{"embeddable":true,"href":"https:\/\/www.molds-china.com\/sv\/wp-json\/wp\/v2\/comments?post=4"}],"version-history":[{"count":0,"href":"https:\/\/www.molds-china.com\/sv\/wp-json\/wp\/v2\/pages\/4\/revisions"}],"wp:attachment":[{"href":"https:\/\/www.molds-china.com\/sv\/wp-json\/wp\/v2\/media?parent=4"}],"curies":[{"name":"wp","href":"https:\/\/api.w.org\/{rel}","templated":true}]}}