{"id":963,"date":"2016-04-09T23:57:48","date_gmt":"2016-04-09T15:57:48","guid":{"rendered":"https:\/\/www.molds-china.com\/?page_id=963"},"modified":"2019-07-02T21:52:56","modified_gmt":"2019-07-02T13:52:56","slug":"varfor-vi","status":"publish","type":"page","link":"https:\/\/www.molds-china.com\/sv\/varfor-vi\/","title":{"rendered":"Varf\u00f6r vi"},"content":{"rendered":"<h2>V\u00e5ra f\u00f6rdelar<\/h2>\n<ul>\n<li>F\u00f6r att g\u00f6ra dina formar snabbt och spara tid har vi tillr\u00e4ckliga maskiner f\u00f6r att g\u00f6ra plastform, 20 upps\u00e4ttningar EDM-maskiner, tv\u00e5 av dem med tv\u00e5 huvuden, mer \u00e4n 15 upps\u00e4ttningar CNC-maskiner, Detta kommer aldrig att s\u00e4tta dina formar vid sidan f\u00f6r vila oavsett hur upptagen vi \u00e4r, du kanske tror att de fortfarande \u00e4r m\u00e5nga f\u00f6retag som \u00e4r lika starkare oss, sant men priset de \u00e4r mycket h\u00f6gre \u00e4n oss eftersom n\u00e5gra av de f\u00f6rdelar de inte har.<\/li>\n<\/ul>\n<ul>\n<li>F\u00f6r att minska tillverkningskostnaden f\u00f6r m\u00f6gel och h\u00e5lla h\u00f6g kvalitet \u00e4ger v\u00e5r \u00e4gare m\u00f6gelbasf\u00f6retag idag, priset kommer att minskas eftersom m\u00f6gelbasen kommer att g\u00f6ras av oss sj\u00e4lva. Detta \u00e4r inte bara f\u00f6r att minska tillverkningskostnaden f\u00f6r m\u00f6gel utan ocks\u00e5 flytta tiden snabbt \u00e4n andra.<\/li>\n<\/ul>\n<ul>\n<li>En av v\u00e5ra projektledare h\u00e4r arbetade i ett utl\u00e4ndskt finansierat f\u00f6retag i fem \u00e5r som ocks\u00e5 tillverkar plastformar. Tankef\u00f6rm\u00e5gan kommer mycket n\u00e4ra kunden fr\u00e5n Amerika eller Europa.<\/li>\n<\/ul>\n<h3><em><strong>Allm\u00e4nna arbetsrutiner, inte bara att g\u00f6ra detta utan ocks\u00e5 att f\u00f6lja alla dina speciella krav.\u00a0<\/strong><\/em><\/h3>\n<p><strong>Ritning av verktyg<\/strong><\/p>\n<ul>\n<li>Innan verktygsritningen p\u00e5b\u00f6rjas skickas DFM-rapporten som visar kunden den allm\u00e4nna verktygsstrukturen, inklusive avskiljningslinje, dragvinkel, kyllinjelayout, potentiellt problem etc.<\/li>\n<li>G\u00f6r m\u00f6gelfl\u00f6de f\u00f6r att hitta den b\u00e4sta grindpositionen f\u00f6r delen, efter att verktygsritningen \u00e4r klar kommer att g\u00f6ra en riktig analysrapport f\u00f6r m\u00f6gelfl\u00f6de, inklusive sjunkm\u00e4rke, krympning, hot spot, kylstatus, ber\u00e4knad cykeltid, warpage-problem allt, detta kommer att h\u00e4nvisas till i design och m\u00f6gelv\u00e4g.<\/li>\n<li>Hela 3D-verktygsritningsdesign med hj\u00e4lp av UG-programvara, detta sparar 2 eller 3 dagar och optimerar verktygsritningen.<\/li>\n<li>Kontrollera verktygsritningen med checklista och kundspecifikationer en efter en f\u00f6r att f\u00f6rs\u00e4kra dig om att allt \u00e4r bra.<\/li>\n<li>Projektledaren kommer ocks\u00e5 att kontrollera verktygsritningen med hj\u00e4lp av checklistan innan den skickas till kunden. Genom flera kontrollsteg minimeras problemen med verktygsritningen.<\/li>\n<\/ul>\n<p><strong>Under formtillverkningen - efter godk\u00e4nd verktygsritning<\/strong><\/p>\n<ul>\n<li>Varje st\u00e5l som kommer tillbaka fr\u00e5n outsourcing kommer att kontrolleras en efter en, om problem hittas m\u00e5ste man kontakta relaterade personer tills problemet \u00e4r l\u00f6st, detta kommer att minska misstaget och tiden f\u00f6r m\u00f6gelproduktion.<\/li>\n<li>Efter varje EDM-jobb har gjorts, flyttar vi insatserna till kontrollavdelningen f\u00f6r att kontrollera om vi saknar n\u00e5gon elektrod, detta kommer att undvika n\u00e4r du testar verktyget och uppt\u00e4cker att n\u00e5gon funktion saknas.<\/li>\n<li>Registrera varje problem och rapportera till kunden med l\u00f6sningar.<\/li>\n<li>Alla m\u00f6gelpassningar har gjorts och sedan kontrollerar vi f\u00f6ljande saker.<\/li>\n<\/ul>\n<ol>\n<li>Kylsystem,<\/li>\n<li>Kontrollera monteringsstatus f\u00f6r gjutform med m\u00e5lning.<\/li>\n<li>Kontrollera korrosionsskyddet utanf\u00f6r formen<\/li>\n<li>Kontrollera om utkastarstiften fungerar smidigt<\/li>\n<\/ol>\n<p><strong>Procedurer f\u00f6r provning av m\u00f6gel:<\/strong><\/p>\n<ul>\n<li>St\u00e4ll in allt enligt plastens egenskaper f\u00f6rst, sm\u00e4lttemperatur, formtemperatur, kl\u00e4mkraft (detta kan h\u00e4nvisa till formfl\u00f6det och kundernas maskindata) etc.<\/li>\n<li>St\u00e4ll in insprutningshastighet steg f\u00f6r steg, g\u00f6r fyllningsstatus fr\u00e5n skott till 97% full f\u00f6r att kontrollera fyllningsbalansstatus (h\u00e5lltrycket \u00e4r 0).<\/li>\n<li>Anv\u00e4nd h\u00f6g insprutningshastighet f\u00f6r att kontrollera avluftningsproblem, kontrollera om verktyget g\u00e5r automatiskt, \u00f6ka h\u00e5lltrycket steg f\u00f6r steg tills du har bra prover, registrera delvikt, l\u00f6pvikt.<\/li>\n<li>Kontrollera om du har ett brett f\u00f6nster f\u00f6r formsprutning f\u00f6r att se om det \u00e4r l\u00e4tt att forma delar, registrera parametrar f\u00f6r formtest.<\/li>\n<li>Registrera delproblem, m\u00f6gelproblem, ta provvideo etc.<\/li>\n<\/ul>\n<p><strong>Efter provning av plastform (under justering av formen).<\/strong><\/p>\n<ul>\n<li>Skicka kunddelsproblem, rapport om m\u00f6gelproblem, video om m\u00f6gelprov, prover, m\u00e4trapport, parameter f\u00f6r m\u00f6gelprov.<\/li>\n<li>Tillhandah\u00e5lla l\u00f6sningar p\u00e5 problem med formar och delar och f\u00e5 godk\u00e4nnande fr\u00e5n kunden f\u00f6r att l\u00f6sa problem tills problemet \u00e4r helt l\u00f6st.<\/li>\n<\/ul>\n<p><strong>M\u00f6gel godk\u00e4nt av kund<\/strong><\/p>\n<ul>\n<li>G\u00f6r slutlig m\u00f6gelf\u00f6rs\u00f6k och k\u00f6r m\u00f6gel 3 timmar med eller utan plast f\u00f6r att verifiera m\u00f6gelfunktionen, efter 3 timmars k\u00f6rning och demontering av m\u00f6gel f\u00f6r att kontrollera alla detaljer, om det finns en t\u00e4t plats, eventuellt br\u00e4nnm\u00e4rke i formen, kontrollera formen en efter en med checklista, om kunden har den h\u00e4r listan kommer vi att f\u00f6lja kundlistan, annars anv\u00e4nd v\u00e5r checklista.<\/li>\n<li>Spraya rostbest\u00e4ndigt fett, m\u00e5la utanf\u00f6r formen med gr\u00f6n f\u00e4rg efter att ha rensat upp formen och packat med film och sedan lagt i behandlad tr\u00e4l\u00e5da och skickat ut m\u00f6gel med lufthav.<\/li>\n<\/ul>\n<h3><strong>F\u00e5 offert nu genom att\u00a0<a href=\"mailto:sales@hao-mold\">sales@hao-mold.com<\/a> f\u00f6r dina plastformar och delar<\/strong><\/h3>","protected":false},"excerpt":{"rendered":"<p>Our Advantages To make your molds fast and save time we have sufficient machines for making plastic mold, 20 sets of EDM machines, two of them with two heads, more than 15 sets of CNC machines, This will never put your molds at side for rest no matter how busy we are, you may think [&hellip;]<\/p>","protected":false},"author":1,"featured_media":0,"parent":0,"menu_order":0,"comment_status":"closed","ping_status":"open","template":"","meta":{"_et_pb_use_builder":"","_et_pb_old_content":"","_et_gb_content_width":"","footnotes":""},"class_list":["post-963","page","type-page","status-publish","hentry"],"_links":{"self":[{"href":"https:\/\/www.molds-china.com\/sv\/wp-json\/wp\/v2\/pages\/963","targetHints":{"allow":["GET"]}}],"collection":[{"href":"https:\/\/www.molds-china.com\/sv\/wp-json\/wp\/v2\/pages"}],"about":[{"href":"https:\/\/www.molds-china.com\/sv\/wp-json\/wp\/v2\/types\/page"}],"author":[{"embeddable":true,"href":"https:\/\/www.molds-china.com\/sv\/wp-json\/wp\/v2\/users\/1"}],"replies":[{"embeddable":true,"href":"https:\/\/www.molds-china.com\/sv\/wp-json\/wp\/v2\/comments?post=963"}],"version-history":[{"count":0,"href":"https:\/\/www.molds-china.com\/sv\/wp-json\/wp\/v2\/pages\/963\/revisions"}],"wp:attachment":[{"href":"https:\/\/www.molds-china.com\/sv\/wp-json\/wp\/v2\/media?parent=963"}],"curies":[{"name":"wp","href":"https:\/\/api.w.org\/{rel}","templated":true}]}}