{"id":12,"date":"2014-08-03T15:15:29","date_gmt":"2014-08-03T07:15:29","guid":{"rendered":"http:\/\/hyx-mold.com\/?page_id=12"},"modified":"2021-09-13T14:20:17","modified_gmt":"2021-09-13T06:20:17","slug":"plasti%cc%87k-enjeksi%cc%87yon-kalibi","status":"publish","type":"page","link":"https:\/\/www.molds-china.com\/tr\/plasti%cc%87k-enjeksi%cc%87yon-kalibi\/","title":{"rendered":"Hakk\u0131m\u0131zda"},"content":{"rendered":"<h1>Plastik Enjeksiyon Kal\u0131b\u0131 &amp;\u00a0<a href=\"https:\/\/www.molds-china.com\/tr\/\"><strong>Enjeksiyon kal\u0131plama \u00c7in<\/strong><\/a> \u00dcretim \u015eirketi<\/h1>\n<p><strong>Biz profesyonel bir plastik enjeksiyon kal\u0131b\u0131 ve <em>enjeksiyon kal\u0131plama \u00e7in<\/em> hizmet veren \u015firket<span style=\"color: #000000;\"> <span style=\"color: #000000;\">plasti\u0307k kalip <\/span><\/span>ve enjeksiyon kal\u0131plama \u00fcretiminden biridir.\u00a0 <span style=\"color: #000000;\"><span style=\"color: #000000;\">\u00c7in kal\u0131b\u0131<\/span><\/span> \u00fcretici<\/strong>2015 y\u0131l\u0131nda kurulan Hao Yuan Xing Mold Co.ltd, tam hizmet veren bir \u015firket haline gelmi\u015ftir. <strong>Plastik Enjeksiyon Kal\u0131b\u0131<\/strong> ve <strong>\u00c7in'de enjeksiyon kal\u0131plama \u00fcr\u00fcnleri<\/strong>. Bir profesyonel olarak <strong>\u00c7in plastik kal\u0131p \u00fcreticisi<\/strong>Havac\u0131l\u0131k ve Uzay, Cihaz, Elektronik, Denizcilik, Ofis Mobilyalar\u0131, Spor Malzemeleri, Otomat ve Fatura De\u011fi\u015ftirme End\u00fcstrileri dahil olmak \u00fczere \u00e7ok \u00e7e\u015fitli end\u00fcstrilere hizmet vermektedir.<\/p>\n<p>Dongguan Olayer Technology Co.ltd (Hao Yuan Xing Mold &amp; Mfg idi). \u00c7in'de biri Huangyan \u015eehrinde ve di\u011feri Dong Guan \u015eehrinde olmak \u00fczere 2 fabrikaya sahiptir, 18.000 metrekarelik \u00fcretim tesisi <a href=\"https:\/\/www.molds-china.com\/tr\/\"><strong>plasti\u0307k kalip<\/strong><\/a> \u00dcretim ve <strong>plasti\u0307k enjeksi\u0307yon kaliplama hi\u0307zmeti\u0307<\/strong>, Kalite G\u00fcvence, Nakliye ve Depolama,<\/p>\n<p>Tesislerimiz y\u00fcksek h\u0131zl\u0131 bir a\u011f ile birbirine ba\u011fl\u0131d\u0131r, orta geli\u015fmi\u015f kal\u0131p i\u015fleme ekipman\u0131 ve bilgisayar CAD \/ CAM \/ CAE sistemi, CNC i\u015fleme merkezi, \u00f6l\u00e7\u00fcm senteri, elektrikli impuls ve astar kesme ekipman\u0131n\u0131 tan\u0131tt\u0131k. \u015eirket b\u00fcnyesinde hizmet veren deneyimli CAD teknisyenleri bulunmaktad\u0131r. \u015eirket <strong>KALIPLAR<\/strong> Amerika, Kanada, \u0130sve\u00e7 ve di\u011fer Avrupa ve Amerika \u00fclkeleri ve b\u00f6lgelerine ihra\u00e7 edilmektedir.<\/p>\n<div id=\"attachment_1168\" style=\"width: 310px\" class=\"wp-caption alignright\"><img loading=\"lazy\" decoding=\"async\" aria-describedby=\"caption-attachment-1168\" class=\"size-medium wp-image-1168\" src=\"https:\/\/www.molds-china.com\/wp-content\/uploads\/2017\/07\/IMG_2245-300x200.jpg\" alt=\"Plastik kal\u0131plar\" width=\"300\" height=\"200\" title=\"\" srcset=\"https:\/\/www.molds-china.com\/wp-content\/uploads\/2017\/07\/IMG_2245-300x200.jpg 300w, https:\/\/www.molds-china.com\/wp-content\/uploads\/2017\/07\/IMG_2245-768x512.jpg 768w, https:\/\/www.molds-china.com\/wp-content\/uploads\/2017\/07\/IMG_2245.jpg 900w\" sizes=\"(max-width: 300px) 100vw, 300px\" \/><p id=\"caption-attachment-1168\" class=\"wp-caption-text\"><a href=\"https:\/\/www.molds-china.com\/tr\/\">plasti\u0307k kaliplar<\/a><\/p><\/div>\n<p>2005'te deniza\u015f\u0131r\u0131 bir pazar kurduk. Ve sat\u0131\u015f ekibi kapasitemizi geni\u015fletmemizi ve \u00fcr\u00fcnlerimizdeki yenilikleri te\u015fvik etmemizi sa\u011flad\u0131. <strong>plasti\u0307k kaliplama kaliplari<\/strong> ve <strong>\u00e7i\u0307n plasti\u0307k par\u00e7alari<\/strong> \u00fcr\u00fcn gruplar\u0131.<\/p>\n<p>Bizim i\u00e7in kalite, teslimat s\u00fcresi, uygun fiyat ve hassasiyet en \u00f6nemlisidir !!!<\/p>\n<p>Sizi fabrikam\u0131z\u0131 yerinde ziyaret etmeye ve bizi test etmeye ve neden en uygun orta\u011f\u0131n\u0131z oldu\u011fumuzu g\u00f6rmeye davet ediyoruz, biraz sipari\u015f vererek <strong>enjeksi\u0307yon kaliplari<\/strong> ve <strong>plasti\u0307k \u00fcr\u00fcnler<\/strong>.<\/p>\n<p>At <strong>Olayer<\/strong>spesifikasyonu, tasar\u0131m\u0131 ve \u00fcretimi i\u00e7in standartlar\u0131 yeniden tan\u0131ml\u0131yoruz. <strong>hassas enjeksi\u0307yon kaliplari<\/strong> ve <a href=\"https:\/\/www.molds-china.com\/tr\/plasti%cc%87k-enjeksi%cc%87yon-kalibi\/\"><strong>enjeksiyon kal\u0131pl\u0131 plastik par\u00e7alar<\/strong><\/a>. Teslim s\u00fcrelerini k\u0131saltmak, performans\u0131 art\u0131rmak ve m\u00fc\u015fterilerimizin toplam \u00fcr\u00fcn geli\u015ftirme maliyetini d\u00fc\u015f\u00fcrmelerine yard\u0131mc\u0131 olmak i\u00e7in s\u00fcrekli \u00e7aba g\u00f6steriyoruz.<\/p>\n<p>Kulland\u0131\u011f\u0131m\u0131z bilgisayar destekli tasar\u0131m ve \u00fcretim teknolojilerinden y\u00fcksek kaliteli son i\u015flem tekniklerimize kadar, <strong>Olayer, y\u00fcksek kalitede en iyi de\u011feri sunar <a href=\"https:\/\/www.molds-china.com\/tr\/\">\u00f6zel enjeksi\u0307yon kaliplari<\/a> ve \u00f6zel plastik enjeksiyon kal\u0131plama<\/strong>.<\/p>\n<p>Olayer Kal\u0131p 1999 y\u0131l\u0131nda <em><strong>plasti\u0307k enjeksi\u0307yon kalibi<\/strong><\/em> ve yapmak <strong>enjeksiyon kal\u0131plama<\/strong> plastik end\u00fcstrisi i\u00e7in.  Olayer Kal\u0131p 2005 y\u0131l\u0131nda k\u00fc\u00e7\u00fck bir binadan \u00c7in'in Dongguan kentinde yeni in\u015fa edilen 6.000 metrekarelik tesislerine ta\u015f\u0131nd\u0131 ve 2009 y\u0131l\u0131nda yeni <strong>plasti\u0307k kalip \u015fi\u0307rketi\u0307<\/strong> \u00c7in'in Zhejiang eyaletinin HuanYan \u015fehrinde.<\/p>\n<p>Y\u0131llar i\u00e7inde Olayer Kal\u0131p ilk 10'a girmi\u015ftir. <strong>plastik kal\u0131p \u00fcreticisi \u00e7in<\/strong> \u015eirket.<\/p>\n<p>2007 y\u0131l\u0131nda Olayer Kal\u0131p, kal\u0131p \u00fcretimine adanm\u0131\u015f birka\u00e7 b\u00fcy\u00fck makine sat\u0131n alarak i\u015f modelini geni\u015fletti.  \u0130\u015fimizdeki bu geni\u015fleme bize daha fazla kal\u0131p \u00fcretmek i\u00e7in cevher kapasitesi sa\u011flamaktad\u0131r. <strong>plasti\u0307k kaliplar<\/strong> m\u00fc\u015fteri ihtiya\u00e7lar\u0131 i\u00e7in.<\/p>\n<p>Y\u00fcksek kaliteye ihtiyac\u0131n\u0131z varsa <a href=\"https:\/\/www.molds-china.com\/tr\/plasti%cc%87k-enjeksi%cc%87yon-kalibi-2\/\"><em><strong>plasti\u0307k enjeksi\u0307yon kalibi<\/strong><\/em><\/a> ve <strong>plasti\u0307k enjeksi\u0307yon kaliplama hi\u0307zmeti\u0307<\/strong>\u00a0bir <strong><em>Enjeksiyon kal\u0131plama \u00c7in<\/em><\/strong> \u00dcr\u00fcnlerinizi geli\u015ftirmek i\u00e7in \u015firket mi? H\u0131zl\u0131 teslimat, rekabet\u00e7i fiyat gerekiyor, i\u015finizin daha ba\u015far\u0131l\u0131 olmas\u0131na yard\u0131mc\u0131 olmak i\u00e7in en iyi ortaklar\u0131n\u0131zdan biri olaca\u011f\u0131z. \u0130htiyac\u0131n\u0131z\u0131 bize g\u00f6nderin, iki i\u015f g\u00fcn\u00fc i\u00e7inde size teklif verece\u011fiz.<\/p>\n\n\n<p><\/p>","protected":false},"excerpt":{"rendered":"<p>Plastic Injection Mould &amp;\u00a0Injection\u00a0molding China manufacturing Company We are a professional plastic injection mould and injection molding china company that services in plastic mold and injection molding manufacturing, is one of\u00a0 China mold manufacturer, established in 2015, Hao Yuan Xing Mold Co.ltd has grown to a full-service Plastic Injection Mould and injection moulding products in [&hellip;]<\/p>","protected":false},"author":1,"featured_media":0,"parent":0,"menu_order":0,"comment_status":"open","ping_status":"open","template":"","meta":{"_et_pb_use_builder":"","_et_pb_old_content":"","_et_gb_content_width":"","footnotes":""},"class_list":["post-12","page","type-page","status-publish","hentry"],"_links":{"self":[{"href":"https:\/\/www.molds-china.com\/tr\/wp-json\/wp\/v2\/pages\/12","targetHints":{"allow":["GET"]}}],"collection":[{"href":"https:\/\/www.molds-china.com\/tr\/wp-json\/wp\/v2\/pages"}],"about":[{"href":"https:\/\/www.molds-china.com\/tr\/wp-json\/wp\/v2\/types\/page"}],"author":[{"embeddable":true,"href":"https:\/\/www.molds-china.com\/tr\/wp-json\/wp\/v2\/users\/1"}],"replies":[{"embeddable":true,"href":"https:\/\/www.molds-china.com\/tr\/wp-json\/wp\/v2\/comments?post=12"}],"version-history":[{"count":0,"href":"https:\/\/www.molds-china.com\/tr\/wp-json\/wp\/v2\/pages\/12\/revisions"}],"wp:attachment":[{"href":"https:\/\/www.molds-china.com\/tr\/wp-json\/wp\/v2\/media?parent=12"}],"curies":[{"name":"wp","href":"https:\/\/api.w.org\/{rel}","templated":true}]}}